{"id":55,"date":"2014-09-17T16:59:49","date_gmt":"2014-09-17T16:59:49","guid":{"rendered":"http:\/\/agora.xtec.cat\/cee-canbarriga\/?page_id=55"},"modified":"2021-03-12T16:29:33","modified_gmt":"2021-03-12T15:29:33","slug":"quisom","status":"publish","type":"page","link":"https:\/\/agora.xtec.cat\/cee-canbarriga\/quisom\/","title":{"rendered":"Qui som?"},"content":{"rendered":"<p>L\u2019escola d\u2019educaci\u00f3 especial Can Barriga es defineix com una escola verda, inclusiva, oberta i<br \/>\nparticipativa.<\/p>\n<p>Som una escola d\u2019educaci\u00f3 en etapa b\u00e0sica de 12 a 21 anys.<br \/>\nSom Escola Verda, adherida a la xarxa d\u2019escoles verdes i sostenibles de Badalona.<br \/>\nSom un centre d\u2019educaci\u00f3 especial prove\u00efdor de serveis i recursos (CEEPSIR).<br \/>\nSom una escola compromesa amb la ciutat i adherida al Consell dels Infants de Badalona.<\/p>\n<p>Som una escola d&#8217;educaci\u00f3 especial, p\u00fablica, municipal i gestionada per d\u2019Institut Municipal de<br \/>\nServeis Personals (IMSP).<\/p>\n<p>Som una escola que proporciona els serveis educatius que precisen els alumnes amb<br \/>\ndiscapacitat intel\u00b7lectual, que requereixen un suport educatiu intens i permanent, matriculats<br \/>\na l&#8217;escola en l&#8217;etapa d&#8217;educaci\u00f3 obligat\u00f2ria. Aquesta educaci\u00f3 es porta a terme a partir dels<br \/>\najustaments curriculars i suports necessaris que permetin el m\u00e0xim desenvolupament acad\u00e8mic,<br \/>\npersonal i social dels alumnes.<\/p>\n<p>\u00c9s una escola que potencia la participaci\u00f3 dels alumnes matriculats en el nostre centre en activitats<br \/>\ncompartides amb els alumnes de les escoles ordin\u00e0ries de la nostra zona educativa.<br \/>\n\u00c9s una escola especialitzada en educaci\u00f3 especial que proporciona serveis educatius a alumnes<br \/>\namb discapacitat intel\u00b7lectual matriculats en les escoles ordin\u00e0ries de la nostra zona educativa. \u00c9s<br \/>\nuna escola que \u00e9s centre de refer\u00e8ncia com a prove\u00efdor de serveis i programes de suport per<br \/>\na la inclusi\u00f3 educativa d\u2019alumnes amb barreres en l\u2019aprenentatge.<\/p>\n<p>L&#8217;Institut Municipal de Serveis Personals \u00e9s un Organisme Aut\u00f2nom de car\u00e0cter administratiu<br \/>\nde l&#8217;Ajuntament de Badalona. \u00c9s una organitzaci\u00f3 de car\u00e0cter p\u00fablic i municipal que exerceix les<br \/>\ncompet\u00e8ncies municipals en mat\u00e8ria de serveis educatius, serveis socials i serveis sanitaris que li<br \/>\nsiguin assignades per l&#8217;Ajuntament, i li correspon la gesti\u00f3 dels centres de titularitat municipal o<br \/>\np\u00fablica corresponent als serveis abans esmentats que li s\u00f3n adscrits per l&#8217;Ajuntament<\/p>\n","protected":false},"excerpt":{"rendered":"<p>L\u2019escola d\u2019educaci\u00f3 especial Can Barriga es defineix com una escola verda, inclusiva, oberta i<br \/>\nparticipativa.<br \/>\nSom una escola d\u2019educaci\u00f3 en etapa b\u00e0sica de 12 a 21 anys.<br \/>\nSom Escola Verda, adherida a la xarxa d\u2019escoles verdes i sostenibles de Badalona.<br \/>\nSom un centre d\u2019educaci\u00f3 especial prove\u00efdor de serveis i&hellip;  <a href=\"https:\/\/agora.xtec.cat\/cee-canbarriga\/quisom\/\" title=\"Read Qui som?\">Llegeix m\u00e9s\u00bb<\/a><\/p>\n","protected":false},"author":1,"featured_media":0,"parent":0,"menu_order":80,"comment_status":"closed","ping_status":"closed","template":"page-templates\/side-menu.php","meta":{"_bbp_topic_count":0,"_bbp_reply_count":0,"_bbp_total_topic_count":0,"_bbp_total_reply_count":0,"_bbp_voice_count":0,"_bbp_anonymous_reply_count":0,"_bbp_topic_count_hidden":0,"_bbp_reply_count_hidden":0,"_bbp_forum_subforum_count":0,"footnotes":""},"class_list":["post-55","page","type-page","status-publish","hentry"],"post_mailing_queue_ids":[],"_links":{"self":[{"href":"https:\/\/agora.xtec.cat\/cee-canbarriga\/wp-json\/wp\/v2\/pages\/55","targetHints":{"allow":["GET"]}}],"collection":[{"href":"https:\/\/agora.xtec.cat\/cee-canbarriga\/wp-json\/wp\/v2\/pages"}],"about":[{"href":"https:\/\/agora.xtec.cat\/cee-canbarriga\/wp-json\/wp\/v2\/types\/page"}],"author":[{"embeddable":true,"href":"https:\/\/agora.xtec.cat\/cee-canbarriga\/wp-json\/wp\/v2\/users\/1"}],"replies":[{"embeddable":true,"href":"https:\/\/agora.xtec.cat\/cee-canbarriga\/wp-json\/wp\/v2\/comments?post=55"}],"version-history":[{"count":3,"href":"https:\/\/agora.xtec.cat\/cee-canbarriga\/wp-json\/wp\/v2\/pages\/55\/revisions"}],"predecessor-version":[{"id":1681,"href":"https:\/\/agora.xtec.cat\/cee-canbarriga\/wp-json\/wp\/v2\/pages\/55\/revisions\/1681"}],"wp:attachment":[{"href":"https:\/\/agora.xtec.cat\/cee-canbarriga\/wp-json\/wp\/v2\/media?parent=55"}],"curies":[{"name":"wp","href":"https:\/\/api.w.org\/{rel}","templated":true}]}}