{"id":27,"date":"2014-09-17T16:24:03","date_gmt":"2014-09-17T16:24:03","guid":{"rendered":"http:\/\/agora.xtec.cat\/cee-canbarriga\/?page_id=27"},"modified":"2025-03-21T10:11:40","modified_gmt":"2025-03-21T09:11:40","slug":"historia","status":"publish","type":"page","link":"https:\/\/agora.xtec.cat\/cee-canbarriga\/linstitut\/historia\/","title":{"rendered":"Hist\u00f2ria"},"content":{"rendered":"<p><span style=\"color: #000000; font-family: 'Open Sans', Arial, Helvetica, sans-serif;\">Les escoles d&#8217;educaci\u00f3 especial de Badalona es creen a partir de la iniciativa de diferents fam\u00edlies amb fills i filles amb discapacitat i es constitueix l\u2019associaci\u00f3 de pares Aspanin. L\u2019any 1967 d\u00f3na el primer pas per l\u2019escolaritzaci\u00f3 dels nens disminu\u00efts ps\u00edquics creant unes aules per a la seva atenci\u00f3, que al 1974 passaren a dependre econ\u00f2micament del Patronat Municipal de Disminu\u00efts Ps\u00edquics. El 1980 es crea la figura d\u2019un gerent, i el personal passa a dependre d\u2019aquest Patronat. Es constitueix una Junta Municipal per la gesti\u00f3 de l\u2019escola, que acaba transformant-se en Institut Municipal de Serveis Socials (1982). Posteriorment passa a ser IMSP.<\/span><\/p>\n<p>&nbsp;<\/p>\n<p><span style=\"color: #000000;\"><b>A Can Barriga<\/b>, antic\u00a0<b>Mas Soler<\/b>, \u00e9s una\u00a0masia\u00a0de\u00a0Badalona\u00a0(Barc<\/span>elon\u00e8s) protegida com a\u00a0b\u00e9 cultural d&#8217;inter\u00e8s local.<\/p>\n<p>\u00c9s una masia de tipus basilical, de planta baixa, pis i\u00a0golfes. La urbanitzaci\u00f3 de l&#8217;entorn (pol\u00edgon Montigal\u00e0) han a\u00efllat la construcci\u00f3, part del jard\u00ed i la nova casa constru\u00efda el 1924. La masia ha estat restaurada.<\/p>\n<p>Probablement est\u00e0 constru\u00efda sobre una antiga vil\u00b7la romana d&#8217;explotaci\u00f3 agr\u00edcola. S&#8217;ha documentat un paviment rom\u00e0 i un forn rom\u00e0.<sup id=\"cite_ref-patmapa-za_2-0\" class=\"reference\"><\/sup><\/p>\n<p>&nbsp;<\/p>\n<p><a href=\"https:\/\/ca.wikipedia.org\/wiki\/Can_Barriga\"><img decoding=\"async\" class=\"aligncenter\" src=\"https:\/\/upload.wikimedia.org\/wikipedia\/commons\/thumb\/0\/09\/Masiadecanbarriga.jpg\/300px-Masiadecanbarriga.jpg\" alt=\"Can Barriga - Viquip\u00e8dia, l'enciclop\u00e8dia lliure\" \/><\/a><\/p>\n","protected":false},"excerpt":{"rendered":"<p>Les escoles d&#8217;educaci\u00f3 especial de Badalona es creen a partir de la iniciativa de diferents fam\u00edlies amb fills i filles amb discapacitat i es constitueix l\u2019associaci\u00f3 de pares Aspanin. L\u2019any 1967 d\u00f3na el primer pas per l\u2019escolaritzaci\u00f3 dels nens disminu\u00efts ps\u00edquics creant unes aules per&hellip;  <a href=\"https:\/\/agora.xtec.cat\/cee-canbarriga\/linstitut\/historia\/\" title=\"Read Hist\u00f2ria\">Llegeix m\u00e9s\u00bb<\/a><\/p>\n","protected":false},"author":1,"featured_media":0,"parent":19,"menu_order":20,"comment_status":"closed","ping_status":"closed","template":"page-templates\/side-menu.php","meta":{"_bbp_topic_count":0,"_bbp_reply_count":0,"_bbp_total_topic_count":0,"_bbp_total_reply_count":0,"_bbp_voice_count":0,"_bbp_anonymous_reply_count":0,"_bbp_topic_count_hidden":0,"_bbp_reply_count_hidden":0,"_bbp_forum_subforum_count":0,"footnotes":""},"class_list":["post-27","page","type-page","status-publish","hentry"],"post_mailing_queue_ids":[],"_links":{"self":[{"href":"https:\/\/agora.xtec.cat\/cee-canbarriga\/wp-json\/wp\/v2\/pages\/27","targetHints":{"allow":["GET"]}}],"collection":[{"href":"https:\/\/agora.xtec.cat\/cee-canbarriga\/wp-json\/wp\/v2\/pages"}],"about":[{"href":"https:\/\/agora.xtec.cat\/cee-canbarriga\/wp-json\/wp\/v2\/types\/page"}],"author":[{"embeddable":true,"href":"https:\/\/agora.xtec.cat\/cee-canbarriga\/wp-json\/wp\/v2\/users\/1"}],"replies":[{"embeddable":true,"href":"https:\/\/agora.xtec.cat\/cee-canbarriga\/wp-json\/wp\/v2\/comments?post=27"}],"version-history":[{"count":5,"href":"https:\/\/agora.xtec.cat\/cee-canbarriga\/wp-json\/wp\/v2\/pages\/27\/revisions"}],"predecessor-version":[{"id":3051,"href":"https:\/\/agora.xtec.cat\/cee-canbarriga\/wp-json\/wp\/v2\/pages\/27\/revisions\/3051"}],"up":[{"embeddable":true,"href":"https:\/\/agora.xtec.cat\/cee-canbarriga\/wp-json\/wp\/v2\/pages\/19"}],"wp:attachment":[{"href":"https:\/\/agora.xtec.cat\/cee-canbarriga\/wp-json\/wp\/v2\/media?parent=27"}],"curies":[{"name":"wp","href":"https:\/\/api.w.org\/{rel}","templated":true}]}}