{"id":1877,"date":"2021-06-14T10:34:09","date_gmt":"2021-06-14T08:34:09","guid":{"rendered":"https:\/\/agora.xtec.cat\/cee-canbarriga\/?page_id=1877"},"modified":"2021-06-14T10:34:09","modified_gmt":"2021-06-14T08:34:09","slug":"comite-ambiental","status":"publish","type":"page","link":"https:\/\/agora.xtec.cat\/cee-canbarriga\/comite-ambiental\/","title":{"rendered":"Comit\u00e8 Ambiental"},"content":{"rendered":"<p>El comit\u00e8 Ambiental est\u00e0 format per:<\/p>\n<ul>\n<li>representants de l&#8217;IMSP<\/li>\n<li>professionals de l&#8217;escola<\/li>\n<li>alumnes<\/li>\n<li>fam\u00edlies.<\/li>\n<\/ul>\n<p>Es fan reunions trimestrals, i els membres exposen temes i propostes que es treballen en assemblees a cada cicle. Reuni\u00f3 a reuni\u00f3, es fa el seguiment de les propostes que s&#8217;han fet per aconseguir que l&#8217;escola sigui el m\u00e0ximn de respectuosa amb el m\u00e8di ambient i m\u00e9s sostenible.<\/p>\n<p>&nbsp;<\/p>\n","protected":false},"excerpt":{"rendered":"<p>El comit\u00e8 Ambiental est\u00e0 format per:<\/p>\n<ul>\n<li>representants de l&#8217;IMSP<\/li>\n<li>professionals de l&#8217;escola<\/li>\n<li>alumnes<\/li>\n<li>fam\u00edlies.<\/li>\n<\/ul>\n<p>Es fan reunions trimestrals, i els membres exposen temes i propostes que es treballen en assemblees a cada cicle. Reuni\u00f3 a reuni\u00f3, es fa el seguiment de les propostes que s&#8217;han fet per aconseguir que l&#8217;escola&hellip;  <a href=\"https:\/\/agora.xtec.cat\/cee-canbarriga\/comite-ambiental\/\" title=\"Read Comit\u00e8 Ambiental\">Llegeix m\u00e9s\u00bb<\/a><\/p>\n","protected":false},"author":1,"featured_media":0,"parent":0,"menu_order":0,"comment_status":"closed","ping_status":"closed","template":"","meta":{"_bbp_topic_count":0,"_bbp_reply_count":0,"_bbp_total_topic_count":0,"_bbp_total_reply_count":0,"_bbp_voice_count":0,"_bbp_anonymous_reply_count":0,"_bbp_topic_count_hidden":0,"_bbp_reply_count_hidden":0,"_bbp_forum_subforum_count":0,"footnotes":""},"class_list":["post-1877","page","type-page","status-publish","hentry"],"post_mailing_queue_ids":[],"_links":{"self":[{"href":"https:\/\/agora.xtec.cat\/cee-canbarriga\/wp-json\/wp\/v2\/pages\/1877","targetHints":{"allow":["GET"]}}],"collection":[{"href":"https:\/\/agora.xtec.cat\/cee-canbarriga\/wp-json\/wp\/v2\/pages"}],"about":[{"href":"https:\/\/agora.xtec.cat\/cee-canbarriga\/wp-json\/wp\/v2\/types\/page"}],"author":[{"embeddable":true,"href":"https:\/\/agora.xtec.cat\/cee-canbarriga\/wp-json\/wp\/v2\/users\/1"}],"replies":[{"embeddable":true,"href":"https:\/\/agora.xtec.cat\/cee-canbarriga\/wp-json\/wp\/v2\/comments?post=1877"}],"version-history":[{"count":2,"href":"https:\/\/agora.xtec.cat\/cee-canbarriga\/wp-json\/wp\/v2\/pages\/1877\/revisions"}],"predecessor-version":[{"id":1905,"href":"https:\/\/agora.xtec.cat\/cee-canbarriga\/wp-json\/wp\/v2\/pages\/1877\/revisions\/1905"}],"wp:attachment":[{"href":"https:\/\/agora.xtec.cat\/cee-canbarriga\/wp-json\/wp\/v2\/media?parent=1877"}],"curies":[{"name":"wp","href":"https:\/\/api.w.org\/{rel}","templated":true}]}}