{"id":831,"date":"2018-02-28T12:29:44","date_gmt":"2018-02-28T11:29:44","guid":{"rendered":"http:\/\/agora.xtec.cat\/ce-elsegre\/?page_id=831"},"modified":"2022-02-15T10:56:05","modified_gmt":"2022-02-15T09:56:05","slug":"agenda-21","status":"publish","type":"page","link":"https:\/\/agora.xtec.cat\/ce-elsegre\/serveis\/agenda-21\/","title":{"rendered":"Agenda 21"},"content":{"rendered":"\r\n\t<div class=\"slideshow_container slideshow_container_style-light\" style=\"height: 300px; \" data-slideshow-id=\"874\" data-style-name=\"style-light\" data-style-version=\"2.3.1\" >\r\n\r\n\t\t\t\t\t<div class=\"slideshow_loading_icon\"><\/div>\r\n\t\t\r\n\t\t<div class=\"slideshow_content\" style=\"display: none;\">\r\n\r\n\t\t\t<div class=\"slideshow_view\">\r\n\t\t\t\t<div class=\"slideshow_slide slideshow_slide_image\">\r\n\t\t\t\t\t\t\t\t\t\t\t<img src=\"https:\/\/agora.xtec.cat\/ce-elsegre\/wp-content\/uploads\/usu1573\/2018\/02\/2.jpg\" alt=\"2\" width=\"1281\" height=\"851\" \/>\r\n\t\t\t\t\t\t\t\t\t\t<div class=\"slideshow_description_box slideshow_transparent\">\r\n\t\t\t\t\t\t<div class=\"slideshow_title\">2<\/div>\t\t\t\t\t\t\t\t\t\t\t<\/div>\r\n\t\t\t\t<\/div>\r\n\r\n\t\t\t\t\t\t<div style=\"clear: both;\"><\/div><\/div><div class=\"slideshow_view\">\r\n\t\t\t\t<div class=\"slideshow_slide slideshow_slide_image\">\r\n\t\t\t\t\t\t\t\t\t\t\t<img src=\"https:\/\/agora.xtec.cat\/ce-elsegre\/wp-content\/uploads\/usu1573\/2018\/02\/1.jpg\" alt=\"1\" width=\"1281\" height=\"862\" \/>\r\n\t\t\t\t\t\t\t\t\t\t<div class=\"slideshow_description_box slideshow_transparent\">\r\n\t\t\t\t\t\t<div class=\"slideshow_title\">1<\/div>\t\t\t\t\t\t\t\t\t\t\t<\/div>\r\n\t\t\t\t<\/div>\r\n\r\n\t\t\t\t\t\t<div style=\"clear: both;\"><\/div><\/div><div class=\"slideshow_view\">\r\n\t\t\t\t<div class=\"slideshow_slide slideshow_slide_image\">\r\n\t\t\t\t\t\t\t\t\t\t\t<img src=\"https:\/\/agora.xtec.cat\/ce-elsegre\/wp-content\/uploads\/usu1573\/2018\/02\/3.jpg\" alt=\"3\" width=\"1299\" height=\"854\" \/>\r\n\t\t\t\t\t\t\t\t\t\t<div class=\"slideshow_description_box slideshow_transparent\">\r\n\t\t\t\t\t\t<div class=\"slideshow_title\">3<\/div>\t\t\t\t\t\t\t\t\t\t\t<\/div>\r\n\t\t\t\t<\/div>\r\n\r\n\t\t\t\t\t\t<div style=\"clear: both;\"><\/div><\/div>\r\n\t\t<\/div>\r\n\r\n\t\t<div class=\"slideshow_controlPanel slideshow_transparent\" style=\"display: none;\"><ul><li class=\"slideshow_togglePlay\" data-play-text=\"Visualitza\" data-pause-text=\"Pausa\"><\/li><\/ul><\/div>\r\n\r\n\t\t<div class=\"slideshow_button slideshow_previous slideshow_transparent\" role=\"button\" data-previous-text=\"Anterior\" style=\"display: none;\"><\/div>\r\n\t\t<div class=\"slideshow_button slideshow_next slideshow_transparent\" role=\"button\" data-next-text=\"Seg\u00fcent\" style=\"display: none;\"><\/div>\r\n\r\n\t\t<div class=\"slideshow_pagination\" style=\"display: none;\" data-go-to-text=\"V\u00e9s a la diapositiva\"><div class=\"slideshow_pagination_center\"><\/div><\/div>\r\n\r\n\t\t<!-- WordPress Slideshow Version 2.3.1 -->\r\n\r\n\t\t\t<\/div>\r\n\r\n\n<p>&nbsp;<\/p>\n<p style=\"text-align: justify;\">L&#8217;Agenda 21 Escolar \u00e9s un programa que vol facilitar la implicaci\u00f3 dels centres escolars\u00a0en l&#8217;ambici\u00f3s projecte planetari de construir un m\u00f3n m\u00e9s sostenible,\u00a0comen\u00e7ant per la intervenci\u00f3 en el nostre entorn m\u00e9s immediat.<\/p>\n<ul style=\"text-align: justify;\">\n<li>\u00c9s un projecte d&#8217;educaci\u00f3, participaci\u00f3 i implicaci\u00f3 c\u00edvica.<\/li>\n<li>\u00c9s alhora reconeixement, est\u00edmul i suport a la tasca en educaci\u00f3 ambiental.<\/li>\n<li>Una invitaci\u00f3 i una oportunitat de refor\u00e7ar els vincles entre escola i ciutat.<\/li>\n<\/ul>\n<p style=\"text-align: justify;\">Totes les Agenda 21 Escolar tenen en com\u00fa el fet de ser un <strong>proc\u00e9s participatiu:\u00a0<\/strong><\/p>\n<p style=\"text-align: justify;\">De revisi\u00f3 dels plantejaments i pr\u00e0ctiques educatives<\/p>\n<p style=\"text-align: justify;\">De comprom\u00eds en algunes accions de millora en relaci\u00f3 al medi ambient i la sostenibilitat en l&#8217;entorn escolar: ambientalitzaci\u00f3 del curr\u00edculum, gesti\u00f3 sostenible del centre, relaci\u00f3 amb l&#8217;entorn&#8230;<\/p>\n<p><img loading=\"lazy\" decoding=\"async\" class=\"size-full wp-image-898 aligncenter\" src=\"http:\/\/agora.xtec.cat\/ce-elsegre\/wp-content\/uploads\/usu1573\/2018\/02\/1-1.jpg\" alt=\"\" width=\"667\" height=\"184\" srcset=\"https:\/\/agora.xtec.cat\/ce-elsegre\/wp-content\/uploads\/usu1573\/2018\/02\/1-1.jpg 667w, https:\/\/agora.xtec.cat\/ce-elsegre\/wp-content\/uploads\/usu1573\/2018\/02\/1-1-300x83.jpg 300w\" sizes=\"auto, (max-width: 667px) 100vw, 667px\" \/><\/p>\n<p><img loading=\"lazy\" decoding=\"async\" class=\"size-full wp-image-899 aligncenter\" src=\"http:\/\/agora.xtec.cat\/ce-elsegre\/wp-content\/uploads\/usu1573\/2018\/02\/2-1.jpg\" alt=\"\" width=\"672\" height=\"168\" srcset=\"https:\/\/agora.xtec.cat\/ce-elsegre\/wp-content\/uploads\/usu1573\/2018\/02\/2-1.jpg 672w, https:\/\/agora.xtec.cat\/ce-elsegre\/wp-content\/uploads\/usu1573\/2018\/02\/2-1-300x75.jpg 300w\" sizes=\"auto, (max-width: 672px) 100vw, 672px\" \/><\/p>\n<p style=\"text-align: center;\"><img loading=\"lazy\" decoding=\"async\" class=\"wp-image-838 alignleft\" src=\"http:\/\/agora.xtec.cat\/ce-elsegre\/wp-content\/uploads\/usu1573\/2018\/02\/4-1024x567.jpg\" alt=\"\" width=\"465\" height=\"257\" srcset=\"https:\/\/agora.xtec.cat\/ce-elsegre\/wp-content\/uploads\/usu1573\/2018\/02\/4-1024x567.jpg 1024w, https:\/\/agora.xtec.cat\/ce-elsegre\/wp-content\/uploads\/usu1573\/2018\/02\/4-300x166.jpg 300w, https:\/\/agora.xtec.cat\/ce-elsegre\/wp-content\/uploads\/usu1573\/2018\/02\/4-768x425.jpg 768w, https:\/\/agora.xtec.cat\/ce-elsegre\/wp-content\/uploads\/usu1573\/2018\/02\/4.jpg 1467w\" sizes=\"auto, (max-width: 465px) 100vw, 465px\" \/><\/p>\n<p style=\"text-align: left;\"><img loading=\"lazy\" decoding=\"async\" class=\"alignnone wp-image-1119\" src=\"http:\/\/agora.xtec.cat\/ce-elsegre\/wp-content\/uploads\/usu1573\/2018\/02\/CIMG0147-1024x622.jpg\" alt=\"\" width=\"429\" height=\"261\" srcset=\"https:\/\/agora.xtec.cat\/ce-elsegre\/wp-content\/uploads\/usu1573\/2018\/02\/CIMG0147-1024x622.jpg 1024w, https:\/\/agora.xtec.cat\/ce-elsegre\/wp-content\/uploads\/usu1573\/2018\/02\/CIMG0147-300x182.jpg 300w, https:\/\/agora.xtec.cat\/ce-elsegre\/wp-content\/uploads\/usu1573\/2018\/02\/CIMG0147-768x466.jpg 768w\" sizes=\"auto, (max-width: 429px) 100vw, 429px\" \/><\/p>\n","protected":false},"excerpt":{"rendered":"<p>\t\t\t\t\t\t2\t\t\t\t\t\t\t\t\t\t\t<\/p>\n<p>\t\t\t\t\t\t1\t\t\t\t\t\t\t\t\t\t\t<\/p>\n<p>\t\t\t\t\t\t3\t\t\t\t\t\t\t\t\t\t\t<\/p>\n<ul>\n<li class=\"slideshow_togglePlay\" data-play-text=\"Visualitza\" data-pause-text=\"Pausa\"><\/li>\n<\/ul>\n<p>&nbsp;<br \/>\nL&#8217;Agenda 21 Escolar \u00e9s un programa que vol facilitar la implicaci\u00f3 dels centres escolars\u00a0en l&#8217;ambici\u00f3s projecte planetari de construir un m\u00f3n m\u00e9s sostenible,\u00a0comen\u00e7ant per la intervenci\u00f3 en el nostre entorn m\u00e9s immediat.<\/p>\n<ul style=\"text-align: justify;\">\n<li>\u00c9s un projecte d&#8217;educaci\u00f3, participaci\u00f3 i implicaci\u00f3 c\u00edvica.<\/li>\n<li>\u00c9s alhora&hellip;  <a href=\"https:\/\/agora.xtec.cat\/ce-elsegre\/serveis\/agenda-21\/\" title=\"Read Agenda 21\">Llegeix m\u00e9s\u00bb<\/a><br \/>\n","protected":false},"author":1,"featured_media":0,"parent":63,"menu_order":10,"comment_status":"closed","ping_status":"closed","template":"page-templates\/side-menu.php","meta":{"_bbp_topic_count":0,"_bbp_reply_count":0,"_bbp_total_topic_count":0,"_bbp_total_reply_count":0,"_bbp_voice_count":0,"_bbp_anonymous_reply_count":0,"_bbp_topic_count_hidden":0,"_bbp_reply_count_hidden":0,"_bbp_forum_subforum_count":0,"footnotes":""},"class_list":["post-831","page","type-page","status-publish","hentry"],"post_mailing_queue_ids":[],"_links":{"self":[{"href":"https:\/\/agora.xtec.cat\/ce-elsegre\/wp-json\/wp\/v2\/pages\/831","targetHints":{"allow":["GET"]}}],"collection":[{"href":"https:\/\/agora.xtec.cat\/ce-elsegre\/wp-json\/wp\/v2\/pages"}],"about":[{"href":"https:\/\/agora.xtec.cat\/ce-elsegre\/wp-json\/wp\/v2\/types\/page"}],"author":[{"embeddable":true,"href":"https:\/\/agora.xtec.cat\/ce-elsegre\/wp-json\/wp\/v2\/users\/1"}],"replies":[{"embeddable":true,"href":"https:\/\/agora.xtec.cat\/ce-elsegre\/wp-json\/wp\/v2\/comments?post=831"}],"version-history":[{"count":4,"href":"https:\/\/agora.xtec.cat\/ce-elsegre\/wp-json\/wp\/v2\/pages\/831\/revisions"}],"predecessor-version":[{"id":1120,"href":"https:\/\/agora.xtec.cat\/ce-elsegre\/wp-json\/wp\/v2\/pages\/831\/revisions\/1120"}],"up":[{"embeddable":true,"href":"https:\/\/agora.xtec.cat\/ce-elsegre\/wp-json\/wp\/v2\/pages\/63"}],"wp:attachment":[{"href":"https:\/\/agora.xtec.cat\/ce-elsegre\/wp-json\/wp\/v2\/media?parent=831"}],"curies":[{"name":"wp","href":"https:\/\/api.w.org\/{rel}","templated":true}]}}