{"id":704,"date":"2018-02-01T10:12:57","date_gmt":"2018-02-01T09:12:57","guid":{"rendered":"http:\/\/agora.xtec.cat\/ce-elsegre\/?page_id=704"},"modified":"2018-06-24T19:31:50","modified_gmt":"2018-06-24T17:31:50","slug":"videomat","status":"publish","type":"page","link":"https:\/\/agora.xtec.cat\/ce-elsegre\/serveis\/videomat\/","title":{"rendered":"v\u00eddeoMAT"},"content":{"rendered":"<p style=\"text-align: justify;\">Aquest curs 2017-2018, ens hem presentat per primera vegada a la IV edici\u00f3 del \u00a0projecte <strong>VIDEOMAT 2018<\/strong>, \u00e9s un projecte en el qual els\u00a0 alumnes creen v\u00eddeos on es responen preguntes que posen de manifest aplicacions de les matem\u00e0tiques o la seva pres\u00e8ncia en l\u2019entorn.<\/p>\n<p style=\"text-align: justify;\">El treball presentat es titula: Quants escuradents necessitem per a representar el Coliseu Rom\u00e0 a tamany real?<\/p>\n<p style=\"text-align: justify;\">I us deixem amb unes imatges representatives del v\u00eddeo.<\/p>\n<p style=\"text-align: justify;\"><img loading=\"lazy\" decoding=\"async\" class=\"size-large wp-image-1480 aligncenter\" src=\"http:\/\/agora.xtec.cat\/ce-elsegre\/wp-content\/uploads\/usu1573\/2018\/02\/q.jpg\" alt=\"\" width=\"560\" height=\"315\" srcset=\"https:\/\/agora.xtec.cat\/ce-elsegre\/wp-content\/uploads\/usu1573\/2018\/02\/q.jpg 854w, https:\/\/agora.xtec.cat\/ce-elsegre\/wp-content\/uploads\/usu1573\/2018\/02\/q-300x168.jpg 300w, https:\/\/agora.xtec.cat\/ce-elsegre\/wp-content\/uploads\/usu1573\/2018\/02\/q-768x431.jpg 768w\" sizes=\"auto, (max-width: 560px) 100vw, 560px\" \/><\/p>\n<p style=\"text-align: justify;\"><img loading=\"lazy\" decoding=\"async\" class=\"size-large wp-image-1484 aligncenter\" src=\"http:\/\/agora.xtec.cat\/ce-elsegre\/wp-content\/uploads\/usu1573\/2018\/02\/w.jpg\" alt=\"\" width=\"560\" height=\"315\" \/><\/p>\n<p style=\"text-align: justify;\">\u00a0\u00a0<img loading=\"lazy\" decoding=\"async\" class=\"size-large wp-image-1481 aligncenter\" src=\"http:\/\/agora.xtec.cat\/ce-elsegre\/wp-content\/uploads\/usu1573\/2018\/02\/r.jpg\" alt=\"\" width=\"560\" height=\"315\" \/><\/p>\n<p style=\"text-align: justify;\"><img loading=\"lazy\" decoding=\"async\" class=\"size-large wp-image-1482 aligncenter\" src=\"http:\/\/agora.xtec.cat\/ce-elsegre\/wp-content\/uploads\/usu1573\/2018\/02\/t.jpg\" alt=\"\" width=\"560\" height=\"315\" \/><\/p>\n<p style=\"text-align: justify;\">\u00a0\u00a0<img loading=\"lazy\" decoding=\"async\" class=\"size-large wp-image-1485 aligncenter\" src=\"http:\/\/agora.xtec.cat\/ce-elsegre\/wp-content\/uploads\/usu1573\/2018\/02\/y.jpg\" alt=\"\" width=\"560\" height=\"315\" \/><\/p>\n<p style=\"text-align: justify;\"><img loading=\"lazy\" decoding=\"async\" class=\"size-large wp-image-1483 aligncenter\" src=\"http:\/\/agora.xtec.cat\/ce-elsegre\/wp-content\/uploads\/usu1573\/2018\/02\/u.jpg\" alt=\"\" width=\"560\" height=\"315\" \/><\/p>\n","protected":false},"excerpt":{"rendered":"<p>Aquest curs 2017-2018, ens hem presentat per primera vegada a la IV edici\u00f3 del \u00a0projecte VIDEOMAT 2018, \u00e9s un projecte en el qual els\u00a0 alumnes creen v\u00eddeos on es responen preguntes que posen de manifest aplicacions de les matem\u00e0tiques o la seva pres\u00e8ncia en l\u2019entorn.<br \/>\nEl&hellip;  <a href=\"https:\/\/agora.xtec.cat\/ce-elsegre\/serveis\/videomat\/\" title=\"Read v\u00eddeoMAT\">Llegeix m\u00e9s\u00bb<\/a><\/p>\n","protected":false},"author":1,"featured_media":0,"parent":63,"menu_order":60,"comment_status":"closed","ping_status":"closed","template":"page-templates\/side-menu.php","meta":{"_bbp_topic_count":0,"_bbp_reply_count":0,"_bbp_total_topic_count":0,"_bbp_total_reply_count":0,"_bbp_voice_count":0,"_bbp_anonymous_reply_count":0,"_bbp_topic_count_hidden":0,"_bbp_reply_count_hidden":0,"_bbp_forum_subforum_count":0,"footnotes":""},"class_list":["post-704","page","type-page","status-publish","hentry"],"post_mailing_queue_ids":[],"_links":{"self":[{"href":"https:\/\/agora.xtec.cat\/ce-elsegre\/wp-json\/wp\/v2\/pages\/704","targetHints":{"allow":["GET"]}}],"collection":[{"href":"https:\/\/agora.xtec.cat\/ce-elsegre\/wp-json\/wp\/v2\/pages"}],"about":[{"href":"https:\/\/agora.xtec.cat\/ce-elsegre\/wp-json\/wp\/v2\/types\/page"}],"author":[{"embeddable":true,"href":"https:\/\/agora.xtec.cat\/ce-elsegre\/wp-json\/wp\/v2\/users\/1"}],"replies":[{"embeddable":true,"href":"https:\/\/agora.xtec.cat\/ce-elsegre\/wp-json\/wp\/v2\/comments?post=704"}],"version-history":[{"count":3,"href":"https:\/\/agora.xtec.cat\/ce-elsegre\/wp-json\/wp\/v2\/pages\/704\/revisions"}],"predecessor-version":[{"id":1545,"href":"https:\/\/agora.xtec.cat\/ce-elsegre\/wp-json\/wp\/v2\/pages\/704\/revisions\/1545"}],"up":[{"embeddable":true,"href":"https:\/\/agora.xtec.cat\/ce-elsegre\/wp-json\/wp\/v2\/pages\/63"}],"wp:attachment":[{"href":"https:\/\/agora.xtec.cat\/ce-elsegre\/wp-json\/wp\/v2\/media?parent=704"}],"curies":[{"name":"wp","href":"https:\/\/api.w.org\/{rel}","templated":true}]}}