{"id":698,"date":"2018-02-01T10:04:19","date_gmt":"2018-02-01T09:04:19","guid":{"rendered":"http:\/\/agora.xtec.cat\/ce-elsegre\/?page_id=698"},"modified":"2025-12-10T16:17:06","modified_gmt":"2025-12-10T15:17:06","slug":"el-nadal-2","status":"publish","type":"page","link":"https:\/\/agora.xtec.cat\/ce-elsegre\/projectes-curriculars-complementaris\/el-nadal-2\/","title":{"rendered":"El Nadal"},"content":{"rendered":"<h4><img loading=\"lazy\" decoding=\"async\" class=\"size-large wp-image-3619 aligncenter\" src=\"https:\/\/agora.xtec.cat\/ce-elsegre\/wp-content\/uploads\/usu1573\/2024\/12\/1000195259-576x1024.jpg\" alt=\"\" width=\"576\" height=\"1024\" srcset=\"https:\/\/agora.xtec.cat\/ce-elsegre\/wp-content\/uploads\/usu1573\/2024\/12\/1000195259-576x1024.jpg 576w, https:\/\/agora.xtec.cat\/ce-elsegre\/wp-content\/uploads\/usu1573\/2024\/12\/1000195259-169x300.jpg 169w, https:\/\/agora.xtec.cat\/ce-elsegre\/wp-content\/uploads\/usu1573\/2024\/12\/1000195259-768x1365.jpg 768w, https:\/\/agora.xtec.cat\/ce-elsegre\/wp-content\/uploads\/usu1573\/2024\/12\/1000195259-864x1536.jpg 864w, https:\/\/agora.xtec.cat\/ce-elsegre\/wp-content\/uploads\/usu1573\/2024\/12\/1000195259.jpg 900w\" sizes=\"auto, (max-width: 576px) 100vw, 576px\" \/><\/h4>\n<h4><img loading=\"lazy\" decoding=\"async\" class=\"size-full wp-image-2020 aligncenter\" src=\"https:\/\/agora.xtec.cat\/ce-elsegre\/wp-content\/uploads\/usu1573\/2020\/12\/fdb37630-616b-40e3-a1ad-0d5d131d4db0.jpg\" alt=\"\" width=\"1024\" height=\"1024\" srcset=\"https:\/\/agora.xtec.cat\/ce-elsegre\/wp-content\/uploads\/usu1573\/2020\/12\/fdb37630-616b-40e3-a1ad-0d5d131d4db0.jpg 1024w, https:\/\/agora.xtec.cat\/ce-elsegre\/wp-content\/uploads\/usu1573\/2020\/12\/fdb37630-616b-40e3-a1ad-0d5d131d4db0-150x150.jpg 150w, https:\/\/agora.xtec.cat\/ce-elsegre\/wp-content\/uploads\/usu1573\/2020\/12\/fdb37630-616b-40e3-a1ad-0d5d131d4db0-300x300.jpg 300w, https:\/\/agora.xtec.cat\/ce-elsegre\/wp-content\/uploads\/usu1573\/2020\/12\/fdb37630-616b-40e3-a1ad-0d5d131d4db0-768x768.jpg 768w\" sizes=\"auto, (max-width: 1024px) 100vw, 1024px\" \/><\/h4>\n<h4><\/h4>\n<h4><img loading=\"lazy\" decoding=\"async\" class=\"wp-image-1744 aligncenter\" src=\"https:\/\/agora.xtec.cat\/ce-elsegre\/wp-content\/uploads\/usu1573\/2019\/12\/Sense-t\u00edtol-6.jpg\" alt=\"\" width=\"771\" height=\"515\" srcset=\"https:\/\/agora.xtec.cat\/ce-elsegre\/wp-content\/uploads\/usu1573\/2019\/12\/Sense-t\u00edtol-6.jpg 945w, https:\/\/agora.xtec.cat\/ce-elsegre\/wp-content\/uploads\/usu1573\/2019\/12\/Sense-t\u00edtol-6-300x200.jpg 300w, https:\/\/agora.xtec.cat\/ce-elsegre\/wp-content\/uploads\/usu1573\/2019\/12\/Sense-t\u00edtol-6-768x513.jpg 768w\" sizes=\"auto, (max-width: 771px) 100vw, 771px\" \/><\/h4>\n<h4 style=\"text-align: center;\"><em>\u00a0<\/em><\/h4>\n<p style=\"text-align: justify;\"><img loading=\"lazy\" decoding=\"async\" class=\"wp-image-741 aligncenter\" src=\"http:\/\/agora.xtec.cat\/ce-elsegre\/wp-content\/uploads\/usu1573\/2018\/02\/felicitaci\u00f3-Segre2.jpg\" alt=\"\" width=\"735\" height=\"525\" srcset=\"https:\/\/agora.xtec.cat\/ce-elsegre\/wp-content\/uploads\/usu1573\/2018\/02\/felicitaci\u00f3-Segre2.jpg 875w, https:\/\/agora.xtec.cat\/ce-elsegre\/wp-content\/uploads\/usu1573\/2018\/02\/felicitaci\u00f3-Segre2-300x214.jpg 300w, https:\/\/agora.xtec.cat\/ce-elsegre\/wp-content\/uploads\/usu1573\/2018\/02\/felicitaci\u00f3-Segre2-768x549.jpg 768w\" sizes=\"auto, (max-width: 735px) 100vw, 735px\" \/><\/p>\n<p style=\"text-align: justify;\">Cada any intentem reviure l\u2019esperit nadalenc per v\u00e0ries raons:<\/p>\n<p style=\"text-align: justify;\">Primer per recon\u00e8ixer una festa molt valorada dins la nostra societat i segon perqu\u00e8 els nois d&#8217;altres religions coneguin les nostres celebracions populars.<\/p>\n<p style=\"text-align: justify;\">Aquest curs 2017-18, a part del muntatge del pessebre elaborat a les aules pels nostres nois, s\u2019han confeccionat \u201ctions\u201d de diferents mides per acompanyar-lo cosa que s\u2019ha aprofitat per explicar i recordar aquesta tradici\u00f3 catalana. A m\u00e9s es va redactar un poema nadalenc, que vam aprofitar per enganxar a la felicitaci\u00f3 d&#8217;aquest any.<\/p>\n<p style=\"text-align: justify;\"><img loading=\"lazy\" decoding=\"async\" class=\"alignnone wp-image-933\" src=\"http:\/\/agora.xtec.cat\/ce-elsegre\/wp-content\/uploads\/usu1573\/2018\/02\/CIMG0078-1024x849.jpg\" alt=\"\" width=\"348\" height=\"288\" srcset=\"https:\/\/agora.xtec.cat\/ce-elsegre\/wp-content\/uploads\/usu1573\/2018\/02\/CIMG0078-1024x849.jpg 1024w, https:\/\/agora.xtec.cat\/ce-elsegre\/wp-content\/uploads\/usu1573\/2018\/02\/CIMG0078-300x249.jpg 300w, https:\/\/agora.xtec.cat\/ce-elsegre\/wp-content\/uploads\/usu1573\/2018\/02\/CIMG0078-768x637.jpg 768w\" sizes=\"auto, (max-width: 348px) 100vw, 348px\" \/>\u00a0 \u00a0 \u00a0<img loading=\"lazy\" decoding=\"async\" class=\"alignnone wp-image-1126\" src=\"http:\/\/agora.xtec.cat\/ce-elsegre\/wp-content\/uploads\/usu1573\/2018\/02\/IMG_3544-820x1024.jpg\" alt=\"\" width=\"370\" height=\"462\" srcset=\"https:\/\/agora.xtec.cat\/ce-elsegre\/wp-content\/uploads\/usu1573\/2018\/02\/IMG_3544-820x1024.jpg 820w, https:\/\/agora.xtec.cat\/ce-elsegre\/wp-content\/uploads\/usu1573\/2018\/02\/IMG_3544-240x300.jpg 240w, https:\/\/agora.xtec.cat\/ce-elsegre\/wp-content\/uploads\/usu1573\/2018\/02\/IMG_3544-768x959.jpg 768w, https:\/\/agora.xtec.cat\/ce-elsegre\/wp-content\/uploads\/usu1573\/2018\/02\/IMG_3544.jpg 1200w\" sizes=\"auto, (max-width: 370px) 100vw, 370px\" \/><img loading=\"lazy\" decoding=\"async\" class=\"wp-image-934 alignleft\" src=\"http:\/\/agora.xtec.cat\/ce-elsegre\/wp-content\/uploads\/usu1573\/2018\/02\/CIMG0085-1024x1024.jpg\" alt=\"\" width=\"288\" height=\"288\" srcset=\"https:\/\/agora.xtec.cat\/ce-elsegre\/wp-content\/uploads\/usu1573\/2018\/02\/CIMG0085-1024x1024.jpg 1024w, https:\/\/agora.xtec.cat\/ce-elsegre\/wp-content\/uploads\/usu1573\/2018\/02\/CIMG0085-150x150.jpg 150w, https:\/\/agora.xtec.cat\/ce-elsegre\/wp-content\/uploads\/usu1573\/2018\/02\/CIMG0085-300x300.jpg 300w, https:\/\/agora.xtec.cat\/ce-elsegre\/wp-content\/uploads\/usu1573\/2018\/02\/CIMG0085-768x768.jpg 768w\" sizes=\"auto, (max-width: 288px) 100vw, 288px\" \/><\/p>\n<p style=\"text-align: center;\">Un altra activitat ha estat la confecci\u00f3 de petits gossets amb tovalloles velles perqu\u00e8 els nois puguin obsequiar a les seves fam\u00edlies.Tamb\u00e9 s\u2019ha realitzat una audici\u00f3 de nadales en catal\u00e0, castell\u00e0 i angl\u00e8s i altres escrites pels mateixos nois en ritme de rap. Tot seguit els podeu llegir al document seg\u00fcent:<\/p>\n<p style=\"text-align: justify;\"><a href=\"http:\/\/agora.xtec.cat\/ce-elsegre\/wp-content\/uploads\/usu1573\/2018\/02\/RAP-NADAL.pdf\">RAP NADAL<\/a><\/p>\n<p>&nbsp;<\/p>\n<p>&nbsp;<\/p>\n<p>&nbsp;<\/p>\n<p><img loading=\"lazy\" decoding=\"async\" class=\"wp-image-931 alignleft\" src=\"http:\/\/agora.xtec.cat\/ce-elsegre\/wp-content\/uploads\/usu1573\/2018\/02\/CIMG0157-1024x998.jpg\" alt=\"\" width=\"400\" height=\"389\" srcset=\"https:\/\/agora.xtec.cat\/ce-elsegre\/wp-content\/uploads\/usu1573\/2018\/02\/CIMG0157-1024x998.jpg 1024w, https:\/\/agora.xtec.cat\/ce-elsegre\/wp-content\/uploads\/usu1573\/2018\/02\/CIMG0157-300x292.jpg 300w, https:\/\/agora.xtec.cat\/ce-elsegre\/wp-content\/uploads\/usu1573\/2018\/02\/CIMG0157-768x749.jpg 768w\" sizes=\"auto, (max-width: 400px) 100vw, 400px\" \/><img loading=\"lazy\" decoding=\"async\" class=\"wp-image-935 alignnone\" src=\"http:\/\/agora.xtec.cat\/ce-elsegre\/wp-content\/uploads\/usu1573\/2018\/02\/CIMG0160-1024x982.jpg\" alt=\"\" width=\"286\" height=\"274\" srcset=\"https:\/\/agora.xtec.cat\/ce-elsegre\/wp-content\/uploads\/usu1573\/2018\/02\/CIMG0160-1024x982.jpg 1024w, https:\/\/agora.xtec.cat\/ce-elsegre\/wp-content\/uploads\/usu1573\/2018\/02\/CIMG0160-300x288.jpg 300w, https:\/\/agora.xtec.cat\/ce-elsegre\/wp-content\/uploads\/usu1573\/2018\/02\/CIMG0160-768x737.jpg 768w\" sizes=\"auto, (max-width: 286px) 100vw, 286px\" \/><\/p>\n<p>&nbsp;<\/p>\n<p>&nbsp;<\/p>\n","protected":false},"excerpt":{"rendered":"<p>\u00a0<\/p>\n<p>Cada any intentem reviure l\u2019esperit nadalenc per v\u00e0ries raons:<br \/>\nPrimer per recon\u00e8ixer una festa molt valorada dins la nostra societat i segon perqu\u00e8 els nois d&#8217;altres religions coneguin les nostres celebracions populars.<br \/>\nAquest curs 2017-18, a part del muntatge del pessebre elaborat a les aules pels nostres&hellip;  <a href=\"https:\/\/agora.xtec.cat\/ce-elsegre\/projectes-curriculars-complementaris\/el-nadal-2\/\" title=\"Read El Nadal\">Llegeix m\u00e9s\u00bb<\/a><\/p>\n","protected":false},"author":1,"featured_media":0,"parent":689,"menu_order":30,"comment_status":"closed","ping_status":"closed","template":"page-templates\/side-menu.php","meta":{"_bbp_topic_count":0,"_bbp_reply_count":0,"_bbp_total_topic_count":0,"_bbp_total_reply_count":0,"_bbp_voice_count":0,"_bbp_anonymous_reply_count":0,"_bbp_topic_count_hidden":0,"_bbp_reply_count_hidden":0,"_bbp_forum_subforum_count":0,"footnotes":""},"class_list":["post-698","page","type-page","status-publish","hentry"],"post_mailing_queue_ids":[],"_links":{"self":[{"href":"https:\/\/agora.xtec.cat\/ce-elsegre\/wp-json\/wp\/v2\/pages\/698","targetHints":{"allow":["GET"]}}],"collection":[{"href":"https:\/\/agora.xtec.cat\/ce-elsegre\/wp-json\/wp\/v2\/pages"}],"about":[{"href":"https:\/\/agora.xtec.cat\/ce-elsegre\/wp-json\/wp\/v2\/types\/page"}],"author":[{"embeddable":true,"href":"https:\/\/agora.xtec.cat\/ce-elsegre\/wp-json\/wp\/v2\/users\/1"}],"replies":[{"embeddable":true,"href":"https:\/\/agora.xtec.cat\/ce-elsegre\/wp-json\/wp\/v2\/comments?post=698"}],"version-history":[{"count":5,"href":"https:\/\/agora.xtec.cat\/ce-elsegre\/wp-json\/wp\/v2\/pages\/698\/revisions"}],"predecessor-version":[{"id":4214,"href":"https:\/\/agora.xtec.cat\/ce-elsegre\/wp-json\/wp\/v2\/pages\/698\/revisions\/4214"}],"up":[{"embeddable":true,"href":"https:\/\/agora.xtec.cat\/ce-elsegre\/wp-json\/wp\/v2\/pages\/689"}],"wp:attachment":[{"href":"https:\/\/agora.xtec.cat\/ce-elsegre\/wp-json\/wp\/v2\/media?parent=698"}],"curies":[{"name":"wp","href":"https:\/\/api.w.org\/{rel}","templated":true}]}}