{"id":694,"date":"2018-02-01T09:57:13","date_gmt":"2018-02-01T08:57:13","guid":{"rendered":"http:\/\/agora.xtec.cat\/ce-elsegre\/?page_id=694"},"modified":"2020-02-20T12:17:44","modified_gmt":"2020-02-20T11:17:44","slug":"el-teatre","status":"publish","type":"page","link":"https:\/\/agora.xtec.cat\/ce-elsegre\/projectes-curriculars-complementaris\/el-teatre\/","title":{"rendered":"El teatre"},"content":{"rendered":"<p style=\"text-align: justify;\">En el marc de normalitzaci\u00f3 que pretenem que a les aules del CE El Segre realitzin la seva activitat di\u00e0ria, i volent realitzar m\u00e9s accions per a la millora de l\u2019expressi\u00f3 oral i escrita,\u00a0cada any el claustre de mestres planteja el \u201cTaller de teatre\u201d.<\/p>\n<p style=\"text-align: justify;\">Aquesta experi\u00e8ncia s\u2019inicia partint d\u2019un text col\u00b7laboratiu on els participants del taller a partir d\u2019un text creat per\u00a0una mestra de l&#8217;\u00e0mbit socioling\u00fc\u00edstic\u00a0fan un treball de dramatitzaci\u00f3, incorporant di\u00e0legs i d\u2019aquesta manera s&#8217;aconsegueix que aquest s&#8217;interioritzi molt millor i se senti propi.<\/p>\n<p style=\"text-align: justify;\">El primer any, al 2015, els nostres nois van escriure els di\u00e0legs en catal\u00e0 i el nom de l\u2019obra era<strong> \u201cLa Colla Desfeta\u201d<\/strong>.<\/p>\n<p style=\"text-align: justify;\">El nom de l\u2019obra del 2016 va ser \u201cFive Children and It\u201d i el nom de les dues del 2017 van ser: <strong>&#8220;The three pigs\u201d<\/strong> i \u00a0<strong>\u201cLittle Red Riding Hood\u201d<\/strong>. Aquestes obres es van representar a nivell b\u00e0sic per tal d&#8217;intentar apropar als nostres nois, el m\u00e0xim possible a aquesta llengua.<\/p>\n","protected":false},"excerpt":{"rendered":"<p>En el marc de normalitzaci\u00f3 que pretenem que a les aules del CE El Segre realitzin la seva activitat di\u00e0ria, i volent realitzar m\u00e9s accions per a la millora de l\u2019expressi\u00f3 oral i escrita,\u00a0cada any el claustre de mestres planteja el \u201cTaller de teatre\u201d.<br \/>\nAquesta experi\u00e8ncia&hellip;  <a href=\"https:\/\/agora.xtec.cat\/ce-elsegre\/projectes-curriculars-complementaris\/el-teatre\/\" title=\"Read El teatre\">Llegeix m\u00e9s\u00bb<\/a><\/p>\n","protected":false},"author":1,"featured_media":0,"parent":689,"menu_order":50,"comment_status":"closed","ping_status":"closed","template":"page-templates\/side-menu.php","meta":{"_bbp_topic_count":0,"_bbp_reply_count":0,"_bbp_total_topic_count":0,"_bbp_total_reply_count":0,"_bbp_voice_count":0,"_bbp_anonymous_reply_count":0,"_bbp_topic_count_hidden":0,"_bbp_reply_count_hidden":0,"_bbp_forum_subforum_count":0,"footnotes":""},"class_list":["post-694","page","type-page","status-publish","hentry"],"post_mailing_queue_ids":[],"_links":{"self":[{"href":"https:\/\/agora.xtec.cat\/ce-elsegre\/wp-json\/wp\/v2\/pages\/694","targetHints":{"allow":["GET"]}}],"collection":[{"href":"https:\/\/agora.xtec.cat\/ce-elsegre\/wp-json\/wp\/v2\/pages"}],"about":[{"href":"https:\/\/agora.xtec.cat\/ce-elsegre\/wp-json\/wp\/v2\/types\/page"}],"author":[{"embeddable":true,"href":"https:\/\/agora.xtec.cat\/ce-elsegre\/wp-json\/wp\/v2\/users\/1"}],"replies":[{"embeddable":true,"href":"https:\/\/agora.xtec.cat\/ce-elsegre\/wp-json\/wp\/v2\/comments?post=694"}],"version-history":[{"count":4,"href":"https:\/\/agora.xtec.cat\/ce-elsegre\/wp-json\/wp\/v2\/pages\/694\/revisions"}],"predecessor-version":[{"id":1793,"href":"https:\/\/agora.xtec.cat\/ce-elsegre\/wp-json\/wp\/v2\/pages\/694\/revisions\/1793"}],"up":[{"embeddable":true,"href":"https:\/\/agora.xtec.cat\/ce-elsegre\/wp-json\/wp\/v2\/pages\/689"}],"wp:attachment":[{"href":"https:\/\/agora.xtec.cat\/ce-elsegre\/wp-json\/wp\/v2\/media?parent=694"}],"curies":[{"name":"wp","href":"https:\/\/api.w.org\/{rel}","templated":true}]}}