{"id":692,"date":"2018-02-01T09:56:49","date_gmt":"2018-02-01T08:56:49","guid":{"rendered":"http:\/\/agora.xtec.cat\/ce-elsegre\/?page_id=692"},"modified":"2022-01-12T10:46:57","modified_gmt":"2022-01-12T09:46:57","slug":"revista-erges","status":"publish","type":"page","link":"https:\/\/agora.xtec.cat\/ce-elsegre\/projectes-curriculars-complementaris\/revista-erges\/","title":{"rendered":"Revista Erges"},"content":{"rendered":"<p style=\"text-align: justify;\"><strong>Qu\u00e8 entenem per revista escolar?<\/strong> La podem definir com aquella publicaci\u00f3 que t\u00e9 el seu naixement i desenvolupament \u00edntegre fins esdevenir un producte final a punt de poder-se llegir dins del marc escolar. \u00c9s el fruit d\u2019un esfor\u00e7 i treball col\u2022lectiu de la comunitat educativa per difondre les inquietuds i el resultat pedag\u00f2gic del centre.<br \/>\nLa idea de crear una revista escolar al CE El Segre va sorgir durant el <strong>curs acad\u00e8mic 2008-2009<\/strong>, amb la publicaci\u00f3 del n\u00ba 0, sota la direcci\u00f3 de dues mestres de l\u2019\u00e0mbit socioling\u00fc\u00edstic.<\/p>\n<p style=\"text-align: justify;\"><strong>Perqu\u00e8 el nom ERGES?<\/strong> B\u00e9, despr\u00e9s d\u2019una consulta amb tots els companys, a un d\u00b4aquest se li va oc\u00f3rrer invertir les lletres del nom del centre (ERGES-SEGRE), idea que a tot el claustre de mestres ens va semblar molt adient. Aix\u00ed va n\u00e9ixer la revista ERGES amb la idea d\u2019ensenyar, distraure, entretenir, encuriosir, animar i divertir a tota persona que la llegeix.<\/p>\n<p style=\"text-align: justify;\">En definitiva la confecci\u00f3 de la nostra revista ha estat un treball interdisciplinari que ha fomentat la participaci\u00f3 d\u2019alumnes i mestres, permetent millorar les habilitats escrites, promovent la discussi\u00f3 per trobar vies de soluci\u00f3 a diferents problemes, coordinant esfor\u00e7os i incorporant materials variats i atractius, com \u00e9s l\u2019\u00fas de les noves tecnologies que enriqueixen i faciliten l\u2019aprenentatge.<\/p>\n<p>Us deixem una imatge de totes les portades que resumeixen aquests anys d&#8217;esfor\u00e7.<strong><img loading=\"lazy\" decoding=\"async\" class=\"alignnone size-full wp-image-1083\" src=\"http:\/\/agora.xtec.cat\/ce-elsegre\/wp-content\/uploads\/usu1573\/2018\/02\/portades-web.jpg\" alt=\"\" width=\"861\" height=\"590\" srcset=\"https:\/\/agora.xtec.cat\/ce-elsegre\/wp-content\/uploads\/usu1573\/2018\/02\/portades-web.jpg 861w, https:\/\/agora.xtec.cat\/ce-elsegre\/wp-content\/uploads\/usu1573\/2018\/02\/portades-web-300x206.jpg 300w, https:\/\/agora.xtec.cat\/ce-elsegre\/wp-content\/uploads\/usu1573\/2018\/02\/portades-web-768x526.jpg 768w\" sizes=\"auto, (max-width: 861px) 100vw, 861px\" \/><\/strong><\/p>\n<p>I tot seguit si cliqueu a sobre la imatge podreu veure l&#8217;\u00faltima edici\u00f3, la del curs 2020-21. <strong>Esperem que us agradi.<\/strong><\/p>\n<p><a href=\"https:\/\/drive.google.com\/file\/d\/1ONX95e7sDSqKNMKEq74JgZTYtmoXASAw\/view?usp=sharing\"><img loading=\"lazy\" decoding=\"async\" class=\"alignnone size-full wp-image-2394\" src=\"https:\/\/agora.xtec.cat\/ce-elsegre\/wp-content\/uploads\/usu1573\/2022\/01\/portada-revista-1.jpg\" alt=\"\" width=\"600\" height=\"1001\" srcset=\"https:\/\/agora.xtec.cat\/ce-elsegre\/wp-content\/uploads\/usu1573\/2022\/01\/portada-revista-1.jpg 600w, https:\/\/agora.xtec.cat\/ce-elsegre\/wp-content\/uploads\/usu1573\/2022\/01\/portada-revista-1-180x300.jpg 180w\" sizes=\"auto, (max-width: 600px) 100vw, 600px\" \/><\/a><\/p>\n<p>Revista Curs 2019-2020. Tot seguit la podreu llegir.<\/p>\n<p><a href=\"https:\/\/drive.google.com\/file\/d\/1J85Nu35HT2vpy7L-Z8sx-UuCtGRAnM_r\/view\"><img loading=\"lazy\" decoding=\"async\" class=\"alignnone size-full wp-image-2045\" src=\"https:\/\/agora.xtec.cat\/ce-elsegre\/wp-content\/uploads\/usu1573\/2021\/01\/screenshot-drive.google.com-2021.01.26-12_33_02.png\" alt=\"\" width=\"489\" height=\"688\" srcset=\"https:\/\/agora.xtec.cat\/ce-elsegre\/wp-content\/uploads\/usu1573\/2021\/01\/screenshot-drive.google.com-2021.01.26-12_33_02.png 489w, https:\/\/agora.xtec.cat\/ce-elsegre\/wp-content\/uploads\/usu1573\/2021\/01\/screenshot-drive.google.com-2021.01.26-12_33_02-213x300.png 213w\" sizes=\"auto, (max-width: 489px) 100vw, 489px\" \/><\/a><\/p>\n<p>&nbsp;<\/p>\n","protected":false},"excerpt":{"rendered":"<p>Qu\u00e8 entenem per revista escolar? La podem definir com aquella publicaci\u00f3 que t\u00e9 el seu naixement i desenvolupament \u00edntegre fins esdevenir un producte final a punt de poder-se llegir dins del marc escolar. \u00c9s el fruit d\u2019un esfor\u00e7 i treball col\u2022lectiu de la comunitat educativa&hellip;  <a href=\"https:\/\/agora.xtec.cat\/ce-elsegre\/projectes-curriculars-complementaris\/revista-erges\/\" title=\"Read Revista Erges\">Llegeix m\u00e9s\u00bb<\/a><\/p>\n","protected":false},"author":1,"featured_media":0,"parent":689,"menu_order":20,"comment_status":"closed","ping_status":"closed","template":"page-templates\/side-menu.php","meta":{"_bbp_topic_count":0,"_bbp_reply_count":0,"_bbp_total_topic_count":0,"_bbp_total_reply_count":0,"_bbp_voice_count":0,"_bbp_anonymous_reply_count":0,"_bbp_topic_count_hidden":0,"_bbp_reply_count_hidden":0,"_bbp_forum_subforum_count":0,"footnotes":""},"class_list":["post-692","page","type-page","status-publish","hentry"],"post_mailing_queue_ids":[],"_links":{"self":[{"href":"https:\/\/agora.xtec.cat\/ce-elsegre\/wp-json\/wp\/v2\/pages\/692","targetHints":{"allow":["GET"]}}],"collection":[{"href":"https:\/\/agora.xtec.cat\/ce-elsegre\/wp-json\/wp\/v2\/pages"}],"about":[{"href":"https:\/\/agora.xtec.cat\/ce-elsegre\/wp-json\/wp\/v2\/types\/page"}],"author":[{"embeddable":true,"href":"https:\/\/agora.xtec.cat\/ce-elsegre\/wp-json\/wp\/v2\/users\/1"}],"replies":[{"embeddable":true,"href":"https:\/\/agora.xtec.cat\/ce-elsegre\/wp-json\/wp\/v2\/comments?post=692"}],"version-history":[{"count":3,"href":"https:\/\/agora.xtec.cat\/ce-elsegre\/wp-json\/wp\/v2\/pages\/692\/revisions"}],"predecessor-version":[{"id":2397,"href":"https:\/\/agora.xtec.cat\/ce-elsegre\/wp-json\/wp\/v2\/pages\/692\/revisions\/2397"}],"up":[{"embeddable":true,"href":"https:\/\/agora.xtec.cat\/ce-elsegre\/wp-json\/wp\/v2\/pages\/689"}],"wp:attachment":[{"href":"https:\/\/agora.xtec.cat\/ce-elsegre\/wp-json\/wp\/v2\/media?parent=692"}],"curies":[{"name":"wp","href":"https:\/\/api.w.org\/{rel}","templated":true}]}}