{"id":69,"date":"2014-09-18T10:15:07","date_gmt":"2014-09-18T09:15:07","guid":{"rendered":"http:\/\/agora.xtec.cat\/ce-elsegre\/?page_id=69"},"modified":"2022-02-15T10:54:29","modified_gmt":"2022-02-15T09:54:29","slug":"menjador-escolar","status":"publish","type":"page","link":"https:\/\/agora.xtec.cat\/ce-elsegre\/serveis\/menjador-escolar\/","title":{"rendered":"Concurs de pessebres"},"content":{"rendered":"<p style=\"text-align: justify;\">En els darrers 8 anys el nostre Centre ha participat en el concurs de pessebres que organitza l&#8217;Ajuntament de Lleida en la categoria de Centres. La nostra premissa sempre ha estat que hi participin i col.laborin tots i cadascun dels nostres alumnes, d&#8217;aquesta manera aconseguim que els nois es facin seu el projecte. Al mateix temps sempre hem tingut en compte utilitzar materials reciclats tipus oueres, ampolles de pl\u00e0stic, fang, cartrons, papers ja utilitzats&#8230;..<\/p>\n<p style=\"text-align: justify;\">El resultat d&#8217;aquesta participaci\u00f3 han estat tres acc\u00e8ssits, dues mencions honor\u00edfiques, un primer premi l&#8217;any 2015 i un segon premi l&#8217;any 2021.<\/p>\n<p style=\"text-align: justify;\">M\u00e9s enll\u00e0 dels reconeixements que puguem obtenir, continuarem participant en el concurs i ja estem pensant en idees de cara al concurs de l&#8217;any vinent.<\/p>\n<p><img loading=\"lazy\" decoding=\"async\" class=\"wp-image-730 alignleft\" style=\"text-align: justify;\" src=\"http:\/\/agora.xtec.cat\/ce-elsegre\/wp-content\/uploads\/usu1573\/2016\/12\/pessebre-1.jpg\" alt=\"\" width=\"264\" height=\"157\" srcset=\"https:\/\/agora.xtec.cat\/ce-elsegre\/wp-content\/uploads\/usu1573\/2016\/12\/pessebre-1.jpg 419w, https:\/\/agora.xtec.cat\/ce-elsegre\/wp-content\/uploads\/usu1573\/2016\/12\/pessebre-1-300x178.jpg 300w\" sizes=\"auto, (max-width: 264px) 100vw, 264px\" \/><\/p>\n<p><img loading=\"lazy\" decoding=\"async\" class=\"wp-image-872 alignleft\" src=\"http:\/\/agora.xtec.cat\/ce-elsegre\/wp-content\/uploads\/usu1573\/2014\/09\/thumbnail_CIMG0173-1024x1024.jpg\" alt=\"\" width=\"199\" height=\"199\" srcset=\"https:\/\/agora.xtec.cat\/ce-elsegre\/wp-content\/uploads\/usu1573\/2014\/09\/thumbnail_CIMG0173-1024x1024.jpg 1024w, https:\/\/agora.xtec.cat\/ce-elsegre\/wp-content\/uploads\/usu1573\/2014\/09\/thumbnail_CIMG0173-150x150.jpg 150w, https:\/\/agora.xtec.cat\/ce-elsegre\/wp-content\/uploads\/usu1573\/2014\/09\/thumbnail_CIMG0173-300x300.jpg 300w, https:\/\/agora.xtec.cat\/ce-elsegre\/wp-content\/uploads\/usu1573\/2014\/09\/thumbnail_CIMG0173-768x768.jpg 768w, https:\/\/agora.xtec.cat\/ce-elsegre\/wp-content\/uploads\/usu1573\/2014\/09\/thumbnail_CIMG0173.jpg 1280w\" sizes=\"auto, (max-width: 199px) 100vw, 199px\" \/><\/p>\n<p><img loading=\"lazy\" decoding=\"async\" class=\"alignnone wp-image-731\" src=\"http:\/\/agora.xtec.cat\/ce-elsegre\/wp-content\/uploads\/usu1573\/2016\/12\/pessebre-2.jpg\" alt=\"\" width=\"317\" height=\"204\" srcset=\"https:\/\/agora.xtec.cat\/ce-elsegre\/wp-content\/uploads\/usu1573\/2016\/12\/pessebre-2.jpg 381w, https:\/\/agora.xtec.cat\/ce-elsegre\/wp-content\/uploads\/usu1573\/2016\/12\/pessebre-2-300x193.jpg 300w\" sizes=\"auto, (max-width: 317px) 100vw, 317px\" \/><\/p>\n","protected":false},"excerpt":{"rendered":"<p>En els darrers 8 anys el nostre Centre ha participat en el concurs de pessebres que organitza l&#8217;Ajuntament de Lleida en la categoria de Centres. La nostra premissa sempre ha estat que hi participin i col.laborin tots i cadascun dels nostres alumnes, d&#8217;aquesta manera aconseguim&hellip;  <a href=\"https:\/\/agora.xtec.cat\/ce-elsegre\/serveis\/menjador-escolar\/\" title=\"Read Concurs de pessebres\">Llegeix m\u00e9s\u00bb<\/a><\/p>\n","protected":false},"author":1,"featured_media":0,"parent":63,"menu_order":20,"comment_status":"closed","ping_status":"closed","template":"page-templates\/side-menu.php","meta":{"_bbp_topic_count":0,"_bbp_reply_count":0,"_bbp_total_topic_count":0,"_bbp_total_reply_count":0,"_bbp_voice_count":0,"_bbp_anonymous_reply_count":0,"_bbp_topic_count_hidden":0,"_bbp_reply_count_hidden":0,"_bbp_forum_subforum_count":0,"footnotes":""},"class_list":["post-69","page","type-page","status-publish","hentry"],"post_mailing_queue_ids":[],"_links":{"self":[{"href":"https:\/\/agora.xtec.cat\/ce-elsegre\/wp-json\/wp\/v2\/pages\/69","targetHints":{"allow":["GET"]}}],"collection":[{"href":"https:\/\/agora.xtec.cat\/ce-elsegre\/wp-json\/wp\/v2\/pages"}],"about":[{"href":"https:\/\/agora.xtec.cat\/ce-elsegre\/wp-json\/wp\/v2\/types\/page"}],"author":[{"embeddable":true,"href":"https:\/\/agora.xtec.cat\/ce-elsegre\/wp-json\/wp\/v2\/users\/1"}],"replies":[{"embeddable":true,"href":"https:\/\/agora.xtec.cat\/ce-elsegre\/wp-json\/wp\/v2\/comments?post=69"}],"version-history":[{"count":3,"href":"https:\/\/agora.xtec.cat\/ce-elsegre\/wp-json\/wp\/v2\/pages\/69\/revisions"}],"predecessor-version":[{"id":2447,"href":"https:\/\/agora.xtec.cat\/ce-elsegre\/wp-json\/wp\/v2\/pages\/69\/revisions\/2447"}],"up":[{"embeddable":true,"href":"https:\/\/agora.xtec.cat\/ce-elsegre\/wp-json\/wp\/v2\/pages\/63"}],"wp:attachment":[{"href":"https:\/\/agora.xtec.cat\/ce-elsegre\/wp-json\/wp\/v2\/media?parent=69"}],"curies":[{"name":"wp","href":"https:\/\/api.w.org\/{rel}","templated":true}]}}