{"id":67,"date":"2014-09-18T10:14:18","date_gmt":"2014-09-18T09:14:18","guid":{"rendered":"http:\/\/agora.xtec.cat\/ce-elsegre\/?page_id=67"},"modified":"2020-02-20T12:15:40","modified_gmt":"2020-02-20T11:15:40","slug":"httpagora-xtec-catce-elsegreportadapremis-llanterna-digital","status":"publish","type":"page","link":"https:\/\/agora.xtec.cat\/ce-elsegre\/serveis\/httpagora-xtec-catce-elsegreportadapremis-llanterna-digital\/","title":{"rendered":"Llanterna digital"},"content":{"rendered":"<p style=\"text-align: justify;\">Els premis llanterna digital s\u00f3n una iniciativa de la coordinadora de Serveis Ling\u00fc\u00edstics de Lleida de la qual formen part la Direcci\u00f3 General de Pol\u00edtica Ling\u00fc\u00edstica, del Consorci per la Normalitzaci\u00f3 Ling\u00fc\u00edstica (CNL Lleida), els Serveis Territorials de Salut, Just\u00edcia i Ensenyament i l\u2019Institut de Lleng\u00fces de la Universitat de Lleida, l\u2019Escola Oficial d\u2019idiomes de Lleida i el Servei Ling\u00fc\u00edstic de Comissions Obreres.<\/p>\n<p style=\"text-align: justify;\">El curs 2014-2015 el CE El Segre particip\u00e0 per primer cop als Premis llanterna digital, premis que volen promoure l\u2019\u00fas del catal\u00e0 i l\u2019occit\u00e0, mitjan\u00e7ant curtmetratges que promoguin una reflexi\u00f3 sobre les lleng\u00fces.<br \/>\nEl resultat d\u2019aquesta participaci\u00f3 va ser l\u2019atorgament d\u2019un primer premi en el curt <strong>\u201cEn catal\u00e0 s\u00ed, en catal\u00e0\u201d<\/strong>, en la categoria de Centres Educatius.<\/p>\n<p style=\"text-align: justify;\"><iframe loading=\"lazy\" src=\"https:\/\/www.youtube.com\/embed\/HNHQXK988Dg?rel=0\" width=\"560\" height=\"315\" frameborder=\"0\" allowfullscreen=\"allowfullscreen\"><\/iframe><\/p>\n<p style=\"text-align: justify;\">En l\u2019edici\u00f3 de 2016, el nostre centre tamb\u00e9 va ser-hi present amb el v\u00eddeo <strong>\u201cRamon Llull, l\u2019origen\u201d<\/strong> donant continu\u00eftat a l\u2019experi\u00e8ncia iniciada i que m\u00e9s que el reconeixement final que va esdevenir, finalistes i 1r premi a la votaci\u00f3 popular, posem molt en valor tot el proc\u00e9s educatiu que es genera des de la idea inicial fins al producte final.<\/p>\n<p style=\"text-align: justify;\"><iframe loading=\"lazy\" src=\"https:\/\/www.youtube.com\/embed\/WoXSYC4hHC0?rel=0\" width=\"560\" height=\"315\" frameborder=\"0\" allowfullscreen=\"allowfullscreen\"><\/iframe><\/p>\n<p style=\"text-align: justify;\">Al 2017 vam continuar participant-hi i vam presentar el curt <strong>&#8220;Acceptes el repte?&#8221;<\/strong> en qu\u00e8 vam quedar finalistes tant en el premi del jurat com en el de la votaci\u00f3 popular.<\/p>\n<p style=\"text-align: justify;\">Al 2018 vam presentar un altre v\u00eddeo titulat: <strong>&#8220;Mare, sento, canto, escric&#8221;<\/strong> i vam quedar finalistes.<\/p>\n<p style=\"text-align: justify;\">Pensem que aquesta aventura l&#8217;hem de continuar, ja que \u00e9s un element motivador per als alumnes, fomenta el bon clima, l&#8217;aprenentatge de les noves tecnologies i es veu reconegut l&#8217;esfor\u00e7 dels alumnes en un producte audiovisual atractiu.<\/p>\n<p>&nbsp;<\/p>\n","protected":false},"excerpt":{"rendered":"<p>Els premis llanterna digital s\u00f3n una iniciativa de la coordinadora de Serveis Ling\u00fc\u00edstics de Lleida de la qual formen part la Direcci\u00f3 General de Pol\u00edtica Ling\u00fc\u00edstica, del Consorci per la Normalitzaci\u00f3 Ling\u00fc\u00edstica (CNL Lleida), els Serveis Territorials de Salut, Just\u00edcia i Ensenyament i l\u2019Institut de&hellip;  <a href=\"https:\/\/agora.xtec.cat\/ce-elsegre\/serveis\/httpagora-xtec-catce-elsegreportadapremis-llanterna-digital\/\" title=\"Read Llanterna digital\">Llegeix m\u00e9s\u00bb<\/a><\/p>\n","protected":false},"author":1,"featured_media":0,"parent":63,"menu_order":50,"comment_status":"closed","ping_status":"closed","template":"page-templates\/side-menu.php","meta":{"_bbp_topic_count":0,"_bbp_reply_count":0,"_bbp_total_topic_count":0,"_bbp_total_reply_count":0,"_bbp_voice_count":0,"_bbp_anonymous_reply_count":0,"_bbp_topic_count_hidden":0,"_bbp_reply_count_hidden":0,"_bbp_forum_subforum_count":0,"footnotes":""},"class_list":["post-67","page","type-page","status-publish","hentry"],"post_mailing_queue_ids":[],"_links":{"self":[{"href":"https:\/\/agora.xtec.cat\/ce-elsegre\/wp-json\/wp\/v2\/pages\/67","targetHints":{"allow":["GET"]}}],"collection":[{"href":"https:\/\/agora.xtec.cat\/ce-elsegre\/wp-json\/wp\/v2\/pages"}],"about":[{"href":"https:\/\/agora.xtec.cat\/ce-elsegre\/wp-json\/wp\/v2\/types\/page"}],"author":[{"embeddable":true,"href":"https:\/\/agora.xtec.cat\/ce-elsegre\/wp-json\/wp\/v2\/users\/1"}],"replies":[{"embeddable":true,"href":"https:\/\/agora.xtec.cat\/ce-elsegre\/wp-json\/wp\/v2\/comments?post=67"}],"version-history":[{"count":3,"href":"https:\/\/agora.xtec.cat\/ce-elsegre\/wp-json\/wp\/v2\/pages\/67\/revisions"}],"predecessor-version":[{"id":1792,"href":"https:\/\/agora.xtec.cat\/ce-elsegre\/wp-json\/wp\/v2\/pages\/67\/revisions\/1792"}],"up":[{"embeddable":true,"href":"https:\/\/agora.xtec.cat\/ce-elsegre\/wp-json\/wp\/v2\/pages\/63"}],"wp:attachment":[{"href":"https:\/\/agora.xtec.cat\/ce-elsegre\/wp-json\/wp\/v2\/media?parent=67"}],"curies":[{"name":"wp","href":"https:\/\/api.w.org\/{rel}","templated":true}]}}