{"id":651,"date":"2017-02-24T12:50:49","date_gmt":"2017-02-24T11:50:49","guid":{"rendered":"http:\/\/agora.xtec.cat\/ce-elsegre\/?page_id=651"},"modified":"2022-11-07T12:36:35","modified_gmt":"2022-11-07T11:36:35","slug":"formacio-estrategica","status":"publish","type":"page","link":"https:\/\/agora.xtec.cat\/ce-elsegre\/linstitut\/formacio-estrategica\/","title":{"rendered":"Formaci\u00f3 estrat\u00e8gica"},"content":{"rendered":"<p style=\"text-align: justify;\">La formaci\u00f3 esdev\u00e9 estrat\u00e8gica en la nostra intervenci\u00f3 educativa.<\/p>\n<p style=\"text-align: justify;\">El curs 2016-2017 vam realitzar la 1\u00aa edici\u00f3 del taller a centre\u00a0<span style=\"color: #000000;\"><strong>&#8220;Aprenem a l&#8217;aula amb diferents recursos digitals&#8221; <\/strong><\/span>i el curs 2017-2018 vam continuar amb la 2a edici\u00f3 del taller <span style=\"color: #000000;\"><strong>\u201cElaboraci\u00f3 de la nostra web escolar a trav\u00e9s del portal Nodes\u201d<\/strong><\/span> que preveu i aix\u00ed es realitza, que la formadora sigui la nostra referent TAC i pugui traslladar la formaci\u00f3 espec\u00edfica que rep a Barcelona, a la resta de l\u2019equip.<\/p>\n<p style=\"text-align: justify;\">Participarem per 2n any consecutiu en el <span style=\"color: #000000;\"><strong>Programa \u201cAra ESCRIC\u201d<\/strong> <\/span>amb les dos mestres responsables de l\u2019\u00e0mbit socioling\u00fc\u00edstic que han assistit al cicle de confer\u00e8ncies d\u2019aquest programa.<\/p>\n<p style=\"text-align: justify;\">Dins el pla de formaci\u00f3 permanent de zona el curs 2017-2018 vam donar continu\u00eftat al <span style=\"color: #000000;\"><strong>\u201cProjecte de tutoria Escolta\u2019m\u201d<\/strong><\/span>, que es va titular \u201cLa meva novel\u00b7la i jo\u201d.\u00a0Aquest projecte consisteix en el fet qu\u00e8 els joves escriguin la hist\u00f2ria de la seva vida i se\u2019ls demana que es projectin en un futur, \u00e9s a dir, saben com comen\u00e7a la hist\u00f2ria per\u00f2 no saben com acaba per\u00f2 si poden dir com els agradaria que acab\u00e9s la hist\u00f2ria, o sigui, fos la seva vida.\u00a0El m\u00e8tode de treball ha estat el biogr\u00e0fic i la t\u00e8cnica l\u2019escriptura creativa, que es concretar\u00e0 en un quadern de notes i l\u2019escriptura d\u2019un conte o relat curt on el jove en ser\u00e0 el protagonista. El jove tindr\u00e0 espais de treball individual de tutoria amb els professionals de refer\u00e8ncia, en petits grups i de treball aut\u00f2nom.<\/p>\n<p style=\"text-align: justify;\">D<span style=\"font-size: medium;\">onada la situaci\u00f3 actual del nostre centre amb la massiva incorporaci\u00f3 de MENAS (menors estrangers no acompanyats), i la dificultat comunicativa que aix\u00f2 comporta, a nivell de centre es va plantejar la necessitat de trobar eines i recursos per a un millor aprenentatge ling\u00fc\u00edstic.\u00a0<\/span><span style=\"font-size: medium;\">Davant aquests plantejaments ens vam reunir l\u2019equip docent i vam valorar la necessitat de posar-nos en contacte amb les assessores LIC (llengua i cohesi\u00f3 social) per tal que ens fessin un assessorament.\u00a0<\/span><\/p>\n<p style=\"text-align: justify;\"><span style=\"font-size: medium;\">Amb el vist i plau de la coordinadora territorial LIC, Carme Moncas\u00ed, les t\u00e8cniques LIC, \u00c0ngels Morera i Imma Rubi\u00f3 van ser les encarregades de dur a terme el taller a centre <span style=\"color: #000000;\"><strong>&#8220;Assessorament de Suport Ling\u00fc\u00edstic i Social&#8221;<\/strong><\/span> el curs 2019-2020.\u00a0<\/span><\/p>\n<p style=\"text-align: justify;\">Durant el curs 2020-21 vam continuar amb el curs <span style=\"color: #000000;\"><strong>&#8220;Abordatge educatiu al col\u00b7lectiu de joves migrats&#8221;<\/strong><\/span>\u00a0<span style=\"color: #333300;\"><strong><a style=\"color: #333300;\" href=\"https:\/\/aplicacions.gestioeducativa.gencat.cat\/pls\/soloas\/pk_for_mod_ins.p_for_cons_activitats?p_any=2020-2021&amp;p_tipus_act=RSJM&amp;p_totes=N\" target=\"_blank\" rel=\"noopener noreferrer\">.<\/a><\/strong><\/span> Aquesta proposta formativa pretenia donar a con\u00e8ixer la realitat i les experi\u00e8ncies dels menors d\u2019origen marroqu\u00ed al territori catal\u00e0, parant esment tant a la situaci\u00f3 del Marroc com a les condicions en els seus processos migratoris i d\u2019inclusi\u00f3 socioeducativa al territori catal\u00e0. El curs analitzava\u00a0les respostes institucionals i els circuits d\u2019acollida aix\u00ed com les problem\u00e0tiques i les possibilitats per construir les seves traject\u00f2ries vitals en la nova terra on s\u2019han instal\u00b7lat. I finalment se&#8217;ns van oferir\u00a0estrat\u00e8gies per a la intervenci\u00f3 amb aquests joves.<\/p>\n<p style=\"text-align: justify;\"><span style=\"color: #333333;\">El curs 2021-22 la formaci\u00f3 va ser en format telem\u00e0tic, promoguda per la Generalitat de Catalunya, en el marc del Pla Director de Salut Mental i Addiccions del Departament de Salut i del Pla Integral de Salut mental i Addiccions. Els continguts van estar treballats col\u00b7laborativament amb els Departaments de salut, Educaci\u00f3 i Drets Socials, amb el t\u00edtol: <span style=\"color: #000000;\"><strong>\u201c<em>La salut mental a l\u2019entorn escolar<\/em>\u201d<\/strong><\/span> i la valoraci\u00f3 de l\u2019equip va ser molt positiva.<\/span><\/p>\n<p style=\"text-align: justify;\">Aquest curs 2022-23 la formaci\u00f3 estrat\u00e8gica triada ha estat <span style=\"color: #000000;\">&#8220;<strong>La mediaci\u00f3 com a eina de resoluci\u00f3 de conflictes<\/strong>&#8220;<\/span> Amb aquest curs pretenem tenir una formaci\u00f3 per a poder gestionar els conflictes de manera directa a partir d&#8217;una conversa de mediaci\u00f3. Aprofundir en el que hi ha darrera d&#8217;un conflicte i adquirir les bases i coneixements per a comprendre la seva naturalesa. Desenvolupar din\u00e0miques per a treballar la seva intel\u00b7lig\u00e8ncia intrapersonal, practicar converses de mediaci\u00f3 i adquirir coneixements per a integrar el sistema de mediaci\u00f3 de manera forma i sistem\u00e0tica a les Unitats Docents.<\/p>\n<p>&nbsp;<\/p>\n","protected":false},"excerpt":{"rendered":"<p>La formaci\u00f3 esdev\u00e9 estrat\u00e8gica en la nostra intervenci\u00f3 educativa.<br \/>\nEl curs 2016-2017 vam realitzar la 1\u00aa edici\u00f3 del taller a centre\u00a0&#8220;Aprenem a l&#8217;aula amb diferents recursos digitals&#8221; i el curs 2017-2018 vam continuar amb la 2a edici\u00f3 del taller \u201cElaboraci\u00f3 de la nostra web escolar a&hellip;  <a href=\"https:\/\/agora.xtec.cat\/ce-elsegre\/linstitut\/formacio-estrategica\/\" title=\"Read Formaci\u00f3 estrat\u00e8gica\">Llegeix m\u00e9s\u00bb<\/a><\/p>\n","protected":false},"author":1,"featured_media":0,"parent":19,"menu_order":60,"comment_status":"closed","ping_status":"closed","template":"page-templates\/side-menu.php","meta":{"_bbp_topic_count":0,"_bbp_reply_count":0,"_bbp_total_topic_count":0,"_bbp_total_reply_count":0,"_bbp_voice_count":0,"_bbp_anonymous_reply_count":0,"_bbp_topic_count_hidden":0,"_bbp_reply_count_hidden":0,"_bbp_forum_subforum_count":0,"footnotes":""},"class_list":["post-651","page","type-page","status-publish","hentry"],"post_mailing_queue_ids":[],"_links":{"self":[{"href":"https:\/\/agora.xtec.cat\/ce-elsegre\/wp-json\/wp\/v2\/pages\/651","targetHints":{"allow":["GET"]}}],"collection":[{"href":"https:\/\/agora.xtec.cat\/ce-elsegre\/wp-json\/wp\/v2\/pages"}],"about":[{"href":"https:\/\/agora.xtec.cat\/ce-elsegre\/wp-json\/wp\/v2\/types\/page"}],"author":[{"embeddable":true,"href":"https:\/\/agora.xtec.cat\/ce-elsegre\/wp-json\/wp\/v2\/users\/1"}],"replies":[{"embeddable":true,"href":"https:\/\/agora.xtec.cat\/ce-elsegre\/wp-json\/wp\/v2\/comments?post=651"}],"version-history":[{"count":3,"href":"https:\/\/agora.xtec.cat\/ce-elsegre\/wp-json\/wp\/v2\/pages\/651\/revisions"}],"predecessor-version":[{"id":2593,"href":"https:\/\/agora.xtec.cat\/ce-elsegre\/wp-json\/wp\/v2\/pages\/651\/revisions\/2593"}],"up":[{"embeddable":true,"href":"https:\/\/agora.xtec.cat\/ce-elsegre\/wp-json\/wp\/v2\/pages\/19"}],"wp:attachment":[{"href":"https:\/\/agora.xtec.cat\/ce-elsegre\/wp-json\/wp\/v2\/media?parent=651"}],"curies":[{"name":"wp","href":"https:\/\/api.w.org\/{rel}","templated":true}]}}