{"id":65,"date":"2014-09-18T10:12:22","date_gmt":"2014-09-18T10:12:22","guid":{"rendered":"http:\/\/agora.xtec.cat\/ce-elsegre\/?page_id=65"},"modified":"2023-05-17T10:49:21","modified_gmt":"2023-05-17T08:49:21","slug":"serveis-digitals","status":"publish","type":"page","link":"https:\/\/agora.xtec.cat\/ce-elsegre\/serveis\/serveis-digitals\/","title":{"rendered":"Gust per la lectura"},"content":{"rendered":"<p style=\"text-align: left;\">\u00a0 <img loading=\"lazy\" decoding=\"async\" class=\"alignnone wp-image-2926\" src=\"https:\/\/agora.xtec.cat\/ce-elsegre\/wp-content\/uploads\/usu1573\/2023\/05\/2023_som_finalistes_petit-noulogo.png\" alt=\"\" width=\"208\" height=\"208\" srcset=\"https:\/\/agora.xtec.cat\/ce-elsegre\/wp-content\/uploads\/usu1573\/2023\/05\/2023_som_finalistes_petit-noulogo.png 375w, https:\/\/agora.xtec.cat\/ce-elsegre\/wp-content\/uploads\/usu1573\/2023\/05\/2023_som_finalistes_petit-noulogo-300x300.png 300w, https:\/\/agora.xtec.cat\/ce-elsegre\/wp-content\/uploads\/usu1573\/2023\/05\/2023_som_finalistes_petit-noulogo-150x150.png 150w\" sizes=\"auto, (max-width: 208px) 100vw, 208px\" \/> \u00a0\u00a0\u00a0\u00a0\u00a0 <img loading=\"lazy\" decoding=\"async\" class=\"alignnone wp-image-2184\" src=\"https:\/\/agora.xtec.cat\/ce-elsegre\/wp-content\/uploads\/usu1573\/2021\/06\/2021_som_guanyadors_petit-noulogo.png\" alt=\"\" width=\"215\" height=\"215\" srcset=\"https:\/\/agora.xtec.cat\/ce-elsegre\/wp-content\/uploads\/usu1573\/2021\/06\/2021_som_guanyadors_petit-noulogo.png 375w, https:\/\/agora.xtec.cat\/ce-elsegre\/wp-content\/uploads\/usu1573\/2021\/06\/2021_som_guanyadors_petit-noulogo-150x150.png 150w, https:\/\/agora.xtec.cat\/ce-elsegre\/wp-content\/uploads\/usu1573\/2021\/06\/2021_som_guanyadors_petit-noulogo-300x300.png 300w\" sizes=\"auto, (max-width: 215px) 100vw, 215px\" \/><\/p>\n<p style=\"text-align: left;\">\u00a0\u00a0\u00a0 <img loading=\"lazy\" decoding=\"async\" class=\"alignnone wp-image-1476\" style=\"font-family: inherit; font-size: 1em;\" src=\"http:\/\/agora.xtec.cat\/ce-elsegre\/wp-content\/uploads\/usu1573\/2014\/09\/lectura.png\" alt=\"\" width=\"220\" height=\"220\" srcset=\"https:\/\/agora.xtec.cat\/ce-elsegre\/wp-content\/uploads\/usu1573\/2014\/09\/lectura.png 300w, https:\/\/agora.xtec.cat\/ce-elsegre\/wp-content\/uploads\/usu1573\/2014\/09\/lectura-150x150.png 150w\" sizes=\"auto, (max-width: 220px) 100vw, 220px\" \/>\u00a0 <img loading=\"lazy\" decoding=\"async\" class=\"alignnone wp-image-1160\" src=\"http:\/\/agora.xtec.cat\/ce-elsegre\/wp-content\/uploads\/usu1573\/2018\/04\/segell_1617_somguanyadors.png\" alt=\"\" width=\"229\" height=\"201\" \/><\/p>\n<p><img loading=\"lazy\" decoding=\"async\" class=\"wp-image-1500 alignleft\" src=\"http:\/\/agora.xtec.cat\/ce-elsegre\/wp-content\/uploads\/usu1573\/2014\/09\/segell_1516_somfinalistes.png\" alt=\"\" width=\"241\" height=\"216\" srcset=\"https:\/\/agora.xtec.cat\/ce-elsegre\/wp-content\/uploads\/usu1573\/2014\/09\/segell_1516_somfinalistes.png 310w, https:\/\/agora.xtec.cat\/ce-elsegre\/wp-content\/uploads\/usu1573\/2014\/09\/segell_1516_somfinalistes-300x269.png 300w\" sizes=\"auto, (max-width: 241px) 100vw, 241px\" \/><\/p>\n<p style=\"text-align: justify;\"><span style=\"font-family: inherit; font-size: 1em; text-align: justify;\">Un dels eixos estrat\u00e8gics de la nostra acci\u00f3 educativa \u00e9s mirar de fer visible part del treball del nostre alumnat a la societat en la que hem de reinserir els interns. El programa El Gust per la Lectura t\u00e9 per objectiu la formaci\u00f3 de bons lectors i est\u00e0 proposat pel Departament d&#8217;Ensenyament.<\/span><\/p>\n<p style=\"text-align: justify;\">En aquesta recerca doncs, el curs 2015-2016, v\u00e0rem participar amb alumnes de secund\u00e0ria i formaci\u00f3 d\u2019adults al XXI\u00e8 concurs \u201cEl gust per la lectura\u201d que convoca el Servei d\u2019Immersi\u00f3 i Acolliment Ling\u00fc\u00edstics del Departament d\u2019Ensenyament obtenint el 1r premi en la categoria de GESO d\u2019adults.<\/p>\n<p style=\"text-align: justify;\">El curs 2016-1017 vam comen\u00e7ar a participar tamb\u00e9 en la categoria d&#8217;ESO amb el treball &#8220;Poemes de Cap\u00e7alera&#8221; i vam obtenir un primer premi. Tot seguit us deixem la fotografia de l&#8217;entrega de premis i algunes de les imatges del v\u00eddeo presentat:<\/p>\n<p style=\"text-align: justify;\"><img loading=\"lazy\" decoding=\"async\" class=\"wp-image-917 aligncenter\" src=\"http:\/\/agora.xtec.cat\/ce-elsegre\/wp-content\/uploads\/usu1573\/2014\/09\/recull-premi1.jpg\" alt=\"\" width=\"408\" height=\"306\" srcset=\"https:\/\/agora.xtec.cat\/ce-elsegre\/wp-content\/uploads\/usu1573\/2014\/09\/recull-premi1.jpg 879w, https:\/\/agora.xtec.cat\/ce-elsegre\/wp-content\/uploads\/usu1573\/2014\/09\/recull-premi1-300x225.jpg 300w, https:\/\/agora.xtec.cat\/ce-elsegre\/wp-content\/uploads\/usu1573\/2014\/09\/recull-premi1-768x576.jpg 768w, https:\/\/agora.xtec.cat\/ce-elsegre\/wp-content\/uploads\/usu1573\/2014\/09\/recull-premi1-200x150.jpg 200w\" sizes=\"auto, (max-width: 408px) 100vw, 408px\" \/><\/p>\n<p style=\"text-align: justify;\"><img loading=\"lazy\" decoding=\"async\" class=\"wp-image-1520 aligncenter\" src=\"http:\/\/agora.xtec.cat\/ce-elsegre\/wp-content\/uploads\/usu1573\/2014\/09\/2018-06-22_09.15.17-1024x1024.jpg\" alt=\"\" width=\"717\" height=\"717\" srcset=\"https:\/\/agora.xtec.cat\/ce-elsegre\/wp-content\/uploads\/usu1573\/2014\/09\/2018-06-22_09.15.17-1024x1024.jpg 1024w, https:\/\/agora.xtec.cat\/ce-elsegre\/wp-content\/uploads\/usu1573\/2014\/09\/2018-06-22_09.15.17-150x150.jpg 150w, https:\/\/agora.xtec.cat\/ce-elsegre\/wp-content\/uploads\/usu1573\/2014\/09\/2018-06-22_09.15.17-300x300.jpg 300w, https:\/\/agora.xtec.cat\/ce-elsegre\/wp-content\/uploads\/usu1573\/2014\/09\/2018-06-22_09.15.17-768x768.jpg 768w, https:\/\/agora.xtec.cat\/ce-elsegre\/wp-content\/uploads\/usu1573\/2014\/09\/2018-06-22_09.15.17.jpg 1080w\" sizes=\"auto, (max-width: 717px) 100vw, 717px\" \/><\/p>\n<p style=\"text-align: justify;\">A m\u00e9s tamb\u00e9 vam presentar dos v\u00eddeos m\u00e9s a la categoria GESO. Els dos van ser booktubers i vam obtenir un 1r premi.<\/p>\n<p style=\"text-align: justify;\">El curs 2017-18 hi participem en ambdues categories. En la categoria d&#8217;ESO els treballs presentats s\u00f3n microrelats i porten com a t\u00edtol \u201cMals sentiments\/Bons sentiments\u201d, \u201cLes arrels\u201d i \u201cLa m\u00e0quina de vapor\u201d. En la categoria del GESO d&#8217;adults presentem un booktuber amb el t\u00edtol del llibre \u201cXaval Gras es menja el m\u00f3n\u201d.<strong> I finalment obtenim el primer premi.\u00a0<\/strong><\/p>\n<p>En la seg\u00fcent fotografia podem veure al Sergi, mestre del centre, recollint el premi.<\/p>\n<p><img loading=\"lazy\" decoding=\"async\" class=\"wp-image-1504 alignleft\" src=\"http:\/\/agora.xtec.cat\/ce-elsegre\/wp-content\/uploads\/usu1573\/2014\/09\/1120227.jpg\" alt=\"\" width=\"270\" height=\"406\" srcset=\"https:\/\/agora.xtec.cat\/ce-elsegre\/wp-content\/uploads\/usu1573\/2014\/09\/1120227.jpg 456w, https:\/\/agora.xtec.cat\/ce-elsegre\/wp-content\/uploads\/usu1573\/2014\/09\/1120227-200x300.jpg 200w\" sizes=\"auto, (max-width: 270px) 100vw, 270px\" \/><\/p>\n<p>&nbsp;<\/p>\n<p>&nbsp;<\/p>\n<p>&nbsp;<\/p>\n<p>&nbsp;<\/p>\n<p>&nbsp;<\/p>\n<p>&nbsp;<\/p>\n<p>&nbsp;<\/p>\n<p>&nbsp;<\/p>\n<p>&nbsp;<\/p>\n<p>&nbsp;<\/p>\n<p style=\"text-align: justify;\"><strong>XXVI<\/strong> CONCURS <strong>EL GUST PER LA LECTURA<\/strong><\/p>\n<p style=\"text-align: justify;\">El curs 2020-21 l&#8217;alumnat que cursa l&#8217;ESO ha obtingut un reconeixement per la seva participaci\u00f3 al concurs.<\/p>\n<p style=\"text-align: justify;\">En la categoria E1 un grup d&#8217;alumnes ha obtingut el 1r premi amb el treball <strong>&#8220;EN NOM DE DONA&#8221;<\/strong> i els alumnes que es presentaven a la categoria E2 han obtingut una menci\u00f3 especial pel seu treball <strong>&#8220;SOBREVIURE&#8221;<\/strong>.<\/p>\n<p>Tot seguit us deixem l&#8217;enlla\u00e7 de l&#8217;entrega virtual de premis.<\/p>\n<p><iframe loading=\"lazy\" title=\"&#039;El gust per la lectura&#039; Secundaria i Batxillerat - Gala de lliurament de premis 2021\" width=\"500\" height=\"281\" src=\"https:\/\/www.youtube.com\/embed\/L33aeXCWRRI?feature=oembed\" frameborder=\"0\" allow=\"accelerometer; autoplay; clipboard-write; encrypted-media; gyroscope; picture-in-picture; web-share\" referrerpolicy=\"strict-origin-when-cross-origin\" allowfullscreen><\/iframe><\/p>\n<p style=\"text-align: justify;\">El curs 2022-2023 ens hem presentat al concurs amb el treball <strong>Guerra d&#8217;Igualtats<\/strong> i hem quedat finalistes.<\/p>\n<p style=\"text-align: justify;\">Esperem poder explicar-vos aviat en quina posici\u00f3 hem quedat, ja que el dia 1 de juny hi ha l&#8217;entrega de premis.<\/p>\n<p><img loading=\"lazy\" decoding=\"async\" class=\"alignnone wp-image-2937\" src=\"https:\/\/agora.xtec.cat\/ce-elsegre\/wp-content\/uploads\/usu1573\/2023\/05\/1.jpg\" alt=\"\" width=\"270\" height=\"207\" srcset=\"https:\/\/agora.xtec.cat\/ce-elsegre\/wp-content\/uploads\/usu1573\/2023\/05\/1.jpg 776w, https:\/\/agora.xtec.cat\/ce-elsegre\/wp-content\/uploads\/usu1573\/2023\/05\/1-300x230.jpg 300w, https:\/\/agora.xtec.cat\/ce-elsegre\/wp-content\/uploads\/usu1573\/2023\/05\/1-768x590.jpg 768w\" sizes=\"auto, (max-width: 270px) 100vw, 270px\" \/><\/p>\n","protected":false},"excerpt":{"rendered":"<p>\u00a0  \u00a0\u00a0\u00a0\u00a0\u00a0<br \/>\n\u00a0\u00a0\u00a0 \u00a0 <\/p>\n<p>Un dels eixos estrat\u00e8gics de la nostra acci\u00f3 educativa \u00e9s mirar de fer visible part del treball del nostre alumnat a la societat en la que hem de reinserir els interns. El programa El Gust per la Lectura t\u00e9 per&hellip;  <a href=\"https:\/\/agora.xtec.cat\/ce-elsegre\/serveis\/serveis-digitals\/\" title=\"Read Gust per la lectura\">Llegeix m\u00e9s\u00bb<\/a><\/p>\n","protected":false},"author":1,"featured_media":0,"parent":63,"menu_order":30,"comment_status":"closed","ping_status":"closed","template":"page-templates\/side-menu.php","meta":{"_bbp_topic_count":0,"_bbp_reply_count":0,"_bbp_total_topic_count":0,"_bbp_total_reply_count":0,"_bbp_voice_count":0,"_bbp_anonymous_reply_count":0,"_bbp_topic_count_hidden":0,"_bbp_reply_count_hidden":0,"_bbp_forum_subforum_count":0,"footnotes":""},"class_list":["post-65","page","type-page","status-publish","hentry"],"post_mailing_queue_ids":[],"_links":{"self":[{"href":"https:\/\/agora.xtec.cat\/ce-elsegre\/wp-json\/wp\/v2\/pages\/65","targetHints":{"allow":["GET"]}}],"collection":[{"href":"https:\/\/agora.xtec.cat\/ce-elsegre\/wp-json\/wp\/v2\/pages"}],"about":[{"href":"https:\/\/agora.xtec.cat\/ce-elsegre\/wp-json\/wp\/v2\/types\/page"}],"author":[{"embeddable":true,"href":"https:\/\/agora.xtec.cat\/ce-elsegre\/wp-json\/wp\/v2\/users\/1"}],"replies":[{"embeddable":true,"href":"https:\/\/agora.xtec.cat\/ce-elsegre\/wp-json\/wp\/v2\/comments?post=65"}],"version-history":[{"count":4,"href":"https:\/\/agora.xtec.cat\/ce-elsegre\/wp-json\/wp\/v2\/pages\/65\/revisions"}],"predecessor-version":[{"id":2940,"href":"https:\/\/agora.xtec.cat\/ce-elsegre\/wp-json\/wp\/v2\/pages\/65\/revisions\/2940"}],"up":[{"embeddable":true,"href":"https:\/\/agora.xtec.cat\/ce-elsegre\/wp-json\/wp\/v2\/pages\/63"}],"wp:attachment":[{"href":"https:\/\/agora.xtec.cat\/ce-elsegre\/wp-json\/wp\/v2\/media?parent=65"}],"curies":[{"name":"wp","href":"https:\/\/api.w.org\/{rel}","templated":true}]}}