{"id":609,"date":"2017-02-18T19:05:27","date_gmt":"2017-02-18T18:05:27","guid":{"rendered":"http:\/\/agora.xtec.cat\/ce-elsegre\/?page_id=609"},"modified":"2020-02-20T11:55:51","modified_gmt":"2020-02-20T10:55:51","slug":"pfi","status":"publish","type":"page","link":"https:\/\/agora.xtec.cat\/ce-elsegre\/projecte-educatiu\/pfi\/","title":{"rendered":"Itineraris formatius"},"content":{"rendered":"<p style=\"text-align: justify;\"><strong>Formaci\u00f3 que s\u2019imparteix al centre<\/strong><\/p>\n<p style=\"text-align: justify;\">Un dels objectius de la nostra intervenci\u00f3 formativa \u00e9s poder oferir itineraris formatius adequats al perfil del nostre alumnat i que tinguin possibilitats d\u2019\u00e8xit quan el finalitzin, alhora de poder oferir una acreditaci\u00f3 de la formaci\u00f3 assolida.<\/p>\n<p style=\"text-align: justify;\">Tamb\u00e9 pretenem en cas de no poder assolir l\u2019itinerari formatiu, per m\u00faltiples raons com manca d\u2019implicaci\u00f3, temporalitat, r\u00e8gim &#8230;, poder tenir quelcom de tipus documental que acrediti una formaci\u00f3 rebuda durant l\u2019estada del menor \/ jove al nostre centre.<\/p>\n<p style=\"text-align: justify;\">\uf0d8\u00a0\u00a0\u00a0\u00a0\u00a0\u00a0\u00a0\u00a0\u00a0\u00a0\u00a0<strong>\u00a0 <span style=\"text-decoration: underline;\">Educaci\u00f3 obligat\u00f2ria<\/span><\/strong><\/p>\n<p style=\"text-align: justify;\">ESO 1r, 2n, 3r i 4t fins als 16 anys i podent arribar al 18 anys en repeticions.<\/p>\n<p style=\"text-align: justify;\">El nostre centre t\u00e9 aprovat com a mesura d\u2019atenci\u00f3 a la diversitat un PDC mitjan\u00e7ant Resoluci\u00f3 del Director dels SSTT, aprovat el juny de 2010.<\/p>\n<p style=\"text-align: justify;\">Com a criteri general la superaci\u00f3 de l\u2019ESO amb el nostre PDC ha de permetre la continu\u00eftat formativa, si s\u2019escau, en un CFGM.<\/p>\n<p style=\"text-align: justify;\">\uf0d8\u00a0\u00a0\u00a0\u00a0\u00a0\u00a0\u00a0\u00a0\u00a0\u00a0\u00a0<strong>\u00a0 <span style=\"text-decoration: underline;\">Educaci\u00f3 post-obligat\u00f2ria<\/span><\/strong><\/p>\n<ul style=\"text-align: justify;\">\n<li><strong>PFI \u201cAuxiliar de vivers i jardins\u201d (aprovat el 2012 per al curs 2012-2013)<\/strong><\/li>\n<\/ul>\n<p style=\"text-align: justify;\">De forma ordin\u00e0ria poden matricular-se els alumnes amb 16 anys i m\u00e9s, encara que amb 15 si el motiu est\u00e0 fonamentat es permet la seva matriculaci\u00f3.<\/p>\n<p style=\"text-align: justify;\">Mitjan\u00e7ant l\u2019assoliment d\u2019un PFI (abans PQPI) s\u2019obtenen acreditacions de compet\u00e8ncies professionals de nivell 1.<\/p>\n<p style=\"text-align: justify;\">A m\u00e9s, amb una avaluaci\u00f3 positiva del curs al 2n trimestre, permet que si l\u2019alumne es presenta a la prova d\u2019acc\u00e9s a CFGM, no hagi de fer la prova de tecnologia i Ci\u00e8ncies Naturals i si treu un 4 o m\u00e9s a la PACFGM, se li suma la nota de l\u2019avaluaci\u00f3 extraordin\u00e0ria multiplicada per 0.2.<\/p>\n<p style=\"text-align: justify;\">L\u2019assoliment del PFI est\u00e0 condicionat a la realitzaci\u00f3 de les pr\u00e0ctiques en un Centre de Treball i la seva avaluaci\u00f3 positiva.<\/p>\n<ul style=\"text-align: justify;\">\n<li><strong>Ges 1 i Ges 2<\/strong><\/li>\n<\/ul>\n<p style=\"text-align: justify;\">S\u00f3n ensenyaments que realitzen els CFA orientats a l\u2019obtenci\u00f3 de l\u2019ESO.<\/p>\n<p style=\"text-align: justify;\">Cal ser major de 18 anys o complir-los en l\u2019any natural que cursa els estudis.<\/p>\n<p style=\"text-align: justify;\">Permet una s\u00e8rie de convalidacions, com per exemple qui tingui superat el 3r d\u2019ESO pot matricular-se al GES 2<\/p>\n<p style=\"text-align: justify;\">Els m\u00f2duls s\u2019articulen per trimestres i es superen individualment.<\/p>\n<ul style=\"text-align: justify;\">\n<li><strong>Etapa Instrumental (majors de 18 anys)<\/strong><\/li>\n<\/ul>\n<p style=\"text-align: justify;\">Nivell 1 Alfabetitzaci\u00f3<\/p>\n<p style=\"text-align: justify;\">Nivell 2 Neolectors<\/p>\n<p style=\"text-align: justify;\">Nivell 3 Certificat de formaci\u00f3 instrumental<\/p>\n<ul style=\"text-align: justify;\">\n<li><strong>Lleng\u00fces<\/strong><\/li>\n<\/ul>\n<p style=\"text-align: justify;\">Poden matricular-se a partir de 16 anys, perqu\u00e8 s\u2019ent\u00e9n com a lleng\u00fces d\u2019acollida i relaci\u00f3 social.<\/p>\n<p style=\"text-align: justify;\">Catal\u00e0 Nivell 2 i Nivell 3<\/p>\n<p style=\"text-align: justify;\">Castell\u00e0 Nivell 2 i Nivell 3<\/p>\n<ul style=\"text-align: justify;\">\n<li><strong>Angl\u00e8s (majors de 18 anys)<\/strong><\/li>\n<\/ul>\n<p style=\"text-align: justify;\">Nivell 1<\/p>\n<p style=\"text-align: justify;\">Nivell 2<\/p>\n<ul style=\"text-align: justify;\">\n<li><strong>Preparaci\u00f3 per a l\u2019assoliment de proves lliures<\/strong><\/li>\n<\/ul>\n<p style=\"text-align: justify;\">Per a l\u2019obtenci\u00f3 del GES. Majors de 18 anys<\/p>\n<p style=\"text-align: justify;\">Per a l\u2019acc\u00e9s a CFGM. Tenir 17 anys o complir-los abans de la data de la realitzaci\u00f3 de la prova.<\/p>\n<p style=\"text-align: justify;\">Per a l\u2019obtenci\u00f3 del certificat del cicle de formaci\u00f3 instrumental<\/p>\n<p style=\"text-align: justify;\">Per a l\u2019obtenci\u00f3 de certificats de llengua catalana (B\u00e0sic A2 i B1) que organitza la Direcci\u00f3 General de pol\u00edtica ling\u00fc\u00edstica.<\/p>\n<p>&nbsp;<\/p>\n","protected":false},"excerpt":{"rendered":"<p>Formaci\u00f3 que s\u2019imparteix al centre<br \/>\nUn dels objectius de la nostra intervenci\u00f3 formativa \u00e9s poder oferir itineraris formatius adequats al perfil del nostre alumnat i que tinguin possibilitats d\u2019\u00e8xit quan el finalitzin, alhora de poder oferir una acreditaci\u00f3 de la formaci\u00f3 assolida.<br \/>\nTamb\u00e9 pretenem en cas de&hellip;  <a href=\"https:\/\/agora.xtec.cat\/ce-elsegre\/projecte-educatiu\/pfi\/\" title=\"Read Itineraris formatius\">Llegeix m\u00e9s\u00bb<\/a><\/p>\n","protected":false},"author":1,"featured_media":0,"parent":57,"menu_order":2,"comment_status":"closed","ping_status":"closed","template":"page-templates\/side-menu.php","meta":{"_bbp_topic_count":0,"_bbp_reply_count":0,"_bbp_total_topic_count":0,"_bbp_total_reply_count":0,"_bbp_voice_count":0,"_bbp_anonymous_reply_count":0,"_bbp_topic_count_hidden":0,"_bbp_reply_count_hidden":0,"_bbp_forum_subforum_count":0,"footnotes":""},"class_list":["post-609","page","type-page","status-publish","hentry"],"post_mailing_queue_ids":[],"_links":{"self":[{"href":"https:\/\/agora.xtec.cat\/ce-elsegre\/wp-json\/wp\/v2\/pages\/609","targetHints":{"allow":["GET"]}}],"collection":[{"href":"https:\/\/agora.xtec.cat\/ce-elsegre\/wp-json\/wp\/v2\/pages"}],"about":[{"href":"https:\/\/agora.xtec.cat\/ce-elsegre\/wp-json\/wp\/v2\/types\/page"}],"author":[{"embeddable":true,"href":"https:\/\/agora.xtec.cat\/ce-elsegre\/wp-json\/wp\/v2\/users\/1"}],"replies":[{"embeddable":true,"href":"https:\/\/agora.xtec.cat\/ce-elsegre\/wp-json\/wp\/v2\/comments?post=609"}],"version-history":[{"count":3,"href":"https:\/\/agora.xtec.cat\/ce-elsegre\/wp-json\/wp\/v2\/pages\/609\/revisions"}],"predecessor-version":[{"id":1788,"href":"https:\/\/agora.xtec.cat\/ce-elsegre\/wp-json\/wp\/v2\/pages\/609\/revisions\/1788"}],"up":[{"embeddable":true,"href":"https:\/\/agora.xtec.cat\/ce-elsegre\/wp-json\/wp\/v2\/pages\/57"}],"wp:attachment":[{"href":"https:\/\/agora.xtec.cat\/ce-elsegre\/wp-json\/wp\/v2\/media?parent=609"}],"curies":[{"name":"wp","href":"https:\/\/api.w.org\/{rel}","templated":true}]}}