{"id":583,"date":"2017-02-16T13:13:41","date_gmt":"2017-02-16T12:13:41","guid":{"rendered":"http:\/\/agora.xtec.cat\/ce-elsegre\/?page_id=583"},"modified":"2018-06-24T19:33:27","modified_gmt":"2018-06-24T17:33:27","slug":"cursosedfisica","status":"publish","type":"page","link":"https:\/\/agora.xtec.cat\/ce-elsegre\/projecte-educatiu\/cursosedfisica\/","title":{"rendered":"Cursos d&#8217;educaci\u00f3 f\u00edsica"},"content":{"rendered":"<p style=\"text-align: justify;\">\r\n\t<div class=\"slideshow_container slideshow_container_style-light\" style=\"height: 300px; \" data-slideshow-id=\"971\" data-style-name=\"style-light\" data-style-version=\"2.3.1\" >\r\n\r\n\t\t\t\t\t<div class=\"slideshow_loading_icon\"><\/div>\r\n\t\t\r\n\t\t<div class=\"slideshow_content\" style=\"display: none;\">\r\n\r\n\t\t\t<div class=\"slideshow_view\">\r\n\t\t\t\t<div class=\"slideshow_slide slideshow_slide_image\">\r\n\t\t\t\t\t\t\t\t\t\t\t<img src=\"https:\/\/agora.xtec.cat\/ce-elsegre\/wp-content\/uploads\/usu1573\/2017\/02\/DSC_0064.jpg\" alt=\"DSC_0064\" width=\"576\" height=\"384\" \/>\r\n\t\t\t\t\t\t\t\t\t\t<div class=\"slideshow_description_box slideshow_transparent\">\r\n\t\t\t\t\t\t<div class=\"slideshow_title\">DSC_0064<\/div>\t\t\t\t\t\t\t\t\t\t\t<\/div>\r\n\t\t\t\t<\/div>\r\n\r\n\t\t\t\t\t\t<div style=\"clear: both;\"><\/div><\/div><div class=\"slideshow_view\">\r\n\t\t\t\t<div class=\"slideshow_slide slideshow_slide_image\">\r\n\t\t\t\t\t\t\t\t\t\t\t<img src=\"https:\/\/agora.xtec.cat\/ce-elsegre\/wp-content\/uploads\/usu1573\/2017\/02\/DSC_0066.jpg\" alt=\"DSC_0066\" width=\"576\" height=\"384\" \/>\r\n\t\t\t\t\t\t\t\t\t\t<div class=\"slideshow_description_box slideshow_transparent\">\r\n\t\t\t\t\t\t<div class=\"slideshow_title\">DSC_0066<\/div>\t\t\t\t\t\t\t\t\t\t\t<\/div>\r\n\t\t\t\t<\/div>\r\n\r\n\t\t\t\t\t\t<div style=\"clear: both;\"><\/div><\/div>\r\n\t\t<\/div>\r\n\r\n\t\t<div class=\"slideshow_controlPanel slideshow_transparent\" style=\"display: none;\"><ul><li class=\"slideshow_togglePlay\" data-play-text=\"Visualitza\" data-pause-text=\"Pausa\"><\/li><\/ul><\/div>\r\n\r\n\t\t<div class=\"slideshow_button slideshow_previous slideshow_transparent\" role=\"button\" data-previous-text=\"Anterior\" style=\"display: none;\"><\/div>\r\n\t\t<div class=\"slideshow_button slideshow_next slideshow_transparent\" role=\"button\" data-next-text=\"Seg\u00fcent\" style=\"display: none;\"><\/div>\r\n\r\n\t\t<div class=\"slideshow_pagination\" style=\"display: none;\" data-go-to-text=\"V\u00e9s a la diapositiva\"><div class=\"slideshow_pagination_center\"><\/div><\/div>\r\n\r\n\t\t<!-- WordPress Slideshow Version 2.3.1 -->\r\n\r\n\t\t\t<\/div>\r\n\r\n<\/p>\n<p style=\"text-align: justify;\">Juntament amb el Consell Catal\u00e0 de l\u2019Esport vam iniciar al final del curs 2014-2015 un programa de formaci\u00f3 de cursos d\u2019Educaci\u00f3 F\u00edsica. L\u2019objectiu d\u2019aquests cursos es donar formaci\u00f3 de continguts relacionats amb l\u2019esport i l\u2019educaci\u00f3 f\u00edsica que pugin ser \u00fatils per als alumnes en la seva vida. S\u00f3n cursos que s\u2019imparteixen al centre per\u00f2 els certifica el Consell Catal\u00e0 de l\u2019Esport.<br \/>\nEn cada curs hi poden participar un m\u00e0xim de 6 alumnes, i es seleccionaran aquells que mostrin for\u00e7a inter\u00e8s, tinguin la temporalitat que ho permeti i l\u2019actitud adient.<br \/>\nA dia d\u2019avui s\u2019han realitzat 11 cursos de formaci\u00f3, un cada trimestre amb 1 hora setmanal, s\u00f3n cursos trimestrals amb una duraci\u00f3 entre 20 i 25 hores.<\/p>\n<p><img loading=\"lazy\" decoding=\"async\" class=\"wp-image-799 alignleft\" src=\"http:\/\/agora.xtec.cat\/ce-elsegre\/wp-content\/uploads\/usu1573\/2017\/02\/DSC_0039.jpg\" alt=\"\" width=\"374\" height=\"250\" srcset=\"https:\/\/agora.xtec.cat\/ce-elsegre\/wp-content\/uploads\/usu1573\/2017\/02\/DSC_0039.jpg 576w, https:\/\/agora.xtec.cat\/ce-elsegre\/wp-content\/uploads\/usu1573\/2017\/02\/DSC_0039-300x200.jpg 300w\" sizes=\"auto, (max-width: 374px) 100vw, 374px\" \/><\/p>\n<p style=\"text-align: justify;\">Amb aquesta formaci\u00f3 busquem que tots els alumnes que hi participin pugin disposar d\u2019acreditacions oficials i aix\u00ed poder seguir la seva formaci\u00f3 a l&#8217;exterior com a entrenadors, socorristes o monitors, ja que l\u2019esport pot ser una gran sortida professional per als nostres joves.<br \/>\nEn l\u2019actualitat hi ha un gran inter\u00e8s en poder participar en els cursos que es van realitzant, ja que alguns dels alumnes que ja no estan al centre, segueixen la seva formaci\u00f3 i incl\u00fas treballen en el m\u00f3n de l\u2019esport.<\/p>\n","protected":false},"excerpt":{"rendered":"<p>\t\t\t\t\t\tDSC_0064\t\t\t\t\t\t\t\t\t\t\t<\/p>\n<p>\t\t\t\t\t\tDSC_0066\t\t\t\t\t\t\t\t\t\t\t<\/p>\n<ul>\n<li class=\"slideshow_togglePlay\" data-play-text=\"Visualitza\" data-pause-text=\"Pausa\"><\/li>\n<\/ul>\n<p>Juntament amb el Consell Catal\u00e0 de l\u2019Esport vam iniciar al final del curs 2014-2015 un programa de formaci\u00f3 de cursos d\u2019Educaci\u00f3 F\u00edsica. L\u2019objectiu d\u2019aquests cursos es donar formaci\u00f3 de continguts relacionats amb l\u2019esport i l\u2019educaci\u00f3 f\u00edsica que pugin ser \u00fatils per als&hellip;  <a href=\"https:\/\/agora.xtec.cat\/ce-elsegre\/projecte-educatiu\/cursosedfisica\/\" title=\"Read Cursos d&#8217;educaci\u00f3 f\u00edsica\">Llegeix m\u00e9s\u00bb<\/a><\/p>\n","protected":false},"author":1,"featured_media":0,"parent":57,"menu_order":40,"comment_status":"closed","ping_status":"closed","template":"page-templates\/side-menu.php","meta":{"_bbp_topic_count":0,"_bbp_reply_count":0,"_bbp_total_topic_count":0,"_bbp_total_reply_count":0,"_bbp_voice_count":0,"_bbp_anonymous_reply_count":0,"_bbp_topic_count_hidden":0,"_bbp_reply_count_hidden":0,"_bbp_forum_subforum_count":0,"footnotes":""},"class_list":["post-583","page","type-page","status-publish","hentry"],"post_mailing_queue_ids":[],"_links":{"self":[{"href":"https:\/\/agora.xtec.cat\/ce-elsegre\/wp-json\/wp\/v2\/pages\/583","targetHints":{"allow":["GET"]}}],"collection":[{"href":"https:\/\/agora.xtec.cat\/ce-elsegre\/wp-json\/wp\/v2\/pages"}],"about":[{"href":"https:\/\/agora.xtec.cat\/ce-elsegre\/wp-json\/wp\/v2\/types\/page"}],"author":[{"embeddable":true,"href":"https:\/\/agora.xtec.cat\/ce-elsegre\/wp-json\/wp\/v2\/users\/1"}],"replies":[{"embeddable":true,"href":"https:\/\/agora.xtec.cat\/ce-elsegre\/wp-json\/wp\/v2\/comments?post=583"}],"version-history":[{"count":3,"href":"https:\/\/agora.xtec.cat\/ce-elsegre\/wp-json\/wp\/v2\/pages\/583\/revisions"}],"predecessor-version":[{"id":1030,"href":"https:\/\/agora.xtec.cat\/ce-elsegre\/wp-json\/wp\/v2\/pages\/583\/revisions\/1030"}],"up":[{"embeddable":true,"href":"https:\/\/agora.xtec.cat\/ce-elsegre\/wp-json\/wp\/v2\/pages\/57"}],"wp:attachment":[{"href":"https:\/\/agora.xtec.cat\/ce-elsegre\/wp-json\/wp\/v2\/media?parent=583"}],"curies":[{"name":"wp","href":"https:\/\/api.w.org\/{rel}","templated":true}]}}