{"id":581,"date":"2017-02-16T13:13:08","date_gmt":"2017-02-16T12:13:08","guid":{"rendered":"http:\/\/agora.xtec.cat\/ce-elsegre\/?page_id=581"},"modified":"2018-06-24T19:33:09","modified_gmt":"2018-06-24T17:33:09","slug":"ges-1-i-2","status":"publish","type":"page","link":"https:\/\/agora.xtec.cat\/ce-elsegre\/projecte-educatiu\/ges-1-i-2\/","title":{"rendered":"Formaci\u00f3 professional"},"content":{"rendered":"<p><img loading=\"lazy\" decoding=\"async\" class=\"alignnone wp-image-1108\" src=\"http:\/\/agora.xtec.cat\/ce-elsegre\/wp-content\/uploads\/usu1573\/2017\/02\/Imagen-029-1024x768.jpg\" alt=\"\" width=\"428\" height=\"321\" srcset=\"https:\/\/agora.xtec.cat\/ce-elsegre\/wp-content\/uploads\/usu1573\/2017\/02\/Imagen-029-1024x768.jpg 1024w, https:\/\/agora.xtec.cat\/ce-elsegre\/wp-content\/uploads\/usu1573\/2017\/02\/Imagen-029-300x225.jpg 300w, https:\/\/agora.xtec.cat\/ce-elsegre\/wp-content\/uploads\/usu1573\/2017\/02\/Imagen-029-768x576.jpg 768w, https:\/\/agora.xtec.cat\/ce-elsegre\/wp-content\/uploads\/usu1573\/2017\/02\/Imagen-029-200x150.jpg 200w, https:\/\/agora.xtec.cat\/ce-elsegre\/wp-content\/uploads\/usu1573\/2017\/02\/Imagen-029.jpg 1417w\" sizes=\"auto, (max-width: 428px) 100vw, 428px\" \/>\u00a0 \u00a0\u00a0<img loading=\"lazy\" decoding=\"async\" class=\"alignnone wp-image-1070\" src=\"http:\/\/agora.xtec.cat\/ce-elsegre\/wp-content\/uploads\/usu1573\/2018\/04\/Imagen-026-1024x768.jpg\" alt=\"\" width=\"430\" height=\"323\" srcset=\"https:\/\/agora.xtec.cat\/ce-elsegre\/wp-content\/uploads\/usu1573\/2018\/04\/Imagen-026-1024x768.jpg 1024w, https:\/\/agora.xtec.cat\/ce-elsegre\/wp-content\/uploads\/usu1573\/2018\/04\/Imagen-026-300x225.jpg 300w, https:\/\/agora.xtec.cat\/ce-elsegre\/wp-content\/uploads\/usu1573\/2018\/04\/Imagen-026-768x576.jpg 768w, https:\/\/agora.xtec.cat\/ce-elsegre\/wp-content\/uploads\/usu1573\/2018\/04\/Imagen-026-200x150.jpg 200w, https:\/\/agora.xtec.cat\/ce-elsegre\/wp-content\/uploads\/usu1573\/2018\/04\/Imagen-026.jpg 1600w\" sizes=\"auto, (max-width: 430px) 100vw, 430px\" \/><\/p>\n<p style=\"text-align: justify;\">En aquests espais es realitza:<br \/>\n&#8211; M\u00f2duls de Formaci\u00f3 Professional del PFI \u201cAuxiliar en vivers i jardins\u201d.<br \/>\n&#8211; <strong>Unitats formatives del CFGM combinat \u201cCuina, gastronomia i serveis de restauraci\u00f3\u201d<\/strong> en vinculaci\u00f3 amb l\u2019Institut d\u2019Hoteleria i Turisme.<br \/>\n&#8211; En algun d\u2019aquests espais en funci\u00f3 de l\u2019itinerari formatiu es realitza <strong>l\u2019\u00e0mbit pr\u00e0ctic del Programa de Diversificaci\u00f3 Curricular de l\u2019ESO.<\/strong><\/p>\n<p style=\"text-align: justify;\">\n","protected":false},"excerpt":{"rendered":"<p>\u00a0 \u00a0\u00a0<br \/>\nEn aquests espais es realitza:<br \/>\n&#8211; M\u00f2duls de Formaci\u00f3 Professional del PFI \u201cAuxiliar en vivers i jardins\u201d.<br \/>\n&#8211; Unitats formatives del CFGM combinat \u201cCuina, gastronomia i serveis de restauraci\u00f3\u201d en vinculaci\u00f3 amb l\u2019Institut d\u2019Hoteleria i Turisme.<br \/>\n&#8211; En algun d\u2019aquests espais en funci\u00f3 de l\u2019itinerari formatiu es&hellip;  <a href=\"https:\/\/agora.xtec.cat\/ce-elsegre\/projecte-educatiu\/ges-1-i-2\/\" title=\"Read Formaci\u00f3 professional\">Llegeix m\u00e9s\u00bb<\/a><\/p>\n","protected":false},"author":1,"featured_media":0,"parent":57,"menu_order":30,"comment_status":"closed","ping_status":"closed","template":"page-templates\/side-menu.php","meta":{"_bbp_topic_count":0,"_bbp_reply_count":0,"_bbp_total_topic_count":0,"_bbp_total_reply_count":0,"_bbp_voice_count":0,"_bbp_anonymous_reply_count":0,"_bbp_topic_count_hidden":0,"_bbp_reply_count_hidden":0,"_bbp_forum_subforum_count":0,"footnotes":""},"class_list":["post-581","page","type-page","status-publish","hentry"],"post_mailing_queue_ids":[],"_links":{"self":[{"href":"https:\/\/agora.xtec.cat\/ce-elsegre\/wp-json\/wp\/v2\/pages\/581","targetHints":{"allow":["GET"]}}],"collection":[{"href":"https:\/\/agora.xtec.cat\/ce-elsegre\/wp-json\/wp\/v2\/pages"}],"about":[{"href":"https:\/\/agora.xtec.cat\/ce-elsegre\/wp-json\/wp\/v2\/types\/page"}],"author":[{"embeddable":true,"href":"https:\/\/agora.xtec.cat\/ce-elsegre\/wp-json\/wp\/v2\/users\/1"}],"replies":[{"embeddable":true,"href":"https:\/\/agora.xtec.cat\/ce-elsegre\/wp-json\/wp\/v2\/comments?post=581"}],"version-history":[{"count":3,"href":"https:\/\/agora.xtec.cat\/ce-elsegre\/wp-json\/wp\/v2\/pages\/581\/revisions"}],"predecessor-version":[{"id":1466,"href":"https:\/\/agora.xtec.cat\/ce-elsegre\/wp-json\/wp\/v2\/pages\/581\/revisions\/1466"}],"up":[{"embeddable":true,"href":"https:\/\/agora.xtec.cat\/ce-elsegre\/wp-json\/wp\/v2\/pages\/57"}],"wp:attachment":[{"href":"https:\/\/agora.xtec.cat\/ce-elsegre\/wp-json\/wp\/v2\/media?parent=581"}],"curies":[{"name":"wp","href":"https:\/\/api.w.org\/{rel}","templated":true}]}}