{"id":577,"date":"2017-02-16T13:11:53","date_gmt":"2017-02-16T12:11:53","guid":{"rendered":"http:\/\/agora.xtec.cat\/ce-elsegre\/?page_id=577"},"modified":"2018-06-24T19:32:50","modified_gmt":"2018-06-24T17:32:50","slug":"eso","status":"publish","type":"page","link":"https:\/\/agora.xtec.cat\/ce-elsegre\/projecte-educatiu\/eso\/","title":{"rendered":"Proves lliures"},"content":{"rendered":"<p style=\"text-align: justify;\"><strong>Certificat de nivell b\u00e0sic i elemental de catal\u00e0<\/strong><\/p>\n<p style=\"text-align: justify;\">Un aspecte significatiu a partir del curs 2014-2015 i fins ara, ha estat la continu\u00eftat que hem donat al coneixement i \u00fas de la <strong>llengua catalana<\/strong>. Mitjan\u00e7ant la preparaci\u00f3 per a les proves que organitza la Direcci\u00f3 General de Pol\u00edtica Ling\u00fc\u00edstica, on cada any preparem els joves per a l\u2019obtenci\u00f3 del <strong>nivell B\u00e0sic A II i el B1. <\/strong><\/p>\n<p style=\"text-align: justify;\">La presentaci\u00f3 dels joves del nostre Centre a aquestes proves ha estat m\u00e9s, un mitj\u00e0 per donar un nou impuls al catal\u00e0 que un fi en si mateix. No hem valorat tant les possibilitats de superar aquesta prova, com la voluntat per implicar-se en un major coneixement i utilitzaci\u00f3 d\u2019aquesta llengua, signant un acord formatiu on manifesten aquesta voluntat i comprom\u00eds. Amb tot s\u2019ha aconseguit un increment de l\u2019\u00fas del catal\u00e0, aix\u00ed com una major normalitat i acceptaci\u00f3 de la llengua pr\u00f2pia. A m\u00e9s a m\u00e9s, podem afirmar que cada cop s\u00f3n m\u00e9s els joves que es presenten a les proves a la seva zona, un cop s&#8217;han desinternat i de moment el resultat \u00e9s molt satisfactori.<\/p>\n<p style=\"text-align: justify;\"><img loading=\"lazy\" decoding=\"async\" class=\"wp-image-822 aligncenter\" src=\"http:\/\/agora.xtec.cat\/ce-elsegre\/wp-content\/uploads\/usu1573\/2017\/02\/1-1.jpg\" alt=\"\" width=\"335\" height=\"223\" srcset=\"https:\/\/agora.xtec.cat\/ce-elsegre\/wp-content\/uploads\/usu1573\/2017\/02\/1-1.jpg 576w, https:\/\/agora.xtec.cat\/ce-elsegre\/wp-content\/uploads\/usu1573\/2017\/02\/1-1-300x200.jpg 300w\" sizes=\"auto, (max-width: 335px) 100vw, 335px\" \/><\/p>\n<p style=\"text-align: justify;\"><strong>CFI (Certificat de Formaci\u00f3 Instrumental)<\/strong><\/p>\n<p style=\"text-align: justify;\">El Departament d&#8217;Ensenyament convoca aquesta prova amb l\u2019objectiu \u00a0que l&#8217;aspirant demostri que ha assolit els objectius generals i els continguts del curr\u00edculum del cicle de formaci\u00f3 instrumental.<\/p>\n<p style=\"text-align: justify;\">El nostre centre de refer\u00e8ncia per a la formaci\u00f3 d\u2019adults \u00e9s el CFA Joan Carles I de Lleida. Un responsable del centre de formaci\u00f3 d\u2019adults \u00e9s l\u2019encarregat de passar les proves al nostre centre.<\/p>\n<p style=\"text-align: justify;\">Per poder fer la proves cal tenir com a m\u00ednim 18 anys el dia de l&#8217;examen. Les proves s\u00f3n de car\u00e0cter global, amb continguts de les diverses \u00e0rees del curr\u00edculum del cicle de formaci\u00f3 instrumental de la formaci\u00f3 b\u00e0sica per a les persones adultes.<\/p>\n<p style=\"text-align: justify;\"><img loading=\"lazy\" decoding=\"async\" class=\"wp-image-823 aligncenter\" src=\"http:\/\/agora.xtec.cat\/ce-elsegre\/wp-content\/uploads\/usu1573\/2017\/02\/2.jpg\" alt=\"\" width=\"345\" height=\"230\" srcset=\"https:\/\/agora.xtec.cat\/ce-elsegre\/wp-content\/uploads\/usu1573\/2017\/02\/2.jpg 576w, https:\/\/agora.xtec.cat\/ce-elsegre\/wp-content\/uploads\/usu1573\/2017\/02\/2-300x200.jpg 300w\" sizes=\"auto, (max-width: 345px) 100vw, 345px\" \/><\/p>\n<p style=\"text-align: justify;\"><strong>Proves d\u2019acc\u00e9s a CFGM (Cicle Formatiu de Grau Mitj\u00e0)<\/strong><strong>\u00a0<\/strong><\/p>\n<p style=\"text-align: justify;\">L&#8217;objectiu de la prova d&#8217;acc\u00e9s a cicles formatius de grau mitj\u00e0 \u00e9s que l&#8217;aspirant demostri que posseeix les capacitats, els coneixements i les habilitats, aix\u00ed com el domini suficient de les lleng\u00fces oficials per cursar amb aprofitament els ensenyaments pels quals opti.<\/p>\n<p style=\"text-align: justify;\">Les proves es realitzen al mateix centre, en el mateix dia i amb les mateixes condicions que ho fan als instituts destinats per aquesta tasca.<\/p>\n<p style=\"text-align: center;\">Per inscriure&#8217;s a la prova cal tenir\u00a017 anys\u00a0o m\u00e9s (o complir-los l&#8217;any de la prova). No poden inscriure&#8217;s les persones que tenen la titulaci\u00f3 acad\u00e8mica o els ensenyaments que permeten l&#8217;acc\u00e9s directe als cicles formatius de grau mitj\u00e0\u00a0(ESO o equivalent, el curs espec\u00edfic d&#8217;acc\u00e9s,\u00a0formaci\u00f3 professional b\u00e0sica o un PFI).<\/p>\n<p style=\"text-align: justify;\">\r\n\t<div class=\"slideshow_container slideshow_container_style-light\" style=\"height: 300px; \" data-slideshow-id=\"968\" data-style-name=\"style-light\" data-style-version=\"2.3.1\" >\r\n\r\n\t\t\t\t\t<div class=\"slideshow_loading_icon\"><\/div>\r\n\t\t\r\n\t\t<div class=\"slideshow_content\" style=\"display: none;\">\r\n\r\n\t\t\t<div class=\"slideshow_view\">\r\n\t\t\t\t<div class=\"slideshow_slide slideshow_slide_image\">\r\n\t\t\t\t\t\t\t\t\t\t\t<img src=\"https:\/\/agora.xtec.cat\/ce-elsegre\/wp-content\/uploads\/usu1573\/2017\/02\/3.jpg\" alt=\"3\" width=\"523\" height=\"349\" \/>\r\n\t\t\t\t\t\t\t\t\t\t<div class=\"slideshow_description_box slideshow_transparent\">\r\n\t\t\t\t\t\t<div class=\"slideshow_title\">3<\/div>\t\t\t\t\t\t\t\t\t\t\t<\/div>\r\n\t\t\t\t<\/div>\r\n\r\n\t\t\t\t\t\t<div style=\"clear: both;\"><\/div><\/div><div class=\"slideshow_view\">\r\n\t\t\t\t<div class=\"slideshow_slide slideshow_slide_image\">\r\n\t\t\t\t\t\t\t\t\t\t\t<img src=\"https:\/\/agora.xtec.cat\/ce-elsegre\/wp-content\/uploads\/usu1573\/2017\/02\/4.jpg\" alt=\"4\" width=\"576\" height=\"384\" \/>\r\n\t\t\t\t\t\t\t\t\t\t<div class=\"slideshow_description_box slideshow_transparent\">\r\n\t\t\t\t\t\t<div class=\"slideshow_title\">4<\/div>\t\t\t\t\t\t\t\t\t\t\t<\/div>\r\n\t\t\t\t<\/div>\r\n\r\n\t\t\t\t\t\t<div style=\"clear: both;\"><\/div><\/div>\r\n\t\t<\/div>\r\n\r\n\t\t<div class=\"slideshow_controlPanel slideshow_transparent\" style=\"display: none;\"><ul><li class=\"slideshow_togglePlay\" data-play-text=\"Visualitza\" data-pause-text=\"Pausa\"><\/li><\/ul><\/div>\r\n\r\n\t\t<div class=\"slideshow_button slideshow_previous slideshow_transparent\" role=\"button\" data-previous-text=\"Anterior\" style=\"display: none;\"><\/div>\r\n\t\t<div class=\"slideshow_button slideshow_next slideshow_transparent\" role=\"button\" data-next-text=\"Seg\u00fcent\" style=\"display: none;\"><\/div>\r\n\r\n\t\t<div class=\"slideshow_pagination\" style=\"display: none;\" data-go-to-text=\"V\u00e9s a la diapositiva\"><div class=\"slideshow_pagination_center\"><\/div><\/div>\r\n\r\n\t\t<!-- WordPress Slideshow Version 2.3.1 -->\r\n\r\n\t\t\t<\/div>\r\n\r\n<\/p>\n<p style=\"text-align: justify;\"><strong>Graduat en educaci\u00f3 secund\u00e0ria per adults (GESO)<br \/>\n<\/strong><\/p>\n<p style=\"text-align: justify;\">Aquests estudis permeten completar els ensenyaments b\u00e0sics i obtenir el t\u00edtol de graduat en educaci\u00f3 secund\u00e0ria obligat\u00f2ria (GESO).<\/p>\n<p style=\"text-align: justify;\">Per accedir a l&#8217;educaci\u00f3 d&#8217;adults cal tenir 18 anys, o b\u00e9 complir-os durant l&#8217;any natural en qu\u00e8 s&#8217;inicia la formaci\u00f3.<\/p>\n<p style=\"text-align: justify;\">La durada d&#8217;aquests estudis \u00e9s de 1190 hores. Els m\u00f2duls estan relacionats amb l&#8217;\u00e0mbit de la comunicaci\u00f3, el cientificot\u00e8cnic i el social.<\/p>\n","protected":false},"excerpt":{"rendered":"<p>Certificat de nivell b\u00e0sic i elemental de catal\u00e0<br \/>\nUn aspecte significatiu a partir del curs 2014-2015 i fins ara, ha estat la continu\u00eftat que hem donat al coneixement i \u00fas de la llengua catalana. Mitjan\u00e7ant la preparaci\u00f3 per a les proves que organitza la Direcci\u00f3 General&hellip;  <a href=\"https:\/\/agora.xtec.cat\/ce-elsegre\/projecte-educatiu\/eso\/\" title=\"Read Proves lliures\">Llegeix m\u00e9s\u00bb<\/a><\/p>\n","protected":false},"author":1,"featured_media":0,"parent":57,"menu_order":4,"comment_status":"closed","ping_status":"closed","template":"page-templates\/side-menu.php","meta":{"_bbp_topic_count":0,"_bbp_reply_count":0,"_bbp_total_topic_count":0,"_bbp_total_reply_count":0,"_bbp_voice_count":0,"_bbp_anonymous_reply_count":0,"_bbp_topic_count_hidden":0,"_bbp_reply_count_hidden":0,"_bbp_forum_subforum_count":0,"footnotes":""},"class_list":["post-577","page","type-page","status-publish","hentry"],"post_mailing_queue_ids":[],"_links":{"self":[{"href":"https:\/\/agora.xtec.cat\/ce-elsegre\/wp-json\/wp\/v2\/pages\/577","targetHints":{"allow":["GET"]}}],"collection":[{"href":"https:\/\/agora.xtec.cat\/ce-elsegre\/wp-json\/wp\/v2\/pages"}],"about":[{"href":"https:\/\/agora.xtec.cat\/ce-elsegre\/wp-json\/wp\/v2\/types\/page"}],"author":[{"embeddable":true,"href":"https:\/\/agora.xtec.cat\/ce-elsegre\/wp-json\/wp\/v2\/users\/1"}],"replies":[{"embeddable":true,"href":"https:\/\/agora.xtec.cat\/ce-elsegre\/wp-json\/wp\/v2\/comments?post=577"}],"version-history":[{"count":3,"href":"https:\/\/agora.xtec.cat\/ce-elsegre\/wp-json\/wp\/v2\/pages\/577\/revisions"}],"predecessor-version":[{"id":1133,"href":"https:\/\/agora.xtec.cat\/ce-elsegre\/wp-json\/wp\/v2\/pages\/577\/revisions\/1133"}],"up":[{"embeddable":true,"href":"https:\/\/agora.xtec.cat\/ce-elsegre\/wp-json\/wp\/v2\/pages\/57"}],"wp:attachment":[{"href":"https:\/\/agora.xtec.cat\/ce-elsegre\/wp-json\/wp\/v2\/media?parent=577"}],"curies":[{"name":"wp","href":"https:\/\/api.w.org\/{rel}","templated":true}]}}