{"id":560,"date":"2017-02-16T12:42:46","date_gmt":"2017-02-16T11:42:46","guid":{"rendered":"http:\/\/agora.xtec.cat\/ce-elsegre\/?page_id=560"},"modified":"2018-06-24T19:15:16","modified_gmt":"2018-06-24T17:15:16","slug":"institut-guttmann","status":"publish","type":"page","link":"https:\/\/agora.xtec.cat\/ce-elsegre\/col%c2%b7laboracions-externes\/institut-guttmann\/","title":{"rendered":"Institut Guttmann"},"content":{"rendered":"<p><img loading=\"lazy\" decoding=\"async\" class=\"alignnone wp-image-882\" src=\"http:\/\/agora.xtec.cat\/ce-elsegre\/wp-content\/uploads\/usu1573\/2018\/03\/Institut-Guttmann.jpg\" alt=\"\" width=\"253\" height=\"132\" srcset=\"https:\/\/agora.xtec.cat\/ce-elsegre\/wp-content\/uploads\/usu1573\/2018\/03\/Institut-Guttmann.jpg 700w, https:\/\/agora.xtec.cat\/ce-elsegre\/wp-content\/uploads\/usu1573\/2018\/03\/Institut-Guttmann-300x157.jpg 300w\" sizes=\"auto, (max-width: 253px) 100vw, 253px\" \/><\/p>\n<p style=\"text-align: justify;\">Des de fa uns anys, el Centre Educatiu El Segre, mant\u00e9 una col\u00b7laboraci\u00f3 amb l\u2019Institut Guttmann. Cada curs, un voluntari de l\u2019entitat ve al centre a fer una xerrada als joves. L\u2019objectiu principal \u00e9s conscienciar-los de la import\u00e0ncia que t\u00e9 una conducci\u00f3 conscient, la responsabilitat que suposa la conducci\u00f3 de qualsevol mitj\u00e0 de transport i fer-ho de manera responsable, lliure d\u2019agents o efectes que poden alterar l\u2019activitat i en ocasions, greus conseq\u00fc\u00e8ncies tant a ells mateixos com a terceres persones.<\/p>\n<p>&nbsp;<\/p>\n","protected":false},"excerpt":{"rendered":"<p>Des de fa uns anys, el Centre Educatiu El Segre, mant\u00e9 una col\u00b7laboraci\u00f3 amb l\u2019Institut Guttmann. Cada curs, un voluntari de l\u2019entitat ve al centre a fer una xerrada als joves. L\u2019objectiu principal \u00e9s conscienciar-los de la import\u00e0ncia que t\u00e9 una conducci\u00f3 conscient, la responsabilitat&hellip;  <a href=\"https:\/\/agora.xtec.cat\/ce-elsegre\/col%c2%b7laboracions-externes\/institut-guttmann\/\" title=\"Read Institut Guttmann\">Llegeix m\u00e9s\u00bb<\/a><\/p>\n","protected":false},"author":1,"featured_media":0,"parent":558,"menu_order":4,"comment_status":"closed","ping_status":"closed","template":"page-templates\/side-menu.php","meta":{"_bbp_topic_count":0,"_bbp_reply_count":0,"_bbp_total_topic_count":0,"_bbp_total_reply_count":0,"_bbp_voice_count":0,"_bbp_anonymous_reply_count":0,"_bbp_topic_count_hidden":0,"_bbp_reply_count_hidden":0,"_bbp_forum_subforum_count":0,"footnotes":""},"class_list":["post-560","page","type-page","status-publish","hentry"],"post_mailing_queue_ids":[],"_links":{"self":[{"href":"https:\/\/agora.xtec.cat\/ce-elsegre\/wp-json\/wp\/v2\/pages\/560","targetHints":{"allow":["GET"]}}],"collection":[{"href":"https:\/\/agora.xtec.cat\/ce-elsegre\/wp-json\/wp\/v2\/pages"}],"about":[{"href":"https:\/\/agora.xtec.cat\/ce-elsegre\/wp-json\/wp\/v2\/types\/page"}],"author":[{"embeddable":true,"href":"https:\/\/agora.xtec.cat\/ce-elsegre\/wp-json\/wp\/v2\/users\/1"}],"replies":[{"embeddable":true,"href":"https:\/\/agora.xtec.cat\/ce-elsegre\/wp-json\/wp\/v2\/comments?post=560"}],"version-history":[{"count":3,"href":"https:\/\/agora.xtec.cat\/ce-elsegre\/wp-json\/wp\/v2\/pages\/560\/revisions"}],"predecessor-version":[{"id":1272,"href":"https:\/\/agora.xtec.cat\/ce-elsegre\/wp-json\/wp\/v2\/pages\/560\/revisions\/1272"}],"up":[{"embeddable":true,"href":"https:\/\/agora.xtec.cat\/ce-elsegre\/wp-json\/wp\/v2\/pages\/558"}],"wp:attachment":[{"href":"https:\/\/agora.xtec.cat\/ce-elsegre\/wp-json\/wp\/v2\/media?parent=560"}],"curies":[{"name":"wp","href":"https:\/\/api.w.org\/{rel}","templated":true}]}}