{"id":553,"date":"2017-02-16T12:35:02","date_gmt":"2017-02-16T11:35:02","guid":{"rendered":"http:\/\/agora.xtec.cat\/ce-elsegre\/?page_id=553"},"modified":"2024-06-09T20:01:54","modified_gmt":"2024-06-09T18:01:54","slug":"sant-jordi","status":"publish","type":"page","link":"https:\/\/agora.xtec.cat\/ce-elsegre\/projectes-curriculars-complementaris\/sant-jordi\/","title":{"rendered":"Sant Jordi"},"content":{"rendered":"<blockquote class=\"wp-embedded-content\" data-secret=\"SEPRkfIc59\"><p><a href=\"https:\/\/agora.xtec.cat\/ce-elsegre\/portada\/celebrem-sant-jordi\/\">Celebrem Sant Jordi.<\/a><\/p><\/blockquote>\n<p><iframe loading=\"lazy\" class=\"wp-embedded-content\" sandbox=\"allow-scripts\" security=\"restricted\" style=\"position: absolute; clip: rect(1px, 1px, 1px, 1px);\" title=\"&#8220;Celebrem Sant Jordi.&#8221; &#8212; Centre Educatiu El Segre\" src=\"https:\/\/agora.xtec.cat\/ce-elsegre\/portada\/celebrem-sant-jordi\/embed\/#?secret=qaOx4KBBjQ#?secret=SEPRkfIc59\" data-secret=\"SEPRkfIc59\" width=\"500\" height=\"282\" frameborder=\"0\" marginwidth=\"0\" marginheight=\"0\" scrolling=\"no\"><\/iframe><\/p>\n<p style=\"text-align: justify;\">Un any m\u00e9s el 2023, el Centre Educatiu El Segre, articula una part del curr\u00edculum, concretament la <strong>compet\u00e8ncia en consci\u00e8ncia i expressi\u00f3 culturals, <\/strong>que implica comprendre i respectar la forma en qu\u00e8 les idees i el significat s&#8217;expressen de forma creativa i es comuniquen en les diferents cultures.<\/p>\n<p style=\"text-align: justify;\">En aquest cas la cultura catalana, <span style=\"font-family: inherit; font-size: 1em; text-align: justify;\">fent refer\u00e8ncia a les festes populars i tradicionals, aquest cop, al voltant de la diada de Sant Jordi.<\/span><\/p>\n<p style=\"text-align: justify;\">Amb roba vella reciclada i papers, tant de diaris com de diferents textures, els alumnes han realitat un collage en uns dibuixos gegants del conte (cavaller, princesa, drac i la rosa).<\/p>\n<p style=\"text-align: justify;\">En l&#8217;\u00e0mbit socioling\u00fc\u00edstic s\u2019ha confeccionat una auca de Sant Jordi amb els seus dibuixos i respectius rodolins, elaborats pels menors i joves i un diccionari visual de gran format amb imatges i el seu significat en catal\u00e0, castell\u00e0 i angl\u00e8s.<\/p>\n<p>I com no pot ser d&#8217;altra manera, l&#8217;alumnat ha realitzat roses amb feltre per a poder-les repartir a totes les persones que treballen al centre educatiu.<\/p>\n<p style=\"text-align: justify;\">I tot seguit us deixem amb unes fotos. Esperem que us agradin.<\/p>\n<p><img loading=\"lazy\" decoding=\"async\" class=\"alignnone wp-image-2826\" src=\"https:\/\/agora.xtec.cat\/ce-elsegre\/wp-content\/uploads\/usu1573\/2023\/04\/IMG20230413142445.jpg\" alt=\"\" width=\"194\" height=\"259\" srcset=\"https:\/\/agora.xtec.cat\/ce-elsegre\/wp-content\/uploads\/usu1573\/2023\/04\/IMG20230413142445.jpg 750w, https:\/\/agora.xtec.cat\/ce-elsegre\/wp-content\/uploads\/usu1573\/2023\/04\/IMG20230413142445-225x300.jpg 225w\" sizes=\"auto, (max-width: 194px) 100vw, 194px\" \/>\u00a0 <img loading=\"lazy\" decoding=\"async\" class=\"alignnone wp-image-2827\" src=\"https:\/\/agora.xtec.cat\/ce-elsegre\/wp-content\/uploads\/usu1573\/2023\/04\/IMG20230413142514.jpg\" alt=\"\" width=\"193\" height=\"257\" srcset=\"https:\/\/agora.xtec.cat\/ce-elsegre\/wp-content\/uploads\/usu1573\/2023\/04\/IMG20230413142514.jpg 750w, https:\/\/agora.xtec.cat\/ce-elsegre\/wp-content\/uploads\/usu1573\/2023\/04\/IMG20230413142514-225x300.jpg 225w\" sizes=\"auto, (max-width: 193px) 100vw, 193px\" \/>\u00a0<img loading=\"lazy\" decoding=\"async\" class=\"alignnone wp-image-2828\" src=\"https:\/\/agora.xtec.cat\/ce-elsegre\/wp-content\/uploads\/usu1573\/2023\/04\/IMG20230413142528.jpg\" alt=\"\" width=\"192\" height=\"256\" srcset=\"https:\/\/agora.xtec.cat\/ce-elsegre\/wp-content\/uploads\/usu1573\/2023\/04\/IMG20230413142528.jpg 750w, https:\/\/agora.xtec.cat\/ce-elsegre\/wp-content\/uploads\/usu1573\/2023\/04\/IMG20230413142528-225x300.jpg 225w\" sizes=\"auto, (max-width: 192px) 100vw, 192px\" \/><\/p>\n<p><img loading=\"lazy\" decoding=\"async\" class=\"alignnone wp-image-2833\" src=\"https:\/\/agora.xtec.cat\/ce-elsegre\/wp-content\/uploads\/usu1573\/2023\/04\/IMG20230413161530.jpg\" alt=\"\" width=\"228\" height=\"304\" srcset=\"https:\/\/agora.xtec.cat\/ce-elsegre\/wp-content\/uploads\/usu1573\/2023\/04\/IMG20230413161530.jpg 375w, https:\/\/agora.xtec.cat\/ce-elsegre\/wp-content\/uploads\/usu1573\/2023\/04\/IMG20230413161530-225x300.jpg 225w\" sizes=\"auto, (max-width: 228px) 100vw, 228px\" \/>\u00a0 \u00a0 <img loading=\"lazy\" decoding=\"async\" class=\"alignnone wp-image-2839\" src=\"https:\/\/agora.xtec.cat\/ce-elsegre\/wp-content\/uploads\/usu1573\/2023\/04\/IMG20230420090956-768x1024.jpg\" alt=\"\" width=\"223\" height=\"298\" srcset=\"https:\/\/agora.xtec.cat\/ce-elsegre\/wp-content\/uploads\/usu1573\/2023\/04\/IMG20230420090956-768x1024.jpg 768w, https:\/\/agora.xtec.cat\/ce-elsegre\/wp-content\/uploads\/usu1573\/2023\/04\/IMG20230420090956-225x300.jpg 225w, https:\/\/agora.xtec.cat\/ce-elsegre\/wp-content\/uploads\/usu1573\/2023\/04\/IMG20230420090956-1152x1536.jpg 1152w, https:\/\/agora.xtec.cat\/ce-elsegre\/wp-content\/uploads\/usu1573\/2023\/04\/IMG20230420090956-rotated.jpg 1500w\" sizes=\"auto, (max-width: 223px) 100vw, 223px\" \/><\/p>\n<p><img loading=\"lazy\" decoding=\"async\" class=\"wp-image-2830 alignleft\" src=\"https:\/\/agora.xtec.cat\/ce-elsegre\/wp-content\/uploads\/usu1573\/2023\/04\/IMG20230413142537-1.jpg\" alt=\"\" width=\"305\" height=\"158\" srcset=\"https:\/\/agora.xtec.cat\/ce-elsegre\/wp-content\/uploads\/usu1573\/2023\/04\/IMG20230413142537-1.jpg 975w, https:\/\/agora.xtec.cat\/ce-elsegre\/wp-content\/uploads\/usu1573\/2023\/04\/IMG20230413142537-1-300x156.jpg 300w, https:\/\/agora.xtec.cat\/ce-elsegre\/wp-content\/uploads\/usu1573\/2023\/04\/IMG20230413142537-1-768x399.jpg 768w\" sizes=\"auto, (max-width: 305px) 100vw, 305px\" \/><img loading=\"lazy\" decoding=\"async\" class=\"alignnone wp-image-2840\" src=\"https:\/\/agora.xtec.cat\/ce-elsegre\/wp-content\/uploads\/usu1573\/2023\/04\/IMG20230420091031-1024x768.jpg\" alt=\"\" width=\"245\" height=\"184\" srcset=\"https:\/\/agora.xtec.cat\/ce-elsegre\/wp-content\/uploads\/usu1573\/2023\/04\/IMG20230420091031-1024x768.jpg 1024w, https:\/\/agora.xtec.cat\/ce-elsegre\/wp-content\/uploads\/usu1573\/2023\/04\/IMG20230420091031-300x225.jpg 300w, https:\/\/agora.xtec.cat\/ce-elsegre\/wp-content\/uploads\/usu1573\/2023\/04\/IMG20230420091031-768x576.jpg 768w, https:\/\/agora.xtec.cat\/ce-elsegre\/wp-content\/uploads\/usu1573\/2023\/04\/IMG20230420091031-1536x1152.jpg 1536w, https:\/\/agora.xtec.cat\/ce-elsegre\/wp-content\/uploads\/usu1573\/2023\/04\/IMG20230420091031-200x150.jpg 200w, https:\/\/agora.xtec.cat\/ce-elsegre\/wp-content\/uploads\/usu1573\/2023\/04\/IMG20230420091031.jpg 2000w\" sizes=\"auto, (max-width: 245px) 100vw, 245px\" \/><\/p>\n<p><img loading=\"lazy\" decoding=\"async\" class=\"wp-image-2832 alignleft\" src=\"https:\/\/agora.xtec.cat\/ce-elsegre\/wp-content\/uploads\/usu1573\/2023\/04\/IMG20230413150145.jpg\" alt=\"\" width=\"288\" height=\"400\" srcset=\"https:\/\/agora.xtec.cat\/ce-elsegre\/wp-content\/uploads\/usu1573\/2023\/04\/IMG20230413150145.jpg 652w, https:\/\/agora.xtec.cat\/ce-elsegre\/wp-content\/uploads\/usu1573\/2023\/04\/IMG20230413150145-216x300.jpg 216w\" sizes=\"auto, (max-width: 288px) 100vw, 288px\" \/><\/p>\n","protected":false},"excerpt":{"rendered":"<p><a href=\"https:\/\/agora.xtec.cat\/ce-elsegre\/portada\/celebrem-sant-jordi\/\">Celebrem Sant Jordi.<\/a><\/p>\n<p>Un any m\u00e9s el 2023, el Centre Educatiu El Segre, articula una part del curr\u00edculum, concretament la compet\u00e8ncia en consci\u00e8ncia i expressi\u00f3 culturals, que implica comprendre i respectar la forma en qu\u00e8 les idees i el significat s&#8217;expressen de forma creativa i&hellip;  <a href=\"https:\/\/agora.xtec.cat\/ce-elsegre\/projectes-curriculars-complementaris\/sant-jordi\/\" title=\"Read Sant Jordi\">Llegeix m\u00e9s\u00bb<\/a><\/p>\n","protected":false},"author":1,"featured_media":0,"parent":689,"menu_order":40,"comment_status":"closed","ping_status":"closed","template":"page-templates\/side-menu.php","meta":{"_bbp_topic_count":0,"_bbp_reply_count":0,"_bbp_total_topic_count":0,"_bbp_total_reply_count":0,"_bbp_voice_count":0,"_bbp_anonymous_reply_count":0,"_bbp_topic_count_hidden":0,"_bbp_reply_count_hidden":0,"_bbp_forum_subforum_count":0,"footnotes":""},"class_list":["post-553","page","type-page","status-publish","hentry"],"post_mailing_queue_ids":[],"_links":{"self":[{"href":"https:\/\/agora.xtec.cat\/ce-elsegre\/wp-json\/wp\/v2\/pages\/553","targetHints":{"allow":["GET"]}}],"collection":[{"href":"https:\/\/agora.xtec.cat\/ce-elsegre\/wp-json\/wp\/v2\/pages"}],"about":[{"href":"https:\/\/agora.xtec.cat\/ce-elsegre\/wp-json\/wp\/v2\/types\/page"}],"author":[{"embeddable":true,"href":"https:\/\/agora.xtec.cat\/ce-elsegre\/wp-json\/wp\/v2\/users\/1"}],"replies":[{"embeddable":true,"href":"https:\/\/agora.xtec.cat\/ce-elsegre\/wp-json\/wp\/v2\/comments?post=553"}],"version-history":[{"count":6,"href":"https:\/\/agora.xtec.cat\/ce-elsegre\/wp-json\/wp\/v2\/pages\/553\/revisions"}],"predecessor-version":[{"id":3389,"href":"https:\/\/agora.xtec.cat\/ce-elsegre\/wp-json\/wp\/v2\/pages\/553\/revisions\/3389"}],"up":[{"embeddable":true,"href":"https:\/\/agora.xtec.cat\/ce-elsegre\/wp-json\/wp\/v2\/pages\/689"}],"wp:attachment":[{"href":"https:\/\/agora.xtec.cat\/ce-elsegre\/wp-json\/wp\/v2\/media?parent=553"}],"curies":[{"name":"wp","href":"https:\/\/api.w.org\/{rel}","templated":true}]}}