{"id":46,"date":"2014-09-17T16:53:45","date_gmt":"2014-09-17T16:53:45","guid":{"rendered":"http:\/\/agora.xtec.cat\/ce-elsegre\/?page_id=46"},"modified":"2023-12-19T19:43:45","modified_gmt":"2023-12-19T18:43:45","slug":"organigrama","status":"publish","type":"page","link":"https:\/\/agora.xtec.cat\/ce-elsegre\/linstitut\/organigrama\/","title":{"rendered":"Equip de professionals"},"content":{"rendered":"<p><img loading=\"lazy\" decoding=\"async\" class=\"alignnone size-large wp-image-1512\" src=\"http:\/\/agora.xtec.cat\/ce-elsegre\/wp-content\/uploads\/usu1573\/2014\/09\/20180420_131222-1024x298.jpg\" alt=\"\" width=\"1024\" height=\"298\" srcset=\"https:\/\/agora.xtec.cat\/ce-elsegre\/wp-content\/uploads\/usu1573\/2014\/09\/20180420_131222-1024x298.jpg 1024w, https:\/\/agora.xtec.cat\/ce-elsegre\/wp-content\/uploads\/usu1573\/2014\/09\/20180420_131222-300x87.jpg 300w, https:\/\/agora.xtec.cat\/ce-elsegre\/wp-content\/uploads\/usu1573\/2014\/09\/20180420_131222-768x223.jpg 768w, https:\/\/agora.xtec.cat\/ce-elsegre\/wp-content\/uploads\/usu1573\/2014\/09\/20180420_131222.jpg 1816w\" sizes=\"auto, (max-width: 1024px) 100vw, 1024px\" \/><\/p>\n<p>L\u2019Equip de professionals que formen les unitats docents del Centre Educatiu el Segre est\u00e0 format per:<\/p>\n<p>El Director del centre, 1 coordinador docent, 3 mestres, 1 professor de Formaci\u00f3 Professional especialitat &#8220;Operacions i Equips de Producci\u00f3 Agr\u00e0ria&#8221; (616) i 1 professor d\u2019educaci\u00f3 f\u00edsica a mitja jornada, tots ells depenents\u00a0 del Departament d&#8217;Educaci\u00f3.<\/p>\n","protected":false},"excerpt":{"rendered":"<p>L\u2019Equip de professionals que formen les unitats docents del Centre Educatiu el Segre est\u00e0 format per:<br \/>\nEl Director del centre, 1 coordinador docent, 3 mestres, 1 professor de Formaci\u00f3 Professional especialitat &#8220;Operacions i Equips de Producci\u00f3 Agr\u00e0ria&#8221; (616) i 1 professor d\u2019educaci\u00f3 f\u00edsica a mitja jornada,&hellip;  <a href=\"https:\/\/agora.xtec.cat\/ce-elsegre\/linstitut\/organigrama\/\" title=\"Read Equip de professionals\">Llegeix m\u00e9s\u00bb<\/a><\/p>\n","protected":false},"author":1,"featured_media":0,"parent":19,"menu_order":4,"comment_status":"closed","ping_status":"closed","template":"page-templates\/side-menu.php","meta":{"_bbp_topic_count":0,"_bbp_reply_count":0,"_bbp_total_topic_count":0,"_bbp_total_reply_count":0,"_bbp_voice_count":0,"_bbp_anonymous_reply_count":0,"_bbp_topic_count_hidden":0,"_bbp_reply_count_hidden":0,"_bbp_forum_subforum_count":0,"footnotes":""},"class_list":["post-46","page","type-page","status-publish","hentry"],"post_mailing_queue_ids":[],"_links":{"self":[{"href":"https:\/\/agora.xtec.cat\/ce-elsegre\/wp-json\/wp\/v2\/pages\/46","targetHints":{"allow":["GET"]}}],"collection":[{"href":"https:\/\/agora.xtec.cat\/ce-elsegre\/wp-json\/wp\/v2\/pages"}],"about":[{"href":"https:\/\/agora.xtec.cat\/ce-elsegre\/wp-json\/wp\/v2\/types\/page"}],"author":[{"embeddable":true,"href":"https:\/\/agora.xtec.cat\/ce-elsegre\/wp-json\/wp\/v2\/users\/1"}],"replies":[{"embeddable":true,"href":"https:\/\/agora.xtec.cat\/ce-elsegre\/wp-json\/wp\/v2\/comments?post=46"}],"version-history":[{"count":4,"href":"https:\/\/agora.xtec.cat\/ce-elsegre\/wp-json\/wp\/v2\/pages\/46\/revisions"}],"predecessor-version":[{"id":3163,"href":"https:\/\/agora.xtec.cat\/ce-elsegre\/wp-json\/wp\/v2\/pages\/46\/revisions\/3163"}],"up":[{"embeddable":true,"href":"https:\/\/agora.xtec.cat\/ce-elsegre\/wp-json\/wp\/v2\/pages\/19"}],"wp:attachment":[{"href":"https:\/\/agora.xtec.cat\/ce-elsegre\/wp-json\/wp\/v2\/media?parent=46"}],"curies":[{"name":"wp","href":"https:\/\/api.w.org\/{rel}","templated":true}]}}