{"id":3707,"date":"2025-03-04T15:49:29","date_gmt":"2025-03-04T14:49:29","guid":{"rendered":"https:\/\/agora.xtec.cat\/ce-elsegre\/?page_id=3707"},"modified":"2025-03-04T16:12:16","modified_gmt":"2025-03-04T15:12:16","slug":"https-agora-xtec-cat-ce-elsegre-portada-som-collaboradors-actic-i-a-partir-dara-oferim-examens","status":"publish","type":"page","link":"https:\/\/agora.xtec.cat\/ce-elsegre\/projecte-educatiu\/https-agora-xtec-cat-ce-elsegre-portada-som-collaboradors-actic-i-a-partir-dara-oferim-examens\/","title":{"rendered":"ACTIC"},"content":{"rendered":"<p style=\"font-family: 'Helvetica Neue', Helvetica, Helvetica, Arial, sans-serif; font-size: 16px;\"><img loading=\"lazy\" decoding=\"async\" class=\"wp-image-3713 aligncenter\" style=\"text-align: justify;\" src=\"https:\/\/agora.xtec.cat\/ce-elsegre\/wp-content\/uploads\/usu1573\/2025\/03\/Actic.svg-1024x622.png\" alt=\"\" width=\"289\" height=\"175\" srcset=\"https:\/\/agora.xtec.cat\/ce-elsegre\/wp-content\/uploads\/usu1573\/2025\/03\/Actic.svg-1024x622.png 1024w, https:\/\/agora.xtec.cat\/ce-elsegre\/wp-content\/uploads\/usu1573\/2025\/03\/Actic.svg-300x182.png 300w, https:\/\/agora.xtec.cat\/ce-elsegre\/wp-content\/uploads\/usu1573\/2025\/03\/Actic.svg-768x467.png 768w, https:\/\/agora.xtec.cat\/ce-elsegre\/wp-content\/uploads\/usu1573\/2025\/03\/Actic.svg-1536x934.png 1536w, https:\/\/agora.xtec.cat\/ce-elsegre\/wp-content\/uploads\/usu1573\/2025\/03\/Actic.svg-2048x1245.png 2048w\" sizes=\"auto, (max-width: 289px) 100vw, 289px\" \/><\/p>\n<p style=\"text-align: justify;\" data-start=\"546\" data-end=\"766\">Ens complau anunciar que el nostre centre ha estat acreditat com a\u00a0<strong data-start=\"280\" data-end=\"310\">Centre Col\u00b7laborador ACTIC<\/strong>, un programa de formaci\u00f3 i certificaci\u00f3 de les compet\u00e8ncies digitals. A partir d\u2019ara, els nostres alumnes podran realitzar els\u00a0<strong data-start=\"438\" data-end=\"455\">ex\u00e0mens ACTIC<\/strong>\u00a0al mateix centre, facilitant l\u2019acc\u00e9s a la certificaci\u00f3 oficial de compet\u00e8ncies digitals.<\/p>\n<p style=\"text-align: justify;\" data-start=\"546\" data-end=\"766\">Aquest pas \u00e9s un gran aven\u00e7 per al nostre centre, ja que ens permet oferir una formaci\u00f3 completa, tant en l\u2019\u00e0mbit te\u00f2ric com pr\u00e0ctic, perqu\u00e8 els nostres estudiants obtinguin una certificaci\u00f3 reconeguda en el m\u00f3n laboral.<\/p>\n<p>&nbsp;<\/p>\n<p style=\"text-align: justify;\" data-start=\"768\" data-end=\"1100\">Amb aquesta certificaci\u00f3, els participants acreditaran els seus coneixements en l\u2019\u00fas de les tecnologies de la informaci\u00f3 i la comunicaci\u00f3 (TIC) en diversos nivells, b\u00e0sic i mitj\u00e0. Els ex\u00e0mens s\u00f3n una oportunitat perqu\u00e8 els alumnes puguin demostrar les seves habilitats i obtenir una titulaci\u00f3 oficial.<\/p>\n","protected":false},"excerpt":{"rendered":"<p>Ens complau anunciar que el nostre centre ha estat acreditat com a\u00a0Centre Col\u00b7laborador ACTIC, un programa de formaci\u00f3 i certificaci\u00f3 de les compet\u00e8ncies digitals. A partir d\u2019ara, els nostres alumnes podran realitzar els\u00a0ex\u00e0mens ACTIC\u00a0al mateix centre, facilitant l\u2019acc\u00e9s a la certificaci\u00f3 oficial de compet\u00e8ncies digitals.<br \/>\nAquest&hellip;  <a href=\"https:\/\/agora.xtec.cat\/ce-elsegre\/projecte-educatiu\/https-agora-xtec-cat-ce-elsegre-portada-som-collaboradors-actic-i-a-partir-dara-oferim-examens\/\" title=\"Read ACTIC\">Llegeix m\u00e9s\u00bb<\/a><\/p>\n","protected":false},"author":1,"featured_media":0,"parent":57,"menu_order":10,"comment_status":"closed","ping_status":"closed","template":"page-templates\/side-menu.php","meta":{"_bbp_topic_count":0,"_bbp_reply_count":0,"_bbp_total_topic_count":0,"_bbp_total_reply_count":0,"_bbp_voice_count":0,"_bbp_anonymous_reply_count":0,"_bbp_topic_count_hidden":0,"_bbp_reply_count_hidden":0,"_bbp_forum_subforum_count":0,"footnotes":""},"class_list":["post-3707","page","type-page","status-publish","hentry"],"post_mailing_queue_ids":[],"_links":{"self":[{"href":"https:\/\/agora.xtec.cat\/ce-elsegre\/wp-json\/wp\/v2\/pages\/3707","targetHints":{"allow":["GET"]}}],"collection":[{"href":"https:\/\/agora.xtec.cat\/ce-elsegre\/wp-json\/wp\/v2\/pages"}],"about":[{"href":"https:\/\/agora.xtec.cat\/ce-elsegre\/wp-json\/wp\/v2\/types\/page"}],"author":[{"embeddable":true,"href":"https:\/\/agora.xtec.cat\/ce-elsegre\/wp-json\/wp\/v2\/users\/1"}],"replies":[{"embeddable":true,"href":"https:\/\/agora.xtec.cat\/ce-elsegre\/wp-json\/wp\/v2\/comments?post=3707"}],"version-history":[{"count":6,"href":"https:\/\/agora.xtec.cat\/ce-elsegre\/wp-json\/wp\/v2\/pages\/3707\/revisions"}],"predecessor-version":[{"id":3717,"href":"https:\/\/agora.xtec.cat\/ce-elsegre\/wp-json\/wp\/v2\/pages\/3707\/revisions\/3717"}],"up":[{"embeddable":true,"href":"https:\/\/agora.xtec.cat\/ce-elsegre\/wp-json\/wp\/v2\/pages\/57"}],"wp:attachment":[{"href":"https:\/\/agora.xtec.cat\/ce-elsegre\/wp-json\/wp\/v2\/media?parent=3707"}],"curies":[{"name":"wp","href":"https:\/\/api.w.org\/{rel}","templated":true}]}}