{"id":2873,"date":"2023-04-26T13:07:54","date_gmt":"2023-04-26T11:07:54","guid":{"rendered":"https:\/\/agora.xtec.cat\/ce-elsegre\/?page_id=2873"},"modified":"2024-05-23T09:53:38","modified_gmt":"2024-05-23T07:53:38","slug":"pla-de-comunicacio","status":"publish","type":"page","link":"https:\/\/agora.xtec.cat\/ce-elsegre\/estrategia-digital-de-centre-edc\/cultura-digital-de-centre\/pla-de-comunicacio\/","title":{"rendered":"Pla de comunicaci\u00f3"},"content":{"rendered":"<p>Els recursos de qu\u00e8 disposa el centre que permeten mantenir una comunicaci\u00f3 flu\u00efda amb la comunitat educativa s\u00f3n:<\/p>\n<table style=\"border-collapse: collapse; width: 100%;\">\n<tbody>\n<tr>\n<td style=\"width: 31.4865%;\"><img loading=\"lazy\" decoding=\"async\" class=\"wp-image-3374 aligncenter\" src=\"https:\/\/agora.xtec.cat\/ce-elsegre\/wp-content\/uploads\/usu1573\/2024\/05\/Captura-de-pantalla-2024-05-22-131910.jpg\" alt=\"\" width=\"203\" height=\"209\" srcset=\"https:\/\/agora.xtec.cat\/ce-elsegre\/wp-content\/uploads\/usu1573\/2024\/05\/Captura-de-pantalla-2024-05-22-131910.jpg 463w, https:\/\/agora.xtec.cat\/ce-elsegre\/wp-content\/uploads\/usu1573\/2024\/05\/Captura-de-pantalla-2024-05-22-131910-291x300.jpg 291w\" sizes=\"auto, (max-width: 203px) 100vw, 203px\" \/><\/td>\n<td style=\"width: 68.5135%;\"><strong>NODES DEL CENTRE:<\/strong> https:\/\/agora.xtec.cat\/ce-elsegre\/<\/p>\n<p>Espai p\u00fablic de comunicaci\u00f3 on:<\/p>\n<ul>\n<li>Es publiquen els articles del centre, fent difusi\u00f3 de totes les activitats que es duen a terme durant el curs escolar.<\/li>\n<li>Es pot con\u00e8ixer la nostra realitat.<\/li>\n<\/ul>\n<\/td>\n<\/tr>\n<tr>\n<td style=\"width: 31.4865%;\"><img loading=\"lazy\" decoding=\"async\" class=\"wp-image-3376 aligncenter\" src=\"https:\/\/agora.xtec.cat\/ce-elsegre\/wp-content\/uploads\/usu1573\/2024\/05\/1-3.png\" alt=\"\" width=\"167\" height=\"125\" srcset=\"https:\/\/agora.xtec.cat\/ce-elsegre\/wp-content\/uploads\/usu1573\/2024\/05\/1-3.png 259w, https:\/\/agora.xtec.cat\/ce-elsegre\/wp-content\/uploads\/usu1573\/2024\/05\/1-3-200x150.png 200w\" sizes=\"auto, (max-width: 167px) 100vw, 167px\" \/><\/td>\n<td style=\"width: 68.5135%;\"><strong>CORREU ELECTR\u00d2NIC<\/strong><\/p>\n<p>El centre disposa del correu c5008959@xtec.cat per tal de posar-se posar en contacte amb nosaltres.<\/td>\n<\/tr>\n<\/tbody>\n<\/table>\n","protected":false},"excerpt":{"rendered":"<p>Els recursos de qu\u00e8 disposa el centre que permeten mantenir una comunicaci\u00f3 flu\u00efda amb la comunitat educativa s\u00f3n:<\/p>\n<p>NODES DEL CENTRE: https:\/\/agora.xtec.cat\/ce-elsegre\/<br \/>\nEspai p\u00fablic de comunicaci\u00f3 on:<\/p>\n<ul>\n<li>Es publiquen els articles del centre, fent difusi\u00f3 de totes les activitats que es duen a terme durant el curs escolar.<\/li>\n<li>Es&hellip;  <a href=\"https:\/\/agora.xtec.cat\/ce-elsegre\/estrategia-digital-de-centre-edc\/cultura-digital-de-centre\/pla-de-comunicacio\/\" title=\"Read Pla de comunicaci\u00f3\">Llegeix m\u00e9s\u00bb<\/a><br \/>\n","protected":false},"author":1,"featured_media":0,"parent":2864,"menu_order":0,"comment_status":"closed","ping_status":"closed","template":"page-templates\/side-menu.php","meta":{"_bbp_topic_count":0,"_bbp_reply_count":0,"_bbp_total_topic_count":0,"_bbp_total_reply_count":0,"_bbp_voice_count":0,"_bbp_anonymous_reply_count":0,"_bbp_topic_count_hidden":0,"_bbp_reply_count_hidden":0,"_bbp_forum_subforum_count":0,"footnotes":""},"class_list":["post-2873","page","type-page","status-publish","hentry"],"post_mailing_queue_ids":[],"_links":{"self":[{"href":"https:\/\/agora.xtec.cat\/ce-elsegre\/wp-json\/wp\/v2\/pages\/2873","targetHints":{"allow":["GET"]}}],"collection":[{"href":"https:\/\/agora.xtec.cat\/ce-elsegre\/wp-json\/wp\/v2\/pages"}],"about":[{"href":"https:\/\/agora.xtec.cat\/ce-elsegre\/wp-json\/wp\/v2\/types\/page"}],"author":[{"embeddable":true,"href":"https:\/\/agora.xtec.cat\/ce-elsegre\/wp-json\/wp\/v2\/users\/1"}],"replies":[{"embeddable":true,"href":"https:\/\/agora.xtec.cat\/ce-elsegre\/wp-json\/wp\/v2\/comments?post=2873"}],"version-history":[{"count":4,"href":"https:\/\/agora.xtec.cat\/ce-elsegre\/wp-json\/wp\/v2\/pages\/2873\/revisions"}],"predecessor-version":[{"id":3378,"href":"https:\/\/agora.xtec.cat\/ce-elsegre\/wp-json\/wp\/v2\/pages\/2873\/revisions\/3378"}],"up":[{"embeddable":true,"href":"https:\/\/agora.xtec.cat\/ce-elsegre\/wp-json\/wp\/v2\/pages\/2864"}],"wp:attachment":[{"href":"https:\/\/agora.xtec.cat\/ce-elsegre\/wp-json\/wp\/v2\/media?parent=2873"}],"curies":[{"name":"wp","href":"https:\/\/api.w.org\/{rel}","templated":true}]}}