{"id":2871,"date":"2023-04-26T13:07:39","date_gmt":"2023-04-26T11:07:39","guid":{"rendered":"https:\/\/agora.xtec.cat\/ce-elsegre\/?page_id=2871"},"modified":"2024-05-22T13:12:59","modified_gmt":"2024-05-22T11:12:59","slug":"competencia-digital-de-lalumnat","status":"publish","type":"page","link":"https:\/\/agora.xtec.cat\/ce-elsegre\/estrategia-digital-de-centre-edc\/cultura-digital-de-centre\/competencia-digital-de-lalumnat\/","title":{"rendered":"Compet\u00e8ncia digital de l&#8217;alumnat"},"content":{"rendered":"<p style=\"text-align: justify;\">El centre disposa d&#8217;un document intern que s&#8217;est\u00e0 elaborant a partir de les orientacions del Departament d&#8217;Educaci\u00f3 i del Departament de Just\u00edcia.<\/p>\n","protected":false},"excerpt":{"rendered":"<p>El centre disposa d&#8217;un document intern que s&#8217;est\u00e0 elaborant a partir de les orientacions del Departament d&#8217;Educaci\u00f3 i del Departament de Just\u00edcia.<\/p>\n","protected":false},"author":1,"featured_media":0,"parent":2864,"menu_order":0,"comment_status":"closed","ping_status":"closed","template":"page-templates\/side-menu.php","meta":{"_bbp_topic_count":0,"_bbp_reply_count":0,"_bbp_total_topic_count":0,"_bbp_total_reply_count":0,"_bbp_voice_count":0,"_bbp_anonymous_reply_count":0,"_bbp_topic_count_hidden":0,"_bbp_reply_count_hidden":0,"_bbp_forum_subforum_count":0,"footnotes":""},"class_list":["post-2871","page","type-page","status-publish","hentry"],"post_mailing_queue_ids":[],"_links":{"self":[{"href":"https:\/\/agora.xtec.cat\/ce-elsegre\/wp-json\/wp\/v2\/pages\/2871","targetHints":{"allow":["GET"]}}],"collection":[{"href":"https:\/\/agora.xtec.cat\/ce-elsegre\/wp-json\/wp\/v2\/pages"}],"about":[{"href":"https:\/\/agora.xtec.cat\/ce-elsegre\/wp-json\/wp\/v2\/types\/page"}],"author":[{"embeddable":true,"href":"https:\/\/agora.xtec.cat\/ce-elsegre\/wp-json\/wp\/v2\/users\/1"}],"replies":[{"embeddable":true,"href":"https:\/\/agora.xtec.cat\/ce-elsegre\/wp-json\/wp\/v2\/comments?post=2871"}],"version-history":[{"count":3,"href":"https:\/\/agora.xtec.cat\/ce-elsegre\/wp-json\/wp\/v2\/pages\/2871\/revisions"}],"predecessor-version":[{"id":3370,"href":"https:\/\/agora.xtec.cat\/ce-elsegre\/wp-json\/wp\/v2\/pages\/2871\/revisions\/3370"}],"up":[{"embeddable":true,"href":"https:\/\/agora.xtec.cat\/ce-elsegre\/wp-json\/wp\/v2\/pages\/2864"}],"wp:attachment":[{"href":"https:\/\/agora.xtec.cat\/ce-elsegre\/wp-json\/wp\/v2\/media?parent=2871"}],"curies":[{"name":"wp","href":"https:\/\/api.w.org\/{rel}","templated":true}]}}