{"id":2866,"date":"2023-04-26T13:12:19","date_gmt":"2023-04-26T11:12:19","guid":{"rendered":"https:\/\/agora.xtec.cat\/ce-elsegre\/?page_id=2866"},"modified":"2024-04-06T08:32:15","modified_gmt":"2024-04-06T06:32:15","slug":"documents-de-centre","status":"publish","type":"page","link":"https:\/\/agora.xtec.cat\/ce-elsegre\/estrategia-digital-de-centre-edc\/cultura-digital-de-centre\/documents-de-centre\/","title":{"rendered":"Documents de centre"},"content":{"rendered":"<p style=\"text-align: justify;\">La cultura digital apareix en alguns dels nostres documents de centre. A continuaci\u00f3 es remarquen els aspectes m\u00e9s importants de cadascun d\u2019ells.<\/p>\n<p style=\"text-align: justify;\"><strong>NFI (Normes de Funcionament Intern) Any 2014.<\/strong><\/p>\n<p style=\"text-align: justify;\">L\u2019article 28 de la Llei 27\/2001, de 31 de desembre, de just\u00edcia juvenil, preveu que cada centre pot establir normes espec\u00edfiques que regulin, en el marc de la normativa de funcionament dels centres, l\u2019activitat di\u00e0ria i la conviv\u00e8ncia.<\/p>\n<p style=\"text-align: justify;\"><em>Punt 4.2 Objectes, productes o materials prohibits dins de les unitats del centre:<\/em><\/p>\n<p style=\"text-align: justify;\">&#8211; Tel\u00e8fons m\u00f2bils.<br \/>\n&#8211; Qualsevol aparell que permeti la gravaci\u00f3 o captaci\u00f3 d\u2019imatges o de so (m\u00e0quines de fotos, de v\u00eddeo, gravadores de so).<br \/>\n&#8211; Qualsevol aparell que permeti la connexi\u00f3 per WIFI.<\/p>\n<p><strong>INSTRUCCI\u00d3 1\/2016 sobre la introducci\u00f3 d&#8217;aparells multim\u00e8dia dins del CE EL SEGRE.<\/strong><\/p>\n<p>Per motius de seguretat general i per tal de garantir tots els preceptes legals existents en refer\u00e8ncia a la protecci\u00f3 de la intimitat i la pr\u00f2pia imatge, des de la Direcci\u00f3 del CE El Segre es considera necess\u00e0ria la seg\u00fcent regulaci\u00f3 envers l\u2019\u00fas d\u2019aparells multim\u00e8dia dins del centre:<\/p>\n<ul style=\"text-align: justify;\">\n<li>Resten prohibits els m\u00f2bils a l\u2019\u00e0rea de control i a l\u2019interior del centre (a partir de la porta d\u2019acc\u00e9s des de l\u2019edifici d\u2019administraci\u00f3 al pati interior).<strong style=\"font-family: inherit; font-size: 1em;\">\u00a0<\/strong><\/li>\n<\/ul>\n<p style=\"text-align: justify;\"><strong>PLA ANUAL (CURS 2023-2024)<\/strong><\/p>\n<p style=\"text-align: justify;\"><em>4.4 Formaci\u00f3 estrat\u00e8gica de Centre dins l&#8217;apartat <\/em><em>Projectes.<\/em><em>\u00a0<\/em><\/p>\n<p style=\"text-align: justify;\">Aquest curs i amb l\u2019objectiu de millorar la compet\u00e8ncia digital docent, es dona continu\u00eftat a la \u201dmentoria\u201d iniciada el curs passat amb la FIC i \u201cl\u2019estrat\u00e8gia digital de Centre\u201d i s\u2019orientar\u00e0 a l\u2019ajuda i l\u2019assessorament de les \u201cp\u00edndoles formatives\u201d, que el Departament ofereix.<\/p>\n<ol style=\"text-align: justify;\" start=\"8\">\n<li><em> Formaci\u00f3 del professorat:<\/em><\/li>\n<\/ol>\n<p style=\"text-align: justify;\">La formaci\u00f3 estrat\u00e8gica de centre s\u2019orienta a millorar la compet\u00e8ncia digital docent.<br \/>\nEls docents del centre realitzen al llarg del curs diferents formacions trimestrals referides a diferents p\u00edndoles formatives que ofereix el Departament d\u2019Educaci\u00f3 sobre fake news, moodle\u2026<\/p>\n<p style=\"text-align: justify;\">\n","protected":false},"excerpt":{"rendered":"<p>La cultura digital apareix en alguns dels nostres documents de centre. A continuaci\u00f3 es remarquen els aspectes m\u00e9s importants de cadascun d\u2019ells.<br \/>\nNFI (Normes de Funcionament Intern) Any 2014.<br \/>\nL\u2019article 28 de la Llei 27\/2001, de 31 de desembre, de just\u00edcia juvenil, preveu que cada centre pot&hellip;  <a href=\"https:\/\/agora.xtec.cat\/ce-elsegre\/estrategia-digital-de-centre-edc\/cultura-digital-de-centre\/documents-de-centre\/\" title=\"Read Documents de centre\">Llegeix m\u00e9s\u00bb<\/a><\/p>\n","protected":false},"author":1,"featured_media":0,"parent":2864,"menu_order":0,"comment_status":"closed","ping_status":"closed","template":"page-templates\/side-menu.php","meta":{"_bbp_topic_count":0,"_bbp_reply_count":0,"_bbp_total_topic_count":0,"_bbp_total_reply_count":0,"_bbp_voice_count":0,"_bbp_anonymous_reply_count":0,"_bbp_topic_count_hidden":0,"_bbp_reply_count_hidden":0,"_bbp_forum_subforum_count":0,"footnotes":""},"class_list":["post-2866","page","type-page","status-publish","hentry"],"post_mailing_queue_ids":[],"_links":{"self":[{"href":"https:\/\/agora.xtec.cat\/ce-elsegre\/wp-json\/wp\/v2\/pages\/2866","targetHints":{"allow":["GET"]}}],"collection":[{"href":"https:\/\/agora.xtec.cat\/ce-elsegre\/wp-json\/wp\/v2\/pages"}],"about":[{"href":"https:\/\/agora.xtec.cat\/ce-elsegre\/wp-json\/wp\/v2\/types\/page"}],"author":[{"embeddable":true,"href":"https:\/\/agora.xtec.cat\/ce-elsegre\/wp-json\/wp\/v2\/users\/1"}],"replies":[{"embeddable":true,"href":"https:\/\/agora.xtec.cat\/ce-elsegre\/wp-json\/wp\/v2\/comments?post=2866"}],"version-history":[{"count":7,"href":"https:\/\/agora.xtec.cat\/ce-elsegre\/wp-json\/wp\/v2\/pages\/2866\/revisions"}],"predecessor-version":[{"id":3272,"href":"https:\/\/agora.xtec.cat\/ce-elsegre\/wp-json\/wp\/v2\/pages\/2866\/revisions\/3272"}],"up":[{"embeddable":true,"href":"https:\/\/agora.xtec.cat\/ce-elsegre\/wp-json\/wp\/v2\/pages\/2864"}],"wp:attachment":[{"href":"https:\/\/agora.xtec.cat\/ce-elsegre\/wp-json\/wp\/v2\/media?parent=2866"}],"curies":[{"name":"wp","href":"https:\/\/api.w.org\/{rel}","templated":true}]}}