{"id":2861,"date":"2023-04-26T13:01:40","date_gmt":"2023-04-26T11:01:40","guid":{"rendered":"https:\/\/agora.xtec.cat\/ce-elsegre\/?page_id=2861"},"modified":"2024-05-22T13:24:27","modified_gmt":"2024-05-22T11:24:27","slug":"avaluacio-i-millora","status":"publish","type":"page","link":"https:\/\/agora.xtec.cat\/ce-elsegre\/estrategia-digital-de-centre-edc\/documents-curriculars\/avaluacio-i-millora\/","title":{"rendered":"Avaluaci\u00f3 i millora"},"content":{"rendered":"<p style=\"text-align: justify;\"><b>Avaluaci\u00f3 curs 2023-24<\/b><\/p>\n<p style=\"text-align: justify;\"><span style=\"font-weight: 400;\">Al llarg de tot el proc\u00e9s d&#8217;implementaci\u00f3 de l&#8217;EDC, es van recollint dades vinculades amb <\/span><span style=\"font-weight: 400;\">les activitats realitzades per a fer una avaluaci\u00f3 cont\u00ednua duta a terme pels diferents responsables de les activitats, que determinen d&#8217;una forma col\u00b7legiada el grau d&#8217;assoliment.<\/span><\/p>\n<p style=\"text-align: justify;\"><span style=\"font-weight: 400;\">Finalment cada curs escolar es fa la valoraci\u00f3 dels resultats: activitats i objectius marcats <\/span><span style=\"font-weight: 400;\">en l&#8217;EDC, que permet continuar amb la millora de la compet\u00e8ncia digital en el centre.<\/span><\/p>\n<p style=\"text-align: justify;\"><span style=\"font-weight: 400;\">En el curs 2023-24 s\u2019han assolit els objectius 1, 2, 3 i 4.<\/span><\/p>\n<p style=\"text-align: justify;\"><span style=\"font-weight: 400;\">L\u2019objectiu 5 s\u2019ha treballat, ja que s\u2019ha creat un document intern on s\u2019est\u00e0 fent la seq\u00fcenciaci\u00f3 de la compet\u00e8ncia digital de l\u2019alumnat. Tot i aix\u00f2, com que \u00e9s un document viu i el curr\u00edculum est\u00e0 canviant, s\u2019haur\u00e0 de continuar el curs que ve.<\/span><\/p>\n<p><strong>A destacar:<\/strong><\/p>\n<p style=\"text-align: justify;\">Com que els mestres s&#8217;han format i han volgut millorar la compet\u00e8ncia digital seva i de l&#8217;alumnat, el curs 2023-24 han presentat el projecte <a href=\"https:\/\/mhm.mobileworldcapital.com\/ca_ES\/escenari\/3910\/showedit\">&#8220;Redescobrim els edificis de Lleida&#8221;<\/a> als mSchools Awards on han quedat finalistes. Enhorabona!<\/p>\n","protected":false},"excerpt":{"rendered":"<p>Avaluaci\u00f3 curs 2023-24<br \/>\nAl llarg de tot el proc\u00e9s d&#8217;implementaci\u00f3 de l&#8217;EDC, es van recollint dades vinculades amb les activitats realitzades per a fer una avaluaci\u00f3 cont\u00ednua duta a terme pels diferents responsables de les activitats, que determinen d&#8217;una forma col\u00b7legiada el grau d&#8217;assoliment.<br \/>\nFinalment cada curs&hellip;  <a href=\"https:\/\/agora.xtec.cat\/ce-elsegre\/estrategia-digital-de-centre-edc\/documents-curriculars\/avaluacio-i-millora\/\" title=\"Read Avaluaci\u00f3 i millora\">Llegeix m\u00e9s\u00bb<\/a><\/p>\n","protected":false},"author":1,"featured_media":0,"parent":1920,"menu_order":8,"comment_status":"closed","ping_status":"closed","template":"page-templates\/side-menu.php","meta":{"_bbp_topic_count":0,"_bbp_reply_count":0,"_bbp_total_topic_count":0,"_bbp_total_reply_count":0,"_bbp_voice_count":0,"_bbp_anonymous_reply_count":0,"_bbp_topic_count_hidden":0,"_bbp_reply_count_hidden":0,"_bbp_forum_subforum_count":0,"footnotes":""},"class_list":["post-2861","page","type-page","status-publish","hentry"],"post_mailing_queue_ids":[],"_links":{"self":[{"href":"https:\/\/agora.xtec.cat\/ce-elsegre\/wp-json\/wp\/v2\/pages\/2861","targetHints":{"allow":["GET"]}}],"collection":[{"href":"https:\/\/agora.xtec.cat\/ce-elsegre\/wp-json\/wp\/v2\/pages"}],"about":[{"href":"https:\/\/agora.xtec.cat\/ce-elsegre\/wp-json\/wp\/v2\/types\/page"}],"author":[{"embeddable":true,"href":"https:\/\/agora.xtec.cat\/ce-elsegre\/wp-json\/wp\/v2\/users\/1"}],"replies":[{"embeddable":true,"href":"https:\/\/agora.xtec.cat\/ce-elsegre\/wp-json\/wp\/v2\/comments?post=2861"}],"version-history":[{"count":4,"href":"https:\/\/agora.xtec.cat\/ce-elsegre\/wp-json\/wp\/v2\/pages\/2861\/revisions"}],"predecessor-version":[{"id":3372,"href":"https:\/\/agora.xtec.cat\/ce-elsegre\/wp-json\/wp\/v2\/pages\/2861\/revisions\/3372"}],"up":[{"embeddable":true,"href":"https:\/\/agora.xtec.cat\/ce-elsegre\/wp-json\/wp\/v2\/pages\/1920"}],"wp:attachment":[{"href":"https:\/\/agora.xtec.cat\/ce-elsegre\/wp-json\/wp\/v2\/media?parent=2861"}],"curies":[{"name":"wp","href":"https:\/\/api.w.org\/{rel}","templated":true}]}}