{"id":27,"date":"2014-09-17T16:24:03","date_gmt":"2014-09-17T16:24:03","guid":{"rendered":"http:\/\/agora.xtec.cat\/ce-elsegre\/?page_id=27"},"modified":"2021-11-08T14:58:25","modified_gmt":"2021-11-08T13:58:25","slug":"historia","status":"publish","type":"page","link":"https:\/\/agora.xtec.cat\/ce-elsegre\/linstitut\/historia\/","title":{"rendered":"Hist\u00f2ria"},"content":{"rendered":"<p style=\"text-align: justify;\"><img loading=\"lazy\" decoding=\"async\" class=\"wp-image-1292 aligncenter\" src=\"http:\/\/agora.xtec.cat\/ce-elsegre\/wp-content\/uploads\/usu1573\/2018\/05\/20180420_130958-1024x412.jpg\" alt=\"\" width=\"790\" height=\"318\" srcset=\"https:\/\/agora.xtec.cat\/ce-elsegre\/wp-content\/uploads\/usu1573\/2018\/05\/20180420_130958-1024x412.jpg 1024w, https:\/\/agora.xtec.cat\/ce-elsegre\/wp-content\/uploads\/usu1573\/2018\/05\/20180420_130958-300x121.jpg 300w, https:\/\/agora.xtec.cat\/ce-elsegre\/wp-content\/uploads\/usu1573\/2018\/05\/20180420_130958-768x309.jpg 768w\" sizes=\"auto, (max-width: 790px) 100vw, 790px\" \/><\/p>\n<p style=\"text-align: justify;\"><img loading=\"lazy\" decoding=\"async\" class=\"wp-image-2311 aligncenter\" src=\"https:\/\/agora.xtec.cat\/ce-elsegre\/wp-content\/uploads\/usu1573\/2021\/11\/1.jpg\" alt=\"\" width=\"359\" height=\"332\" srcset=\"https:\/\/agora.xtec.cat\/ce-elsegre\/wp-content\/uploads\/usu1573\/2021\/11\/1.jpg 572w, https:\/\/agora.xtec.cat\/ce-elsegre\/wp-content\/uploads\/usu1573\/2021\/11\/1-300x277.jpg 300w\" sizes=\"auto, (max-width: 359px) 100vw, 359px\" \/><\/p>\n<p style=\"text-align: justify;\">El Reial decret 1291\/1981 va suposar el trasp\u00e0s a la Generalitat de Catalunya dels serveis de protecci\u00f3 i tutela de menors.<\/p>\n<p style=\"text-align: justify;\">Dins d&#8217;aquest context, durant l&#8217;any 1983, el Departament de Just\u00edcia decideix adequar unes instal\u00b7lacions ubicades a la Partida de Rufea de Lleida, les quals s&#8217;havien utilitzat durant molt anys com a recurs per a atendre joves en la denominada Casa tutelar de San Jos\u00e9. Neix d&#8217;aquesta manera el centre Granja Escola El Segre.<\/p>\n<p style=\"text-align: justify;\">L&#8217;any 1990, el Departament de Just\u00edcia va decidir tancar el centre Granja Escola El Segre i edificar en el seu lloc un nou centre. Arran d&#8217;aquesta decisi\u00f3, des del gener de 1991 fins a l&#8217;abril de 1992, es van executar les obres de construcci\u00f3 de l&#8217;actual centre.<\/p>\n<p style=\"text-align: justify;\">Posteriorment amb data 30 de juny de 1997 es va signar un conveni de col\u00b7laboraci\u00f3 entre el Departament d&#8217;Educaci\u00f3 i el Departament de Just\u00edcia per regular el funcionament i el manteniment de les unitats docents en els centres educatius.<\/p>\n<p style=\"text-align: justify;\">I finalment el Departament d&#8217;Educaci\u00f3 va signar amb el Departament de Just\u00edcia, en data 13 de gener de 2005, un acord de cooperaci\u00f3 per regular el funcionament i el manteniment de les unitats docents als centres educatius dependents de la Direcci\u00f3 General d&#8217;Execuci\u00f3 Penal a la Comunitat Educativa i Just\u00edcia Juvenil. D&#8217;aquesta manera s&#8217;assegurava el dret a l&#8217;educaci\u00f3, garantit per l&#8217;article 27 de la Constituci\u00f3 Espanyola.<\/p>\n","protected":false},"excerpt":{"rendered":"<p>El Reial decret 1291\/1981 va suposar el trasp\u00e0s a la Generalitat de Catalunya dels serveis de protecci\u00f3 i tutela de menors.<br \/>\nDins d&#8217;aquest context, durant l&#8217;any 1983, el Departament de Just\u00edcia decideix adequar unes instal\u00b7lacions ubicades a la Partida de Rufea de Lleida, les quals s&#8217;havien&hellip;  <a href=\"https:\/\/agora.xtec.cat\/ce-elsegre\/linstitut\/historia\/\" title=\"Read Hist\u00f2ria\">Llegeix m\u00e9s\u00bb<\/a><\/p>\n","protected":false},"author":1,"featured_media":0,"parent":19,"menu_order":0,"comment_status":"closed","ping_status":"closed","template":"page-templates\/side-menu.php","meta":{"_bbp_topic_count":0,"_bbp_reply_count":0,"_bbp_total_topic_count":0,"_bbp_total_reply_count":0,"_bbp_voice_count":0,"_bbp_anonymous_reply_count":0,"_bbp_topic_count_hidden":0,"_bbp_reply_count_hidden":0,"_bbp_forum_subforum_count":0,"footnotes":""},"class_list":["post-27","page","type-page","status-publish","hentry"],"post_mailing_queue_ids":[],"_links":{"self":[{"href":"https:\/\/agora.xtec.cat\/ce-elsegre\/wp-json\/wp\/v2\/pages\/27","targetHints":{"allow":["GET"]}}],"collection":[{"href":"https:\/\/agora.xtec.cat\/ce-elsegre\/wp-json\/wp\/v2\/pages"}],"about":[{"href":"https:\/\/agora.xtec.cat\/ce-elsegre\/wp-json\/wp\/v2\/types\/page"}],"author":[{"embeddable":true,"href":"https:\/\/agora.xtec.cat\/ce-elsegre\/wp-json\/wp\/v2\/users\/1"}],"replies":[{"embeddable":true,"href":"https:\/\/agora.xtec.cat\/ce-elsegre\/wp-json\/wp\/v2\/comments?post=27"}],"version-history":[{"count":4,"href":"https:\/\/agora.xtec.cat\/ce-elsegre\/wp-json\/wp\/v2\/pages\/27\/revisions"}],"predecessor-version":[{"id":2313,"href":"https:\/\/agora.xtec.cat\/ce-elsegre\/wp-json\/wp\/v2\/pages\/27\/revisions\/2313"}],"up":[{"embeddable":true,"href":"https:\/\/agora.xtec.cat\/ce-elsegre\/wp-json\/wp\/v2\/pages\/19"}],"wp:attachment":[{"href":"https:\/\/agora.xtec.cat\/ce-elsegre\/wp-json\/wp\/v2\/media?parent=27"}],"curies":[{"name":"wp","href":"https:\/\/api.w.org\/{rel}","templated":true}]}}