{"id":2455,"date":"2022-02-15T12:42:55","date_gmt":"2022-02-15T11:42:55","guid":{"rendered":"https:\/\/agora.xtec.cat\/ce-elsegre\/?page_id=2455"},"modified":"2022-02-16T11:21:09","modified_gmt":"2022-02-16T10:21:09","slug":"patis-biodivers","status":"publish","type":"page","link":"https:\/\/agora.xtec.cat\/ce-elsegre\/patis-biodivers\/","title":{"rendered":"Patis Biod\u00edvers"},"content":{"rendered":"<p><img loading=\"lazy\" decoding=\"async\" class=\" wp-image-2460 alignleft\" src=\"https:\/\/agora.xtec.cat\/ce-elsegre\/wp-content\/uploads\/usu1573\/2022\/02\/1-2.jpg\" alt=\"\" width=\"358\" height=\"214\" srcset=\"https:\/\/agora.xtec.cat\/ce-elsegre\/wp-content\/uploads\/usu1573\/2022\/02\/1-2.jpg 509w, https:\/\/agora.xtec.cat\/ce-elsegre\/wp-content\/uploads\/usu1573\/2022\/02\/1-2-300x179.jpg 300w\" sizes=\"auto, (max-width: 358px) 100vw, 358px\" \/><\/p>\n<p><iframe loading=\"lazy\" src=\"\/\/www.youtube.com\/embed\/4uTjNYYqqm0\" width=\"560\" height=\"314\" allowfullscreen=\"allowfullscreen\"><\/iframe><\/p>\n<p style=\"text-align: justify;\">El projecte \u201cPatis biod\u00edvers\u201d implica que els alumnes que actualment estan cursant el Programa de Formaci\u00f3 i Inserci\u00f3 (PFI) d\u2019auxiliars de vivers i jardins del Centre Educatiu el Segre i els que realitzen l&#8217;\u00e0mbit pr\u00e0ctic del Programa de Diversificaci\u00f3 Curricular, de l&#8217;Ensenyament Secundari Obligatori, es coordinin amb la comunitat educativa de les escoles per naturalitzar els patis i incrementar la riquesa de flora i fauna per crear llocs m\u00e9s agradables i divertits.<\/p>\n<p style=\"text-align: justify;\">Alhora el projecte \u201cPatis Biod\u00edvers\u201d impregna i promou un comprom\u00eds c\u00edvic, millora les compet\u00e8ncies professionals i afavoreix una millor autoestima i resili\u00e8ncia. L&#8217;alumnat troba sentit al seu aprenentatge perqu\u00e8 es converteix en una realitat en forma d&#8217;acci\u00f3.<\/p>\n<p><img loading=\"lazy\" decoding=\"async\" class=\"alignnone size-full wp-image-2461\" src=\"https:\/\/agora.xtec.cat\/ce-elsegre\/wp-content\/uploads\/usu1573\/2022\/02\/3.jpg\" alt=\"\" width=\"643\" height=\"406\" srcset=\"https:\/\/agora.xtec.cat\/ce-elsegre\/wp-content\/uploads\/usu1573\/2022\/02\/3.jpg 643w, https:\/\/agora.xtec.cat\/ce-elsegre\/wp-content\/uploads\/usu1573\/2022\/02\/3-300x189.jpg 300w\" sizes=\"auto, (max-width: 643px) 100vw, 643px\" \/><\/p>\n<p>Tot seguit us deixem amb unes imatges que resumeixen molt b\u00e9 aquesta vinculaci\u00f3 amb les escoles de prim\u00e0ria.<\/p>\n<p><iframe loading=\"lazy\" src=\"\/\/www.youtube.com\/embed\/eDHj18GbuW0\" width=\"560\" height=\"314\" allowfullscreen=\"allowfullscreen\"><\/iframe><\/p>\n<p>&nbsp;<\/p>\n<p>&nbsp;<\/p>\n","protected":false},"excerpt":{"rendered":"<p>El projecte \u201cPatis biod\u00edvers\u201d implica que els alumnes que actualment estan cursant el Programa de Formaci\u00f3 i Inserci\u00f3 (PFI) d\u2019auxiliars de vivers i jardins del Centre Educatiu el Segre i els que realitzen l&#8217;\u00e0mbit pr\u00e0ctic del Programa de Diversificaci\u00f3 Curricular, de l&#8217;Ensenyament Secundari Obligatori, es&hellip;  <a href=\"https:\/\/agora.xtec.cat\/ce-elsegre\/patis-biodivers\/\" title=\"Read Patis Biod\u00edvers\">Llegeix m\u00e9s\u00bb<\/a><\/p>\n","protected":false},"author":1,"featured_media":0,"parent":0,"menu_order":0,"comment_status":"closed","ping_status":"closed","template":"","meta":{"_bbp_topic_count":0,"_bbp_reply_count":0,"_bbp_total_topic_count":0,"_bbp_total_reply_count":0,"_bbp_voice_count":0,"_bbp_anonymous_reply_count":0,"_bbp_topic_count_hidden":0,"_bbp_reply_count_hidden":0,"_bbp_forum_subforum_count":0,"footnotes":""},"class_list":["post-2455","page","type-page","status-publish","hentry"],"post_mailing_queue_ids":[],"_links":{"self":[{"href":"https:\/\/agora.xtec.cat\/ce-elsegre\/wp-json\/wp\/v2\/pages\/2455","targetHints":{"allow":["GET"]}}],"collection":[{"href":"https:\/\/agora.xtec.cat\/ce-elsegre\/wp-json\/wp\/v2\/pages"}],"about":[{"href":"https:\/\/agora.xtec.cat\/ce-elsegre\/wp-json\/wp\/v2\/types\/page"}],"author":[{"embeddable":true,"href":"https:\/\/agora.xtec.cat\/ce-elsegre\/wp-json\/wp\/v2\/users\/1"}],"replies":[{"embeddable":true,"href":"https:\/\/agora.xtec.cat\/ce-elsegre\/wp-json\/wp\/v2\/comments?post=2455"}],"version-history":[{"count":4,"href":"https:\/\/agora.xtec.cat\/ce-elsegre\/wp-json\/wp\/v2\/pages\/2455\/revisions"}],"predecessor-version":[{"id":2469,"href":"https:\/\/agora.xtec.cat\/ce-elsegre\/wp-json\/wp\/v2\/pages\/2455\/revisions\/2469"}],"wp:attachment":[{"href":"https:\/\/agora.xtec.cat\/ce-elsegre\/wp-json\/wp\/v2\/media?parent=2455"}],"curies":[{"name":"wp","href":"https:\/\/api.w.org\/{rel}","templated":true}]}}