{"id":1924,"date":"2020-11-04T11:32:46","date_gmt":"2020-11-04T10:32:46","guid":{"rendered":"http:\/\/agora.xtec.cat\/ce-elsegre\/?page_id=1924"},"modified":"2023-06-26T17:42:45","modified_gmt":"2023-06-26T15:42:45","slug":"pla-tac","status":"publish","type":"page","link":"https:\/\/agora.xtec.cat\/ce-elsegre\/estrategia-digital-de-centre-edc\/documents-curriculars\/pla-tac\/","title":{"rendered":"Diagnosi"},"content":{"rendered":"<p style=\"text-align: justify;\">L\u2019objectiu de la diagnosi \u00e9s trobar aquelles fortaleses que el centre ja est\u00e0 fent correctament sobre l\u2019\u00fas de les tecnologies digitals i, tamb\u00e9 aquells aspectes en qu\u00e8 el centre ha de millorar.<\/p>\n<p style=\"text-align: justify;\">La diagnosi ha de permetre determinar el grau d\u2019assoliment de les compet\u00e8ncies digitals en refer\u00e8ncia als tres eixos del PEDC: <strong>alumnat, professorat i centre.<\/strong><\/p>\n<p style=\"text-align: justify;\">Per realitzar la diagnosi la comissi\u00f3 digital de centre ha utilitzat una enquesta elaborada amb el google forms, en qu\u00e8 s\u2019ha realitzat una s\u00e8rie de preguntes, despr\u00e9s s&#8217;ha recopilat informaci\u00f3 en l\u00ednia i s&#8217;han processat les dades per obtenir els resultats. Aquestes enquestes les han respost un total de 25 alumnes. Cal dir que aquestes preguntes <span style=\"font-weight: 400;\">s\u2019han creat a partir de l\u2019eina Selfie i s\u2019han modificat per tal d\u2019adaptar-les a la realitat i necessitats dels nostres alumnes.<\/span><\/p>\n<p style=\"text-align: justify;\">A m\u00e9s a m\u00e9s s&#8217;han revisat els \u00edtems del Pla Tac.<\/p>\n<p style=\"text-align: justify;\">A partir d\u2019aquest buidatge hem extret els punts forts i febles <strong>referents a l&#8217;alumnat<\/strong>:<\/p>\n<p><img loading=\"lazy\" decoding=\"async\" class=\"wp-image-2942 aligncenter\" src=\"https:\/\/agora.xtec.cat\/ce-elsegre\/wp-content\/uploads\/usu1573\/2023\/05\/2.jpg\" alt=\"\" width=\"492\" height=\"146\" srcset=\"https:\/\/agora.xtec.cat\/ce-elsegre\/wp-content\/uploads\/usu1573\/2023\/05\/2.jpg 584w, https:\/\/agora.xtec.cat\/ce-elsegre\/wp-content\/uploads\/usu1573\/2023\/05\/2-300x89.jpg 300w\" sizes=\"auto, (max-width: 492px) 100vw, 492px\" \/><\/p>\n<table style=\"border-collapse: collapse; width: 100%;\">\n<tbody>\n<tr>\n<td style=\"width: 50%;\"><img loading=\"lazy\" decoding=\"async\" class=\"wp-image-2961 aligncenter\" src=\"https:\/\/agora.xtec.cat\/ce-elsegre\/wp-content\/uploads\/usu1573\/2023\/05\/captura-1.png\" alt=\"\" width=\"310\" height=\"207\" srcset=\"https:\/\/agora.xtec.cat\/ce-elsegre\/wp-content\/uploads\/usu1573\/2023\/05\/captura-1.png 621w, https:\/\/agora.xtec.cat\/ce-elsegre\/wp-content\/uploads\/usu1573\/2023\/05\/captura-1-300x200.png 300w\" sizes=\"auto, (max-width: 310px) 100vw, 310px\" \/><\/td>\n<td style=\"width: 50%;\"><img loading=\"lazy\" decoding=\"async\" class=\"alignnone wp-image-2960\" src=\"https:\/\/agora.xtec.cat\/ce-elsegre\/wp-content\/uploads\/usu1573\/2023\/05\/captura-2-1.png\" alt=\"\" width=\"380\" height=\"216\" srcset=\"https:\/\/agora.xtec.cat\/ce-elsegre\/wp-content\/uploads\/usu1573\/2023\/05\/captura-2-1.png 708w, https:\/\/agora.xtec.cat\/ce-elsegre\/wp-content\/uploads\/usu1573\/2023\/05\/captura-2-1-300x170.png 300w\" sizes=\"auto, (max-width: 380px) 100vw, 380px\" \/><\/td>\n<\/tr>\n<\/tbody>\n<\/table>\n<p style=\"text-align: justify;\">A partir de debats i reflexions que hem dut a terme en el claustre, hem elaborat els seg\u00fcents punts forts i febles <strong>referents al professorat<\/strong>:<\/p>\n<p><img loading=\"lazy\" decoding=\"async\" class=\"wp-image-2944 aligncenter\" src=\"https:\/\/agora.xtec.cat\/ce-elsegre\/wp-content\/uploads\/usu1573\/2023\/05\/5-1.jpg\" alt=\"\" width=\"499\" height=\"132\" srcset=\"https:\/\/agora.xtec.cat\/ce-elsegre\/wp-content\/uploads\/usu1573\/2023\/05\/5-1.jpg 590w, https:\/\/agora.xtec.cat\/ce-elsegre\/wp-content\/uploads\/usu1573\/2023\/05\/5-1-300x79.jpg 300w\" sizes=\"auto, (max-width: 499px) 100vw, 499px\" \/><\/p>\n<p style=\"text-align: justify;\">I finalment, us deixem amb les fortaleses i febleses <strong>a nivell de centre:<\/strong><\/p>\n<p><img loading=\"lazy\" decoding=\"async\" class=\"wp-image-2946 aligncenter\" src=\"https:\/\/agora.xtec.cat\/ce-elsegre\/wp-content\/uploads\/usu1573\/2023\/05\/6.jpg\" alt=\"\" width=\"504\" height=\"347\" srcset=\"https:\/\/agora.xtec.cat\/ce-elsegre\/wp-content\/uploads\/usu1573\/2023\/05\/6.jpg 587w, https:\/\/agora.xtec.cat\/ce-elsegre\/wp-content\/uploads\/usu1573\/2023\/05\/6-300x206.jpg 300w\" sizes=\"auto, (max-width: 504px) 100vw, 504px\" \/><\/p>\n<p style=\"text-align: justify;\">Ser\u00e0 a partir d&#8217;aquests punts febles que comen\u00e7arem a millorar en la nostra tasca com a docents i impulsarem la tecnologia en el nostre dia a dia.<\/p>\n<p>&nbsp;<\/p>\n","protected":false},"excerpt":{"rendered":"<p>L\u2019objectiu de la diagnosi \u00e9s trobar aquelles fortaleses que el centre ja est\u00e0 fent correctament sobre l\u2019\u00fas de les tecnologies digitals i, tamb\u00e9 aquells aspectes en qu\u00e8 el centre ha de millorar.<br \/>\nLa diagnosi ha de permetre determinar el grau d\u2019assoliment de les compet\u00e8ncies digitals en&hellip;  <a href=\"https:\/\/agora.xtec.cat\/ce-elsegre\/estrategia-digital-de-centre-edc\/documents-curriculars\/pla-tac\/\" title=\"Read Diagnosi\">Llegeix m\u00e9s\u00bb<\/a><\/p>\n","protected":false},"author":1,"featured_media":0,"parent":1920,"menu_order":2,"comment_status":"closed","ping_status":"closed","template":"page-templates\/side-menu.php","meta":{"_bbp_topic_count":0,"_bbp_reply_count":0,"_bbp_total_topic_count":0,"_bbp_total_reply_count":0,"_bbp_voice_count":0,"_bbp_anonymous_reply_count":0,"_bbp_topic_count_hidden":0,"_bbp_reply_count_hidden":0,"_bbp_forum_subforum_count":0,"footnotes":""},"class_list":["post-1924","page","type-page","status-publish","hentry"],"post_mailing_queue_ids":[],"_links":{"self":[{"href":"https:\/\/agora.xtec.cat\/ce-elsegre\/wp-json\/wp\/v2\/pages\/1924","targetHints":{"allow":["GET"]}}],"collection":[{"href":"https:\/\/agora.xtec.cat\/ce-elsegre\/wp-json\/wp\/v2\/pages"}],"about":[{"href":"https:\/\/agora.xtec.cat\/ce-elsegre\/wp-json\/wp\/v2\/types\/page"}],"author":[{"embeddable":true,"href":"https:\/\/agora.xtec.cat\/ce-elsegre\/wp-json\/wp\/v2\/users\/1"}],"replies":[{"embeddable":true,"href":"https:\/\/agora.xtec.cat\/ce-elsegre\/wp-json\/wp\/v2\/comments?post=1924"}],"version-history":[{"count":4,"href":"https:\/\/agora.xtec.cat\/ce-elsegre\/wp-json\/wp\/v2\/pages\/1924\/revisions"}],"predecessor-version":[{"id":3012,"href":"https:\/\/agora.xtec.cat\/ce-elsegre\/wp-json\/wp\/v2\/pages\/1924\/revisions\/3012"}],"up":[{"embeddable":true,"href":"https:\/\/agora.xtec.cat\/ce-elsegre\/wp-json\/wp\/v2\/pages\/1920"}],"wp:attachment":[{"href":"https:\/\/agora.xtec.cat\/ce-elsegre\/wp-json\/wp\/v2\/media?parent=1924"}],"curies":[{"name":"wp","href":"https:\/\/api.w.org\/{rel}","templated":true}]}}