{"id":1767,"date":"2019-06-20T16:00:59","date_gmt":"2019-06-20T14:00:59","guid":{"rendered":"http:\/\/agora.xtec.cat\/ce-elsegre\/?page_id=1767"},"modified":"2022-02-15T11:54:03","modified_gmt":"2022-02-15T10:54:03","slug":"jocs-florals-escolars","status":"publish","type":"page","link":"https:\/\/agora.xtec.cat\/ce-elsegre\/serveis\/jocs-florals-escolars\/","title":{"rendered":"Jocs Florals Escolars"},"content":{"rendered":"<p style=\"text-align: justify;\">El Departament d&#8217;Educaci\u00f3 convoca cada any els Jocs Florals Escolars de Catalunya.\u00a0Aquest cop, i en un context de migraci\u00f3 i arribada de menors no acompanyats, el CE El Segre no es ali\u00e8 a aquest impacte i alguns d\u2019aquests joves volen explicar la seva viv\u00e8ncia del proc\u00e9s migratori i la seva arribada a Catalunya.\u00a0Se\u2019ls diu que el relat pot ser fictici i algun autor utilitza aquest recurs i els altres volen i demanen poder explicar aquest proc\u00e9s.<\/p>\n<p style=\"text-align: justify;\">Tot plegat ha condu\u00eft a qu\u00e8 en l\u2019acte de reconeixement de guardons realitzat el 31 de maig de 2019 a COSMOCAIXA Lleida, atorga el primer premi en categoria E en la fase territorial al nostre Centre.<\/p>\n<p style=\"text-align: justify;\">Tot aix\u00f2 ha conduit a ser presents a la final. Tots els guanyadors de fases territorials passen a la fase final, i en l\u2019acte realitzat a Barcelona, a les cotxeres de Sants, el nostre alumnat ha estat guanyador de la fase nacional.<\/p>\n<p style=\"text-align: justify;\">Tot seguit us deixem el text guanyador de la categoria Educaci\u00f3 Especial d&#8217;Educaci\u00f3 Secund\u00e0ria Obligat\u00f2ria realitzat per alguns dels nostres alumnes <strong>&#8220;La meva pres\u00f3 \u00e9s la meva llibertat&#8221;<\/strong><\/p>\n<p style=\"text-align: justify;\">Cliqueu en el seg\u00fcent enlla\u00e7 i deixeu-vos portar pel relat!<\/p>\n<p><a href=\"https:\/\/agora.xtec.cat\/ce-elsegre\/wp-content\/uploads\/usu1573\/2020\/02\/RELAT.pdf\">RELAT<\/a><\/p>\n","protected":false},"excerpt":{"rendered":"<p>El Departament d&#8217;Educaci\u00f3 convoca cada any els Jocs Florals Escolars de Catalunya.\u00a0Aquest cop, i en un context de migraci\u00f3 i arribada de menors no acompanyats, el CE El Segre no es ali\u00e8 a aquest impacte i alguns d\u2019aquests joves volen explicar la seva viv\u00e8ncia del&hellip;  <a href=\"https:\/\/agora.xtec.cat\/ce-elsegre\/serveis\/jocs-florals-escolars\/\" title=\"Read Jocs Florals Escolars\">Llegeix m\u00e9s\u00bb<\/a><\/p>\n","protected":false},"author":1,"featured_media":0,"parent":63,"menu_order":0,"comment_status":"closed","ping_status":"closed","template":"page-templates\/side-menu.php","meta":{"_bbp_topic_count":0,"_bbp_reply_count":0,"_bbp_total_topic_count":0,"_bbp_total_reply_count":0,"_bbp_voice_count":0,"_bbp_anonymous_reply_count":0,"_bbp_topic_count_hidden":0,"_bbp_reply_count_hidden":0,"_bbp_forum_subforum_count":0,"footnotes":""},"class_list":["post-1767","page","type-page","status-publish","hentry"],"post_mailing_queue_ids":[],"_links":{"self":[{"href":"https:\/\/agora.xtec.cat\/ce-elsegre\/wp-json\/wp\/v2\/pages\/1767","targetHints":{"allow":["GET"]}}],"collection":[{"href":"https:\/\/agora.xtec.cat\/ce-elsegre\/wp-json\/wp\/v2\/pages"}],"about":[{"href":"https:\/\/agora.xtec.cat\/ce-elsegre\/wp-json\/wp\/v2\/types\/page"}],"author":[{"embeddable":true,"href":"https:\/\/agora.xtec.cat\/ce-elsegre\/wp-json\/wp\/v2\/users\/1"}],"replies":[{"embeddable":true,"href":"https:\/\/agora.xtec.cat\/ce-elsegre\/wp-json\/wp\/v2\/comments?post=1767"}],"version-history":[{"count":4,"href":"https:\/\/agora.xtec.cat\/ce-elsegre\/wp-json\/wp\/v2\/pages\/1767\/revisions"}],"predecessor-version":[{"id":1777,"href":"https:\/\/agora.xtec.cat\/ce-elsegre\/wp-json\/wp\/v2\/pages\/1767\/revisions\/1777"}],"up":[{"embeddable":true,"href":"https:\/\/agora.xtec.cat\/ce-elsegre\/wp-json\/wp\/v2\/pages\/63"}],"wp:attachment":[{"href":"https:\/\/agora.xtec.cat\/ce-elsegre\/wp-json\/wp\/v2\/media?parent=1767"}],"curies":[{"name":"wp","href":"https:\/\/api.w.org\/{rel}","templated":true}]}}