{"id":1035,"date":"2018-04-18T17:11:22","date_gmt":"2018-04-18T15:11:22","guid":{"rendered":"http:\/\/agora.xtec.cat\/ce-elsegre\/?page_id=1035"},"modified":"2020-06-04T11:09:32","modified_gmt":"2020-06-04T09:09:32","slug":"consell-catala-de-lesport-2","status":"publish","type":"page","link":"https:\/\/agora.xtec.cat\/ce-elsegre\/col%c2%b7laboracions-externes\/consell-catala-de-lesport-2\/","title":{"rendered":"Consell Catal\u00e0 de l&#8217;Esport"},"content":{"rendered":"<p>&nbsp;<\/p>\n<p style=\"text-align: justify;\">El Consell Catal\u00e0 de l\u2019Esport treballa conjuntament amb el nostre centre acreditant diferents formacions esportives realitzades per part del professor d\u2019educaci\u00f3 f\u00edsica. Cursos principalment trimestrals on els joves que el superin obtenen una acreditaci\u00f3 de nivell d\u2019auxiliar. Un cop fora poden continuar la seva formaci\u00f3 acad\u00e8mica m\u00e9s espec\u00edfica per aconseguir una sortida laboral, relacionada amb el m\u00f3n de l&#8217;esport.<\/p>\n<p style=\"text-align: justify;\"><img loading=\"lazy\" decoding=\"async\" class=\"wp-image-1190 aligncenter\" src=\"http:\/\/agora.xtec.cat\/ce-elsegre\/wp-content\/uploads\/usu1573\/2018\/04\/ESPORTCAT_H_COLOR_TEXT_NEGRE_VERMELL-1024x143.jpg\" alt=\"\" width=\"727\" height=\"102\" srcset=\"https:\/\/agora.xtec.cat\/ce-elsegre\/wp-content\/uploads\/usu1573\/2018\/04\/ESPORTCAT_H_COLOR_TEXT_NEGRE_VERMELL-1024x143.jpg 1024w, https:\/\/agora.xtec.cat\/ce-elsegre\/wp-content\/uploads\/usu1573\/2018\/04\/ESPORTCAT_H_COLOR_TEXT_NEGRE_VERMELL-300x42.jpg 300w, https:\/\/agora.xtec.cat\/ce-elsegre\/wp-content\/uploads\/usu1573\/2018\/04\/ESPORTCAT_H_COLOR_TEXT_NEGRE_VERMELL-768x107.jpg 768w\" sizes=\"auto, (max-width: 727px) 100vw, 727px\" \/><\/p>\n<p style=\"text-align: justify;\">\n","protected":false},"excerpt":{"rendered":"<p>&nbsp;<br \/>\nEl Consell Catal\u00e0 de l\u2019Esport treballa conjuntament amb el nostre centre acreditant diferents formacions esportives realitzades per part del professor d\u2019educaci\u00f3 f\u00edsica. Cursos principalment trimestrals on els joves que el superin obtenen una acreditaci\u00f3 de nivell d\u2019auxiliar. Un cop fora poden continuar la seva formaci\u00f3&hellip;  <a href=\"https:\/\/agora.xtec.cat\/ce-elsegre\/col%c2%b7laboracions-externes\/consell-catala-de-lesport-2\/\" title=\"Read Consell Catal\u00e0 de l&#8217;Esport\">Llegeix m\u00e9s\u00bb<\/a><\/p>\n","protected":false},"author":1,"featured_media":0,"parent":558,"menu_order":40,"comment_status":"closed","ping_status":"closed","template":"page-templates\/side-menu.php","meta":{"_bbp_topic_count":0,"_bbp_reply_count":0,"_bbp_total_topic_count":0,"_bbp_total_reply_count":0,"_bbp_voice_count":0,"_bbp_anonymous_reply_count":0,"_bbp_topic_count_hidden":0,"_bbp_reply_count_hidden":0,"_bbp_forum_subforum_count":0,"footnotes":""},"class_list":["post-1035","page","type-page","status-publish","hentry"],"post_mailing_queue_ids":[],"_links":{"self":[{"href":"https:\/\/agora.xtec.cat\/ce-elsegre\/wp-json\/wp\/v2\/pages\/1035","targetHints":{"allow":["GET"]}}],"collection":[{"href":"https:\/\/agora.xtec.cat\/ce-elsegre\/wp-json\/wp\/v2\/pages"}],"about":[{"href":"https:\/\/agora.xtec.cat\/ce-elsegre\/wp-json\/wp\/v2\/types\/page"}],"author":[{"embeddable":true,"href":"https:\/\/agora.xtec.cat\/ce-elsegre\/wp-json\/wp\/v2\/users\/1"}],"replies":[{"embeddable":true,"href":"https:\/\/agora.xtec.cat\/ce-elsegre\/wp-json\/wp\/v2\/comments?post=1035"}],"version-history":[{"count":3,"href":"https:\/\/agora.xtec.cat\/ce-elsegre\/wp-json\/wp\/v2\/pages\/1035\/revisions"}],"predecessor-version":[{"id":1832,"href":"https:\/\/agora.xtec.cat\/ce-elsegre\/wp-json\/wp\/v2\/pages\/1035\/revisions\/1832"}],"up":[{"embeddable":true,"href":"https:\/\/agora.xtec.cat\/ce-elsegre\/wp-json\/wp\/v2\/pages\/558"}],"wp:attachment":[{"href":"https:\/\/agora.xtec.cat\/ce-elsegre\/wp-json\/wp\/v2\/media?parent=1035"}],"curies":[{"name":"wp","href":"https:\/\/api.w.org\/{rel}","templated":true}]}}