{"id":84,"date":"2014-09-18T14:11:31","date_gmt":"2014-09-18T13:11:31","guid":{"rendered":"http:\/\/agora.xtec.cat\/baldirireixach\/?page_id=84"},"modified":"2025-08-12T21:07:34","modified_gmt":"2025-08-12T19:07:34","slug":"activitats-extraescolars","status":"publish","type":"page","link":"https:\/\/agora.xtec.cat\/baldirireixach\/serveis\/activitats-extraescolars\/","title":{"rendered":"Activitats extraescolars 25\/26"},"content":{"rendered":"<p><img loading=\"lazy\" decoding=\"async\" class=\"wp-image-893 aligncenter\" src=\"https:\/\/agora.xtec.cat\/baldirireixach\/wp-content\/uploads\/usu2124\/2020\/09\/extraescolars.png\" alt=\"\" width=\"418\" height=\"229\" srcset=\"https:\/\/agora.xtec.cat\/baldirireixach\/wp-content\/uploads\/usu2124\/2020\/09\/extraescolars.png 1000w, https:\/\/agora.xtec.cat\/baldirireixach\/wp-content\/uploads\/usu2124\/2020\/09\/extraescolars-300x164.png 300w, https:\/\/agora.xtec.cat\/baldirireixach\/wp-content\/uploads\/usu2124\/2020\/09\/extraescolars-768x420.png 768w\" sizes=\"auto, (max-width: 418px) 100vw, 418px\" \/>Com cada any des de l&#8217;AFA us oferim un seguit d&#8217;activitats extraescolars i tot seguit us en donem tots els detalls:<\/p>\n<h3>Activitats organitzades per l&#8217;<a href=\"https:\/\/www.esquitxlleure.com\" target=\"_blank\" rel=\"noopener noreferrer\">Esquitx<\/a>:<\/h3>\n<p><img loading=\"lazy\" decoding=\"async\" class=\"alignnone size-full wp-image-3445\" src=\"https:\/\/agora.xtec.cat\/baldirireixach\/wp-content\/uploads\/usu2124\/2025\/08\/extraescolar-esquitx-25-26.png\" alt=\"\" width=\"1000\" height=\"707\" srcset=\"https:\/\/agora.xtec.cat\/baldirireixach\/wp-content\/uploads\/usu2124\/2025\/08\/extraescolar-esquitx-25-26.png 1000w, https:\/\/agora.xtec.cat\/baldirireixach\/wp-content\/uploads\/usu2124\/2025\/08\/extraescolar-esquitx-25-26-300x212.png 300w, https:\/\/agora.xtec.cat\/baldirireixach\/wp-content\/uploads\/usu2124\/2025\/08\/extraescolar-esquitx-25-26-768x543.png 768w\" sizes=\"auto, (max-width: 1000px) 100vw, 1000px\" \/><\/p>\n<p>&nbsp;<\/p>\n<p style=\"text-align: center;\"><a class=\"button large\" style=\"padding: 1em; font-weight: 400; margin: 0.1em; color: white !important; background-color: #0eb1ff;\" href=\"https:\/\/docs.google.com\/forms\/d\/e\/1FAIpQLSeonFlPMOVaDRyBbQvUMIuIIbYlW906zQNIWVN7TGH6iFkfiA\/viewform\" target=\"_blank\" rel=\"noopener noreferrer\">Inscripcions extraescolars Esquitx<\/a><\/p>\n<p>&nbsp;<\/p>\n<p><img loading=\"lazy\" decoding=\"async\" class=\"alignnone size-full wp-image-3443\" src=\"https:\/\/agora.xtec.cat\/baldirireixach\/wp-content\/uploads\/usu2124\/2025\/08\/karate_baldiri_25-26.png\" alt=\"\" width=\"1280\" height=\"833\" srcset=\"https:\/\/agora.xtec.cat\/baldirireixach\/wp-content\/uploads\/usu2124\/2025\/08\/karate_baldiri_25-26.png 1280w, https:\/\/agora.xtec.cat\/baldirireixach\/wp-content\/uploads\/usu2124\/2025\/08\/karate_baldiri_25-26-300x195.png 300w, https:\/\/agora.xtec.cat\/baldirireixach\/wp-content\/uploads\/usu2124\/2025\/08\/karate_baldiri_25-26-1024x666.png 1024w, https:\/\/agora.xtec.cat\/baldirireixach\/wp-content\/uploads\/usu2124\/2025\/08\/karate_baldiri_25-26-768x500.png 768w\" sizes=\"auto, (max-width: 1280px) 100vw, 1280px\" \/><\/p>\n<p>&nbsp;<\/p>\n<p style=\"text-align: center;\"><a class=\"button large\" style=\"padding: 1em; font-weight: 400; margin: 0.1em; color: white !important; background-color: #0eb1ff;\" href=\"https:\/\/agora.xtec.cat\/baldirireixach\/wp-content\/uploads\/usu2124\/2023\/09\/inscripcio_Karate.pdf\" target=\"_blank\" rel=\"noopener noreferrer\">Full d&#8217;inscripci\u00f3 a Karate<\/a><\/p>\n<p><strong>Per fer la inscripci\u00f3 al karate, descarregueu-vos i imprimiu el full d&#8217;inscripci\u00f3 i porteu-lo a l&#8217;escola, o poseu-vos en contacte amb l&#8217;Oriol Maura. Tamb\u00e9 podeu passar pel despatx de l&#8217;escola a buscar el full d&#8217;inscripci\u00f3.<\/strong><\/p>\n","protected":false},"excerpt":{"rendered":"<p>Com cada any des de l&#8217;AFA us oferim un seguit d&#8217;activitats extraescolars i tot seguit us en donem tots els detalls: Activitats organitzades per l&#8217;Esquitx: &nbsp; Inscripcions extraescolars Esquitx &nbsp; &nbsp; Full d&#8217;inscripci\u00f3 a Karate Per fer la inscripci\u00f3 al karate, descarregueu-vos i imprimiu el full d&#8217;inscripci\u00f3 i porteu-lo a l&#8217;escola, o poseu-vos en contacte [&hellip;]<\/p>\n","protected":false},"author":1,"featured_media":0,"parent":66,"menu_order":60,"comment_status":"closed","ping_status":"closed","template":"","meta":{"_bbp_topic_count":0,"_bbp_reply_count":0,"_bbp_total_topic_count":0,"_bbp_total_reply_count":0,"_bbp_voice_count":0,"_bbp_anonymous_reply_count":0,"_bbp_topic_count_hidden":0,"_bbp_reply_count_hidden":0,"_bbp_forum_subforum_count":0,"site-sidebar-layout":"default","site-content-layout":"","ast-site-content-layout":"default","site-content-style":"default","site-sidebar-style":"default","ast-global-header-display":"","ast-banner-title-visibility":"","ast-main-header-display":"","ast-hfb-above-header-display":"","ast-hfb-below-header-display":"","ast-hfb-mobile-header-display":"","site-post-title":"","ast-breadcrumbs-content":"","ast-featured-img":"","footer-sml-layout":"","theme-transparent-header-meta":"default","adv-header-id-meta":"","stick-header-meta":"","header-above-stick-meta":"","header-main-stick-meta":"","header-below-stick-meta":"","astra-migrate-meta-layouts":"set","ast-page-background-enabled":"default","ast-page-background-meta":{"desktop":{"background-color":"var(--ast-global-color-4)","background-image":"","background-repeat":"repeat","background-position":"center center","background-size":"auto","background-attachment":"scroll","background-type":"","background-media":"","overlay-type":"","overlay-color":"","overlay-opacity":"","overlay-gradient":""},"tablet":{"background-color":"","background-image":"","background-repeat":"repeat","background-position":"center center","background-size":"auto","background-attachment":"scroll","background-type":"","background-media":"","overlay-type":"","overlay-color":"","overlay-opacity":"","overlay-gradient":""},"mobile":{"background-color":"","background-image":"","background-repeat":"repeat","background-position":"center center","background-size":"auto","background-attachment":"scroll","background-type":"","background-media":"","overlay-type":"","overlay-color":"","overlay-opacity":"","overlay-gradient":""}},"ast-content-background-meta":{"desktop":{"background-color":"var(--ast-global-color-5)","background-image":"","background-repeat":"repeat","background-position":"center center","background-size":"auto","background-attachment":"scroll","background-type":"","background-media":"","overlay-type":"","overlay-color":"","overlay-opacity":"","overlay-gradient":""},"tablet":{"background-color":"var(--ast-global-color-5)","background-image":"","background-repeat":"repeat","background-position":"center center","background-size":"auto","background-attachment":"scroll","background-type":"","background-media":"","overlay-type":"","overlay-color":"","overlay-opacity":"","overlay-gradient":""},"mobile":{"background-color":"var(--ast-global-color-5)","background-image":"","background-repeat":"repeat","background-position":"center center","background-size":"auto","background-attachment":"scroll","background-type":"","background-media":"","overlay-type":"","overlay-color":"","overlay-opacity":"","overlay-gradient":""}},"footnotes":""},"class_list":["post-84","page","type-page","status-publish","hentry"],"post_mailing_queue_ids":[],"_links":{"self":[{"href":"https:\/\/agora.xtec.cat\/baldirireixach\/wp-json\/wp\/v2\/pages\/84","targetHints":{"allow":["GET"]}}],"collection":[{"href":"https:\/\/agora.xtec.cat\/baldirireixach\/wp-json\/wp\/v2\/pages"}],"about":[{"href":"https:\/\/agora.xtec.cat\/baldirireixach\/wp-json\/wp\/v2\/types\/page"}],"author":[{"embeddable":true,"href":"https:\/\/agora.xtec.cat\/baldirireixach\/wp-json\/wp\/v2\/users\/1"}],"replies":[{"embeddable":true,"href":"https:\/\/agora.xtec.cat\/baldirireixach\/wp-json\/wp\/v2\/comments?post=84"}],"version-history":[{"count":6,"href":"https:\/\/agora.xtec.cat\/baldirireixach\/wp-json\/wp\/v2\/pages\/84\/revisions"}],"predecessor-version":[{"id":3446,"href":"https:\/\/agora.xtec.cat\/baldirireixach\/wp-json\/wp\/v2\/pages\/84\/revisions\/3446"}],"up":[{"embeddable":true,"href":"https:\/\/agora.xtec.cat\/baldirireixach\/wp-json\/wp\/v2\/pages\/66"}],"wp:attachment":[{"href":"https:\/\/agora.xtec.cat\/baldirireixach\/wp-json\/wp\/v2\/media?parent=84"}],"curies":[{"name":"wp","href":"https:\/\/api.w.org\/{rel}","templated":true}]}}