{"id":795,"date":"2020-08-12T15:22:06","date_gmt":"2020-08-12T13:22:06","guid":{"rendered":"https:\/\/agora.xtec.cat\/baldirireixach\/?page_id=795"},"modified":"2025-08-12T21:28:04","modified_gmt":"2025-08-12T19:28:04","slug":"qui-som","status":"publish","type":"page","link":"https:\/\/agora.xtec.cat\/baldirireixach\/escola\/qui-som\/","title":{"rendered":"Qui som"},"content":{"rendered":"<p><strong>Claustre curs 2025-2026<\/strong><\/p>\n<p><strong>Equip educatiu<\/strong><strong>.<\/strong> Format per 30 mestres d\u2019educaci\u00f3 infantil, de prim\u00e0ria i especialistes de m\u00fasica, angl\u00e8s, educaci\u00f3 f\u00edsica i educaci\u00f3 especial en les funcions de tutoria o especialitat. Tamb\u00e9 en formen part altres professionals: T\u00e8cnica d\u2019educaci\u00f3 infantil, T\u00e8cnica d\u2019Integraci\u00f3 Social, Educadora d\u2019Educaci\u00f3 Especial, vetlladora i els serveis educatius al voltant de l\u2019Equip d\u2019Assessorament Psicopedag\u00f2gic.<\/p>\n<table style=\"height: 811px; width: 38.9844%;\" width=\"719\">\n<tbody>\n<tr style=\"height: 49px;\">\n<td style=\"height: 49px; width: 108.98%;\" colspan=\"2\">\n<h5><strong>Equip directiu<\/strong><\/h5>\n<\/td>\n<\/tr>\n<tr style=\"height: 31px;\">\n<td style=\"width: 79.1499%; height: 31px;\"><strong>Joan Casamitjana Ribas<\/strong><\/td>\n<td style=\"width: 29.8297%; height: 31px;\">Direcci\u00f3<\/td>\n<\/tr>\n<tr style=\"height: 31px;\">\n<td style=\"width: 79.1499%; height: 31px;\"><strong>Merc\u00e8 Albert\u00ed Rio<\/strong><\/td>\n<td style=\"width: 29.8297%; height: 31px;\">Cap d&#8217;estudis<\/td>\n<\/tr>\n<tr style=\"height: 31px;\">\n<td style=\"width: 79.1499%; height: 31px;\"><strong>Xevi Garcia Gil<\/strong><\/td>\n<td style=\"width: 29.8297%; height: 31px;\">Secretari<\/td>\n<\/tr>\n<tr style=\"height: 49px;\">\n<td style=\"height: 49px; width: 108.98%;\" colspan=\"2\">\n<h5><strong>Equip d&#8217;Educaci\u00f3 Infantil<\/strong><\/h5>\n<\/td>\n<\/tr>\n<tr style=\"height: 31px;\">\n<td style=\"width: 79.1499%; height: 31px;\"><strong>Nat\u00e0lia Franc\u00e8s Sanmartin<\/strong><\/td>\n<td style=\"width: 29.8297%; height: 31px;\">I3<\/td>\n<\/tr>\n<tr style=\"height: 31px;\">\n<td style=\"width: 79.1499%; height: 31px;\"><strong>Joana L\u00f3pez Balsalobre<\/strong><\/td>\n<td style=\"width: 29.8297%; height: 31px;\">I4<\/td>\n<\/tr>\n<tr style=\"height: 31px;\">\n<td style=\"width: 79.1499%; height: 31px;\"><strong>S\u00edlvia Masabeu Urrutia<\/strong><\/td>\n<td style=\"width: 29.8297%; height: 31px;\">I5<\/td>\n<\/tr>\n<tr style=\"height: 31px;\">\n<td style=\"width: 79.1499%; height: 31px;\"><strong>Cristina Espinar Tor\u00e1n<\/strong><\/td>\n<td style=\"width: 29.8297%; height: 31px;\">TEI<\/td>\n<\/tr>\n<tr style=\"height: 31px;\">\n<td style=\"height: 31px; width: 108.98%;\" colspan=\"2\">\n<h5><strong>Equip de Cicle Inicial<\/strong><\/h5>\n<\/td>\n<\/tr>\n<tr>\n<td style=\"width: 79.1499%;\"><strong>M\u00f2nica Caldas S\u00e1nchez<\/strong><\/td>\n<td style=\"width: 29.8297%;\">1r A<\/td>\n<\/tr>\n<tr style=\"height: 31px;\">\n<td style=\"width: 79.1499%; height: 31px;\"><strong>S\u00edlvia Fibla Ortiz<\/strong><\/td>\n<td style=\"width: 29.8297%; height: 31px;\">1r B<\/td>\n<\/tr>\n<tr style=\"height: 31px;\">\n<td style=\"width: 79.1499%; height: 31px;\"><strong>Raquel Bigas Clara<\/strong><\/td>\n<td style=\"width: 29.8297%; height: 31px;\">2n A<\/td>\n<\/tr>\n<tr>\n<td style=\"width: 79.1499%;\"><strong>Vanessa Rojas Huertas<\/strong><\/td>\n<td style=\"width: 29.8297%;\">2n B<\/td>\n<\/tr>\n<tr style=\"height: 31px;\">\n<td style=\"width: 108.98%; height: 31px;\" colspan=\"2\">\n<h5><strong>Equip de Cicle Mitj\u00e0<\/strong><\/h5>\n<\/td>\n<\/tr>\n<tr style=\"height: 31px;\">\n<td style=\"width: 79.1499%; height: 31px;\"><strong>Gerard L\u00f3pez S\u00e1nchez<\/strong><\/td>\n<td style=\"width: 29.8297%; height: 31px;\">3r<\/td>\n<\/tr>\n<tr>\n<td style=\"width: 79.1499%;\"><strong>Marta Torres Puga<\/strong><\/td>\n<td style=\"width: 29.8297%; height: 31px;\">4t A<\/td>\n<\/tr>\n<tr style=\"height: 31px;\">\n<td style=\"width: 79.1499%; height: 31px;\"><strong>Alba Villariezo Codinachs<\/strong><\/td>\n<td style=\"width: 29.8297%; height: 31px;\">4t B<\/td>\n<\/tr>\n<tr style=\"height: 31px;\">\n<td style=\"width: 108.98%; height: 31px;\" colspan=\"2\">\n<h5><strong>Equip de Cicle Superior<\/strong><\/h5>\n<\/td>\n<\/tr>\n<tr style=\"height: 31px;\">\n<td style=\"width: 79.1499%; height: 31px;\"><strong>Henar Rodr\u00edguez Fern\u00e1ndez<\/strong><\/td>\n<td style=\"width: 29.8297%; height: 31px;\">5\u00e8 A<\/td>\n<\/tr>\n<tr>\n<td style=\"width: 79.1499%;\"><strong>Laia Xirgo Marqu\u00e8s<\/strong><\/td>\n<td style=\"width: 29.8297%;\">5\u00e8 B<\/td>\n<\/tr>\n<tr>\n<td style=\"width: 79.1499%;\"><strong>Maribel M\u00fajica Gonz\u00e1lez<\/strong><\/td>\n<td style=\"width: 29.8297%;\">6\u00e8 A<\/td>\n<\/tr>\n<tr>\n<td style=\"width: 79.1499%;\"><strong>Eva Pujol Vivo<\/strong><\/td>\n<td style=\"width: 29.8297%;\">6\u00e8 B<\/td>\n<\/tr>\n<tr>\n<td style=\"width: 108.98%;\" colspan=\"2\">\n<h5><strong>Equip\u00a0d&#8217;Especialistes<\/strong><\/h5>\n<\/td>\n<\/tr>\n<tr>\n<td style=\"width: 79.1499%;\"><strong>Eva Ribes Hern\u00e1ndez<\/strong><\/td>\n<td style=\"width: 29.8297%;\">Coordinadora Digital \/ FAIG<\/td>\n<\/tr>\n<tr>\n<td style=\"width: 79.1499%;\"><strong>M\u00f2nica Bassacomas Morenro<\/strong><\/td>\n<td style=\"width: 29.8297%;\">Aula d&#8217;acollida<\/td>\n<\/tr>\n<tr>\n<td style=\"width: 79.1499%;\"><strong>Paula Jim\u00e9nez Fern\u00e1ndez<\/strong><\/td>\n<td style=\"width: 29.8297%;\">TIS (t\u00e8cnica integraci\u00f3 social)<\/td>\n<\/tr>\n<tr>\n<td style=\"width: 79.1499%;\"><strong>Marina Vega Gargallo<\/strong><\/td>\n<td style=\"width: 29.8297%;\">Angl\u00e8s<\/td>\n<\/tr>\n<tr>\n<td style=\"width: 79.1499%;\"><strong>Marta L\u00f3pez Pulido<\/strong><\/td>\n<td style=\"width: 29.8297%;\">Angl\u00e8s<\/td>\n<\/tr>\n<tr>\n<td style=\"width: 79.1499%;\"><strong>Mari Pau Rosales Moll\u00f3<\/strong><\/td>\n<td style=\"width: 29.8297%;\">Educaci\u00f3 especial<\/td>\n<\/tr>\n<tr>\n<td style=\"width: 79.1499%;\"><strong>Sara Pena de la Torre<\/strong><\/td>\n<td style=\"width: 29.8297%;\">Educaci\u00f3 especial<\/td>\n<\/tr>\n<tr>\n<td style=\"width: 79.1499%;\"><b>J\u00e9ssica Ayala Farr\u00e9<\/b><\/td>\n<td style=\"width: 29.8297%;\">Audici\u00f3 i llenguatge<\/td>\n<\/tr>\n<tr>\n<td style=\"width: 79.1499%;\"><b>Irene Marcos Castell\u00f3<\/b><\/td>\n<td style=\"width: 29.8297%;\">Suport Intensiu d&#8217;audici\u00f3 i llenguatge<\/td>\n<\/tr>\n<tr>\n<td style=\"width: 79.1499%;\"><strong>Carolina Collado S\u00e1nchez<\/strong><\/td>\n<td style=\"width: 29.8297%;\">M\u00fasica<\/td>\n<\/tr>\n<tr>\n<td style=\"width: 79.1499%;\"><strong>Mari Carmen Rubio Rom\u00e1n<\/strong><\/td>\n<td style=\"width: 29.8297%;\">Educaci\u00f3 f\u00edsica<\/td>\n<\/tr>\n<tr>\n<td style=\"width: 79.1499%;\"><strong>Mat\u00edas Obreg\u00f3n Beltrocco<\/strong><\/td>\n<td style=\"width: 29.8297%;\">Religi\u00f3<\/td>\n<\/tr>\n<tr>\n<td style=\"width: 108.98%;\" colspan=\"2\">\n<h5><strong>Equip d&#8217;Administraci\u00f3 i Serveis<\/strong><\/h5>\n<\/td>\n<\/tr>\n<tr>\n<td style=\"width: 79.1499%;\"><strong>\u00a0Mon Navarro Bonet<\/strong><\/td>\n<td style=\"width: 29.8297%;\">Administrativa<\/td>\n<\/tr>\n<tr>\n<td style=\"width: 79.1499%;\"><strong>Jose Valero L\u00f3pez<\/strong><\/td>\n<td style=\"width: 29.8297%;\">Conserge<\/td>\n<\/tr>\n<\/tbody>\n<\/table>\n<p>&nbsp;<\/p>\n","protected":false},"excerpt":{"rendered":"<p>Claustre curs 2025-2026 Equip educatiu. Format per 30 mestres d\u2019educaci\u00f3 infantil, de prim\u00e0ria i especialistes de m\u00fasica, angl\u00e8s, educaci\u00f3 f\u00edsica i educaci\u00f3 especial en les funcions de tutoria o especialitat. Tamb\u00e9 en formen part altres professionals: T\u00e8cnica d\u2019educaci\u00f3 infantil, T\u00e8cnica d\u2019Integraci\u00f3 Social, Educadora d\u2019Educaci\u00f3 Especial, vetlladora i els serveis educatius al voltant de l\u2019Equip d\u2019Assessorament [&hellip;]<\/p>\n","protected":false},"author":1,"featured_media":0,"parent":22,"menu_order":15,"comment_status":"closed","ping_status":"closed","template":"","meta":{"_bbp_topic_count":0,"_bbp_reply_count":0,"_bbp_total_topic_count":0,"_bbp_total_reply_count":0,"_bbp_voice_count":0,"_bbp_anonymous_reply_count":0,"_bbp_topic_count_hidden":0,"_bbp_reply_count_hidden":0,"_bbp_forum_subforum_count":0,"site-sidebar-layout":"default","site-content-layout":"","ast-site-content-layout":"default","site-content-style":"default","site-sidebar-style":"default","ast-global-header-display":"","ast-banner-title-visibility":"","ast-main-header-display":"","ast-hfb-above-header-display":"","ast-hfb-below-header-display":"","ast-hfb-mobile-header-display":"","site-post-title":"","ast-breadcrumbs-content":"","ast-featured-img":"","footer-sml-layout":"","theme-transparent-header-meta":"default","adv-header-id-meta":"","stick-header-meta":"","header-above-stick-meta":"","header-main-stick-meta":"","header-below-stick-meta":"","astra-migrate-meta-layouts":"set","ast-page-background-enabled":"default","ast-page-background-meta":{"desktop":{"background-color":"var(--ast-global-color-4)","background-image":"","background-repeat":"repeat","background-position":"center center","background-size":"auto","background-attachment":"scroll","background-type":"","background-media":"","overlay-type":"","overlay-color":"","overlay-opacity":"","overlay-gradient":""},"tablet":{"background-color":"","background-image":"","background-repeat":"repeat","background-position":"center center","background-size":"auto","background-attachment":"scroll","background-type":"","background-media":"","overlay-type":"","overlay-color":"","overlay-opacity":"","overlay-gradient":""},"mobile":{"background-color":"","background-image":"","background-repeat":"repeat","background-position":"center center","background-size":"auto","background-attachment":"scroll","background-type":"","background-media":"","overlay-type":"","overlay-color":"","overlay-opacity":"","overlay-gradient":""}},"ast-content-background-meta":{"desktop":{"background-color":"var(--ast-global-color-5)","background-image":"","background-repeat":"repeat","background-position":"center center","background-size":"auto","background-attachment":"scroll","background-type":"","background-media":"","overlay-type":"","overlay-color":"","overlay-opacity":"","overlay-gradient":""},"tablet":{"background-color":"var(--ast-global-color-5)","background-image":"","background-repeat":"repeat","background-position":"center center","background-size":"auto","background-attachment":"scroll","background-type":"","background-media":"","overlay-type":"","overlay-color":"","overlay-opacity":"","overlay-gradient":""},"mobile":{"background-color":"var(--ast-global-color-5)","background-image":"","background-repeat":"repeat","background-position":"center center","background-size":"auto","background-attachment":"scroll","background-type":"","background-media":"","overlay-type":"","overlay-color":"","overlay-opacity":"","overlay-gradient":""}},"footnotes":""},"class_list":["post-795","page","type-page","status-publish","hentry"],"post_mailing_queue_ids":[],"_links":{"self":[{"href":"https:\/\/agora.xtec.cat\/baldirireixach\/wp-json\/wp\/v2\/pages\/795","targetHints":{"allow":["GET"]}}],"collection":[{"href":"https:\/\/agora.xtec.cat\/baldirireixach\/wp-json\/wp\/v2\/pages"}],"about":[{"href":"https:\/\/agora.xtec.cat\/baldirireixach\/wp-json\/wp\/v2\/types\/page"}],"author":[{"embeddable":true,"href":"https:\/\/agora.xtec.cat\/baldirireixach\/wp-json\/wp\/v2\/users\/1"}],"replies":[{"embeddable":true,"href":"https:\/\/agora.xtec.cat\/baldirireixach\/wp-json\/wp\/v2\/comments?post=795"}],"version-history":[{"count":6,"href":"https:\/\/agora.xtec.cat\/baldirireixach\/wp-json\/wp\/v2\/pages\/795\/revisions"}],"predecessor-version":[{"id":3472,"href":"https:\/\/agora.xtec.cat\/baldirireixach\/wp-json\/wp\/v2\/pages\/795\/revisions\/3472"}],"up":[{"embeddable":true,"href":"https:\/\/agora.xtec.cat\/baldirireixach\/wp-json\/wp\/v2\/pages\/22"}],"wp:attachment":[{"href":"https:\/\/agora.xtec.cat\/baldirireixach\/wp-json\/wp\/v2\/media?parent=795"}],"curies":[{"name":"wp","href":"https:\/\/api.w.org\/{rel}","templated":true}]}}