{"id":790,"date":"2020-08-11T14:01:24","date_gmt":"2020-08-11T12:01:24","guid":{"rendered":"https:\/\/agora.xtec.cat\/baldirireixach\/?page_id=790"},"modified":"2020-08-13T20:23:30","modified_gmt":"2020-08-13T18:23:30","slug":"dijous-compartits","status":"publish","type":"page","link":"https:\/\/agora.xtec.cat\/baldirireixach\/projectes_educatius\/dijous-compartits\/","title":{"rendered":"Dijous compartits"},"content":{"rendered":"<p><a href=\"https:\/\/photos.app.goo.gl\/TwgEDLi3LGsEyidU9\"><img loading=\"lazy\" decoding=\"async\" class=\"alignleft\" src=\"https:\/\/lh3.googleusercontent.com\/pw\/ACtC-3fP_JvowEv_i-yA5PE5jX1k52ui_ufAhd9VitzrkDFFIh6LADymU9sUfHoE1Qn-NGVWMlCgA6ClXTuDVOk-luSPWUbiZsDBA5MY6YBYO1ccBatzZNxFPV_DD7i8CPtR1z-I4xKp3pb3dXTc-QAMCXADoA=w876-h657-no?authuser=0\" alt=\"Dijous compartits\" width=\"288\" height=\"404\" \/><\/a><\/p>\n<p>A les aules d&#8217;<a href=\"https:\/\/agora.xtec.cat\/baldirireixach\/categoria\/infantil\/\" target=\"_blank\" rel=\"noopener noreferrer\">Educaci\u00f3 Infantil<\/a> els dijous a la tarda portem a terme el projecte<a href=\"https:\/\/photos.app.goo.gl\/TwgEDLi3LGsEyidU9\" target=\"_blank\" rel=\"noopener noreferrer\"><strong> Dijous Compartits<\/strong><\/a>, una estona en que els familiars dels nostres alumnes comparteixen experi\u00e8ncies amb les nenes i els nens. Aix\u00ed, de forma directa i vivencial, pares, mares i altres familiars poden veure qu\u00e8 fan els seus fills i filles a l&#8217;escola, com gaudeixen, com juguen i com aprenen.<\/p>\n<p>&nbsp;<\/p>\n","protected":false},"excerpt":{"rendered":"<p>A les aules d&#8217;Educaci\u00f3 Infantil els dijous a la tarda portem a terme el projecte Dijous Compartits, una estona en que els familiars dels nostres alumnes comparteixen experi\u00e8ncies amb les nenes i els nens. Aix\u00ed, de forma directa i vivencial, pares, mares i altres familiars poden veure qu\u00e8 fan els seus fills i filles a [&hellip;]<\/p>\n","protected":false},"author":1,"featured_media":0,"parent":64,"menu_order":30,"comment_status":"closed","ping_status":"closed","template":"page-templates\/side-menu.php","meta":{"_bbp_topic_count":0,"_bbp_reply_count":0,"_bbp_total_topic_count":0,"_bbp_total_reply_count":0,"_bbp_voice_count":0,"_bbp_anonymous_reply_count":0,"_bbp_topic_count_hidden":0,"_bbp_reply_count_hidden":0,"_bbp_forum_subforum_count":0,"site-sidebar-layout":"default","site-content-layout":"","ast-site-content-layout":"","site-content-style":"default","site-sidebar-style":"default","ast-global-header-display":"","ast-banner-title-visibility":"","ast-main-header-display":"","ast-hfb-above-header-display":"","ast-hfb-below-header-display":"","ast-hfb-mobile-header-display":"","site-post-title":"","ast-breadcrumbs-content":"","ast-featured-img":"","footer-sml-layout":"","theme-transparent-header-meta":"","adv-header-id-meta":"","stick-header-meta":"","header-above-stick-meta":"","header-main-stick-meta":"","header-below-stick-meta":"","astra-migrate-meta-layouts":"default","ast-page-background-enabled":"default","ast-page-background-meta":{"desktop":{"background-color":"var(--ast-global-color-4)","background-image":"","background-repeat":"repeat","background-position":"center center","background-size":"auto","background-attachment":"scroll","background-type":"","background-media":"","overlay-type":"","overlay-color":"","overlay-opacity":"","overlay-gradient":""},"tablet":{"background-color":"","background-image":"","background-repeat":"repeat","background-position":"center center","background-size":"auto","background-attachment":"scroll","background-type":"","background-media":"","overlay-type":"","overlay-color":"","overlay-opacity":"","overlay-gradient":""},"mobile":{"background-color":"","background-image":"","background-repeat":"repeat","background-position":"center center","background-size":"auto","background-attachment":"scroll","background-type":"","background-media":"","overlay-type":"","overlay-color":"","overlay-opacity":"","overlay-gradient":""}},"ast-content-background-meta":{"desktop":{"background-color":"var(--ast-global-color-5)","background-image":"","background-repeat":"repeat","background-position":"center center","background-size":"auto","background-attachment":"scroll","background-type":"","background-media":"","overlay-type":"","overlay-color":"","overlay-opacity":"","overlay-gradient":""},"tablet":{"background-color":"var(--ast-global-color-5)","background-image":"","background-repeat":"repeat","background-position":"center center","background-size":"auto","background-attachment":"scroll","background-type":"","background-media":"","overlay-type":"","overlay-color":"","overlay-opacity":"","overlay-gradient":""},"mobile":{"background-color":"var(--ast-global-color-5)","background-image":"","background-repeat":"repeat","background-position":"center center","background-size":"auto","background-attachment":"scroll","background-type":"","background-media":"","overlay-type":"","overlay-color":"","overlay-opacity":"","overlay-gradient":""}},"footnotes":""},"class_list":["post-790","page","type-page","status-publish","hentry"],"post_mailing_queue_ids":[],"_links":{"self":[{"href":"https:\/\/agora.xtec.cat\/baldirireixach\/wp-json\/wp\/v2\/pages\/790","targetHints":{"allow":["GET"]}}],"collection":[{"href":"https:\/\/agora.xtec.cat\/baldirireixach\/wp-json\/wp\/v2\/pages"}],"about":[{"href":"https:\/\/agora.xtec.cat\/baldirireixach\/wp-json\/wp\/v2\/types\/page"}],"author":[{"embeddable":true,"href":"https:\/\/agora.xtec.cat\/baldirireixach\/wp-json\/wp\/v2\/users\/1"}],"replies":[{"embeddable":true,"href":"https:\/\/agora.xtec.cat\/baldirireixach\/wp-json\/wp\/v2\/comments?post=790"}],"version-history":[{"count":3,"href":"https:\/\/agora.xtec.cat\/baldirireixach\/wp-json\/wp\/v2\/pages\/790\/revisions"}],"predecessor-version":[{"id":858,"href":"https:\/\/agora.xtec.cat\/baldirireixach\/wp-json\/wp\/v2\/pages\/790\/revisions\/858"}],"up":[{"embeddable":true,"href":"https:\/\/agora.xtec.cat\/baldirireixach\/wp-json\/wp\/v2\/pages\/64"}],"wp:attachment":[{"href":"https:\/\/agora.xtec.cat\/baldirireixach\/wp-json\/wp\/v2\/media?parent=790"}],"curies":[{"name":"wp","href":"https:\/\/api.w.org\/{rel}","templated":true}]}}