{"id":752,"date":"2020-08-03T09:39:45","date_gmt":"2020-08-03T07:39:45","guid":{"rendered":"https:\/\/agora.xtec.cat\/baldirireixach\/?page_id=752"},"modified":"2026-03-18T10:45:50","modified_gmt":"2026-03-18T09:45:50","slug":"historic-de-publicacions","status":"publish","type":"page","link":"https:\/\/agora.xtec.cat\/baldirireixach\/escola\/historia\/historic-de-publicacions\/","title":{"rendered":"Recull hist\u00f2ric de publicacions"},"content":{"rendered":"<p>En aquesta p\u00e0gina trobareu enlla\u00e7os a publicacions que s&#8217;han anat fent al llarg de la hist\u00f2ria del Baldiri Reixach, sobretot amb l&#8217;aparici\u00f3 i desenvolupament d&#8217;Internet.<\/p>\n<blockquote>\n<ul>\n<li><a href=\"https:\/\/sites.google.com\/a\/xtec.cat\/baldiri-reixach\/inici\" target=\"_blank\" rel=\"noopener noreferrer\">Espai Web per\u00edode 2012-2020<\/a><\/li>\n<li><a href=\"http:\/\/xtec.cat\/baldirireixach\/indexantic.htm\" target=\"_blank\" rel=\"noopener noreferrer\">Espai Web anterior al 2012<\/a><\/li>\n<li><a href=\"http:\/\/xtec.cat\/baldirireixach\/aniversari.htm\" target=\"_blank\" rel=\"noopener noreferrer\">25 anys de l&#8217;escola Mn.Baldiri Reixach<\/a>. P\u00e0gina informativa dels actes celebrats.<\/li>\n<li><a href=\"http:\/\/xtec.cat\/baldirireixach\/videos.htm\" target=\"_blank\" rel=\"noopener noreferrer\">V\u00eddeos de l&#8217;escola Mn. Baldiri Reixach<\/a> (2006-2013)<\/li>\n<li><a href=\"https:\/\/www.youtube.com\/user\/luisietes\/videos\" target=\"_blank\" rel=\"noopener noreferrer\">Canal de Youtube de Llu\u00eds Garcia<\/a>. Amb m\u00faltiples v\u00eddeos i publicacions.<\/li>\n<li><a href=\"https:\/\/photos.app.goo.gl\/5kSq3o4HuGVXuVzr5\" target=\"_blank\" rel=\"noopener noreferrer\">\u00c0lbum de fotos antigues del Baldiri Reixach.<\/a> Fotos de diverses \u00e8poques i anys (no datades).<\/li>\n<\/ul>\n<\/blockquote>\n<p>&nbsp;<\/p>\n","protected":false},"excerpt":{"rendered":"<p>En aquesta p\u00e0gina trobareu enlla\u00e7os a publicacions que s&#8217;han anat fent al llarg de la hist\u00f2ria del Baldiri Reixach, sobretot amb l&#8217;aparici\u00f3 i desenvolupament d&#8217;Internet. Espai Web per\u00edode 2012-2020 Espai Web anterior al 2012 25 anys de l&#8217;escola Mn.Baldiri Reixach. P\u00e0gina informativa dels actes celebrats. V\u00eddeos de l&#8217;escola Mn. Baldiri Reixach (2006-2013) Canal de Youtube [&hellip;]<\/p>\n","protected":false},"author":1,"featured_media":0,"parent":26,"menu_order":0,"comment_status":"closed","ping_status":"closed","template":"","meta":{"_bbp_topic_count":0,"_bbp_reply_count":0,"_bbp_total_topic_count":0,"_bbp_total_reply_count":0,"_bbp_voice_count":0,"_bbp_anonymous_reply_count":0,"_bbp_topic_count_hidden":0,"_bbp_reply_count_hidden":0,"_bbp_forum_subforum_count":0,"site-sidebar-layout":"default","site-content-layout":"","ast-site-content-layout":"default","site-content-style":"default","site-sidebar-style":"default","ast-global-header-display":"","ast-banner-title-visibility":"","ast-main-header-display":"","ast-hfb-above-header-display":"","ast-hfb-below-header-display":"","ast-hfb-mobile-header-display":"","site-post-title":"","ast-breadcrumbs-content":"","ast-featured-img":"","footer-sml-layout":"","theme-transparent-header-meta":"default","adv-header-id-meta":"","stick-header-meta":"","header-above-stick-meta":"","header-main-stick-meta":"","header-below-stick-meta":"","astra-migrate-meta-layouts":"set","ast-page-background-enabled":"default","ast-page-background-meta":{"desktop":{"background-color":"var(--ast-global-color-4)","background-image":"","background-repeat":"repeat","background-position":"center center","background-size":"auto","background-attachment":"scroll","background-type":"","background-media":"","overlay-type":"","overlay-color":"","overlay-opacity":"","overlay-gradient":""},"tablet":{"background-color":"","background-image":"","background-repeat":"repeat","background-position":"center center","background-size":"auto","background-attachment":"scroll","background-type":"","background-media":"","overlay-type":"","overlay-color":"","overlay-opacity":"","overlay-gradient":""},"mobile":{"background-color":"","background-image":"","background-repeat":"repeat","background-position":"center center","background-size":"auto","background-attachment":"scroll","background-type":"","background-media":"","overlay-type":"","overlay-color":"","overlay-opacity":"","overlay-gradient":""}},"ast-content-background-meta":{"desktop":{"background-color":"var(--ast-global-color-5)","background-image":"","background-repeat":"repeat","background-position":"center center","background-size":"auto","background-attachment":"scroll","background-type":"","background-media":"","overlay-type":"","overlay-color":"","overlay-opacity":"","overlay-gradient":""},"tablet":{"background-color":"var(--ast-global-color-5)","background-image":"","background-repeat":"repeat","background-position":"center center","background-size":"auto","background-attachment":"scroll","background-type":"","background-media":"","overlay-type":"","overlay-color":"","overlay-opacity":"","overlay-gradient":""},"mobile":{"background-color":"var(--ast-global-color-5)","background-image":"","background-repeat":"repeat","background-position":"center center","background-size":"auto","background-attachment":"scroll","background-type":"","background-media":"","overlay-type":"","overlay-color":"","overlay-opacity":"","overlay-gradient":""}},"footnotes":""},"class_list":["post-752","page","type-page","status-publish","hentry"],"post_mailing_queue_ids":[],"_links":{"self":[{"href":"https:\/\/agora.xtec.cat\/baldirireixach\/wp-json\/wp\/v2\/pages\/752","targetHints":{"allow":["GET"]}}],"collection":[{"href":"https:\/\/agora.xtec.cat\/baldirireixach\/wp-json\/wp\/v2\/pages"}],"about":[{"href":"https:\/\/agora.xtec.cat\/baldirireixach\/wp-json\/wp\/v2\/types\/page"}],"author":[{"embeddable":true,"href":"https:\/\/agora.xtec.cat\/baldirireixach\/wp-json\/wp\/v2\/users\/1"}],"replies":[{"embeddable":true,"href":"https:\/\/agora.xtec.cat\/baldirireixach\/wp-json\/wp\/v2\/comments?post=752"}],"version-history":[{"count":4,"href":"https:\/\/agora.xtec.cat\/baldirireixach\/wp-json\/wp\/v2\/pages\/752\/revisions"}],"predecessor-version":[{"id":3672,"href":"https:\/\/agora.xtec.cat\/baldirireixach\/wp-json\/wp\/v2\/pages\/752\/revisions\/3672"}],"up":[{"embeddable":true,"href":"https:\/\/agora.xtec.cat\/baldirireixach\/wp-json\/wp\/v2\/pages\/26"}],"wp:attachment":[{"href":"https:\/\/agora.xtec.cat\/baldirireixach\/wp-json\/wp\/v2\/media?parent=752"}],"curies":[{"name":"wp","href":"https:\/\/api.w.org\/{rel}","templated":true}]}}