{"id":3549,"date":"2025-11-24T10:33:51","date_gmt":"2025-11-24T09:33:51","guid":{"rendered":"https:\/\/agora.xtec.cat\/baldirireixach\/?page_id=3549"},"modified":"2026-04-10T10:56:26","modified_gmt":"2026-04-10T08:56:26","slug":"radio-baldiri","status":"publish","type":"page","link":"https:\/\/agora.xtec.cat\/baldirireixach\/radio-baldiri\/","title":{"rendered":"R\u00e0dio Baldiri"},"content":{"rendered":"<p><img loading=\"lazy\" decoding=\"async\" class=\" wp-image-3139 alignnone\" src=\"https:\/\/agora.xtec.cat\/baldirireixach\/wp-content\/uploads\/usu2124\/2024\/10\/radio_baldiri_blau.png\" alt=\"\" width=\"209\" height=\"203\" srcset=\"https:\/\/agora.xtec.cat\/baldirireixach\/wp-content\/uploads\/usu2124\/2024\/10\/radio_baldiri_blau.png 1476w, https:\/\/agora.xtec.cat\/baldirireixach\/wp-content\/uploads\/usu2124\/2024\/10\/radio_baldiri_blau-300x292.png 300w, https:\/\/agora.xtec.cat\/baldirireixach\/wp-content\/uploads\/usu2124\/2024\/10\/radio_baldiri_blau-1024x997.png 1024w, https:\/\/agora.xtec.cat\/baldirireixach\/wp-content\/uploads\/usu2124\/2024\/10\/radio_baldiri_blau-768x748.png 768w\" sizes=\"auto, (max-width: 209px) 100vw, 209px\" \/><\/p>\n<h2>Curs escolar 2025-2026<\/h2>\n<p><strong>10 d&#8217;abril de 2026<\/strong><\/p>\n<p>Els alumnes de 6\u00e8 continuen fent entrevistes a exmestres de l&#8217;escola. Ara \u00e9s el torn de la Rosa Mallorqu\u00ed. Una mestra que va exercir la doc\u00e8ncia durant molts anys a la nostra escola.<\/p>\n<p><img loading=\"lazy\" decoding=\"async\" class=\"alignnone wp-image-3683\" src=\"https:\/\/agora.xtec.cat\/baldirireixach\/wp-content\/uploads\/usu2124\/2026\/04\/entrevista-Rosa-Mallorqui-.jpg\" alt=\"\" width=\"829\" height=\"855\" srcset=\"https:\/\/agora.xtec.cat\/baldirireixach\/wp-content\/uploads\/usu2124\/2026\/04\/entrevista-Rosa-Mallorqui-.jpg 1987w, https:\/\/agora.xtec.cat\/baldirireixach\/wp-content\/uploads\/usu2124\/2026\/04\/entrevista-Rosa-Mallorqui--291x300.jpg 291w, https:\/\/agora.xtec.cat\/baldirireixach\/wp-content\/uploads\/usu2124\/2026\/04\/entrevista-Rosa-Mallorqui--994x1024.jpg 994w, https:\/\/agora.xtec.cat\/baldirireixach\/wp-content\/uploads\/usu2124\/2026\/04\/entrevista-Rosa-Mallorqui--768x792.jpg 768w, https:\/\/agora.xtec.cat\/baldirireixach\/wp-content\/uploads\/usu2124\/2026\/04\/entrevista-Rosa-Mallorqui--1490x1536.jpg 1490w\" sizes=\"auto, (max-width: 829px) 100vw, 829px\" \/><\/p>\n<p>Podeu escolar la seva entrevista en aquest enlla\u00e7:<\/p>\n<p><iframe loading=\"lazy\" src=\"https:\/\/w.soundcloud.com\/player\/?url=https%3A\/\/api.soundcloud.com\/tracks\/soundcloud%253Atracks%253A2300057345&amp;color=%23ff5500&amp;auto_play=false&amp;hide_related=false&amp;show_comments=true&amp;show_user=true&amp;show_reposts=false&amp;show_teaser=true\" width=\"100%\" height=\"166\" frameborder=\"no\" scrolling=\"no\" data-mce-fragment=\"1\"><\/iframe><\/p>\n<div style=\"font-size: 10px; color: #cccccc; line-break: anywhere; word-break: normal; overflow: hidden; white-space: nowrap; text-overflow: ellipsis; font-family: Interstate,Lucida Grande,Lucida Sans Unicode,Lucida Sans,Garuda,Verdana,Tahoma,sans-serif; font-weight: 100;\"><a style=\"color: #cccccc; text-decoration: none;\" title=\"Radio Baldiri\" href=\"https:\/\/soundcloud.com\/radio-baldiri\" target=\"_blank\" rel=\"noopener\">Radio Baldiri<\/a> \u00b7 <a style=\"color: #cccccc; text-decoration: none;\" title=\"Entrevista Rosa Mallorqu\u00ed\" href=\"https:\/\/soundcloud.com\/radio-baldiri\/rosa_mallorqui\" target=\"_blank\" rel=\"noopener\">Entrevista Rosa Mallorqu\u00ed<\/a><\/div>\n<p><strong>23 de mar\u00e7 de 2026<\/strong><\/p>\n<p>La seg\u00fcent convidada a passar per Radio Baldiri ha estat la <strong>Valentina Escudero<\/strong>, antiga mestra de l&#8217;escola, que va exercir de mestra al Baldiri durant m\u00e9s de 30 anys.<\/p>\n<p><img loading=\"lazy\" decoding=\"async\" class=\"alignnone wp-image-3677\" src=\"https:\/\/agora.xtec.cat\/baldirireixach\/wp-content\/uploads\/usu2124\/2026\/03\/valentina1.jpg\" alt=\"\" width=\"840\" height=\"473\" srcset=\"https:\/\/agora.xtec.cat\/baldirireixach\/wp-content\/uploads\/usu2124\/2026\/03\/valentina1.jpg 1600w, https:\/\/agora.xtec.cat\/baldirireixach\/wp-content\/uploads\/usu2124\/2026\/03\/valentina1-300x169.jpg 300w, https:\/\/agora.xtec.cat\/baldirireixach\/wp-content\/uploads\/usu2124\/2026\/03\/valentina1-1024x576.jpg 1024w, https:\/\/agora.xtec.cat\/baldirireixach\/wp-content\/uploads\/usu2124\/2026\/03\/valentina1-768x432.jpg 768w, https:\/\/agora.xtec.cat\/baldirireixach\/wp-content\/uploads\/usu2124\/2026\/03\/valentina1-1536x864.jpg 1536w\" sizes=\"auto, (max-width: 840px) 100vw, 840px\" \/><\/p>\n<p>Podeu escolar la seva entrevista en aquest enlla\u00e7:<\/p>\n<div style=\"font-size: 10px; color: #cccccc; line-break: anywhere; word-break: normal; overflow: hidden; white-space: nowrap; text-overflow: ellipsis; font-family: Interstate,Lucida Grande,Lucida Sans Unicode,Lucida Sans,Garuda,Verdana,Tahoma,sans-serif; font-weight: 100;\">\n<p><iframe loading=\"lazy\" src=\"https:\/\/w.soundcloud.com\/player\/?url=https%3A\/\/api.soundcloud.com\/tracks\/soundcloud%253Atracks%253A2289093911&amp;color=%23ff5500&amp;auto_play=false&amp;hide_related=false&amp;show_comments=true&amp;show_user=true&amp;show_reposts=false&amp;show_teaser=true\" width=\"100%\" height=\"166\" frameborder=\"no\" scrolling=\"no\"><\/iframe><\/p>\n<div style=\"font-size: 10px; color: #cccccc; line-break: anywhere; word-break: normal; overflow: hidden; white-space: nowrap; text-overflow: ellipsis; font-family: Interstate,Lucida Grande,Lucida Sans Unicode,Lucida Sans,Garuda,Verdana,Tahoma,sans-serif; font-weight: 100;\"><\/div>\n<\/div>\n<div style=\"font-size: 10px; color: #cccccc; line-break: anywhere; word-break: normal; overflow: hidden; white-space: nowrap; text-overflow: ellipsis; font-family: Interstate,Lucida Grande,Lucida Sans Unicode,Lucida Sans,Garuda,Verdana,Tahoma,sans-serif; font-weight: 100;\"><\/div>\n<p><strong>11 de mar\u00e7 de 2026<\/strong><\/p>\n<p>En motiu dels 50 anys del Baldiri Reixach, que celebrarem l&#8217;octubre del 2026, hem comen\u00e7at a treballar amb els alumnes aquesta efem\u00e8ride. I ho fem coneixent i entrevistant antics mestres de l&#8217;escola. El primer convidat ha estat el el <strong>Sr. Antoni Agust\u00ed<\/strong>, el primer director de l&#8217;escola Baldiri Reixach, que molt amablement ha at\u00e8s les preguntes dels nostres alumnes.<\/p>\n<p><img loading=\"lazy\" decoding=\"async\" class=\"alignnone wp-image-3639\" src=\"https:\/\/agora.xtec.cat\/baldirireixach\/wp-content\/uploads\/usu2124\/2026\/03\/antoni-agusti-radio.jpg\" alt=\"\" width=\"834\" height=\"469\" srcset=\"https:\/\/agora.xtec.cat\/baldirireixach\/wp-content\/uploads\/usu2124\/2026\/03\/antoni-agusti-radio.jpg 1300w, https:\/\/agora.xtec.cat\/baldirireixach\/wp-content\/uploads\/usu2124\/2026\/03\/antoni-agusti-radio-300x169.jpg 300w, https:\/\/agora.xtec.cat\/baldirireixach\/wp-content\/uploads\/usu2124\/2026\/03\/antoni-agusti-radio-1024x576.jpg 1024w, https:\/\/agora.xtec.cat\/baldirireixach\/wp-content\/uploads\/usu2124\/2026\/03\/antoni-agusti-radio-768x432.jpg 768w\" sizes=\"auto, (max-width: 834px) 100vw, 834px\" \/><\/p>\n<p>Podeu escoltar l&#8217;entrevista en aquest enlla\u00e7:<\/p>\n<p><iframe loading=\"lazy\" src=\"https:\/\/w.soundcloud.com\/player\/?url=https%3A\/\/api.soundcloud.com\/tracks\/soundcloud%253Atracks%253A2282242541&amp;color=%23ff5500&amp;auto_play=false&amp;hide_related=false&amp;show_comments=true&amp;show_user=true&amp;show_reposts=false&amp;show_teaser=true\" width=\"100%\" height=\"166\" frameborder=\"no\" scrolling=\"no\" data-mce-fragment=\"1\"><\/iframe><\/p>\n<p>Entrevista feta el dia 11 de mar\u00e7 de 2026<\/p>\n\r\n\t<div class=\"slideshow_container slideshow_container_style-light\" style=\" \" data-slideshow-id=\"3653\" data-style-name=\"style-light\" data-style-version=\"2.3.1\" >\r\n\r\n\t\t\t\t\t<div class=\"slideshow_loading_icon\"><\/div>\r\n\t\t\r\n\t\t<div class=\"slideshow_content\" style=\"display: none;\">\r\n\r\n\t\t\t<div class=\"slideshow_view\">\r\n\t\t\t\t<div class=\"slideshow_slide slideshow_slide_image\">\r\n\t\t\t\t\t\t\t\t\t\t\t<img src=\"https:\/\/agora.xtec.cat\/baldirireixach\/wp-content\/uploads\/usu2124\/2026\/03\/image1.jpeg\" alt=\"image1\" width=\"2016\" height=\"1134\" \/>\r\n\t\t\t\t\t\t\t\t\t\t<div class=\"slideshow_description_box slideshow_transparent\">\r\n\t\t\t\t\t\t<div class=\"slideshow_title\">image1<\/div>\t\t\t\t\t\t\t\t\t\t\t<\/div>\r\n\t\t\t\t<\/div>\r\n\r\n\t\t\t\t\t\t<div style=\"clear: both;\"><\/div><\/div><div class=\"slideshow_view\">\r\n\t\t\t\t<div class=\"slideshow_slide slideshow_slide_image\">\r\n\t\t\t\t\t\t\t\t\t\t\t<img src=\"https:\/\/agora.xtec.cat\/baldirireixach\/wp-content\/uploads\/usu2124\/2026\/03\/image0.jpeg\" alt=\"image0\" width=\"2016\" height=\"1134\" \/>\r\n\t\t\t\t\t\t\t\t\t\t<div class=\"slideshow_description_box slideshow_transparent\">\r\n\t\t\t\t\t\t<div class=\"slideshow_title\">image0<\/div>\t\t\t\t\t\t\t\t\t\t\t<\/div>\r\n\t\t\t\t<\/div>\r\n\r\n\t\t\t\t\t\t<div style=\"clear: both;\"><\/div><\/div><div class=\"slideshow_view\">\r\n\t\t\t\t<div class=\"slideshow_slide slideshow_slide_image\">\r\n\t\t\t\t\t\t\t\t\t\t\t<img src=\"https:\/\/agora.xtec.cat\/baldirireixach\/wp-content\/uploads\/usu2124\/2026\/03\/image6.jpeg\" alt=\"image6\" width=\"2016\" height=\"1134\" \/>\r\n\t\t\t\t\t\t\t\t\t\t<div class=\"slideshow_description_box slideshow_transparent\">\r\n\t\t\t\t\t\t<div class=\"slideshow_title\">image6<\/div>\t\t\t\t\t\t\t\t\t\t\t<\/div>\r\n\t\t\t\t<\/div>\r\n\r\n\t\t\t\t\t\t<div style=\"clear: both;\"><\/div><\/div><div class=\"slideshow_view\">\r\n\t\t\t\t<div class=\"slideshow_slide slideshow_slide_image\">\r\n\t\t\t\t\t\t\t\t\t\t\t<img src=\"https:\/\/agora.xtec.cat\/baldirireixach\/wp-content\/uploads\/usu2124\/2026\/03\/image8.jpeg\" alt=\"image8\" width=\"2016\" height=\"1134\" \/>\r\n\t\t\t\t\t\t\t\t\t\t<div class=\"slideshow_description_box slideshow_transparent\">\r\n\t\t\t\t\t\t<div class=\"slideshow_title\">image8<\/div>\t\t\t\t\t\t\t\t\t\t\t<\/div>\r\n\t\t\t\t<\/div>\r\n\r\n\t\t\t\t\t\t<div style=\"clear: both;\"><\/div><\/div><div class=\"slideshow_view\">\r\n\t\t\t\t<div class=\"slideshow_slide slideshow_slide_image\">\r\n\t\t\t\t\t\t\t\t\t\t\t<img src=\"https:\/\/agora.xtec.cat\/baldirireixach\/wp-content\/uploads\/usu2124\/2026\/03\/image5.jpeg\" alt=\"image5\" width=\"2016\" height=\"1134\" \/>\r\n\t\t\t\t\t\t\t\t\t\t<div class=\"slideshow_description_box slideshow_transparent\">\r\n\t\t\t\t\t\t<div class=\"slideshow_title\">image5<\/div>\t\t\t\t\t\t\t\t\t\t\t<\/div>\r\n\t\t\t\t<\/div>\r\n\r\n\t\t\t\t\t\t<div style=\"clear: both;\"><\/div><\/div><div class=\"slideshow_view\">\r\n\t\t\t\t<div class=\"slideshow_slide slideshow_slide_image\">\r\n\t\t\t\t\t\t\t\t\t\t\t<img src=\"https:\/\/agora.xtec.cat\/baldirireixach\/wp-content\/uploads\/usu2124\/2026\/03\/antoni-agusti-radio.jpg\" alt=\"Entrevista Antoni Agust\u00ed\" width=\"1300\" height=\"731\" \/>\r\n\t\t\t\t\t\t\t\t\t\t<div class=\"slideshow_description_box slideshow_transparent\">\r\n\t\t\t\t\t\t<div class=\"slideshow_title\">Entrevista Antoni Agust\u00ed<\/div>\t\t\t\t\t\t\t\t\t\t\t<\/div>\r\n\t\t\t\t<\/div>\r\n\r\n\t\t\t\t\t\t<div style=\"clear: both;\"><\/div><\/div>\r\n\t\t<\/div>\r\n\r\n\t\t<div class=\"slideshow_controlPanel slideshow_transparent\" style=\"display: none;\"><ul><li class=\"slideshow_togglePlay\" data-play-text=\"Visualitza\" data-pause-text=\"Pausa\"><\/li><\/ul><\/div>\r\n\r\n\t\t<div class=\"slideshow_button slideshow_previous slideshow_transparent\" role=\"button\" data-previous-text=\"Anterior\" style=\"display: none;\"><\/div>\r\n\t\t<div class=\"slideshow_button slideshow_next slideshow_transparent\" role=\"button\" data-next-text=\"Seg\u00fcent\" style=\"display: none;\"><\/div>\r\n\r\n\t\t<div class=\"slideshow_pagination\" style=\"display: none;\" data-go-to-text=\"V\u00e9s a la diapositiva\"><div class=\"slideshow_pagination_center\"><\/div><\/div>\r\n\r\n\t\t<!-- WordPress Slideshow Version 2.3.1 -->\r\n\r\n\t\t\t<\/div>\r\n\r\n\n<p>&nbsp;<\/p>\n<p>&nbsp;<\/p>\n<p>Comencem amb l&#8217;entrevista que els alumnes de 6\u00e8 han fet a la directora del Museu Thyssen, Pilar Gir\u00f3<\/p>\n<p><img loading=\"lazy\" decoding=\"async\" class=\"alignnone size-full wp-image-3547\" src=\"https:\/\/agora.xtec.cat\/baldirireixach\/wp-content\/uploads\/usu2124\/2025\/11\/entrevista_foto-web.jpg\" alt=\"\" width=\"900\" height=\"506\" srcset=\"https:\/\/agora.xtec.cat\/baldirireixach\/wp-content\/uploads\/usu2124\/2025\/11\/entrevista_foto-web.jpg 900w, https:\/\/agora.xtec.cat\/baldirireixach\/wp-content\/uploads\/usu2124\/2025\/11\/entrevista_foto-web-300x169.jpg 300w, https:\/\/agora.xtec.cat\/baldirireixach\/wp-content\/uploads\/usu2124\/2025\/11\/entrevista_foto-web-768x432.jpg 768w\" sizes=\"auto, (max-width: 900px) 100vw, 900px\" \/><\/p>\n<p>Podeu escoltar l&#8217;entrevista completa en aquest enlla\u00e7:<\/p>\n<p><iframe loading=\"lazy\" src=\"https:\/\/w.soundcloud.com\/player\/?url=https%3A\/\/api.soundcloud.com\/tracks\/soundcloud%253Atracks%253A2217954380&amp;color=%23ff5500&amp;auto_play=false&amp;hide_related=false&amp;show_comments=true&amp;show_user=true&amp;show_reposts=false&amp;show_teaser=true\" width=\"100%\" height=\"166\" frameborder=\"no\" scrolling=\"no\" data-mce-fragment=\"1\"><\/iframe><\/p>\n<div style=\"font-size: 10px; color: #cccccc; line-break: anywhere; word-break: normal; overflow: hidden; white-space: nowrap; text-overflow: ellipsis; font-family: Interstate,Lucida Grande,Lucida Sans Unicode,Lucida Sans,Garuda,Verdana,Tahoma,sans-serif; font-weight: 100;\"><a style=\"color: #cccccc; text-decoration: none;\" title=\"Radio Baldiri\" href=\"https:\/\/soundcloud.com\/radio-baldiri\" target=\"_blank\" rel=\"noopener\">Radio Baldiri<\/a> \u00b7 <a style=\"color: #cccccc; text-decoration: none;\" title=\"Entrevista a la Pilar Gir\u00f3\" href=\"https:\/\/soundcloud.com\/radio-baldiri\/pilar_giro\" target=\"_blank\" rel=\"noopener\">Entrevista a la Pilar Gir\u00f3<\/a><\/div>\n<div><\/div>\n<h5><a href=\"https:\/\/agora.xtec.cat\/baldirireixach\/radio_24-25\/\">Programes de r\u00e0dio del curs 2024\/2025<\/a><\/h5>\n","protected":false},"excerpt":{"rendered":"<p>Curs escolar 2025-2026 10 d&#8217;abril de 2026 Els alumnes de 6\u00e8 continuen fent entrevistes a exmestres de l&#8217;escola. Ara \u00e9s el torn de la Rosa Mallorqu\u00ed. Una mestra que va exercir la doc\u00e8ncia durant molts anys a la nostra escola. Podeu escolar la seva entrevista en aquest enlla\u00e7: Radio Baldiri \u00b7 Entrevista Rosa Mallorqu\u00ed 23 [&hellip;]<\/p>\n","protected":false},"author":1,"featured_media":0,"parent":0,"menu_order":0,"comment_status":"closed","ping_status":"closed","template":"","meta":{"_bbp_topic_count":0,"_bbp_reply_count":0,"_bbp_total_topic_count":0,"_bbp_total_reply_count":0,"_bbp_voice_count":0,"_bbp_anonymous_reply_count":0,"_bbp_topic_count_hidden":0,"_bbp_reply_count_hidden":0,"_bbp_forum_subforum_count":0,"site-sidebar-layout":"default","site-content-layout":"","ast-site-content-layout":"default","site-content-style":"default","site-sidebar-style":"default","ast-global-header-display":"","ast-banner-title-visibility":"","ast-main-header-display":"","ast-hfb-above-header-display":"","ast-hfb-below-header-display":"","ast-hfb-mobile-header-display":"","site-post-title":"","ast-breadcrumbs-content":"","ast-featured-img":"","footer-sml-layout":"","theme-transparent-header-meta":"default","adv-header-id-meta":"","stick-header-meta":"","header-above-stick-meta":"","header-main-stick-meta":"","header-below-stick-meta":"","astra-migrate-meta-layouts":"set","ast-page-background-enabled":"default","ast-page-background-meta":{"desktop":{"background-color":"var(--ast-global-color-4)","background-image":"","background-repeat":"repeat","background-position":"center center","background-size":"auto","background-attachment":"scroll","background-type":"","background-media":"","overlay-type":"","overlay-color":"","overlay-opacity":"","overlay-gradient":""},"tablet":{"background-color":"","background-image":"","background-repeat":"repeat","background-position":"center center","background-size":"auto","background-attachment":"scroll","background-type":"","background-media":"","overlay-type":"","overlay-color":"","overlay-opacity":"","overlay-gradient":""},"mobile":{"background-color":"","background-image":"","background-repeat":"repeat","background-position":"center center","background-size":"auto","background-attachment":"scroll","background-type":"","background-media":"","overlay-type":"","overlay-color":"","overlay-opacity":"","overlay-gradient":""}},"ast-content-background-meta":{"desktop":{"background-color":"var(--ast-global-color-5)","background-image":"","background-repeat":"repeat","background-position":"center center","background-size":"auto","background-attachment":"scroll","background-type":"","background-media":"","overlay-type":"","overlay-color":"","overlay-opacity":"","overlay-gradient":""},"tablet":{"background-color":"var(--ast-global-color-5)","background-image":"","background-repeat":"repeat","background-position":"center center","background-size":"auto","background-attachment":"scroll","background-type":"","background-media":"","overlay-type":"","overlay-color":"","overlay-opacity":"","overlay-gradient":""},"mobile":{"background-color":"var(--ast-global-color-5)","background-image":"","background-repeat":"repeat","background-position":"center center","background-size":"auto","background-attachment":"scroll","background-type":"","background-media":"","overlay-type":"","overlay-color":"","overlay-opacity":"","overlay-gradient":""}},"footnotes":""},"class_list":["post-3549","page","type-page","status-publish","hentry"],"post_mailing_queue_ids":[],"_links":{"self":[{"href":"https:\/\/agora.xtec.cat\/baldirireixach\/wp-json\/wp\/v2\/pages\/3549","targetHints":{"allow":["GET"]}}],"collection":[{"href":"https:\/\/agora.xtec.cat\/baldirireixach\/wp-json\/wp\/v2\/pages"}],"about":[{"href":"https:\/\/agora.xtec.cat\/baldirireixach\/wp-json\/wp\/v2\/types\/page"}],"author":[{"embeddable":true,"href":"https:\/\/agora.xtec.cat\/baldirireixach\/wp-json\/wp\/v2\/users\/1"}],"replies":[{"embeddable":true,"href":"https:\/\/agora.xtec.cat\/baldirireixach\/wp-json\/wp\/v2\/comments?post=3549"}],"version-history":[{"count":6,"href":"https:\/\/agora.xtec.cat\/baldirireixach\/wp-json\/wp\/v2\/pages\/3549\/revisions"}],"predecessor-version":[{"id":3684,"href":"https:\/\/agora.xtec.cat\/baldirireixach\/wp-json\/wp\/v2\/pages\/3549\/revisions\/3684"}],"wp:attachment":[{"href":"https:\/\/agora.xtec.cat\/baldirireixach\/wp-json\/wp\/v2\/media?parent=3549"}],"curies":[{"name":"wp","href":"https:\/\/api.w.org\/{rel}","templated":true}]}}