{"id":2811,"date":"2023-10-20T22:13:31","date_gmt":"2023-10-20T20:13:31","guid":{"rendered":"https:\/\/agora.xtec.cat\/baldirireixach\/?page_id=2811"},"modified":"2023-11-20T11:03:14","modified_gmt":"2023-11-20T10:03:14","slug":"temporalitzacio","status":"publish","type":"page","link":"https:\/\/agora.xtec.cat\/baldirireixach\/faig\/temporalitzacio\/","title":{"rendered":"Temporalitzaci\u00f3"},"content":{"rendered":"<h3 style=\"text-align: left;\">Curs 2023\/2024<\/h3>\n<ul>\n<li style=\"font-weight: 400;\" aria-level=\"1\"><span style=\"font-weight: 400;\">Jornada de llan\u00e7ament. 10 d\u2019octubre de 2023. Barcelona. Direcci\u00f3<\/span><\/li>\n<li style=\"font-weight: 400;\" aria-level=\"1\"><span style=\"font-weight: 400;\">C\u00e0psules formatives:<\/span>\n<ul>\n<li style=\"font-weight: 400;\" aria-level=\"2\"><span style=\"font-weight: 400;\">C\u00e0psula 0. EI TAS. 22 de novembre de 2023. Equip motor<\/span>\n<ul>\n<li style=\"font-weight: 400;\" aria-level=\"2\">Formaci\u00f3 claustre. 28 de novembre de 2023<\/li>\n<\/ul>\n<\/li>\n<li aria-level=\"2\"><span style=\"font-weight: 400;\">C\u00e0psula 1. PER A QU\u00c8?29 de gener a 2 de febrer de 2024<\/span>\n<ul>\n<li aria-level=\"2\">Formaci\u00f3 claustre. 6 de febrer de 2024<\/li>\n<\/ul>\n<\/li>\n<li style=\"font-weight: 400;\" aria-level=\"2\"><span style=\"font-weight: 400;\">C\u00e0psula 2. QU\u00c8?.28 de febrer de 2024. Equip motor<\/span>\n<ul>\n<li aria-level=\"2\">Formaci\u00f3 claustre. 5 de mar\u00e7 de 2024<\/li>\n<\/ul>\n<\/li>\n<li style=\"font-weight: 400;\" aria-level=\"2\"><span style=\"font-weight: 400;\">C\u00e0psula 3. PER QU\u00c8? 29 d\u2019abril de 2024. Equip motor<\/span>\n<ul>\n<li aria-level=\"2\">Formaci\u00f3 claustre. 7 de maig de 2024<\/li>\n<\/ul>\n<\/li>\n<\/ul>\n<\/li>\n<li style=\"font-weight: 400;\" aria-level=\"1\"><span style=\"font-weight: 400;\">Jornada presencial \u201caprendre fent\u201d.\u00a0 27 al 31 de maig. Equip motor<\/span>\n<ul>\n<li style=\"list-style-type: none;\">\n<ul>\n<li aria-level=\"1\">Formaci\u00f3 claustre. 4 de juny de 2024<\/li>\n<\/ul>\n<\/li>\n<\/ul>\n<\/li>\n<\/ul>\n<h3>Curs 2024\/2025<\/h3>\n<ul>\n<li style=\"font-weight: 400;\" aria-level=\"1\"><span style=\"font-weight: 400;\">Setembre 2024. Inici de l&#8217;any 1 del programa FAIG<\/span><\/li>\n<\/ul>\n","protected":false},"excerpt":{"rendered":"<p>Curs 2023\/2024 Jornada de llan\u00e7ament. 10 d\u2019octubre de 2023. Barcelona. Direcci\u00f3 C\u00e0psules formatives: C\u00e0psula 0. EI TAS. 22 de novembre de 2023. Equip motor Formaci\u00f3 claustre. 28 de novembre de 2023 C\u00e0psula 1. PER A QU\u00c8?29 de gener a 2 de febrer de 2024 Formaci\u00f3 claustre. 6 de febrer de 2024 C\u00e0psula 2. QU\u00c8?.28 de [&hellip;]<\/p>\n","protected":false},"author":1,"featured_media":0,"parent":2775,"menu_order":4,"comment_status":"closed","ping_status":"closed","template":"page-templates\/side-menu.php","meta":{"_bbp_topic_count":0,"_bbp_reply_count":0,"_bbp_total_topic_count":0,"_bbp_total_reply_count":0,"_bbp_voice_count":0,"_bbp_anonymous_reply_count":0,"_bbp_topic_count_hidden":0,"_bbp_reply_count_hidden":0,"_bbp_forum_subforum_count":0,"site-sidebar-layout":"default","site-content-layout":"","ast-site-content-layout":"","site-content-style":"default","site-sidebar-style":"default","ast-global-header-display":"","ast-banner-title-visibility":"","ast-main-header-display":"","ast-hfb-above-header-display":"","ast-hfb-below-header-display":"","ast-hfb-mobile-header-display":"","site-post-title":"","ast-breadcrumbs-content":"","ast-featured-img":"","footer-sml-layout":"","theme-transparent-header-meta":"","adv-header-id-meta":"","stick-header-meta":"","header-above-stick-meta":"","header-main-stick-meta":"","header-below-stick-meta":"","astra-migrate-meta-layouts":"default","ast-page-background-enabled":"default","ast-page-background-meta":{"desktop":{"background-color":"var(--ast-global-color-4)","background-image":"","background-repeat":"repeat","background-position":"center center","background-size":"auto","background-attachment":"scroll","background-type":"","background-media":"","overlay-type":"","overlay-color":"","overlay-opacity":"","overlay-gradient":""},"tablet":{"background-color":"","background-image":"","background-repeat":"repeat","background-position":"center center","background-size":"auto","background-attachment":"scroll","background-type":"","background-media":"","overlay-type":"","overlay-color":"","overlay-opacity":"","overlay-gradient":""},"mobile":{"background-color":"","background-image":"","background-repeat":"repeat","background-position":"center center","background-size":"auto","background-attachment":"scroll","background-type":"","background-media":"","overlay-type":"","overlay-color":"","overlay-opacity":"","overlay-gradient":""}},"ast-content-background-meta":{"desktop":{"background-color":"var(--ast-global-color-5)","background-image":"","background-repeat":"repeat","background-position":"center center","background-size":"auto","background-attachment":"scroll","background-type":"","background-media":"","overlay-type":"","overlay-color":"","overlay-opacity":"","overlay-gradient":""},"tablet":{"background-color":"var(--ast-global-color-5)","background-image":"","background-repeat":"repeat","background-position":"center center","background-size":"auto","background-attachment":"scroll","background-type":"","background-media":"","overlay-type":"","overlay-color":"","overlay-opacity":"","overlay-gradient":""},"mobile":{"background-color":"var(--ast-global-color-5)","background-image":"","background-repeat":"repeat","background-position":"center center","background-size":"auto","background-attachment":"scroll","background-type":"","background-media":"","overlay-type":"","overlay-color":"","overlay-opacity":"","overlay-gradient":""}},"footnotes":""},"class_list":["post-2811","page","type-page","status-publish","hentry"],"post_mailing_queue_ids":[],"_links":{"self":[{"href":"https:\/\/agora.xtec.cat\/baldirireixach\/wp-json\/wp\/v2\/pages\/2811","targetHints":{"allow":["GET"]}}],"collection":[{"href":"https:\/\/agora.xtec.cat\/baldirireixach\/wp-json\/wp\/v2\/pages"}],"about":[{"href":"https:\/\/agora.xtec.cat\/baldirireixach\/wp-json\/wp\/v2\/types\/page"}],"author":[{"embeddable":true,"href":"https:\/\/agora.xtec.cat\/baldirireixach\/wp-json\/wp\/v2\/users\/1"}],"replies":[{"embeddable":true,"href":"https:\/\/agora.xtec.cat\/baldirireixach\/wp-json\/wp\/v2\/comments?post=2811"}],"version-history":[{"count":6,"href":"https:\/\/agora.xtec.cat\/baldirireixach\/wp-json\/wp\/v2\/pages\/2811\/revisions"}],"predecessor-version":[{"id":2859,"href":"https:\/\/agora.xtec.cat\/baldirireixach\/wp-json\/wp\/v2\/pages\/2811\/revisions\/2859"}],"up":[{"embeddable":true,"href":"https:\/\/agora.xtec.cat\/baldirireixach\/wp-json\/wp\/v2\/pages\/2775"}],"wp:attachment":[{"href":"https:\/\/agora.xtec.cat\/baldirireixach\/wp-json\/wp\/v2\/media?parent=2811"}],"curies":[{"name":"wp","href":"https:\/\/api.w.org\/{rel}","templated":true}]}}