{"id":2797,"date":"2023-10-01T18:00:35","date_gmt":"2023-10-01T16:00:35","guid":{"rendered":"https:\/\/agora.xtec.cat\/baldirireixach\/?page_id=2797"},"modified":"2023-10-21T09:52:14","modified_gmt":"2023-10-21T07:52:14","slug":"documentacio","status":"publish","type":"page","link":"https:\/\/agora.xtec.cat\/baldirireixach\/faig\/documentacio\/","title":{"rendered":"Documentaci\u00f3"},"content":{"rendered":"<p><b><span style=\"font-weight: 400;\"><img loading=\"lazy\" decoding=\"async\" class=\"wp-image-2788 alignleft\" src=\"https:\/\/agora.xtec.cat\/baldirireixach\/wp-content\/uploads\/usu2124\/2023\/10\/FAIG_Favicon_White-230-removebg-preview.png\" alt=\"\" width=\"82\" height=\"131\" \/><\/span><\/b><\/p>\n<p><b><span style=\"font-weight: 400;\">En aquest apartat es recull tota la informaci\u00f3 del programa d&#8217;innovaci\u00f3 FAIG que es va generant.<\/span><\/b><\/p>\n<p>&nbsp;<\/p>\n<p>&nbsp;<\/p>\n<table style=\"border-collapse: collapse; width: 39.0139%; height: 40px;\">\n<tbody>\n<tr style=\"height: 93px;\">\n<td style=\"width: 11.0707%; height: 19px;\"><a href=\"https:\/\/drive.google.com\/file\/d\/1k2JbahD2YLYLJFJySP_wpaBHXiI7D47M\/view?usp=sharing\" target=\"_blank\" rel=\"noopener\"><img loading=\"lazy\" decoding=\"async\" class=\"wp-image-1376 alignleft\" src=\"https:\/\/agora.xtec.cat\/baldirireixach\/wp-content\/uploads\/usu2124\/2021\/04\/pdf_icon.png\" alt=\"\" width=\"51\" height=\"64\" \/><\/a><\/td>\n<td style=\"width: 93.5254%; height: 19px;\">\n<h5><a href=\"https:\/\/drive.google.com\/file\/d\/19JXlFOixZK9bGa5Y-3EV_xO7cFiY131v\/view?usp=sharing\" target=\"_blank\" rel=\"noopener\">Definici\u00f3 del projecte FAIG<\/a><\/h5>\n<\/td>\n<\/tr>\n<tr style=\"height: 58px;\">\n<td style=\"width: 11.0707%; height: 21px;\"><a href=\"https:\/\/drive.google.com\/file\/d\/1k2JbahD2YLYLJFJySP_wpaBHXiI7D47M\/view?usp=sharing\" target=\"_blank\" rel=\"noopener\"><img loading=\"lazy\" decoding=\"async\" class=\"wp-image-1376 alignleft\" src=\"https:\/\/agora.xtec.cat\/baldirireixach\/wp-content\/uploads\/usu2124\/2021\/04\/pdf_icon.png\" alt=\"\" width=\"51\" height=\"64\" \/><\/a><\/td>\n<td style=\"width: 93.5254%; height: 21px;\">\n<h5><a href=\"https:\/\/drive.google.com\/file\/d\/1k2JbahD2YLYLJFJySP_wpaBHXiI7D47M\/view?usp=sharing\" target=\"_blank\" rel=\"noopener\">Presentaci\u00f3 del projecte FAIG<\/a><\/h5>\n<\/td>\n<\/tr>\n<tr style=\"height: 58px;\">\n<td style=\"width: 11.0707%; height: 21px;\"><a href=\"https:\/\/drive.google.com\/file\/d\/1mZA7NOZ0zevwdlvMP4UIugnyX2aSXSP8\/view?usp=sharing\" target=\"_blank\" rel=\"noopener\"><img loading=\"lazy\" decoding=\"async\" class=\"wp-image-1376 alignleft\" src=\"https:\/\/agora.xtec.cat\/baldirireixach\/wp-content\/uploads\/usu2124\/2021\/04\/pdf_icon.png\" alt=\"\" width=\"51\" height=\"64\" \/><\/a><\/td>\n<td style=\"width: 93.5254%; height: 21px;\">\n<h5><a href=\"https:\/\/drive.google.com\/file\/d\/1mZA7NOZ0zevwdlvMP4UIugnyX2aSXSP8\/view?usp=sharing\" target=\"_blank\" rel=\"noopener\">Acte de llan\u00e7ament Programa FAIG &#8211; centres itinerari 2<\/a><\/h5>\n<\/td>\n<\/tr>\n<\/tbody>\n<\/table>\n<h5><\/h5>\n<p>&nbsp;<\/p>\n<p>&nbsp;<\/p>\n<p>&nbsp;<\/p>\n<p>&nbsp;<\/p>\n<p>&nbsp;<\/p>\n<p>&nbsp;<\/p>\n","protected":false},"excerpt":{"rendered":"<p>En aquest apartat es recull tota la informaci\u00f3 del programa d&#8217;innovaci\u00f3 FAIG que es va generant. &nbsp; &nbsp; Definici\u00f3 del projecte FAIG Presentaci\u00f3 del projecte FAIG Acte de llan\u00e7ament Programa FAIG &#8211; centres itinerari 2 &nbsp; &nbsp; &nbsp; &nbsp; &nbsp; &nbsp;<\/p>\n","protected":false},"author":1,"featured_media":0,"parent":2775,"menu_order":3,"comment_status":"closed","ping_status":"closed","template":"page-templates\/side-menu.php","meta":{"_bbp_topic_count":0,"_bbp_reply_count":0,"_bbp_total_topic_count":0,"_bbp_total_reply_count":0,"_bbp_voice_count":0,"_bbp_anonymous_reply_count":0,"_bbp_topic_count_hidden":0,"_bbp_reply_count_hidden":0,"_bbp_forum_subforum_count":0,"site-sidebar-layout":"default","site-content-layout":"","ast-site-content-layout":"","site-content-style":"default","site-sidebar-style":"default","ast-global-header-display":"","ast-banner-title-visibility":"","ast-main-header-display":"","ast-hfb-above-header-display":"","ast-hfb-below-header-display":"","ast-hfb-mobile-header-display":"","site-post-title":"","ast-breadcrumbs-content":"","ast-featured-img":"","footer-sml-layout":"","theme-transparent-header-meta":"","adv-header-id-meta":"","stick-header-meta":"","header-above-stick-meta":"","header-main-stick-meta":"","header-below-stick-meta":"","astra-migrate-meta-layouts":"default","ast-page-background-enabled":"default","ast-page-background-meta":{"desktop":{"background-color":"var(--ast-global-color-4)","background-image":"","background-repeat":"repeat","background-position":"center center","background-size":"auto","background-attachment":"scroll","background-type":"","background-media":"","overlay-type":"","overlay-color":"","overlay-opacity":"","overlay-gradient":""},"tablet":{"background-color":"","background-image":"","background-repeat":"repeat","background-position":"center center","background-size":"auto","background-attachment":"scroll","background-type":"","background-media":"","overlay-type":"","overlay-color":"","overlay-opacity":"","overlay-gradient":""},"mobile":{"background-color":"","background-image":"","background-repeat":"repeat","background-position":"center center","background-size":"auto","background-attachment":"scroll","background-type":"","background-media":"","overlay-type":"","overlay-color":"","overlay-opacity":"","overlay-gradient":""}},"ast-content-background-meta":{"desktop":{"background-color":"var(--ast-global-color-5)","background-image":"","background-repeat":"repeat","background-position":"center center","background-size":"auto","background-attachment":"scroll","background-type":"","background-media":"","overlay-type":"","overlay-color":"","overlay-opacity":"","overlay-gradient":""},"tablet":{"background-color":"var(--ast-global-color-5)","background-image":"","background-repeat":"repeat","background-position":"center center","background-size":"auto","background-attachment":"scroll","background-type":"","background-media":"","overlay-type":"","overlay-color":"","overlay-opacity":"","overlay-gradient":""},"mobile":{"background-color":"var(--ast-global-color-5)","background-image":"","background-repeat":"repeat","background-position":"center center","background-size":"auto","background-attachment":"scroll","background-type":"","background-media":"","overlay-type":"","overlay-color":"","overlay-opacity":"","overlay-gradient":""}},"footnotes":""},"class_list":["post-2797","page","type-page","status-publish","hentry"],"post_mailing_queue_ids":[],"_links":{"self":[{"href":"https:\/\/agora.xtec.cat\/baldirireixach\/wp-json\/wp\/v2\/pages\/2797","targetHints":{"allow":["GET"]}}],"collection":[{"href":"https:\/\/agora.xtec.cat\/baldirireixach\/wp-json\/wp\/v2\/pages"}],"about":[{"href":"https:\/\/agora.xtec.cat\/baldirireixach\/wp-json\/wp\/v2\/types\/page"}],"author":[{"embeddable":true,"href":"https:\/\/agora.xtec.cat\/baldirireixach\/wp-json\/wp\/v2\/users\/1"}],"replies":[{"embeddable":true,"href":"https:\/\/agora.xtec.cat\/baldirireixach\/wp-json\/wp\/v2\/comments?post=2797"}],"version-history":[{"count":6,"href":"https:\/\/agora.xtec.cat\/baldirireixach\/wp-json\/wp\/v2\/pages\/2797\/revisions"}],"predecessor-version":[{"id":2815,"href":"https:\/\/agora.xtec.cat\/baldirireixach\/wp-json\/wp\/v2\/pages\/2797\/revisions\/2815"}],"up":[{"embeddable":true,"href":"https:\/\/agora.xtec.cat\/baldirireixach\/wp-json\/wp\/v2\/pages\/2775"}],"wp:attachment":[{"href":"https:\/\/agora.xtec.cat\/baldirireixach\/wp-json\/wp\/v2\/media?parent=2797"}],"curies":[{"name":"wp","href":"https:\/\/api.w.org\/{rel}","templated":true}]}}