{"id":2785,"date":"2023-10-01T17:32:48","date_gmt":"2023-10-01T15:32:48","guid":{"rendered":"https:\/\/agora.xtec.cat\/baldirireixach\/?page_id=2785"},"modified":"2023-10-01T17:41:11","modified_gmt":"2023-10-01T15:41:11","slug":"finalitat","status":"publish","type":"page","link":"https:\/\/agora.xtec.cat\/baldirireixach\/faig\/finalitat\/","title":{"rendered":"Finalitat"},"content":{"rendered":"<h3><b><span style=\"font-weight: 400;\"><img loading=\"lazy\" decoding=\"async\" class=\"wp-image-2788 alignleft\" src=\"https:\/\/agora.xtec.cat\/baldirireixach\/wp-content\/uploads\/usu2124\/2023\/10\/FAIG_Favicon_White-230-removebg-preview.png\" alt=\"\" width=\"82\" height=\"131\" \/><\/span><\/b><\/h3>\n<p><span style=\"font-weight: 400;\">Proporcionar l&#8217;acompanyament, la formaci\u00f3 pedag\u00f2gica i la capacitaci\u00f3 tecnol\u00f2gica necess\u00e0ries per consolidar l&#8217;aprenentatge per projectes com a l\u00ednia\u00a0 pedag\u00f2gica de centre.<\/span><\/p>\n<p><span style=\"font-weight: 400;\">Promoure la creaci\u00f3 d&#8217;entorns i experi\u00e8ncies d&#8217;aprenentatge significatives que afavoreixin el desenvolupament de l&#8217;alumnat com a persones cr\u00edtiques, responsables i transformadores del seu\u00a0 entorn, amb un paper clau en la resoluci\u00f3 de desafiaments i reptes del m\u00f3n real, a trav\u00e9s de\u00a0 solucions creatives i innovadores.<\/span><\/p>\n<p><span style=\"font-weight: 400;\">Impulsar l&#8217;aprenentatge amb sentit en els centres participants, a trav\u00e9s dels\u00a0 plantejaments de la metodologia &#8220;maker&#8221; i les possibilitats educatives de la fabricaci\u00f3 digital.<\/span><\/p>\n<h3><strong>L\u2019<span class=\"semibold\">aprenentatge amb sentit<\/span>\u00a0\u00e9s aquell que connecta amb la vida dels aprenents i amb la\u00a0<span class=\"semibold\">resoluci\u00f3 de problemes del m\u00f3n real vinculats amb les persones i el planeta<\/span>, el qual esdev\u00e9 significatiu, perdurable i transferible a altres situacions i contextos.<\/strong><\/h3>\n","protected":false},"excerpt":{"rendered":"<p>Proporcionar l&#8217;acompanyament, la formaci\u00f3 pedag\u00f2gica i la capacitaci\u00f3 tecnol\u00f2gica necess\u00e0ries per consolidar l&#8217;aprenentatge per projectes com a l\u00ednia\u00a0 pedag\u00f2gica de centre. Promoure la creaci\u00f3 d&#8217;entorns i experi\u00e8ncies d&#8217;aprenentatge significatives que afavoreixin el desenvolupament de l&#8217;alumnat com a persones cr\u00edtiques, responsables i transformadores del seu\u00a0 entorn, amb un paper clau en la resoluci\u00f3 de desafiaments i [&hellip;]<\/p>\n","protected":false},"author":1,"featured_media":0,"parent":2775,"menu_order":1,"comment_status":"closed","ping_status":"closed","template":"page-templates\/side-menu.php","meta":{"_bbp_topic_count":0,"_bbp_reply_count":0,"_bbp_total_topic_count":0,"_bbp_total_reply_count":0,"_bbp_voice_count":0,"_bbp_anonymous_reply_count":0,"_bbp_topic_count_hidden":0,"_bbp_reply_count_hidden":0,"_bbp_forum_subforum_count":0,"site-sidebar-layout":"default","site-content-layout":"","ast-site-content-layout":"","site-content-style":"default","site-sidebar-style":"default","ast-global-header-display":"","ast-banner-title-visibility":"","ast-main-header-display":"","ast-hfb-above-header-display":"","ast-hfb-below-header-display":"","ast-hfb-mobile-header-display":"","site-post-title":"","ast-breadcrumbs-content":"","ast-featured-img":"","footer-sml-layout":"","theme-transparent-header-meta":"","adv-header-id-meta":"","stick-header-meta":"","header-above-stick-meta":"","header-main-stick-meta":"","header-below-stick-meta":"","astra-migrate-meta-layouts":"default","ast-page-background-enabled":"default","ast-page-background-meta":{"desktop":{"background-color":"var(--ast-global-color-4)","background-image":"","background-repeat":"repeat","background-position":"center center","background-size":"auto","background-attachment":"scroll","background-type":"","background-media":"","overlay-type":"","overlay-color":"","overlay-opacity":"","overlay-gradient":""},"tablet":{"background-color":"","background-image":"","background-repeat":"repeat","background-position":"center center","background-size":"auto","background-attachment":"scroll","background-type":"","background-media":"","overlay-type":"","overlay-color":"","overlay-opacity":"","overlay-gradient":""},"mobile":{"background-color":"","background-image":"","background-repeat":"repeat","background-position":"center center","background-size":"auto","background-attachment":"scroll","background-type":"","background-media":"","overlay-type":"","overlay-color":"","overlay-opacity":"","overlay-gradient":""}},"ast-content-background-meta":{"desktop":{"background-color":"var(--ast-global-color-5)","background-image":"","background-repeat":"repeat","background-position":"center center","background-size":"auto","background-attachment":"scroll","background-type":"","background-media":"","overlay-type":"","overlay-color":"","overlay-opacity":"","overlay-gradient":""},"tablet":{"background-color":"var(--ast-global-color-5)","background-image":"","background-repeat":"repeat","background-position":"center center","background-size":"auto","background-attachment":"scroll","background-type":"","background-media":"","overlay-type":"","overlay-color":"","overlay-opacity":"","overlay-gradient":""},"mobile":{"background-color":"var(--ast-global-color-5)","background-image":"","background-repeat":"repeat","background-position":"center center","background-size":"auto","background-attachment":"scroll","background-type":"","background-media":"","overlay-type":"","overlay-color":"","overlay-opacity":"","overlay-gradient":""}},"footnotes":""},"class_list":["post-2785","page","type-page","status-publish","hentry"],"post_mailing_queue_ids":[],"_links":{"self":[{"href":"https:\/\/agora.xtec.cat\/baldirireixach\/wp-json\/wp\/v2\/pages\/2785","targetHints":{"allow":["GET"]}}],"collection":[{"href":"https:\/\/agora.xtec.cat\/baldirireixach\/wp-json\/wp\/v2\/pages"}],"about":[{"href":"https:\/\/agora.xtec.cat\/baldirireixach\/wp-json\/wp\/v2\/types\/page"}],"author":[{"embeddable":true,"href":"https:\/\/agora.xtec.cat\/baldirireixach\/wp-json\/wp\/v2\/users\/1"}],"replies":[{"embeddable":true,"href":"https:\/\/agora.xtec.cat\/baldirireixach\/wp-json\/wp\/v2\/comments?post=2785"}],"version-history":[{"count":4,"href":"https:\/\/agora.xtec.cat\/baldirireixach\/wp-json\/wp\/v2\/pages\/2785\/revisions"}],"predecessor-version":[{"id":2794,"href":"https:\/\/agora.xtec.cat\/baldirireixach\/wp-json\/wp\/v2\/pages\/2785\/revisions\/2794"}],"up":[{"embeddable":true,"href":"https:\/\/agora.xtec.cat\/baldirireixach\/wp-json\/wp\/v2\/pages\/2775"}],"wp:attachment":[{"href":"https:\/\/agora.xtec.cat\/baldirireixach\/wp-json\/wp\/v2\/media?parent=2785"}],"curies":[{"name":"wp","href":"https:\/\/api.w.org\/{rel}","templated":true}]}}