{"id":2775,"date":"2023-09-29T16:14:02","date_gmt":"2023-09-29T14:14:02","guid":{"rendered":"https:\/\/agora.xtec.cat\/baldirireixach\/?page_id=2775"},"modified":"2023-10-21T09:55:14","modified_gmt":"2023-10-21T07:55:14","slug":"faig","status":"publish","type":"page","link":"https:\/\/agora.xtec.cat\/baldirireixach\/faig\/","title":{"rendered":"FAIG"},"content":{"rendered":"<p><img loading=\"lazy\" decoding=\"async\" class=\"alignnone size-full wp-image-2721\" src=\"https:\/\/agora.xtec.cat\/baldirireixach\/wp-content\/uploads\/usu2124\/2023\/07\/faig2.jpg\" alt=\"\" width=\"788\" height=\"266\" srcset=\"https:\/\/agora.xtec.cat\/baldirireixach\/wp-content\/uploads\/usu2124\/2023\/07\/faig2.jpg 788w, https:\/\/agora.xtec.cat\/baldirireixach\/wp-content\/uploads\/usu2124\/2023\/07\/faig2-300x101.jpg 300w, https:\/\/agora.xtec.cat\/baldirireixach\/wp-content\/uploads\/usu2124\/2023\/07\/faig2-768x259.jpg 768w\" sizes=\"auto, (max-width: 788px) 100vw, 788px\" \/><\/p>\n<p>L&#8217;escola Mn. Baldiri Reixach hem iniciat un proc\u00e9s d&#8217;innovaci\u00f3 pedag\u00f2gica que ens ha de portar a assolir els grans reptes de la societat en general i de l&#8217;escola en particular: millora de la cohesi\u00f3 social i millora dels resultats educatius.<\/p>\n<p>El Programa FAIG \u00e9s una oportunitat per crear un entorns d\u2019aprenentatge amb sentit, on posar l\u2019alumnat al centre, sentint la seva veu per a crear un m\u00f3n millor on viure i conviure.<\/p>\n<p>Es tracta d\u2019un programa experimental que impulsa el desenvolupament de projectes de treball vinculats als desafiaments de les persones i del planeta, els quals integren processos de creaci\u00f3 &#8220;maker&#8221; i de fabricaci\u00f3 digital, amb el prop\u00f2sit que infants i joves donin resposta a les necessitats de les seves comunitats i esdevinguin persones cr\u00edtiques, participatives i transformadores del seu entorn.<\/p>\n<p>El programa FAIG implica:<\/p>\n<ul>\n<li>La creaci\u00f3 d\u2019un espai &#8220;maker&#8221; (anomenat FAIGLab) obert a la comunitat educativa.<\/li>\n<li>L\u2019acompanyament i formaci\u00f3 pedag\u00f2gica necess\u00e0ria per a consolidar l\u2019aprenentatge per projectes des d\u2019un enfocament globalitzat com a l\u00ednia pedag\u00f2gica de centre.<\/li>\n<li>La realitzaci\u00f3 de projectes interdisciplinaris que connectin l\u2019alumnat amb problemes socialment rellevants, perqu\u00e8 esdevinguin projectes d\u2019aprenentatge amb sentit.<\/li>\n<li>La capacitaci\u00f3 tecnol\u00f2gica necess\u00e0ria per a integrar el \u201cmaker\u201d i les possibilitats creatives de la fabricaci\u00f3 digital en els projectes d\u2019aprenentatge amb sentit, possibilitant que l&#8217;alumnat doni respostes innovadores a les necessitats de l\u2019entorn.<\/li>\n<li>La col\u00b7laboraci\u00f3 amb agents externs capdavanters en la recerca i la creaci\u00f3 de solucions davant els desafiaments socials actuals i reptes de futur.<\/li>\n<li>La participaci\u00f3 activa en la xarxa de centres FAIG de Catalunya.<\/li>\n<li>La creaci\u00f3 d\u2019una comunitat activa d\u2019aprenentatge al voltant del FAIGLab que possibiliti la seva obertura a l\u2019entorn.<\/li>\n<\/ul>\n<p>En aquesta <a href=\"https:\/\/serveiseducatius.xtec.cat\/cesire\/faig-fent-per-aprendre-imaginant-globalment\/\" target=\"_blank\" rel=\"noopener\">p\u00e0gina<\/a> teniu una amplia i detallada explicaci\u00f3 del programa <a href=\"https:\/\/serveiseducatius.xtec.cat\/cesire\/faig-fent-per-aprendre-imaginant-globalment\/\" target=\"_blank\" rel=\"noopener\">FAIG<\/a><\/p>\n<p>En aquest espai web anirem recollint els projectes que portarem a terme, i tots aquells aspectes relacionat amb el programa <a href=\"https:\/\/serveiseducatius.xtec.cat\/cesire\/faig-fent-per-aprendre-imaginant-globalment\/\" target=\"_blank\" rel=\"noopener\">FAIG<\/a><\/p>\n<p><iframe loading=\"lazy\" src=\"\/\/www.youtube.com\/embed\/3Jv36LoF-7s?si=rYIs9FU6IYAgdfjn\" width=\"560\" height=\"314\" allowfullscreen=\"allowfullscreen\"><\/iframe><\/p>\n<h5>Presentaci\u00f3 del programa FAIG, centres itinerari 2. 10 d&#8217;octubre de 2023<\/h5>\n<p><iframe loading=\"lazy\" src=\"\/\/www.youtube.com\/embed\/gY7IAHz5x0c\" width=\"560\" height=\"314\" allowfullscreen=\"allowfullscreen\"><\/iframe><\/p>\n","protected":false},"excerpt":{"rendered":"<p>L&#8217;escola Mn. Baldiri Reixach hem iniciat un proc\u00e9s d&#8217;innovaci\u00f3 pedag\u00f2gica que ens ha de portar a assolir els grans reptes de la societat en general i de l&#8217;escola en particular: millora de la cohesi\u00f3 social i millora dels resultats educatius. El Programa FAIG \u00e9s una oportunitat per crear un entorns d\u2019aprenentatge amb sentit, on posar [&hellip;]<\/p>\n","protected":false},"author":1,"featured_media":0,"parent":0,"menu_order":0,"comment_status":"closed","ping_status":"closed","template":"page-templates\/side-menu.php","meta":{"_bbp_topic_count":0,"_bbp_reply_count":0,"_bbp_total_topic_count":0,"_bbp_total_reply_count":0,"_bbp_voice_count":0,"_bbp_anonymous_reply_count":0,"_bbp_topic_count_hidden":0,"_bbp_reply_count_hidden":0,"_bbp_forum_subforum_count":0,"site-sidebar-layout":"default","site-content-layout":"","ast-site-content-layout":"","site-content-style":"default","site-sidebar-style":"default","ast-global-header-display":"","ast-banner-title-visibility":"","ast-main-header-display":"","ast-hfb-above-header-display":"","ast-hfb-below-header-display":"","ast-hfb-mobile-header-display":"","site-post-title":"","ast-breadcrumbs-content":"","ast-featured-img":"","footer-sml-layout":"","theme-transparent-header-meta":"","adv-header-id-meta":"","stick-header-meta":"","header-above-stick-meta":"","header-main-stick-meta":"","header-below-stick-meta":"","astra-migrate-meta-layouts":"default","ast-page-background-enabled":"default","ast-page-background-meta":{"desktop":{"background-color":"var(--ast-global-color-4)","background-image":"","background-repeat":"repeat","background-position":"center center","background-size":"auto","background-attachment":"scroll","background-type":"","background-media":"","overlay-type":"","overlay-color":"","overlay-opacity":"","overlay-gradient":""},"tablet":{"background-color":"","background-image":"","background-repeat":"repeat","background-position":"center center","background-size":"auto","background-attachment":"scroll","background-type":"","background-media":"","overlay-type":"","overlay-color":"","overlay-opacity":"","overlay-gradient":""},"mobile":{"background-color":"","background-image":"","background-repeat":"repeat","background-position":"center center","background-size":"auto","background-attachment":"scroll","background-type":"","background-media":"","overlay-type":"","overlay-color":"","overlay-opacity":"","overlay-gradient":""}},"ast-content-background-meta":{"desktop":{"background-color":"var(--ast-global-color-5)","background-image":"","background-repeat":"repeat","background-position":"center center","background-size":"auto","background-attachment":"scroll","background-type":"","background-media":"","overlay-type":"","overlay-color":"","overlay-opacity":"","overlay-gradient":""},"tablet":{"background-color":"var(--ast-global-color-5)","background-image":"","background-repeat":"repeat","background-position":"center center","background-size":"auto","background-attachment":"scroll","background-type":"","background-media":"","overlay-type":"","overlay-color":"","overlay-opacity":"","overlay-gradient":""},"mobile":{"background-color":"var(--ast-global-color-5)","background-image":"","background-repeat":"repeat","background-position":"center center","background-size":"auto","background-attachment":"scroll","background-type":"","background-media":"","overlay-type":"","overlay-color":"","overlay-opacity":"","overlay-gradient":""}},"footnotes":""},"class_list":["post-2775","page","type-page","status-publish","hentry"],"post_mailing_queue_ids":[],"_links":{"self":[{"href":"https:\/\/agora.xtec.cat\/baldirireixach\/wp-json\/wp\/v2\/pages\/2775","targetHints":{"allow":["GET"]}}],"collection":[{"href":"https:\/\/agora.xtec.cat\/baldirireixach\/wp-json\/wp\/v2\/pages"}],"about":[{"href":"https:\/\/agora.xtec.cat\/baldirireixach\/wp-json\/wp\/v2\/types\/page"}],"author":[{"embeddable":true,"href":"https:\/\/agora.xtec.cat\/baldirireixach\/wp-json\/wp\/v2\/users\/1"}],"replies":[{"embeddable":true,"href":"https:\/\/agora.xtec.cat\/baldirireixach\/wp-json\/wp\/v2\/comments?post=2775"}],"version-history":[{"count":6,"href":"https:\/\/agora.xtec.cat\/baldirireixach\/wp-json\/wp\/v2\/pages\/2775\/revisions"}],"predecessor-version":[{"id":2818,"href":"https:\/\/agora.xtec.cat\/baldirireixach\/wp-json\/wp\/v2\/pages\/2775\/revisions\/2818"}],"wp:attachment":[{"href":"https:\/\/agora.xtec.cat\/baldirireixach\/wp-json\/wp\/v2\/media?parent=2775"}],"curies":[{"name":"wp","href":"https:\/\/api.w.org\/{rel}","templated":true}]}}