{"id":2288,"date":"2022-10-12T19:51:45","date_gmt":"2022-10-12T17:51:45","guid":{"rendered":"https:\/\/agora.xtec.cat\/baldirireixach\/?page_id=2288"},"modified":"2023-09-29T16:40:55","modified_gmt":"2023-09-29T14:40:55","slug":"lecxit","status":"publish","type":"page","link":"https:\/\/agora.xtec.cat\/baldirireixach\/inici\/lecxit\/","title":{"rendered":"LECXIT"},"content":{"rendered":"<p><img loading=\"lazy\" decoding=\"async\" class=\"alignnone wp-image-2289\" src=\"https:\/\/agora.xtec.cat\/baldirireixach\/wp-content\/uploads\/usu2124\/2022\/10\/LECXIT_logo_horitzontal.jpg\" alt=\"\" width=\"1195\" height=\"299\" srcset=\"https:\/\/agora.xtec.cat\/baldirireixach\/wp-content\/uploads\/usu2124\/2022\/10\/LECXIT_logo_horitzontal.jpg 2362w, https:\/\/agora.xtec.cat\/baldirireixach\/wp-content\/uploads\/usu2124\/2022\/10\/LECXIT_logo_horitzontal-300x75.jpg 300w, https:\/\/agora.xtec.cat\/baldirireixach\/wp-content\/uploads\/usu2124\/2022\/10\/LECXIT_logo_horitzontal-1024x256.jpg 1024w, https:\/\/agora.xtec.cat\/baldirireixach\/wp-content\/uploads\/usu2124\/2022\/10\/LECXIT_logo_horitzontal-768x192.jpg 768w, https:\/\/agora.xtec.cat\/baldirireixach\/wp-content\/uploads\/usu2124\/2022\/10\/LECXIT_logo_horitzontal-1536x384.jpg 1536w, https:\/\/agora.xtec.cat\/baldirireixach\/wp-content\/uploads\/usu2124\/2022\/10\/LECXIT_logo_horitzontal-2048x512.jpg 2048w\" sizes=\"auto, (max-width: 1195px) 100vw, 1195px\" \/><\/p>\n<h2 style=\"text-align: left;\"><strong><span style=\"color: #00bbe6;\">T&#8217;agrada llegir? Vols ser voluntari del programa LECXIT?<\/span><\/strong><\/h2>\n<h5><span style=\"color: #f68026;\"><strong>Busquem persones majors de 16 anys que s\u00e0piguen llegir en catal\u00e0 i que tinguin ganes d\u2019acompanyar un infant en el seu proc\u00e9s educatiu. <\/strong><\/span><\/h5>\n<h5><span style=\"color: #f68026;\"><strong>L\u2019objectiu \u00e9s incrementar l\u2019\u00e8xit educatiu dels infants a trav\u00e9s de la millora de la comprensi\u00f3 lectora.<\/strong><\/span><\/h5>\n<h5 style=\"text-align: left;\"><a href=\"https:\/\/agora.xtec.cat\/baldirireixach\/general\/lecxit\/\"><strong><span style=\"color: #00bbe6;\">Clica aqu\u00ed per saber-ne m\u00e9s<\/span><\/strong><\/a><\/h5>\n<p><img loading=\"lazy\" decoding=\"async\" class=\"alignnone wp-image-2341\" src=\"https:\/\/agora.xtec.cat\/baldirireixach\/wp-content\/uploads\/usu2124\/2022\/11\/Suport-Educatiu-1200x300-1.jpg\" alt=\"\" width=\"1187\" height=\"297\" srcset=\"https:\/\/agora.xtec.cat\/baldirireixach\/wp-content\/uploads\/usu2124\/2022\/11\/Suport-Educatiu-1200x300-1.jpg 1200w, https:\/\/agora.xtec.cat\/baldirireixach\/wp-content\/uploads\/usu2124\/2022\/11\/Suport-Educatiu-1200x300-1-300x75.jpg 300w, https:\/\/agora.xtec.cat\/baldirireixach\/wp-content\/uploads\/usu2124\/2022\/11\/Suport-Educatiu-1200x300-1-1024x256.jpg 1024w, https:\/\/agora.xtec.cat\/baldirireixach\/wp-content\/uploads\/usu2124\/2022\/11\/Suport-Educatiu-1200x300-1-768x192.jpg 768w\" sizes=\"auto, (max-width: 1187px) 100vw, 1187px\" \/><\/p>\n<p>L&#8217;<a href=\"https:\/\/agora.xtec.cat\/baldirireixach\/\" target=\"_blank\" rel=\"noopener\">escola Mn. Baldiri Reixach<\/a> hem estat escollits per la <a href=\"https:\/\/fundaciobofill.cat\/\" target=\"_blank\" rel=\"noopener\">Fundaci\u00f3 Bofill<\/a> per participar al programa \u201c<strong><a href=\"https:\/\/suporteducatiu.org\/\" target=\"_blank\" rel=\"noopener\">Suport educatiu. Acompanyament per Accelerar Oportunitats<\/a><\/strong>\u201d. Un projecte innovador que vol fer possible que tots els infants i adolescents estiguin el millor equipats possible per tenir traject\u00f2ries educatives d\u2019\u00e8xit, siguin quines siguin les seves condicions de partida.<\/p>\n<p>Aqu\u00ed en podeu llegir tota tota la informaci\u00f3.<\/p>\n","protected":false},"excerpt":{"rendered":"<p>T&#8217;agrada llegir? Vols ser voluntari del programa LECXIT? Busquem persones majors de 16 anys que s\u00e0piguen llegir en catal\u00e0 i que tinguin ganes d\u2019acompanyar un infant en el seu proc\u00e9s educatiu. L\u2019objectiu \u00e9s incrementar l\u2019\u00e8xit educatiu dels infants a trav\u00e9s de la millora de la comprensi\u00f3 lectora. Clica aqu\u00ed per saber-ne m\u00e9s L&#8217;escola Mn. Baldiri [&hellip;]<\/p>\n","protected":false},"author":1,"featured_media":0,"parent":7,"menu_order":0,"comment_status":"closed","ping_status":"closed","template":"page-templates\/side-menu.php","meta":{"_bbp_topic_count":0,"_bbp_reply_count":0,"_bbp_total_topic_count":0,"_bbp_total_reply_count":0,"_bbp_voice_count":0,"_bbp_anonymous_reply_count":0,"_bbp_topic_count_hidden":0,"_bbp_reply_count_hidden":0,"_bbp_forum_subforum_count":0,"site-sidebar-layout":"default","site-content-layout":"","ast-site-content-layout":"","site-content-style":"default","site-sidebar-style":"default","ast-global-header-display":"","ast-banner-title-visibility":"","ast-main-header-display":"","ast-hfb-above-header-display":"","ast-hfb-below-header-display":"","ast-hfb-mobile-header-display":"","site-post-title":"","ast-breadcrumbs-content":"","ast-featured-img":"","footer-sml-layout":"","theme-transparent-header-meta":"","adv-header-id-meta":"","stick-header-meta":"","header-above-stick-meta":"","header-main-stick-meta":"","header-below-stick-meta":"","astra-migrate-meta-layouts":"default","ast-page-background-enabled":"default","ast-page-background-meta":{"desktop":{"background-color":"var(--ast-global-color-4)","background-image":"","background-repeat":"repeat","background-position":"center center","background-size":"auto","background-attachment":"scroll","background-type":"","background-media":"","overlay-type":"","overlay-color":"","overlay-opacity":"","overlay-gradient":""},"tablet":{"background-color":"","background-image":"","background-repeat":"repeat","background-position":"center center","background-size":"auto","background-attachment":"scroll","background-type":"","background-media":"","overlay-type":"","overlay-color":"","overlay-opacity":"","overlay-gradient":""},"mobile":{"background-color":"","background-image":"","background-repeat":"repeat","background-position":"center center","background-size":"auto","background-attachment":"scroll","background-type":"","background-media":"","overlay-type":"","overlay-color":"","overlay-opacity":"","overlay-gradient":""}},"ast-content-background-meta":{"desktop":{"background-color":"var(--ast-global-color-5)","background-image":"","background-repeat":"repeat","background-position":"center center","background-size":"auto","background-attachment":"scroll","background-type":"","background-media":"","overlay-type":"","overlay-color":"","overlay-opacity":"","overlay-gradient":""},"tablet":{"background-color":"var(--ast-global-color-5)","background-image":"","background-repeat":"repeat","background-position":"center center","background-size":"auto","background-attachment":"scroll","background-type":"","background-media":"","overlay-type":"","overlay-color":"","overlay-opacity":"","overlay-gradient":""},"mobile":{"background-color":"var(--ast-global-color-5)","background-image":"","background-repeat":"repeat","background-position":"center center","background-size":"auto","background-attachment":"scroll","background-type":"","background-media":"","overlay-type":"","overlay-color":"","overlay-opacity":"","overlay-gradient":""}},"footnotes":""},"class_list":["post-2288","page","type-page","status-publish","hentry"],"post_mailing_queue_ids":[],"_links":{"self":[{"href":"https:\/\/agora.xtec.cat\/baldirireixach\/wp-json\/wp\/v2\/pages\/2288","targetHints":{"allow":["GET"]}}],"collection":[{"href":"https:\/\/agora.xtec.cat\/baldirireixach\/wp-json\/wp\/v2\/pages"}],"about":[{"href":"https:\/\/agora.xtec.cat\/baldirireixach\/wp-json\/wp\/v2\/types\/page"}],"author":[{"embeddable":true,"href":"https:\/\/agora.xtec.cat\/baldirireixach\/wp-json\/wp\/v2\/users\/1"}],"replies":[{"embeddable":true,"href":"https:\/\/agora.xtec.cat\/baldirireixach\/wp-json\/wp\/v2\/comments?post=2288"}],"version-history":[{"count":3,"href":"https:\/\/agora.xtec.cat\/baldirireixach\/wp-json\/wp\/v2\/pages\/2288\/revisions"}],"predecessor-version":[{"id":2343,"href":"https:\/\/agora.xtec.cat\/baldirireixach\/wp-json\/wp\/v2\/pages\/2288\/revisions\/2343"}],"up":[{"embeddable":true,"href":"https:\/\/agora.xtec.cat\/baldirireixach\/wp-json\/wp\/v2\/pages\/7"}],"wp:attachment":[{"href":"https:\/\/agora.xtec.cat\/baldirireixach\/wp-json\/wp\/v2\/media?parent=2288"}],"curies":[{"name":"wp","href":"https:\/\/api.w.org\/{rel}","templated":true}]}}