{"id":2238,"date":"2022-09-13T08:37:22","date_gmt":"2022-09-13T06:37:22","guid":{"rendered":"https:\/\/agora.xtec.cat\/baldirireixach\/?page_id=2238"},"modified":"2022-09-17T10:07:02","modified_gmt":"2022-09-17T08:07:02","slug":"festa-intercultural","status":"publish","type":"page","link":"https:\/\/agora.xtec.cat\/baldirireixach\/inici\/festa-intercultural\/","title":{"rendered":"Festa intercultural d&#8217;inici de curs"},"content":{"rendered":"<p><img loading=\"lazy\" decoding=\"async\" class=\" wp-image-2239 alignleft\" src=\"https:\/\/agora.xtec.cat\/baldirireixach\/wp-content\/uploads\/usu2124\/2022\/09\/Baldiri_festa_900px.jpg\" alt=\"\" width=\"333\" height=\"466\" srcset=\"https:\/\/agora.xtec.cat\/baldirireixach\/wp-content\/uploads\/usu2124\/2022\/09\/Baldiri_festa_900px.jpg 900w, https:\/\/agora.xtec.cat\/baldirireixach\/wp-content\/uploads\/usu2124\/2022\/09\/Baldiri_festa_900px-214x300.jpg 214w, https:\/\/agora.xtec.cat\/baldirireixach\/wp-content\/uploads\/usu2124\/2022\/09\/Baldiri_festa_900px-731x1024.jpg 731w, https:\/\/agora.xtec.cat\/baldirireixach\/wp-content\/uploads\/usu2124\/2022\/09\/Baldiri_festa_900px-768x1075.jpg 768w\" sizes=\"auto, (max-width: 333px) 100vw, 333px\" \/>Des de l&#8217;escola\u00a0<strong>Baldiri Reixach<\/strong>\u00a0us volem donar la benvinguda a aquest nou curs escolar amb una petita<strong>\u00a0festa intercultural<\/strong>\u00a0que pensem que us pot agradar.\u00a0<strong>El proper 21 de setembre a les 6 de la tarda<\/strong>\u00a0us convidem a venir a l&#8217;escola a passar una bona estona.<\/p>\n<p>Comptarem amb la participaci\u00f3 del m\u00fasic\u00a0<a href=\"https:\/\/burruezo.org\/\" target=\"_blank\" rel=\"noreferrer noopener\">Pedro Burruezo<\/a>, que amb les seves composicions mestisses i de caire mediterrani ens far\u00e0 viure i gaudir de la m\u00fasica. Tamb\u00e9 tindrem l&#8217;actuaci\u00f3 del grup d&#8217;havaneres <a href=\"https:\/\/www.neusmar.net\/\" target=\"_blank\" rel=\"noreferrer noopener\">Neus Mar<\/a>, que ens oferir\u00e0 un petit repertori que ens far\u00e0 con\u00e8ixer i descobrir aquesta m\u00fasica tradicional catalana.<strong>\u00a0I algunes sorpreses m\u00e9s que no volem explicar encara&#8230;!!<\/strong><\/p>\n<p>I com que es tracta d&#8217;una festa intercultural volem que les fam\u00edlies tamb\u00e9 hi participeu. Us demanem que<strong>\u00a0prepareu algun menjar o beure t\u00edpic del vostre pa\u00eds<\/strong>\u00a0i el porteu a la festa. De manera que entre tots ens enriquim culturalment i gastron\u00f2micament tamb\u00e9. Si voleu participar responeu la pregunta que us hem enviat en un missatge.<\/p>\n<p>Ens agradar\u00e0 molt comptar amb la vostra pres\u00e8ncia i participaci\u00f3 en aquesta festa d&#8217;inici de curs, que pret\u00e9n tamb\u00e9 que les fam\u00edlies participeu de la vida escolar dels vostres fills i filles.<\/p>\n<p>&nbsp;<\/p>\n","protected":false},"excerpt":{"rendered":"<p>Des de l&#8217;escola\u00a0Baldiri Reixach\u00a0us volem donar la benvinguda a aquest nou curs escolar amb una petita\u00a0festa intercultural\u00a0que pensem que us pot agradar.\u00a0El proper 21 de setembre a les 6 de la tarda\u00a0us convidem a venir a l&#8217;escola a passar una bona estona. Comptarem amb la participaci\u00f3 del m\u00fasic\u00a0Pedro Burruezo, que amb les seves composicions mestisses [&hellip;]<\/p>\n","protected":false},"author":1,"featured_media":0,"parent":7,"menu_order":0,"comment_status":"closed","ping_status":"closed","template":"","meta":{"_bbp_topic_count":0,"_bbp_reply_count":0,"_bbp_total_topic_count":0,"_bbp_total_reply_count":0,"_bbp_voice_count":0,"_bbp_anonymous_reply_count":0,"_bbp_topic_count_hidden":0,"_bbp_reply_count_hidden":0,"_bbp_forum_subforum_count":0,"site-sidebar-layout":"default","site-content-layout":"","ast-site-content-layout":"","site-content-style":"default","site-sidebar-style":"default","ast-global-header-display":"","ast-banner-title-visibility":"","ast-main-header-display":"","ast-hfb-above-header-display":"","ast-hfb-below-header-display":"","ast-hfb-mobile-header-display":"","site-post-title":"","ast-breadcrumbs-content":"","ast-featured-img":"","footer-sml-layout":"","theme-transparent-header-meta":"","adv-header-id-meta":"","stick-header-meta":"","header-above-stick-meta":"","header-main-stick-meta":"","header-below-stick-meta":"","astra-migrate-meta-layouts":"default","ast-page-background-enabled":"default","ast-page-background-meta":{"desktop":{"background-color":"var(--ast-global-color-4)","background-image":"","background-repeat":"repeat","background-position":"center center","background-size":"auto","background-attachment":"scroll","background-type":"","background-media":"","overlay-type":"","overlay-color":"","overlay-opacity":"","overlay-gradient":""},"tablet":{"background-color":"","background-image":"","background-repeat":"repeat","background-position":"center center","background-size":"auto","background-attachment":"scroll","background-type":"","background-media":"","overlay-type":"","overlay-color":"","overlay-opacity":"","overlay-gradient":""},"mobile":{"background-color":"","background-image":"","background-repeat":"repeat","background-position":"center center","background-size":"auto","background-attachment":"scroll","background-type":"","background-media":"","overlay-type":"","overlay-color":"","overlay-opacity":"","overlay-gradient":""}},"ast-content-background-meta":{"desktop":{"background-color":"var(--ast-global-color-5)","background-image":"","background-repeat":"repeat","background-position":"center center","background-size":"auto","background-attachment":"scroll","background-type":"","background-media":"","overlay-type":"","overlay-color":"","overlay-opacity":"","overlay-gradient":""},"tablet":{"background-color":"var(--ast-global-color-5)","background-image":"","background-repeat":"repeat","background-position":"center center","background-size":"auto","background-attachment":"scroll","background-type":"","background-media":"","overlay-type":"","overlay-color":"","overlay-opacity":"","overlay-gradient":""},"mobile":{"background-color":"var(--ast-global-color-5)","background-image":"","background-repeat":"repeat","background-position":"center center","background-size":"auto","background-attachment":"scroll","background-type":"","background-media":"","overlay-type":"","overlay-color":"","overlay-opacity":"","overlay-gradient":""}},"footnotes":""},"class_list":["post-2238","page","type-page","status-publish","hentry"],"post_mailing_queue_ids":[],"_links":{"self":[{"href":"https:\/\/agora.xtec.cat\/baldirireixach\/wp-json\/wp\/v2\/pages\/2238","targetHints":{"allow":["GET"]}}],"collection":[{"href":"https:\/\/agora.xtec.cat\/baldirireixach\/wp-json\/wp\/v2\/pages"}],"about":[{"href":"https:\/\/agora.xtec.cat\/baldirireixach\/wp-json\/wp\/v2\/types\/page"}],"author":[{"embeddable":true,"href":"https:\/\/agora.xtec.cat\/baldirireixach\/wp-json\/wp\/v2\/users\/1"}],"replies":[{"embeddable":true,"href":"https:\/\/agora.xtec.cat\/baldirireixach\/wp-json\/wp\/v2\/comments?post=2238"}],"version-history":[{"count":3,"href":"https:\/\/agora.xtec.cat\/baldirireixach\/wp-json\/wp\/v2\/pages\/2238\/revisions"}],"predecessor-version":[{"id":2245,"href":"https:\/\/agora.xtec.cat\/baldirireixach\/wp-json\/wp\/v2\/pages\/2238\/revisions\/2245"}],"up":[{"embeddable":true,"href":"https:\/\/agora.xtec.cat\/baldirireixach\/wp-json\/wp\/v2\/pages\/7"}],"wp:attachment":[{"href":"https:\/\/agora.xtec.cat\/baldirireixach\/wp-json\/wp\/v2\/media?parent=2238"}],"curies":[{"name":"wp","href":"https:\/\/api.w.org\/{rel}","templated":true}]}}