{"id":1761,"date":"2021-11-18T16:24:46","date_gmt":"2021-11-18T15:24:46","guid":{"rendered":"https:\/\/agora.xtec.cat\/baldirireixach\/?page_id=1761"},"modified":"2021-11-25T19:16:46","modified_gmt":"2021-11-25T18:16:46","slug":"eleccions-al-consell-escolar","status":"publish","type":"page","link":"https:\/\/agora.xtec.cat\/baldirireixach\/inici\/eleccions-al-consell-escolar\/","title":{"rendered":"Eleccions al consell Escolar"},"content":{"rendered":"<p><img loading=\"lazy\" decoding=\"async\" class=\"wp-image-1762 alignleft\" src=\"https:\/\/agora.xtec.cat\/baldirireixach\/wp-content\/uploads\/usu2124\/2021\/11\/cartell-eleccions_consell_escolar.jpg\" alt=\"\" width=\"588\" height=\"339\" srcset=\"https:\/\/agora.xtec.cat\/baldirireixach\/wp-content\/uploads\/usu2124\/2021\/11\/cartell-eleccions_consell_escolar.jpg 821w, https:\/\/agora.xtec.cat\/baldirireixach\/wp-content\/uploads\/usu2124\/2021\/11\/cartell-eleccions_consell_escolar-300x173.jpg 300w, https:\/\/agora.xtec.cat\/baldirireixach\/wp-content\/uploads\/usu2124\/2021\/11\/cartell-eleccions_consell_escolar-768x442.jpg 768w\" sizes=\"auto, (max-width: 588px) 100vw, 588px\" \/>Les fam\u00edlies podeu participar de la vida de l&#8217;escola a trav\u00e9s del Consell Escolar del Centre.<\/p>\n<p>En els proper dies hi haur\u00e0 eleccions pel Consell escolar, \u00e9s a dir, podreu presentar-vos per ser membres d&#8217;aquest Consell i participar i decidir qu\u00e8 es fa al nostre centre.<\/p>\n<p>En les eleccions, les fam\u00edlies hi podeu participar de dues maneres diferents:<\/p>\n<p>Presentant-vos com a candidats o candidates per representar les fam\u00edlies al consell escolar. <strong>Si voleu presentar-vos com a candidates i candidats poseu-vos en contacte amb la direcci\u00f3 de l&#8217;escola.<\/strong><\/p>\n<p>Participant el dia que el centre convoqui les eleccions votant les candidatures que considereu m\u00e9s representatives.<br \/>\nDurant la setmana del 22 al 26 de novembre s&#8217;han portat a terme les votacions i han sortit escollides les seg\u00fcents persones, que detallem per sectors:<\/p>\n<ul>\n<li>Sector mestres: Maribel M\u00fajica, Marta Nogu\u00e9, M\u00f2nica Bassacomas, Ester Carb\u00f3<\/li>\n<li>Sector de personal d&#8217;administraci\u00f3 i serveis: M. Lourde Orihuela<\/li>\n<li>Sector pares:<\/li>\n<\/ul>\n<p>Trobareu tota la informaci\u00f3 de les eleccions al Consell Escolar en aquest <a href=\"https:\/\/educacio.gencat.cat\/ca\/arees-actuacio\/families\/recursos\/recomanacions\/eleccions-consells-escolars\/\" target=\"_blank\" rel=\"noopener\">enlla\u00e7<\/a>.<\/p>\n","protected":false},"excerpt":{"rendered":"<p>Les fam\u00edlies podeu participar de la vida de l&#8217;escola a trav\u00e9s del Consell Escolar del Centre. En els proper dies hi haur\u00e0 eleccions pel Consell escolar, \u00e9s a dir, podreu presentar-vos per ser membres d&#8217;aquest Consell i participar i decidir qu\u00e8 es fa al nostre centre. En les eleccions, les fam\u00edlies hi podeu participar de [&hellip;]<\/p>\n","protected":false},"author":1,"featured_media":0,"parent":7,"menu_order":0,"comment_status":"closed","ping_status":"closed","template":"","meta":{"_bbp_topic_count":0,"_bbp_reply_count":0,"_bbp_total_topic_count":0,"_bbp_total_reply_count":0,"_bbp_voice_count":0,"_bbp_anonymous_reply_count":0,"_bbp_topic_count_hidden":0,"_bbp_reply_count_hidden":0,"_bbp_forum_subforum_count":0,"site-sidebar-layout":"default","site-content-layout":"","ast-site-content-layout":"","site-content-style":"default","site-sidebar-style":"default","ast-global-header-display":"","ast-banner-title-visibility":"","ast-main-header-display":"","ast-hfb-above-header-display":"","ast-hfb-below-header-display":"","ast-hfb-mobile-header-display":"","site-post-title":"","ast-breadcrumbs-content":"","ast-featured-img":"","footer-sml-layout":"","theme-transparent-header-meta":"","adv-header-id-meta":"","stick-header-meta":"","header-above-stick-meta":"","header-main-stick-meta":"","header-below-stick-meta":"","astra-migrate-meta-layouts":"default","ast-page-background-enabled":"default","ast-page-background-meta":{"desktop":{"background-color":"var(--ast-global-color-4)","background-image":"","background-repeat":"repeat","background-position":"center center","background-size":"auto","background-attachment":"scroll","background-type":"","background-media":"","overlay-type":"","overlay-color":"","overlay-opacity":"","overlay-gradient":""},"tablet":{"background-color":"","background-image":"","background-repeat":"repeat","background-position":"center center","background-size":"auto","background-attachment":"scroll","background-type":"","background-media":"","overlay-type":"","overlay-color":"","overlay-opacity":"","overlay-gradient":""},"mobile":{"background-color":"","background-image":"","background-repeat":"repeat","background-position":"center center","background-size":"auto","background-attachment":"scroll","background-type":"","background-media":"","overlay-type":"","overlay-color":"","overlay-opacity":"","overlay-gradient":""}},"ast-content-background-meta":{"desktop":{"background-color":"var(--ast-global-color-5)","background-image":"","background-repeat":"repeat","background-position":"center center","background-size":"auto","background-attachment":"scroll","background-type":"","background-media":"","overlay-type":"","overlay-color":"","overlay-opacity":"","overlay-gradient":""},"tablet":{"background-color":"var(--ast-global-color-5)","background-image":"","background-repeat":"repeat","background-position":"center center","background-size":"auto","background-attachment":"scroll","background-type":"","background-media":"","overlay-type":"","overlay-color":"","overlay-opacity":"","overlay-gradient":""},"mobile":{"background-color":"var(--ast-global-color-5)","background-image":"","background-repeat":"repeat","background-position":"center center","background-size":"auto","background-attachment":"scroll","background-type":"","background-media":"","overlay-type":"","overlay-color":"","overlay-opacity":"","overlay-gradient":""}},"footnotes":""},"class_list":["post-1761","page","type-page","status-publish","hentry"],"post_mailing_queue_ids":[],"_links":{"self":[{"href":"https:\/\/agora.xtec.cat\/baldirireixach\/wp-json\/wp\/v2\/pages\/1761","targetHints":{"allow":["GET"]}}],"collection":[{"href":"https:\/\/agora.xtec.cat\/baldirireixach\/wp-json\/wp\/v2\/pages"}],"about":[{"href":"https:\/\/agora.xtec.cat\/baldirireixach\/wp-json\/wp\/v2\/types\/page"}],"author":[{"embeddable":true,"href":"https:\/\/agora.xtec.cat\/baldirireixach\/wp-json\/wp\/v2\/users\/1"}],"replies":[{"embeddable":true,"href":"https:\/\/agora.xtec.cat\/baldirireixach\/wp-json\/wp\/v2\/comments?post=1761"}],"version-history":[{"count":2,"href":"https:\/\/agora.xtec.cat\/baldirireixach\/wp-json\/wp\/v2\/pages\/1761\/revisions"}],"predecessor-version":[{"id":1785,"href":"https:\/\/agora.xtec.cat\/baldirireixach\/wp-json\/wp\/v2\/pages\/1761\/revisions\/1785"}],"up":[{"embeddable":true,"href":"https:\/\/agora.xtec.cat\/baldirireixach\/wp-json\/wp\/v2\/pages\/7"}],"wp:attachment":[{"href":"https:\/\/agora.xtec.cat\/baldirireixach\/wp-json\/wp\/v2\/media?parent=1761"}],"curies":[{"name":"wp","href":"https:\/\/api.w.org\/{rel}","templated":true}]}}