{"id":1619,"date":"2021-06-22T13:19:27","date_gmt":"2021-06-22T11:19:27","guid":{"rendered":"https:\/\/agora.xtec.cat\/baldirireixach\/?page_id=1619"},"modified":"2021-06-22T13:19:27","modified_gmt":"2021-06-22T11:19:27","slug":"final-de-curs","status":"publish","type":"page","link":"https:\/\/agora.xtec.cat\/baldirireixach\/inici\/final-de-curs\/","title":{"rendered":"Final de curs"},"content":{"rendered":"<p>Hem arribat al final de curs. Sens dubte el curs m\u00e9s incert dels que hem viscut. Si b\u00e9 el curs passat va ser dif\u00edcil per tothom, amb el confinament com a element distrorsionador, aquest curs 20\/21 ha estat tot ell un aprenentatge. Hem hagut de conviure amb la pand\u00e8mia: mascaretes, grups confinats, classes telem\u00e0tiques&#8230; per\u00f2 malgrat tot hem mantingut l&#8217;escola oberta. Ha estat un \u00e8xit de tots, alumnes, mestres, fam\u00edlies, personal no docent&#8230; Entre tots fem gran el Baldiri Reixach.<\/p>\n<p>Ara nom\u00e9s ens resta desitjar-vos unes molt bones vacances d&#8217;estiu. Ens retrobarem al setembre amb energies renovdes i amb tota la il\u00b7lusi\u00f3 de continuar formant i educant els ciutadans del futur.<\/p>\n<h4>Bon estiu !!<\/h4>\n<p><img loading=\"lazy\" decoding=\"async\" class=\"size-full wp-image-1620 alignnone\" src=\"https:\/\/agora.xtec.cat\/baldirireixach\/wp-content\/uploads\/usu2124\/2021\/06\/BONES_VACANCES-removebg-preview.png\" alt=\"\" width=\"707\" height=\"353\" srcset=\"https:\/\/agora.xtec.cat\/baldirireixach\/wp-content\/uploads\/usu2124\/2021\/06\/BONES_VACANCES-removebg-preview.png 707w, https:\/\/agora.xtec.cat\/baldirireixach\/wp-content\/uploads\/usu2124\/2021\/06\/BONES_VACANCES-removebg-preview-300x150.png 300w\" sizes=\"auto, (max-width: 707px) 100vw, 707px\" \/><\/p>\n","protected":false},"excerpt":{"rendered":"<p>Hem arribat al final de curs. Sens dubte el curs m\u00e9s incert dels que hem viscut. Si b\u00e9 el curs passat va ser dif\u00edcil per tothom, amb el confinament com a element distrorsionador, aquest curs 20\/21 ha estat tot ell un aprenentatge. Hem hagut de conviure amb la pand\u00e8mia: mascaretes, grups confinats, classes telem\u00e0tiques&#8230; per\u00f2 [&hellip;]<\/p>\n","protected":false},"author":1,"featured_media":0,"parent":7,"menu_order":0,"comment_status":"closed","ping_status":"closed","template":"","meta":{"_bbp_topic_count":0,"_bbp_reply_count":0,"_bbp_total_topic_count":0,"_bbp_total_reply_count":0,"_bbp_voice_count":0,"_bbp_anonymous_reply_count":0,"_bbp_topic_count_hidden":0,"_bbp_reply_count_hidden":0,"_bbp_forum_subforum_count":0,"site-sidebar-layout":"default","site-content-layout":"","ast-site-content-layout":"","site-content-style":"default","site-sidebar-style":"default","ast-global-header-display":"","ast-banner-title-visibility":"","ast-main-header-display":"","ast-hfb-above-header-display":"","ast-hfb-below-header-display":"","ast-hfb-mobile-header-display":"","site-post-title":"","ast-breadcrumbs-content":"","ast-featured-img":"","footer-sml-layout":"","theme-transparent-header-meta":"","adv-header-id-meta":"","stick-header-meta":"","header-above-stick-meta":"","header-main-stick-meta":"","header-below-stick-meta":"","astra-migrate-meta-layouts":"default","ast-page-background-enabled":"default","ast-page-background-meta":{"desktop":{"background-color":"var(--ast-global-color-4)","background-image":"","background-repeat":"repeat","background-position":"center center","background-size":"auto","background-attachment":"scroll","background-type":"","background-media":"","overlay-type":"","overlay-color":"","overlay-opacity":"","overlay-gradient":""},"tablet":{"background-color":"","background-image":"","background-repeat":"repeat","background-position":"center center","background-size":"auto","background-attachment":"scroll","background-type":"","background-media":"","overlay-type":"","overlay-color":"","overlay-opacity":"","overlay-gradient":""},"mobile":{"background-color":"","background-image":"","background-repeat":"repeat","background-position":"center center","background-size":"auto","background-attachment":"scroll","background-type":"","background-media":"","overlay-type":"","overlay-color":"","overlay-opacity":"","overlay-gradient":""}},"ast-content-background-meta":{"desktop":{"background-color":"var(--ast-global-color-5)","background-image":"","background-repeat":"repeat","background-position":"center center","background-size":"auto","background-attachment":"scroll","background-type":"","background-media":"","overlay-type":"","overlay-color":"","overlay-opacity":"","overlay-gradient":""},"tablet":{"background-color":"var(--ast-global-color-5)","background-image":"","background-repeat":"repeat","background-position":"center center","background-size":"auto","background-attachment":"scroll","background-type":"","background-media":"","overlay-type":"","overlay-color":"","overlay-opacity":"","overlay-gradient":""},"mobile":{"background-color":"var(--ast-global-color-5)","background-image":"","background-repeat":"repeat","background-position":"center center","background-size":"auto","background-attachment":"scroll","background-type":"","background-media":"","overlay-type":"","overlay-color":"","overlay-opacity":"","overlay-gradient":""}},"footnotes":""},"class_list":["post-1619","page","type-page","status-publish","hentry"],"post_mailing_queue_ids":[],"_links":{"self":[{"href":"https:\/\/agora.xtec.cat\/baldirireixach\/wp-json\/wp\/v2\/pages\/1619","targetHints":{"allow":["GET"]}}],"collection":[{"href":"https:\/\/agora.xtec.cat\/baldirireixach\/wp-json\/wp\/v2\/pages"}],"about":[{"href":"https:\/\/agora.xtec.cat\/baldirireixach\/wp-json\/wp\/v2\/types\/page"}],"author":[{"embeddable":true,"href":"https:\/\/agora.xtec.cat\/baldirireixach\/wp-json\/wp\/v2\/users\/1"}],"replies":[{"embeddable":true,"href":"https:\/\/agora.xtec.cat\/baldirireixach\/wp-json\/wp\/v2\/comments?post=1619"}],"version-history":[{"count":1,"href":"https:\/\/agora.xtec.cat\/baldirireixach\/wp-json\/wp\/v2\/pages\/1619\/revisions"}],"predecessor-version":[{"id":1621,"href":"https:\/\/agora.xtec.cat\/baldirireixach\/wp-json\/wp\/v2\/pages\/1619\/revisions\/1621"}],"up":[{"embeddable":true,"href":"https:\/\/agora.xtec.cat\/baldirireixach\/wp-json\/wp\/v2\/pages\/7"}],"wp:attachment":[{"href":"https:\/\/agora.xtec.cat\/baldirireixach\/wp-json\/wp\/v2\/media?parent=1619"}],"curies":[{"name":"wp","href":"https:\/\/api.w.org\/{rel}","templated":true}]}}