{"id":1366,"date":"2022-03-22T09:00:36","date_gmt":"2022-03-22T08:00:36","guid":{"rendered":"https:\/\/agora.xtec.cat\/baldirireixach\/?page_id=1366"},"modified":"2022-05-03T11:20:32","modified_gmt":"2022-05-03T09:20:32","slug":"lets-clean-up-europe","status":"publish","type":"page","link":"https:\/\/agora.xtec.cat\/baldirireixach\/inici\/lets-clean-up-europe\/","title":{"rendered":"Let&#8217;s Clean Up Europe!"},"content":{"rendered":"<p><a href=\"https:\/\/residus.gencat.cat\/ca\/ambits_dactuacio\/prevencio\/setmana_europea\/lets_clean_up_europe\/\" target=\"_blank\" rel=\"noopener\"><img loading=\"lazy\" decoding=\"async\" class=\"alignnone size-full wp-image-1993\" src=\"https:\/\/agora.xtec.cat\/baldirireixach\/wp-content\/uploads\/usu2124\/2022\/03\/Lets_Clean_up_Europe_2022.png\" alt=\"\" width=\"1350\" height=\"450\" srcset=\"https:\/\/agora.xtec.cat\/baldirireixach\/wp-content\/uploads\/usu2124\/2022\/03\/Lets_Clean_up_Europe_2022.png 1350w, https:\/\/agora.xtec.cat\/baldirireixach\/wp-content\/uploads\/usu2124\/2022\/03\/Lets_Clean_up_Europe_2022-300x100.png 300w, https:\/\/agora.xtec.cat\/baldirireixach\/wp-content\/uploads\/usu2124\/2022\/03\/Lets_Clean_up_Europe_2022-1024x341.png 1024w, https:\/\/agora.xtec.cat\/baldirireixach\/wp-content\/uploads\/usu2124\/2022\/03\/Lets_Clean_up_Europe_2022-768x256.png 768w\" sizes=\"auto, (max-width: 1350px) 100vw, 1350px\" \/><\/a><\/p>\n<h5><img loading=\"lazy\" decoding=\"async\" class=\" wp-image-1381 alignleft\" src=\"https:\/\/agora.xtec.cat\/baldirireixach\/wp-content\/uploads\/usu2124\/2021\/04\/about-ball-info-tipp-information-danger-cute-icon.png\" alt=\"\" width=\"86\" height=\"86\" srcset=\"https:\/\/agora.xtec.cat\/baldirireixach\/wp-content\/uploads\/usu2124\/2021\/04\/about-ball-info-tipp-information-danger-cute-icon.png 512w, https:\/\/agora.xtec.cat\/baldirireixach\/wp-content\/uploads\/usu2124\/2021\/04\/about-ball-info-tipp-information-danger-cute-icon-150x150.png 150w, https:\/\/agora.xtec.cat\/baldirireixach\/wp-content\/uploads\/usu2124\/2021\/04\/about-ball-info-tipp-information-danger-cute-icon-300x300.png 300w\" sizes=\"auto, (max-width: 86px) 100vw, 86px\" \/><\/h5>\n<h5><\/h5>\n<h3><strong>Preinscripci\u00f3 2022\/2023<\/strong><\/h3>\n<p>&nbsp;<\/p>\n<h5>Darreres informacions:<\/h5>\n<p><strong>3 de maig de 2022<\/strong><\/p>\n<p><a href=\"https:\/\/agora.xtec.cat\/baldirireixach\/wp-content\/uploads\/usu2124\/2022\/05\/preinscripcio_22-23_barem_definitiu.pdf\" target=\"_blank\" rel=\"noopener\"><strong><img loading=\"lazy\" decoding=\"async\" class=\"wp-image-1376 alignnone\" src=\"https:\/\/agora.xtec.cat\/baldirireixach\/wp-content\/uploads\/usu2124\/2021\/04\/pdf_icon.png\" alt=\"\" width=\"46\" height=\"56\" \/><\/strong><\/a><a href=\"https:\/\/agora.xtec.cat\/baldirireixach\/wp-content\/uploads\/usu2124\/2022\/05\/preinscripcio_22-23_barem_definitiu.pdf\" target=\"_blank\" rel=\"noopener\"><strong>Barem definitiu de les preinscripcions<\/strong><\/a><\/p>\n<p><strong>21 d&#8217;abril de 2022<\/strong><\/p>\n<p><a href=\"https:\/\/agora.xtec.cat\/baldirireixach\/wp-content\/uploads\/usu2124\/2022\/04\/Preinscripcio_22_23_barem_provisional.pdf\" target=\"_blank\" rel=\"noopener\"><strong><img loading=\"lazy\" decoding=\"async\" class=\"wp-image-1376 alignnone\" src=\"https:\/\/agora.xtec.cat\/baldirireixach\/wp-content\/uploads\/usu2124\/2021\/04\/pdf_icon.png\" alt=\"\" width=\"46\" height=\"56\" \/><\/strong><\/a><a href=\"https:\/\/agora.xtec.cat\/baldirireixach\/wp-content\/uploads\/usu2124\/2022\/04\/Preinscripcio_22_23_barem_provisional.pdf\" target=\"_blank\" rel=\"noopener\"><strong>Barem provisional de les preinscripcions<\/strong><\/a><br \/>\nAquestes s\u00f3n les sol\u00b7licituds amb la puntuaci\u00f3 provisional. Si no esteu d&#8217;acord amb la vostra puntuaci\u00f3, podeu presentar una reclamaci\u00f3 a partir del 22\/4\/22 a trav\u00e9s de l&#8217;enlla\u00e7 que hi ha al web: <strong><a href=\"https:\/\/preinscripcio.gencat.cat\/ca\/inici\" target=\"_blank\" rel=\"noopener\">preinscripcio.gencat.cat<\/a><\/strong><\/p>\n<p><strong>3 de mar\u00e7 de 2022<\/strong><\/p>\n<p><a href=\"https:\/\/agora.xtec.cat\/baldirireixach\/wp-content\/uploads\/usu2124\/2022\/03\/oferta_places_22-23.pdf\" target=\"_blank\" rel=\"noopener noreferrer\"><strong><img loading=\"lazy\" decoding=\"async\" class=\"wp-image-1376 alignnone\" src=\"https:\/\/agora.xtec.cat\/baldirireixach\/wp-content\/uploads\/usu2124\/2021\/04\/pdf_icon.png\" alt=\"\" width=\"46\" height=\"56\" \/><\/strong><\/a><strong><a href=\"https:\/\/agora.xtec.cat\/baldirireixach\/wp-content\/uploads\/usu2124\/2022\/03\/oferta_places_22-23.pdf\" target=\"_blank\" rel=\"noopener\">Oferta de places escolars. Curs 2022\/2023<\/a><\/strong><\/p>\n<p><a href=\"https:\/\/agora.xtec.cat\/baldirireixach\/preinscripcio22-23\/\"><strong>M\u00e9s informaci\u00f3<\/strong><\/a><\/p>\n","protected":false},"excerpt":{"rendered":"<p>Preinscripci\u00f3 2022\/2023 &nbsp; Darreres informacions: 3 de maig de 2022 Barem definitiu de les preinscripcions 21 d&#8217;abril de 2022 Barem provisional de les preinscripcions Aquestes s\u00f3n les sol\u00b7licituds amb la puntuaci\u00f3 provisional. Si no esteu d&#8217;acord amb la vostra puntuaci\u00f3, podeu presentar una reclamaci\u00f3 a partir del 22\/4\/22 a trav\u00e9s de l&#8217;enlla\u00e7 que hi ha [&hellip;]<\/p>\n","protected":false},"author":1,"featured_media":0,"parent":7,"menu_order":0,"comment_status":"closed","ping_status":"closed","template":"","meta":{"_bbp_topic_count":0,"_bbp_reply_count":0,"_bbp_total_topic_count":0,"_bbp_total_reply_count":0,"_bbp_voice_count":0,"_bbp_anonymous_reply_count":0,"_bbp_topic_count_hidden":0,"_bbp_reply_count_hidden":0,"_bbp_forum_subforum_count":0,"site-sidebar-layout":"default","site-content-layout":"","ast-site-content-layout":"","site-content-style":"default","site-sidebar-style":"default","ast-global-header-display":"","ast-banner-title-visibility":"","ast-main-header-display":"","ast-hfb-above-header-display":"","ast-hfb-below-header-display":"","ast-hfb-mobile-header-display":"","site-post-title":"","ast-breadcrumbs-content":"","ast-featured-img":"","footer-sml-layout":"","theme-transparent-header-meta":"","adv-header-id-meta":"","stick-header-meta":"","header-above-stick-meta":"","header-main-stick-meta":"","header-below-stick-meta":"","astra-migrate-meta-layouts":"default","ast-page-background-enabled":"default","ast-page-background-meta":{"desktop":{"background-color":"var(--ast-global-color-4)","background-image":"","background-repeat":"repeat","background-position":"center center","background-size":"auto","background-attachment":"scroll","background-type":"","background-media":"","overlay-type":"","overlay-color":"","overlay-opacity":"","overlay-gradient":""},"tablet":{"background-color":"","background-image":"","background-repeat":"repeat","background-position":"center center","background-size":"auto","background-attachment":"scroll","background-type":"","background-media":"","overlay-type":"","overlay-color":"","overlay-opacity":"","overlay-gradient":""},"mobile":{"background-color":"","background-image":"","background-repeat":"repeat","background-position":"center center","background-size":"auto","background-attachment":"scroll","background-type":"","background-media":"","overlay-type":"","overlay-color":"","overlay-opacity":"","overlay-gradient":""}},"ast-content-background-meta":{"desktop":{"background-color":"var(--ast-global-color-5)","background-image":"","background-repeat":"repeat","background-position":"center center","background-size":"auto","background-attachment":"scroll","background-type":"","background-media":"","overlay-type":"","overlay-color":"","overlay-opacity":"","overlay-gradient":""},"tablet":{"background-color":"var(--ast-global-color-5)","background-image":"","background-repeat":"repeat","background-position":"center center","background-size":"auto","background-attachment":"scroll","background-type":"","background-media":"","overlay-type":"","overlay-color":"","overlay-opacity":"","overlay-gradient":""},"mobile":{"background-color":"var(--ast-global-color-5)","background-image":"","background-repeat":"repeat","background-position":"center center","background-size":"auto","background-attachment":"scroll","background-type":"","background-media":"","overlay-type":"","overlay-color":"","overlay-opacity":"","overlay-gradient":""}},"footnotes":""},"class_list":["post-1366","page","type-page","status-publish","hentry"],"post_mailing_queue_ids":[],"_links":{"self":[{"href":"https:\/\/agora.xtec.cat\/baldirireixach\/wp-json\/wp\/v2\/pages\/1366","targetHints":{"allow":["GET"]}}],"collection":[{"href":"https:\/\/agora.xtec.cat\/baldirireixach\/wp-json\/wp\/v2\/pages"}],"about":[{"href":"https:\/\/agora.xtec.cat\/baldirireixach\/wp-json\/wp\/v2\/types\/page"}],"author":[{"embeddable":true,"href":"https:\/\/agora.xtec.cat\/baldirireixach\/wp-json\/wp\/v2\/users\/1"}],"replies":[{"embeddable":true,"href":"https:\/\/agora.xtec.cat\/baldirireixach\/wp-json\/wp\/v2\/comments?post=1366"}],"version-history":[{"count":3,"href":"https:\/\/agora.xtec.cat\/baldirireixach\/wp-json\/wp\/v2\/pages\/1366\/revisions"}],"predecessor-version":[{"id":2053,"href":"https:\/\/agora.xtec.cat\/baldirireixach\/wp-json\/wp\/v2\/pages\/1366\/revisions\/2053"}],"up":[{"embeddable":true,"href":"https:\/\/agora.xtec.cat\/baldirireixach\/wp-json\/wp\/v2\/pages\/7"}],"wp:attachment":[{"href":"https:\/\/agora.xtec.cat\/baldirireixach\/wp-json\/wp\/v2\/media?parent=1366"}],"curies":[{"name":"wp","href":"https:\/\/api.w.org\/{rel}","templated":true}]}}