{"id":1178,"date":"2022-03-10T09:00:44","date_gmt":"2022-03-10T08:00:44","guid":{"rendered":"https:\/\/agora.xtec.cat\/baldirireixach\/?page_id=1178"},"modified":"2026-03-03T14:12:04","modified_gmt":"2026-03-03T13:12:04","slug":"preinscripcio","status":"publish","type":"page","link":"https:\/\/agora.xtec.cat\/baldirireixach\/preinscripcio\/","title":{"rendered":"Preinscripci\u00f3 2026\/2027"},"content":{"rendered":"<h5><img loading=\"lazy\" decoding=\"async\" class=\"alignnone size-full wp-image-3621\" src=\"https:\/\/agora.xtec.cat\/baldirireixach\/wp-content\/uploads\/usu2124\/2026\/03\/Preinscripcio_26-27.jpg\" alt=\"\" width=\"572\" height=\"448\" srcset=\"https:\/\/agora.xtec.cat\/baldirireixach\/wp-content\/uploads\/usu2124\/2026\/03\/Preinscripcio_26-27.jpg 572w, https:\/\/agora.xtec.cat\/baldirireixach\/wp-content\/uploads\/usu2124\/2026\/03\/Preinscripcio_26-27-300x235.jpg 300w\" sizes=\"auto, (max-width: 572px) 100vw, 572px\" \/><\/h5>\n<h5><\/h5>\n<h5>Calendari de les preinscripcions<\/h5>\n<ul>\n<li><strong>Del 4 al 18 de mar\u00e7 de 2026, presentaci\u00f3 de sol\u00b7licituds<\/strong><\/li>\n<li>Fins al 19 de mar\u00e7: presentaci\u00f3 de documentaci\u00f3<\/li>\n<li>15 d&#8217;abril: publicaci\u00f3 llista de sol\u00b7licituds amb la puntuaci\u00f3 provisional<\/li>\n<li>Del 15 al 20 d&#8217;abril: presentaci\u00f3 de reclamacions<\/li>\n<li>23 d&#8217;abril: llista de sol\u00b7licituds amb la puntuaci\u00f3 un cop resoltes les reclamacions<\/li>\n<li>28 d&#8217;abril a les 11 hores: sorteig per resoldre les sol\u00b7licituds de preinscripci\u00f3 empatades en punts<\/li>\n<li>29 d&#8217;abril: publicaci\u00f3 llista ordenada<\/li>\n<li>13 i 14 de maig: ampliaci\u00f3 de peticions per aquells alumnes NEE B que necessiten assignaci\u00f3 d&#8217;ofici<\/li>\n<li>De l&#8217;1 al 3 de juny: ampliaci\u00f3 de peticions per aquells alumnes ordinaris que necessiten assignaci\u00f3 d&#8217;ofici<\/li>\n<li>10 de juny: publicaci\u00f3 de la llista d&#8217;alumnes admesos i la llista d&#8217;espera<\/li>\n<li>Del 22 al 30 de juny: matriculaci\u00f3<\/li>\n<\/ul>\n<p><b>Documents:<\/b><\/p>\n<p>&nbsp;<\/p>\n<p><a href=\"https:\/\/agora.xtec.cat\/baldirireixach\/wp-content\/uploads\/usu2124\/2025\/03\/INFORME_OFERTA_INICIAL.pdf\" target=\"_blank\" rel=\"noopener\"><strong><img loading=\"lazy\" decoding=\"async\" class=\"wp-image-1376 alignnone\" src=\"https:\/\/agora.xtec.cat\/baldirireixach\/wp-content\/uploads\/usu2124\/2021\/04\/pdf_icon.png\" alt=\"\" width=\"46\" height=\"56\" \/><\/strong><\/a><strong>Oferta inicial de places. Curs 2025\/2026<\/strong><\/p>\n<p>Trobareu tota la informaci\u00f3 sobre la <a href=\"https:\/\/preinscripcio.gencat.cat\/ca\/estudis\/infantil-3-6\/inici\/\" target=\"_blank\" rel=\"noopener noreferrer\">preinscripci\u00f3 a Catalunya al web de la Generalitat.<\/a><\/p>\n<p>&nbsp;<\/p>\n<p>&nbsp;<\/p>\n<p>&nbsp;<\/p>\n","protected":false},"excerpt":{"rendered":"<p>Calendari de les preinscripcions Del 4 al 18 de mar\u00e7 de 2026, presentaci\u00f3 de sol\u00b7licituds Fins al 19 de mar\u00e7: presentaci\u00f3 de documentaci\u00f3 15 d&#8217;abril: publicaci\u00f3 llista de sol\u00b7licituds amb la puntuaci\u00f3 provisional Del 15 al 20 d&#8217;abril: presentaci\u00f3 de reclamacions 23 d&#8217;abril: llista de sol\u00b7licituds amb la puntuaci\u00f3 un cop resoltes les reclamacions 28 [&hellip;]<\/p>\n","protected":false},"author":1,"featured_media":0,"parent":0,"menu_order":0,"comment_status":"closed","ping_status":"closed","template":"","meta":{"_bbp_topic_count":0,"_bbp_reply_count":0,"_bbp_total_topic_count":0,"_bbp_total_reply_count":0,"_bbp_voice_count":0,"_bbp_anonymous_reply_count":0,"_bbp_topic_count_hidden":0,"_bbp_reply_count_hidden":0,"_bbp_forum_subforum_count":0,"site-sidebar-layout":"default","site-content-layout":"","ast-site-content-layout":"default","site-content-style":"default","site-sidebar-style":"default","ast-global-header-display":"","ast-banner-title-visibility":"","ast-main-header-display":"","ast-hfb-above-header-display":"","ast-hfb-below-header-display":"","ast-hfb-mobile-header-display":"","site-post-title":"","ast-breadcrumbs-content":"","ast-featured-img":"","footer-sml-layout":"","theme-transparent-header-meta":"default","adv-header-id-meta":"","stick-header-meta":"","header-above-stick-meta":"","header-main-stick-meta":"","header-below-stick-meta":"","astra-migrate-meta-layouts":"set","ast-page-background-enabled":"default","ast-page-background-meta":{"desktop":{"background-color":"var(--ast-global-color-4)","background-image":"","background-repeat":"repeat","background-position":"center center","background-size":"auto","background-attachment":"scroll","background-type":"","background-media":"","overlay-type":"","overlay-color":"","overlay-opacity":"","overlay-gradient":""},"tablet":{"background-color":"","background-image":"","background-repeat":"repeat","background-position":"center center","background-size":"auto","background-attachment":"scroll","background-type":"","background-media":"","overlay-type":"","overlay-color":"","overlay-opacity":"","overlay-gradient":""},"mobile":{"background-color":"","background-image":"","background-repeat":"repeat","background-position":"center center","background-size":"auto","background-attachment":"scroll","background-type":"","background-media":"","overlay-type":"","overlay-color":"","overlay-opacity":"","overlay-gradient":""}},"ast-content-background-meta":{"desktop":{"background-color":"var(--ast-global-color-5)","background-image":"","background-repeat":"repeat","background-position":"center center","background-size":"auto","background-attachment":"scroll","background-type":"","background-media":"","overlay-type":"","overlay-color":"","overlay-opacity":"","overlay-gradient":""},"tablet":{"background-color":"var(--ast-global-color-5)","background-image":"","background-repeat":"repeat","background-position":"center center","background-size":"auto","background-attachment":"scroll","background-type":"","background-media":"","overlay-type":"","overlay-color":"","overlay-opacity":"","overlay-gradient":""},"mobile":{"background-color":"var(--ast-global-color-5)","background-image":"","background-repeat":"repeat","background-position":"center center","background-size":"auto","background-attachment":"scroll","background-type":"","background-media":"","overlay-type":"","overlay-color":"","overlay-opacity":"","overlay-gradient":""}},"footnotes":""},"class_list":["post-1178","page","type-page","status-publish","hentry"],"post_mailing_queue_ids":[],"_links":{"self":[{"href":"https:\/\/agora.xtec.cat\/baldirireixach\/wp-json\/wp\/v2\/pages\/1178","targetHints":{"allow":["GET"]}}],"collection":[{"href":"https:\/\/agora.xtec.cat\/baldirireixach\/wp-json\/wp\/v2\/pages"}],"about":[{"href":"https:\/\/agora.xtec.cat\/baldirireixach\/wp-json\/wp\/v2\/types\/page"}],"author":[{"embeddable":true,"href":"https:\/\/agora.xtec.cat\/baldirireixach\/wp-json\/wp\/v2\/users\/1"}],"replies":[{"embeddable":true,"href":"https:\/\/agora.xtec.cat\/baldirireixach\/wp-json\/wp\/v2\/comments?post=1178"}],"version-history":[{"count":6,"href":"https:\/\/agora.xtec.cat\/baldirireixach\/wp-json\/wp\/v2\/pages\/1178\/revisions"}],"predecessor-version":[{"id":3627,"href":"https:\/\/agora.xtec.cat\/baldirireixach\/wp-json\/wp\/v2\/pages\/1178\/revisions\/3627"}],"wp:attachment":[{"href":"https:\/\/agora.xtec.cat\/baldirireixach\/wp-json\/wp\/v2\/media?parent=1178"}],"curies":[{"name":"wp","href":"https:\/\/api.w.org\/{rel}","templated":true}]}}