{"id":312,"date":"2015-01-28T11:32:38","date_gmt":"2015-01-28T10:32:38","guid":{"rendered":"http:\/\/agora.xtec.cat\/afaolesa\/?page_id=312"},"modified":"2024-03-12T14:57:53","modified_gmt":"2024-03-12T13:57:53","slug":"llengua-anglesa","status":"publish","type":"page","link":"https:\/\/agora.xtec.cat\/afaolesa\/ensenyaments\/ensenyaments-transprofessionals\/llengua-anglesa\/","title":{"rendered":"Llengua anglesa 1, 2 i 3"},"content":{"rendered":"<p><span style=\"text-decoration: underline;\"><strong>Curr\u00edculum<\/strong><\/span><\/p>\n<p>Aquests estudis tenen com a objectiu que les persones adultes assoleixin un grau de compet\u00e8ncia b\u00e0sic per a comunicar-se en la llengua anglesa.<\/p>\n<p>S\u2019imparteixen en tres nivells, que corresponen als nivells A1, A2.1 i A2.2 del MECR (Marc europeu com\u00fa de refer\u00e8ncia per a les lleng\u00fces).<\/p>\n<p>En els tres nivells es treballen les habilitats de comprensi\u00f3 i expressi\u00f3 orals i escrites que permeten fer front a la major part de situacions ling\u00fc\u00edstiques de la vida quotidiana i comunicar-se de forma b\u00e0sica en un entorn pluriling\u00fce i multicultural.<\/p>\n<p><span style=\"text-decoration: underline;\"><strong>Certificaci\u00f3<\/strong><\/span><\/p>\n<p>Els alumnes de nivell 3 de llengua estrangera han de superar una prova de nivell b\u00e0sic (A2 del MERC) abans de finalitzar el curs per mostrar el grau d&#8217;assoliment de la compet\u00e8ncia ling\u00fc\u00edstica. El Departament d&#8217;Ensenyament far\u00e0 arribar als centres aquesta prova amb les especificacions i les orientacions corresponents per al professorat.<\/p>\n<p>Documents PDF:<\/p>\n<ul>\n<li><a href=\"https:\/\/drive.google.com\/file\/d\/1Xsi3YTS9TldntHPIiWDNUGBwjiL9Tx3n\/view?usp=sharing\" target=\"_blank\" rel=\"noopener noreferrer\">Descripci\u00f3 de la prova de nivell b\u00e0sic 2021-22 (certificaci\u00f3 del nivell 3)<\/a><\/li>\n<li><a href=\"https:\/\/projectes.xtec.cat\/xarxadults\/ensenyaments\/curriculum\/propostes-didactiques\/\">Models de prova anys anteriors<\/a><\/li>\n<\/ul>\n<p>&nbsp;<\/p>\n<p>&nbsp;<\/p>\n","protected":false},"excerpt":{"rendered":"<p>Curr\u00edculum<br \/>\nAquests estudis tenen com a objectiu que les persones adultes assoleixin un grau de compet\u00e8ncia b\u00e0sic per a comunicar-se en la llengua anglesa.<br \/>\nS\u2019imparteixen en tres nivells, que corresponen als nivells A1, A2.1 i A2.2 del MECR (Marc europeu com\u00fa de refer\u00e8ncia per a les lleng\u00fces).<br \/>\nEn&hellip;  <a href=\"https:\/\/agora.xtec.cat\/afaolesa\/ensenyaments\/ensenyaments-transprofessionals\/llengua-anglesa\/\" title=\"Read Llengua anglesa 1, 2 i 3\">Llegeix m\u00e9s\u00bb<\/a><\/p>\n","protected":false},"author":1,"featured_media":0,"parent":286,"menu_order":0,"comment_status":"closed","ping_status":"closed","template":"page-templates\/side-menu.php","meta":{"_bbp_topic_count":0,"_bbp_reply_count":0,"_bbp_total_topic_count":0,"_bbp_total_reply_count":0,"_bbp_voice_count":0,"_bbp_anonymous_reply_count":0,"_bbp_topic_count_hidden":0,"_bbp_reply_count_hidden":0,"_bbp_forum_subforum_count":0,"footnotes":""},"class_list":["post-312","page","type-page","status-publish","hentry"],"post_mailing_queue_ids":[],"_links":{"self":[{"href":"https:\/\/agora.xtec.cat\/afaolesa\/wp-json\/wp\/v2\/pages\/312","targetHints":{"allow":["GET"]}}],"collection":[{"href":"https:\/\/agora.xtec.cat\/afaolesa\/wp-json\/wp\/v2\/pages"}],"about":[{"href":"https:\/\/agora.xtec.cat\/afaolesa\/wp-json\/wp\/v2\/types\/page"}],"author":[{"embeddable":true,"href":"https:\/\/agora.xtec.cat\/afaolesa\/wp-json\/wp\/v2\/users\/1"}],"replies":[{"embeddable":true,"href":"https:\/\/agora.xtec.cat\/afaolesa\/wp-json\/wp\/v2\/comments?post=312"}],"version-history":[{"count":4,"href":"https:\/\/agora.xtec.cat\/afaolesa\/wp-json\/wp\/v2\/pages\/312\/revisions"}],"predecessor-version":[{"id":1489,"href":"https:\/\/agora.xtec.cat\/afaolesa\/wp-json\/wp\/v2\/pages\/312\/revisions\/1489"}],"up":[{"embeddable":true,"href":"https:\/\/agora.xtec.cat\/afaolesa\/wp-json\/wp\/v2\/pages\/286"}],"wp:attachment":[{"href":"https:\/\/agora.xtec.cat\/afaolesa\/wp-json\/wp\/v2\/media?parent=312"}],"curies":[{"name":"wp","href":"https:\/\/api.w.org\/{rel}","templated":true}]}}