{"id":303,"date":"2015-01-28T11:23:05","date_gmt":"2015-01-28T10:23:05","guid":{"rendered":"http:\/\/agora.xtec.cat\/afaolesa\/?page_id=303"},"modified":"2020-05-20T17:15:36","modified_gmt":"2020-05-20T15:15:36","slug":"graduat-en-educacio-secundaria-per-adults","status":"publish","type":"page","link":"https:\/\/agora.xtec.cat\/afaolesa\/ensenyaments\/ensenyaments-inicials-i-formacio-basica\/graduat-en-educacio-secundaria-per-adults\/","title":{"rendered":"Graduat en educaci\u00f3 secundaria per adults (GESO)"},"content":{"rendered":"<p><span style=\"font-weight: 400;\">Vols obtenir el t\u00edtol d\u2019ESO?<\/span><\/p>\n<p><span style=\"font-weight: 400;\">Pots seguir el curr\u00edculum de GESO, que es divideix en dos cursos d\u2019un any de duraci\u00f3 cadascun: GES 1 i GES 2.<\/span><\/p>\n<p><span style=\"font-weight: 400;\">Si tens mat\u00e8ries aprovades de 3r i 4t d\u2019ESO es poden convalidar. Tamb\u00e9 es poden acreditar m\u00f2duls amb proves de nivell.<\/span><\/p>\n<p><span style=\"font-weight: 400;\">Pots graduar-te en menys de dos anys.<\/span><\/p>\n<p><span style=\"text-decoration: underline;\"><strong>Fes un cop d&#8217;ull al curr\u00edculum<\/strong><\/span><\/p>\n<p align=\"JUSTIFY\">Aquests estudis permeten completar els ensenyaments b\u00e0sics i obtenir el t\u00edtol de graduat o graduada en educaci\u00f3 secund\u00e0ria obligat\u00f2ria (GESO). Es poden cursar de manera presencial o semi-presencial als centres i aules de formaci\u00f3 de persones adultes o als centres i aules de formaci\u00f3 de persones adultes que s\u00f3n punts de suport de l&#8217;Institut Obert de Catalunya (IOC).<\/p>\n<p align=\"JUSTIFY\">Els estudis consisteixen en 34 m\u00f2duls amb una c\u00e0rrega lectiva de 35 hores per m\u00f2dul. La durada d\u2019aquests estudis \u00e9s de 1.190 hores. Els m\u00f2duls que estan relacionats amb l&#8217;\u00e0mbit de la comunicaci\u00f3, el cientificotecnol\u00f2gic i el social es distribueixen en dos nivells:<\/p>\n<p><a href=\"https:\/\/agora.xtec.cat\/afaolesa\/ensenyaments\/ensenyaments-inicials-i-formacio-basica\/graduat-en-educacio-secundaria-per-adults\/ges-1\/\">GES 1<\/a><\/p>\n<p><a href=\"https:\/\/agora.xtec.cat\/afaolesa\/ensenyaments\/ensenyaments-inicials-i-formacio-basica\/graduat-en-educacio-secundaria-per-adults\/ges-2\/\">GES 2<\/a><\/p>\n<p>Feu clic per a m\u00e9s informaci\u00f3.<\/p>\n","protected":false},"excerpt":{"rendered":"<p>Vols obtenir el t\u00edtol d\u2019ESO?<br \/>\nPots seguir el curr\u00edculum de GESO, que es divideix en dos cursos d\u2019un any de duraci\u00f3 cadascun: GES 1 i GES 2.<br \/>\nSi tens mat\u00e8ries aprovades de 3r i 4t d\u2019ESO es poden convalidar. Tamb\u00e9 es poden acreditar m\u00f2duls amb proves de&hellip;  <a href=\"https:\/\/agora.xtec.cat\/afaolesa\/ensenyaments\/ensenyaments-inicials-i-formacio-basica\/graduat-en-educacio-secundaria-per-adults\/\" title=\"Read Graduat en educaci\u00f3 secundaria per adults (GESO)\">Llegeix m\u00e9s\u00bb<\/a><\/p>\n","protected":false},"author":1,"featured_media":0,"parent":283,"menu_order":0,"comment_status":"closed","ping_status":"closed","template":"page-templates\/side-menu.php","meta":{"_bbp_topic_count":0,"_bbp_reply_count":0,"_bbp_total_topic_count":0,"_bbp_total_reply_count":0,"_bbp_voice_count":0,"_bbp_anonymous_reply_count":0,"_bbp_topic_count_hidden":0,"_bbp_reply_count_hidden":0,"_bbp_forum_subforum_count":0,"footnotes":""},"class_list":["post-303","page","type-page","status-publish","hentry"],"post_mailing_queue_ids":[],"_links":{"self":[{"href":"https:\/\/agora.xtec.cat\/afaolesa\/wp-json\/wp\/v2\/pages\/303","targetHints":{"allow":["GET"]}}],"collection":[{"href":"https:\/\/agora.xtec.cat\/afaolesa\/wp-json\/wp\/v2\/pages"}],"about":[{"href":"https:\/\/agora.xtec.cat\/afaolesa\/wp-json\/wp\/v2\/types\/page"}],"author":[{"embeddable":true,"href":"https:\/\/agora.xtec.cat\/afaolesa\/wp-json\/wp\/v2\/users\/1"}],"replies":[{"embeddable":true,"href":"https:\/\/agora.xtec.cat\/afaolesa\/wp-json\/wp\/v2\/comments?post=303"}],"version-history":[{"count":3,"href":"https:\/\/agora.xtec.cat\/afaolesa\/wp-json\/wp\/v2\/pages\/303\/revisions"}],"predecessor-version":[{"id":733,"href":"https:\/\/agora.xtec.cat\/afaolesa\/wp-json\/wp\/v2\/pages\/303\/revisions\/733"}],"up":[{"embeddable":true,"href":"https:\/\/agora.xtec.cat\/afaolesa\/wp-json\/wp\/v2\/pages\/283"}],"wp:attachment":[{"href":"https:\/\/agora.xtec.cat\/afaolesa\/wp-json\/wp\/v2\/media?parent=303"}],"curies":[{"name":"wp","href":"https:\/\/api.w.org\/{rel}","templated":true}]}}