{"id":288,"date":"2015-01-28T11:08:02","date_gmt":"2015-01-28T10:08:02","guid":{"rendered":"http:\/\/agora.xtec.cat\/afaolesa\/?page_id=288"},"modified":"2023-09-22T13:05:18","modified_gmt":"2023-09-22T11:05:18","slug":"ensenyaments-per-a-la-preparacio-de-proves-dacces","status":"publish","type":"page","link":"https:\/\/agora.xtec.cat\/afaolesa\/ensenyaments\/ensenyaments-per-a-la-preparacio-de-proves-dacces\/","title":{"rendered":"Preparaci\u00f3 proves d&#8217;acc\u00e9s (semipresencial)"},"content":{"rendered":"<p>Al CFA d&#8217;Olesa oferim el curs per a preparar les proves d&#8217;acc\u00e9s a grau superior, i tamb\u00e9 les proves d&#8217;acc\u00e9s a la Universitat per m\u00e9s grans de 25 anys i m\u00e9s grans de 45 anys. S\u00f3n proves que es convoquen un cop l&#8217;any. S&#8217;ofereix un nombre il\u00b7limitat de convocat\u00f2ries per superar-les i, si voleu, podeu presentar-vos diverses vegades per pujar nota.<\/p>\n<p><strong>Preparaci\u00f3 per a les proves d\u2019acc\u00e9s a Grau Superior<\/strong><\/p>\n<p>Aquests estudis preparen per presentar-se a les proves d\u2019acc\u00e9s als cicles de grau superior de formaci\u00f3 professional, d\u2019arts pl\u00e0stiques i disseny i d\u2019ensenyaments esportius. Cal tenir 19 anys (o complir-los al llarg de l&#8217;any en curs). L\u2019alumnat pot preparar la part comuna de la prova, la part espec\u00edfica, o totes dues. La durada m\u00ednima per a la preparaci\u00f3 de les proves d\u2019acc\u00e9s al grau superior \u00e9s de 300 hores per a la part comuna i de 99 hores per a les dues mat\u00e8ries de la part espec\u00edfica. Trobareu m\u00e9s informaci\u00f3 en <a href=\"https:\/\/educacio.gencat.cat\/ca\/serveis-tramits\/proves\/proves-acces\/gs-fp\/\">aquest enlla\u00e7<\/a>.<\/p>\n<p><strong>Preparaci\u00f3 per a les proves d\u2019acc\u00e9s a la Universitat (+25 anys)<br \/>\n<\/strong><\/p>\n<p>Les persones m\u00e9s grans de 25 anys poden fer servir aquesta prova per accedir a fer estudis universitaris. L&#8217;alumnat pot preparar la part comuna de la prova (Comentari de Text, Llengua Catalana, Llengua Castellana i Llengua Estrangera). La part espec\u00edfica permet accedir a diferents estudis universitaris segons l&#8217;opci\u00f3 triada. Trobareu m\u00e9s informaci\u00f3 en <a href=\"https:\/\/universitats.gencat.cat\/ca\/acces-universitat\/acces-segons-perfils-estudiants\/tinc-mes-25-anys\/\">aquest enlla\u00e7<\/a>.<\/p>\n<p><strong>Preparaci\u00f3 per a les proves d\u2019acc\u00e9s a la Universitat (+45 anys)<br \/>\n<\/strong><\/p>\n<p>Les persones m\u00e9s grans de 45 anys que vulguin cursar estudis universitaris hauran de superar aquesta prova i fer una entrevista personal. La prova t\u00e9 tres parts: Comentari de Text, Llengua Catalana i Llengua Castellana. Trobareu m\u00e9s informaci\u00f3 en <a href=\"https:\/\/universitats.gencat.cat\/ca\/acces-universitat\/acces-segons-perfils-estudiants\/tinc-mes-45-anys\/\">aquest enlla\u00e7<\/a>.<\/p>\n<p><strong>Important: <\/strong>Actualment els estudis de preparaci\u00f3 per a les proves d&#8217;acc\u00e9s es realitzen en <strong>modalitat semipresencial.<\/strong> Consulteu els <a href=\"https:\/\/agora.xtec.cat\/afaolesa\/wp-content\/uploads\/usu1813\/2023\/09\/HorarisPPAA_2023_24.png\">horaris<\/a> dels cursos per a m\u00e9s informaci\u00f3).<\/p>\n<p>&nbsp;<\/p>\n<p>&nbsp;<\/p>\n<p>&nbsp;<\/p>\n<p>&nbsp;<\/p>\n","protected":false},"excerpt":{"rendered":"<p>Al CFA d&#8217;Olesa oferim el curs per a preparar les proves d&#8217;acc\u00e9s a grau superior, i tamb\u00e9 les proves d&#8217;acc\u00e9s a la Universitat per m\u00e9s grans de 25 anys i m\u00e9s grans de 45 anys. S\u00f3n proves que es convoquen un cop l&#8217;any. S&#8217;ofereix un&hellip;  <a href=\"https:\/\/agora.xtec.cat\/afaolesa\/ensenyaments\/ensenyaments-per-a-la-preparacio-de-proves-dacces\/\" title=\"Read Preparaci\u00f3 proves d&#8217;acc\u00e9s (semipresencial)\">Llegeix m\u00e9s\u00bb<\/a><\/p>\n","protected":false},"author":1,"featured_media":0,"parent":274,"menu_order":0,"comment_status":"closed","ping_status":"closed","template":"page-templates\/side-menu.php","meta":{"_bbp_topic_count":0,"_bbp_reply_count":0,"_bbp_total_topic_count":0,"_bbp_total_reply_count":0,"_bbp_voice_count":0,"_bbp_anonymous_reply_count":0,"_bbp_topic_count_hidden":0,"_bbp_reply_count_hidden":0,"_bbp_forum_subforum_count":0,"footnotes":""},"class_list":["post-288","page","type-page","status-publish","hentry"],"post_mailing_queue_ids":[],"_links":{"self":[{"href":"https:\/\/agora.xtec.cat\/afaolesa\/wp-json\/wp\/v2\/pages\/288","targetHints":{"allow":["GET"]}}],"collection":[{"href":"https:\/\/agora.xtec.cat\/afaolesa\/wp-json\/wp\/v2\/pages"}],"about":[{"href":"https:\/\/agora.xtec.cat\/afaolesa\/wp-json\/wp\/v2\/types\/page"}],"author":[{"embeddable":true,"href":"https:\/\/agora.xtec.cat\/afaolesa\/wp-json\/wp\/v2\/users\/1"}],"replies":[{"embeddable":true,"href":"https:\/\/agora.xtec.cat\/afaolesa\/wp-json\/wp\/v2\/comments?post=288"}],"version-history":[{"count":4,"href":"https:\/\/agora.xtec.cat\/afaolesa\/wp-json\/wp\/v2\/pages\/288\/revisions"}],"predecessor-version":[{"id":1467,"href":"https:\/\/agora.xtec.cat\/afaolesa\/wp-json\/wp\/v2\/pages\/288\/revisions\/1467"}],"up":[{"embeddable":true,"href":"https:\/\/agora.xtec.cat\/afaolesa\/wp-json\/wp\/v2\/pages\/274"}],"wp:attachment":[{"href":"https:\/\/agora.xtec.cat\/afaolesa\/wp-json\/wp\/v2\/media?parent=288"}],"curies":[{"name":"wp","href":"https:\/\/api.w.org\/{rel}","templated":true}]}}