{"id":286,"date":"2015-01-28T11:07:30","date_gmt":"2015-01-28T10:07:30","guid":{"rendered":"http:\/\/agora.xtec.cat\/afaolesa\/?page_id=286"},"modified":"2018-05-29T11:30:47","modified_gmt":"2018-05-29T09:30:47","slug":"ensenyaments-transprofessionals","status":"publish","type":"page","link":"https:\/\/agora.xtec.cat\/afaolesa\/ensenyaments\/ensenyaments-transprofessionals\/","title":{"rendered":"Ensenyaments transprofessionals"},"content":{"rendered":"<p>Enriqueix\u00a0el teu curr\u00edculum amb coneixements en lleng\u00fces estrangeres i inform\u00e0tica. Marca la difer\u00e8ncia!<\/p>\n","protected":false},"excerpt":{"rendered":"<p>Enriqueix\u00a0el teu curr\u00edculum amb coneixements en lleng\u00fces estrangeres i inform\u00e0tica. Marca la difer\u00e8ncia!<\/p>\n","protected":false},"author":1,"featured_media":0,"parent":274,"menu_order":0,"comment_status":"closed","ping_status":"closed","template":"page-templates\/side-menu.php","meta":{"_bbp_topic_count":0,"_bbp_reply_count":0,"_bbp_total_topic_count":0,"_bbp_total_reply_count":0,"_bbp_voice_count":0,"_bbp_anonymous_reply_count":0,"_bbp_topic_count_hidden":0,"_bbp_reply_count_hidden":0,"_bbp_forum_subforum_count":0,"footnotes":""},"class_list":["post-286","page","type-page","status-publish","hentry"],"post_mailing_queue_ids":[],"_links":{"self":[{"href":"https:\/\/agora.xtec.cat\/afaolesa\/wp-json\/wp\/v2\/pages\/286","targetHints":{"allow":["GET"]}}],"collection":[{"href":"https:\/\/agora.xtec.cat\/afaolesa\/wp-json\/wp\/v2\/pages"}],"about":[{"href":"https:\/\/agora.xtec.cat\/afaolesa\/wp-json\/wp\/v2\/types\/page"}],"author":[{"embeddable":true,"href":"https:\/\/agora.xtec.cat\/afaolesa\/wp-json\/wp\/v2\/users\/1"}],"replies":[{"embeddable":true,"href":"https:\/\/agora.xtec.cat\/afaolesa\/wp-json\/wp\/v2\/comments?post=286"}],"version-history":[{"count":1,"href":"https:\/\/agora.xtec.cat\/afaolesa\/wp-json\/wp\/v2\/pages\/286\/revisions"}],"predecessor-version":[{"id":549,"href":"https:\/\/agora.xtec.cat\/afaolesa\/wp-json\/wp\/v2\/pages\/286\/revisions\/549"}],"up":[{"embeddable":true,"href":"https:\/\/agora.xtec.cat\/afaolesa\/wp-json\/wp\/v2\/pages\/274"}],"wp:attachment":[{"href":"https:\/\/agora.xtec.cat\/afaolesa\/wp-json\/wp\/v2\/media?parent=286"}],"curies":[{"name":"wp","href":"https:\/\/api.w.org\/{rel}","templated":true}]}}