{"id":265,"date":"2015-01-27T17:28:56","date_gmt":"2015-01-27T16:28:56","guid":{"rendered":"http:\/\/agora.xtec.cat\/afaolesa\/?page_id=265"},"modified":"2025-01-10T09:20:35","modified_gmt":"2025-01-10T08:20:35","slug":"organitzacio-interna","status":"publish","type":"page","link":"https:\/\/agora.xtec.cat\/afaolesa\/el-centre\/organitzacio-interna\/","title":{"rendered":"Organitzaci\u00f3 interna"},"content":{"rendered":"<p>Aquest \u00e9s el nostre equip.<\/p>\n<table style=\"width: 84.4709%; height: 231px;\">\n<tbody>\n<tr style=\"height: 33px;\">\n<td style=\"width: 98.4%; height: 33px;\" colspan=\"3\"><b>Equip docent<\/b><\/td>\n<\/tr>\n<tr style=\"height: 33px;\">\n<td style=\"width: 19.2%; height: 33px;\"><b>Nom<\/b><\/td>\n<td style=\"width: 54.72%; height: 33px;\"><b>C\u00e0rrec<\/b><\/td>\n<td style=\"width: 24.48%; height: 33px;\"><b>Contacte<\/b><\/td>\n<\/tr>\n<tr style=\"height: 33px;\">\n<td style=\"width: 19.2%; height: 33px;\"><b>Mercedes Peri\u00f1\u00e1n<\/b><\/td>\n<td style=\"width: 54.72%; height: 33px;\"><span style=\"font-weight: 400;\">Directora i Tutora CFI 2 i 3.<br \/>\n<\/span><\/td>\n<td style=\"width: 24.48%; height: 33px;\"><span style=\"font-weight: 400;\">mperinan<span class=\"\">@<\/span>xtec.cat<\/span><\/td>\n<\/tr>\n<tr style=\"height: 33px;\">\n<td style=\"width: 19.2%; height: 33px;\"><b>Laura Coromina<\/b><\/td>\n<td style=\"width: 54.72%; height: 33px;\"><span style=\"font-weight: 400;\">Secret\u00e0ria, tutora Angl\u00e8s 1 i 2, coordinadora PPACFGS\u00a0<\/span><\/td>\n<td style=\"width: 24.48%; height: 33px;\"><span style=\"font-weight: 400;\">lcoromi7@xtec.cat<\/span><\/td>\n<\/tr>\n<tr style=\"height: 33px;\">\n<td style=\"width: 19.2%; height: 33px;\"><b>Anna Giuli<br \/>\n<\/b><\/td>\n<td style=\"width: 54.72%; height: 33px;\">Tutora GES i Coordinadora de Formaci\u00f3 B\u00e0sica. Tutora Competic Inicial i Competic 1<\/td>\n<td style=\"width: 24.48%; height: 33px;\"><span style=\"font-weight: 400;\">agiuli<span class=\"\"><span class=\"\">@<\/span><\/span>xtec.cat<\/span><\/td>\n<\/tr>\n<tr style=\"height: 33px;\">\n<td style=\"width: 19.2%; height: 33px;\"><b>Merc\u00e8 Aliaga<br \/>\n<\/b><\/td>\n<td style=\"width: 54.72%; height: 33px;\">Tutora Castell\u00e0 1 i 2 i Coordinadora de Coeducaci\u00f3, Conviv\u00e8ncia i Benestar<\/td>\n<td style=\"width: 24.48%; height: 33px;\">maliag10<span class=\"\"><span class=\"\">@<\/span><\/span>xtec.cat<\/td>\n<\/tr>\n<tr style=\"height: 33px;\">\n<td style=\"width: 19.2%; height: 33px;\"><b>Jordi Prat<br \/>\n<\/b><\/td>\n<td style=\"width: 54.72%; height: 33px;\">Professor \u00e0mbit cient\u00edficotecnol\u00f2gic<\/td>\n<td style=\"width: 24.48%; height: 33px;\">\n<div class=\"c5 J-J5-Ji\" tabindex=\"0\" role=\"contentinfo\"><span class=\"gI\"><span data-hovercard-id=\"jprat8@xtec.cat\" data-hovercard-owner-id=\"26\">jprat8@xtec.cat<\/span><\/span><\/div>\n<\/td>\n<\/tr>\n<tr>\n<td style=\"width: 19.2%;\"><b>Carles Roche<br \/>\n<\/b><\/td>\n<td style=\"width: 54.72%;\">Tutor Angl\u00e8s 3, tutor Competic 2 i 3. Coordinador compet\u00e8ncies de la informaci\u00f3.<\/td>\n<td style=\"width: 24.48%;\">croche@xtec.cat<\/td>\n<\/tr>\n<\/tbody>\n<\/table>\n<table style=\"width: 901px;\">\n<tbody>\n<tr style=\"height: 35px;\">\n<td style=\"height: 35px; width: 893px;\" colspan=\"2\"><b>Atenci\u00f3 al p\u00fablic<\/b><\/td>\n<\/tr>\n<tr style=\"height: 55px;\">\n<td style=\"height: 55px; width: 893px;\" colspan=\"2\"><b>Gl\u00f2ria Serra &#8211; Administraci\u00f3<\/b><\/td>\n<\/tr>\n<tr style=\"height: 55px;\">\n<td style=\"height: 55px; width: 173px;\"><span style=\"font-weight: 400;\">Dies d\u2019atenci\u00f3 al p\u00fablic<\/span><\/td>\n<td style=\"height: 55px; width: 720px;\"><span style=\"font-weight: 400;\">Dilluns a divendres<br \/>\n<\/span><\/td>\n<\/tr>\n<tr style=\"height: 55px;\">\n<td style=\"height: 55px; width: 173px;\"><span style=\"font-weight: 400;\">Horari d\u2019atenci\u00f3 al p\u00fablic<\/span><\/td>\n<td style=\"height: 55px; width: 720px;\"><span style=\"font-weight: 400;\">De dilluns a divendres, de 9 a 13h. Tamb\u00e9 els dimarts i dijous de 16 a 19h<br \/>\n<\/span><\/td>\n<\/tr>\n<\/tbody>\n<\/table>\n","protected":false},"excerpt":{"rendered":"<p>Aquest \u00e9s el nostre equip.<\/p>\n<p>Equip docent<\/p>\n<p>Nom<br \/>\nC\u00e0rrec<br \/>\nContacte<\/p>\n<p>Mercedes Peri\u00f1\u00e1n<br \/>\nDirectora i Tutora CFI 2 i 3.<\/p>\n<p>mperinan@xtec.cat<\/p>\n<p>Laura Coromina<br \/>\nSecret\u00e0ria, tutora Angl\u00e8s 1 i 2, coordinadora PPACFGS\u00a0<br \/>\nlcoromi7@xtec.cat<\/p>\n<p>Anna Giuli<\/p>\n<p>Tutora GES i Coordinadora de Formaci\u00f3 B\u00e0sica. Tutora Competic Inicial i Competic 1<br \/>\nagiuli@xtec.cat<\/p>\n<p>Merc\u00e8 Aliaga<\/p>\n<p>Tutora Castell\u00e0 1 i 2 i Coordinadora de Coeducaci\u00f3, Conviv\u00e8ncia i&hellip;  <a href=\"https:\/\/agora.xtec.cat\/afaolesa\/el-centre\/organitzacio-interna\/\" title=\"Read Organitzaci\u00f3 interna\">Llegeix m\u00e9s\u00bb<\/a><\/p>\n","protected":false},"author":1,"featured_media":0,"parent":261,"menu_order":40,"comment_status":"closed","ping_status":"closed","template":"page-templates\/side-menu.php","meta":{"_bbp_topic_count":0,"_bbp_reply_count":0,"_bbp_total_topic_count":0,"_bbp_total_reply_count":0,"_bbp_voice_count":0,"_bbp_anonymous_reply_count":0,"_bbp_topic_count_hidden":0,"_bbp_reply_count_hidden":0,"_bbp_forum_subforum_count":0,"footnotes":""},"class_list":["post-265","page","type-page","status-publish","hentry"],"post_mailing_queue_ids":[],"_links":{"self":[{"href":"https:\/\/agora.xtec.cat\/afaolesa\/wp-json\/wp\/v2\/pages\/265","targetHints":{"allow":["GET"]}}],"collection":[{"href":"https:\/\/agora.xtec.cat\/afaolesa\/wp-json\/wp\/v2\/pages"}],"about":[{"href":"https:\/\/agora.xtec.cat\/afaolesa\/wp-json\/wp\/v2\/types\/page"}],"author":[{"embeddable":true,"href":"https:\/\/agora.xtec.cat\/afaolesa\/wp-json\/wp\/v2\/users\/1"}],"replies":[{"embeddable":true,"href":"https:\/\/agora.xtec.cat\/afaolesa\/wp-json\/wp\/v2\/comments?post=265"}],"version-history":[{"count":5,"href":"https:\/\/agora.xtec.cat\/afaolesa\/wp-json\/wp\/v2\/pages\/265\/revisions"}],"predecessor-version":[{"id":1672,"href":"https:\/\/agora.xtec.cat\/afaolesa\/wp-json\/wp\/v2\/pages\/265\/revisions\/1672"}],"up":[{"embeddable":true,"href":"https:\/\/agora.xtec.cat\/afaolesa\/wp-json\/wp\/v2\/pages\/261"}],"wp:attachment":[{"href":"https:\/\/agora.xtec.cat\/afaolesa\/wp-json\/wp\/v2\/media?parent=265"}],"curies":[{"name":"wp","href":"https:\/\/api.w.org\/{rel}","templated":true}]}}