{"id":261,"date":"2015-01-27T17:25:01","date_gmt":"2015-01-27T16:25:01","guid":{"rendered":"http:\/\/agora.xtec.cat\/afaolesa\/?page_id=261"},"modified":"2022-09-20T11:04:34","modified_gmt":"2022-09-20T09:04:34","slug":"el-centre","status":"publish","type":"page","link":"https:\/\/agora.xtec.cat\/afaolesa\/el-centre\/","title":{"rendered":"El centre"},"content":{"rendered":"<p>Benvinguts al CFA Mare de D\u00e9u de Montserrat!<\/p>\n<p>Al nostre centre et donem les eines per tal que tu mateix t&#8217;obris portes. Si no has acabat l&#8217;ESO, pots graduar-te amb nosaltres. Tamb\u00e9 pots preparar-te per a fer les proves d&#8217;acc\u00e9s als estudis de grau superior o a la universitat per m\u00e9s grans de 25 i 45 anys. Per altra banda, pots apuntar-te als nostres cursos de formaci\u00f3 transprofessional, com s\u00f3n l&#8217;angl\u00e8s (1, 2 i 3), el castell\u00e0 (1 i 2), COMPETIC (1 i 2), l&#8217;angl\u00e8s per viatjar i la formaci\u00f3 instrumental.<\/p>\n<p>Vine a veure&#8217;ns i demana&#8217;ns informaci\u00f3. Estarem encantades d&#8217;ajudar-te!<\/p>\n","protected":false},"excerpt":{"rendered":"<p>Benvinguts al CFA Mare de D\u00e9u de Montserrat!<br \/>\nAl nostre centre et donem les eines per tal que tu mateix t&#8217;obris portes. Si no has acabat l&#8217;ESO, pots graduar-te amb nosaltres. Tamb\u00e9 pots preparar-te per a fer les proves d&#8217;acc\u00e9s als estudis de grau superior o&hellip;  <a href=\"https:\/\/agora.xtec.cat\/afaolesa\/el-centre\/\" title=\"Read El centre\">Llegeix m\u00e9s\u00bb<\/a><\/p>\n","protected":false},"author":1,"featured_media":0,"parent":0,"menu_order":0,"comment_status":"closed","ping_status":"closed","template":"page-templates\/side-menu.php","meta":{"_bbp_topic_count":0,"_bbp_reply_count":0,"_bbp_total_topic_count":0,"_bbp_total_reply_count":0,"_bbp_voice_count":0,"_bbp_anonymous_reply_count":0,"_bbp_topic_count_hidden":0,"_bbp_reply_count_hidden":0,"_bbp_forum_subforum_count":0,"footnotes":""},"class_list":["post-261","page","type-page","status-publish","hentry"],"post_mailing_queue_ids":[],"_links":{"self":[{"href":"https:\/\/agora.xtec.cat\/afaolesa\/wp-json\/wp\/v2\/pages\/261","targetHints":{"allow":["GET"]}}],"collection":[{"href":"https:\/\/agora.xtec.cat\/afaolesa\/wp-json\/wp\/v2\/pages"}],"about":[{"href":"https:\/\/agora.xtec.cat\/afaolesa\/wp-json\/wp\/v2\/types\/page"}],"author":[{"embeddable":true,"href":"https:\/\/agora.xtec.cat\/afaolesa\/wp-json\/wp\/v2\/users\/1"}],"replies":[{"embeddable":true,"href":"https:\/\/agora.xtec.cat\/afaolesa\/wp-json\/wp\/v2\/comments?post=261"}],"version-history":[{"count":3,"href":"https:\/\/agora.xtec.cat\/afaolesa\/wp-json\/wp\/v2\/pages\/261\/revisions"}],"predecessor-version":[{"id":1325,"href":"https:\/\/agora.xtec.cat\/afaolesa\/wp-json\/wp\/v2\/pages\/261\/revisions\/1325"}],"wp:attachment":[{"href":"https:\/\/agora.xtec.cat\/afaolesa\/wp-json\/wp\/v2\/media?parent=261"}],"curies":[{"name":"wp","href":"https:\/\/api.w.org\/{rel}","templated":true}]}}